{"id":258722,"date":"2020-05-04T13:50:24","date_gmt":"2020-05-04T11:50:24","guid":{"rendered":"https:\/\/casanatense.cultura.gov.it\/fondos-bibliograficos-de-la-biblioteca\/"},"modified":"2025-07-16T10:39:18","modified_gmt":"2025-07-16T08:39:18","slug":"fondos-bibliograficos-de-la-biblioteca","status":"publish","type":"page","link":"https:\/\/casanatense.cultura.gov.it\/es\/fondos-bibliograficos-de-la-biblioteca\/","title":{"rendered":"Colecci\u00f3n Bibliogr\u00e1fica"},"content":{"rendered":"<p>[et_pb_section fb_built=\u00bb1&#8243; admin_label=\u00bbsection\u00bb _builder_version=\u00bb4.16&#8243; custom_padding=\u00bb4px|||||\u00bb da_disable_devices=\u00bboff|off|off\u00bb global_colors_info=\u00bb{}\u00bb theme_builder_area=\u00bbpost_content\u00bb da_is_popup=\u00bboff\u00bb da_exit_intent=\u00bboff\u00bb da_has_close=\u00bbon\u00bb da_alt_close=\u00bboff\u00bb da_dark_close=\u00bboff\u00bb da_not_modal=\u00bbon\u00bb da_is_singular=\u00bboff\u00bb da_with_loader=\u00bboff\u00bb da_has_shadow=\u00bbon\u00bb][et_pb_row admin_label=\u00bbrow\u00bb _builder_version=\u00bb4.16&#8243; background_size=\u00bbinitial\u00bb background_position=\u00bbtop_left\u00bb background_repeat=\u00bbrepeat\u00bb custom_padding=\u00bb5px|||||\u00bb global_colors_info=\u00bb{}\u00bb theme_builder_area=\u00bbpost_content\u00bb][et_pb_column type=\u00bb4_4&#8243; _builder_version=\u00bb4.16&#8243; custom_padding=\u00bb|||\u00bb global_colors_info=\u00bb{}\u00bb custom_padding__hover=\u00bb|||\u00bb theme_builder_area=\u00bbpost_content\u00bb][et_pb_text admin_label=\u00bbText\u00bb _builder_version=\u00bb4.27.4&#8243; background_size=\u00bbinitial\u00bb background_position=\u00bbtop_left\u00bb background_repeat=\u00bbrepeat\u00bb hover_enabled=\u00bb0&#8243; global_colors_info=\u00bb{}\u00bb theme_builder_area=\u00bbpost_content\u00bb sticky_enabled=\u00bb0&#8243;]<\/p>\n<p>&nbsp;<\/p>\n<p style=\"text-align: justify;\">La Biblioteca posee unos 400.000 vol\u00famenes, de los cuales unos 60.000 se conservan en la antigua Sala Monumental. Dentro de los fondos de esta biblioteca hay m\u00e1s de 120.000 vol\u00famenes impresos antiguos y m\u00e1s de 6.000 manuscritos.<\/p>\n<p>&nbsp;<\/p>\n<h4><strong>El n\u00facleo original<\/strong><\/h4>\n<p align=\"justify\">Desde el principio, la variedad y la pluralidad de intereses caracterizaron el car\u00e1cter de la Biblioteca Anticuaria deseada por el cardenal Casanate al servicio de sus usuarios m\u00e1s frecuentes: artistas, curiales, predicadores y profesores.<br \/>La \u00ablibraria\u00bb del padre Mattia, n\u00facleo primitivo de la colecci\u00f3n, era de hecho un conjunto de vol\u00famenes de temas variados, desde el derecho a la literatura patr\u00edstica, desde los textos sagrados y lit\u00fargicos a los libros de historia y pol\u00edtica, los cl\u00e1sicos latinos y griegos y las obras sobre temas cient\u00edficos.<\/p>\n<p align=\"justify\"><strong><\/strong><\/p>\n<p><strong> <\/strong><\/p>\n<h4><strong>Las adquisiciones del siglo XVIII <\/strong><\/h4>\n<p align=\"justify\">Las adquisiciones posteriores, fruto de una pol\u00edtica que recurr\u00eda tanto al mercado de antig\u00fcedades como a la producci\u00f3n corriente, fueron supervisadas por personalidades del Casanatense como los prefectos Agnani, Schiara y Audiffredi, que hicieron de la Biblioteca una instituci\u00f3n de renombre internacional que destac\u00f3 entre las bibliotecas romanas, aumentando la universalidad de sus colecciones que la caracterizar\u00eda hasta mediados del siglo XIX.<\/p>\n<p align=\"justify\"><strong><\/strong><\/p>\n<p><strong> <\/strong><\/p>\n<h4><strong>El desarrollo de la colecci\u00f3n<\/strong><\/h4>\n<p align=\"justify\">Las ediciones desde 1830 hasta nuestros d\u00edas constituyen la vertiente \u00abmoderna\u00bb de los fondos de la Biblioteca, que se actualizan continuamente siguiendo algunas de v\u00edas tem\u00e1ticas marcadas por los Padres Dominicos que la fundaron.<\/p>\n<p align=\"justify\"><strong><\/strong><\/p>\n<p align=\"justify\"><strong><\/strong><\/p>\n<p align=\"justify\"><strong>Sigue leyendo:<\/strong><\/p>\n<p><em>La Biblioteca Casanatense<\/em>, Firenze, Nardini, 1993<\/p>\n<p>A. A. Cavarra, <em>Cronaca Casanatense: centocinquant\u2019anni di gestione laica<\/em>, Roma, Il Sextante, 2023, Roma, Il Sextante, 2023<\/p>\n<p><strong><a href=\"https:\/\/casanatense.cultura.gov.it\/es\/editoriales\/\">Para m\u00e1s informaci\u00f3n sobre las colecciones y fondos de la biblioteca<\/a> <\/strong><\/p>\n<p>[\/et_pb_text][\/et_pb_column][\/et_pb_row][et_pb_row column_structure=\u00bb1_3,1_3,1_3&#8243; _builder_version=\u00bb4.25.0&#8243; _module_preset=\u00bbdefault\u00bb border_width_top=\u00bb1px\u00bb border_color_top=\u00bb#CC7720&#8243; global_colors_info=\u00bb{}\u00bb theme_builder_area=\u00bbpost_content\u00bb][et_pb_column type=\u00bb1_3&#8243; _builder_version=\u00bb4.25.0&#8243; _module_preset=\u00bbdefault\u00bb global_colors_info=\u00bb{}\u00bb theme_builder_area=\u00bbpost_content\u00bb][et_pb_text _builder_version=\u00bb4.27.0&#8243; _module_preset=\u00bbdefault\u00bb global_colors_info=\u00bb{}\u00bb theme_builder_area=\u00bbpost_content\u00bb]<\/p>\n<p><a href=\"https:\/\/casanatense.cultura.gov.it\/la-biblioteca-casanatense\/i-libri\/i-manoscritti\/\"><\/a><a href=\"https:\/\/casanatense.cultura.gov.it\/es\/colecciones-de-la-biblioteca\/los-manuscritos\/\">Manuscritos<\/a><\/p>\n<p>[\/et_pb_text][et_pb_text _builder_version=\u00bb4.27.0&#8243; _module_preset=\u00bbdefault\u00bb global_colors_info=\u00bb{}\u00bb theme_builder_area=\u00bbpost_content\u00bb]<\/p>\n<p><a href=\"https:\/\/casanatense.cultura.gov.it\/la-biblioteca-casanatense\/i-libri\/gli-editti-e-i-bandi\/\"><\/a><a href=\"https:\/\/casanatense.cultura.gov.it\/es\/colecciones-de-la-biblioteca\/los-edictos-y-proclamas\/\">Edictos y Bandos<\/a><\/p>\n<p>[\/et_pb_text][et_pb_text _builder_version=\u00bb4.27.0&#8243; _module_preset=\u00bbdefault\u00bb global_colors_info=\u00bb{}\u00bb theme_builder_area=\u00bbpost_content\u00bb]<\/p>\n<p><a href=\"https:\/\/casanatense.cultura.gov.it\/la-biblioteca-casanatense\/i-libri\/la-musica\/\"><\/a><a href=\"https:\/\/casanatense.cultura.gov.it\/es\/colecciones-de-la-biblioteca\/la-musica\/\">M\u00fasica<\/a><\/p>\n<p>[\/et_pb_text][et_pb_text _builder_version=\u00bb4.27.2&#8243; _module_preset=\u00bbdefault\u00bb global_colors_info=\u00bb{}\u00bb theme_builder_area=\u00bbpost_content\u00bb]<\/p>\n<p><a href=\"https:\/\/casanatense.cultura.gov.it\/fondo-fotografico\/\"><\/a><a href=\"https:\/\/casanatense.cultura.gov.it\/es\/fotografias\/\">Fotograf\u00edas<\/a><\/p>\n<p>[\/et_pb_text][\/et_pb_column][et_pb_column type=\u00bb1_3&#8243; _builder_version=\u00bb4.25.0&#8243; _module_preset=\u00bbdefault\u00bb global_colors_info=\u00bb{}\u00bb theme_builder_area=\u00bbpost_content\u00bb][et_pb_text _builder_version=\u00bb4.27.0&#8243; _module_preset=\u00bbdefault\u00bb global_colors_info=\u00bb{}\u00bb theme_builder_area=\u00bbpost_content\u00bb]<\/p>\n<p><a href=\"https:\/\/casanatense.cultura.gov.it\/la-biblioteca-casanatense\/i-libri\/gli-incunaboli\/\"><\/a><a href=\"https:\/\/casanatense.cultura.gov.it\/es\/colecciones-de-la-biblioteca\/los-incunables\/\">Incunables<\/a><\/p>\n<p>[\/et_pb_text][et_pb_text _builder_version=\u00bb4.27.0&#8243; _module_preset=\u00bbdefault\u00bb global_colors_info=\u00bb{}\u00bb theme_builder_area=\u00bbpost_content\u00bb]<\/p>\n<p><a href=\"https:\/\/casanatense.cultura.gov.it\/es\/colecciones-de-la-biblioteca\/publicaciones-periodicas\/\">Publicaciones Peri\u00f3dicas<\/a><\/p>\n<p>[\/et_pb_text][et_pb_text _builder_version=\u00bb4.27.0&#8243; _module_preset=\u00bbdefault\u00bb global_colors_info=\u00bb{}\u00bb theme_builder_area=\u00bbpost_content\u00bb]<\/p>\n<p><a href=\"https:\/\/casanatense.cultura.gov.it\/la-biblioteca-casanatense\/i-libri\/laraldica\/\"><\/a><a href=\"https:\/\/casanatense.cultura.gov.it\/es\/colecciones-de-la-biblioteca\/heraldica\/\">Her\u00e1ldica<\/a><\/p>\n<p>[\/et_pb_text][\/et_pb_column][et_pb_column type=\u00bb1_3&#8243; _builder_version=\u00bb4.25.0&#8243; _module_preset=\u00bbdefault\u00bb global_colors_info=\u00bb{}\u00bb theme_builder_area=\u00bbpost_content\u00bb][et_pb_text _builder_version=\u00bb4.27.0&#8243; _module_preset=\u00bbdefault\u00bb global_colors_info=\u00bb{}\u00bb theme_builder_area=\u00bbpost_content\u00bb]<\/p>\n<p><a href=\"https:\/\/casanatense.cultura.gov.it\/la-biblioteca-casanatense\/i-libri\/disegni-e-stampe\/\"><\/a><a href=\"https:\/\/casanatense.cultura.gov.it\/es\/colecciones-de-la-biblioteca\/dibujos-y-grabados\/\">Grabados, Estampas y Dibujos<\/a><\/p>\n<p>[\/et_pb_text][et_pb_text _builder_version=\u00bb4.27.0&#8243; _module_preset=\u00bbdefault\u00bb global_colors_info=\u00bb{}\u00bb theme_builder_area=\u00bbpost_content\u00bb]<\/p>\n<p><a href=\"https:\/\/casanatense.cultura.gov.it\/es\/colecciones-de-la-biblioteca\/el-teatro\/\">Teatro<\/a><\/p>\n<p>[\/et_pb_text][et_pb_text _builder_version=\u00bb4.27.0&#8243; _module_preset=\u00bbdefault\u00bb global_colors_info=\u00bb{}\u00bb theme_builder_area=\u00bbpost_content\u00bb]<\/p>\n<p><a href=\"https:\/\/casanatense.cultura.gov.it\/cartografia\/\"><\/a><a href=\"https:\/\/casanatense.cultura.gov.it\/es\/cartografia\/\">Cartograf\u00eda<\/a><\/p>\n<p>[\/et_pb_text][\/et_pb_column][\/et_pb_row][\/et_pb_section]<\/p>\n","protected":false},"excerpt":{"rendered":"<p>&nbsp; La Biblioteca posee unos 400.000 vol\u00famenes, de los cuales unos 60.000 se conservan en la antigua Sala Monumental. Dentro de los fondos de esta biblioteca hay m\u00e1s de 120.000 vol\u00famenes impresos antiguos y m\u00e1s de 6.000 manuscritos. &nbsp; El n\u00facleo original Desde el principio, la variedad y la pluralidad de intereses caracterizaron el car\u00e1cter de la Biblioteca Anticuaria deseada por el cardenal Casanate al servicio de sus usuarios m\u00e1s frecuentes: artistas, curiales, predicadores y profesores.La \u00ablibraria\u00bb del padre Mattia, n\u00facleo primitivo de la colecci\u00f3n, era de hecho un conjunto de vol\u00famenes de temas variados, desde el derecho a la literatura patr\u00edstica, desde los textos sagrados y lit\u00fargicos a los libros de historia y pol\u00edtica, los cl\u00e1sicos latinos y griegos y las obras sobre temas cient\u00edficos. Las adquisiciones del siglo XVIII Las adquisiciones posteriores, fruto de una pol\u00edtica que recurr\u00eda tanto al mercado de antig\u00fcedades como a la producci\u00f3n corriente, fueron supervisadas por personalidades del Casanatense como los prefectos Agnani, Schiara y Audiffredi, que hicieron de la Biblioteca una instituci\u00f3n de renombre internacional que destac\u00f3 entre las bibliotecas romanas, aumentando la universalidad de sus colecciones que la caracterizar\u00eda hasta mediados del siglo XIX. El desarrollo de la colecci\u00f3n Las ediciones [&hellip;]<\/p>\n","protected":false},"author":1,"featured_media":0,"parent":0,"menu_order":0,"comment_status":"closed","ping_status":"closed","template":"","meta":{"_et_pb_use_builder":"on","_et_pb_old_content":"","_et_gb_content_width":"","_price":"","_stock":"","_tribe_ticket_header":"","_tribe_default_ticket_provider":"","_tribe_ticket_capacity":"0","_ticket_start_date":"","_ticket_end_date":"","_tribe_ticket_show_description":"","_tribe_ticket_show_not_going":false,"_tribe_ticket_use_global_stock":"","_tribe_ticket_global_stock_level":"","_global_stock_mode":"","_global_stock_cap":"","_tribe_rsvp_for_event":"","_tribe_ticket_going_count":"","_tribe_ticket_not_going_count":"","_tribe_tickets_list":"[]","_tribe_ticket_has_attendee_info_fields":false,"footnotes":""},"class_list":["post-258722","page","type-page","status-publish","hentry"],"yoast_head":"<!-- This site is optimized with the Yoast SEO plugin v27.4 - https:\/\/yoast.com\/product\/yoast-seo-wordpress\/ -->\n<title>Colecci\u00f3n Bibliogr\u00e1fica - Casanatense<\/title>\n<meta name=\"robots\" content=\"index, follow, max-snippet:-1, max-image-preview:large, max-video-preview:-1\" \/>\n<link rel=\"canonical\" href=\"https:\/\/casanatense.cultura.gov.it\/es\/fondos-bibliograficos-de-la-biblioteca\/\" \/>\n<meta property=\"og:locale\" content=\"es_ES\" \/>\n<meta property=\"og:type\" content=\"article\" \/>\n<meta property=\"og:title\" content=\"Colecci\u00f3n Bibliogr\u00e1fica - Casanatense\" \/>\n<meta property=\"og:description\" content=\"&nbsp; La Biblioteca posee unos 400.000 vol\u00famenes, de los cuales unos 60.000 se conservan en la antigua Sala Monumental. Dentro de los fondos de esta biblioteca hay m\u00e1s de 120.000 vol\u00famenes impresos antiguos y m\u00e1s de 6.000 manuscritos. &nbsp; El n\u00facleo original Desde el principio, la variedad y la pluralidad de intereses caracterizaron el car\u00e1cter de la Biblioteca Anticuaria deseada por el cardenal Casanate al servicio de sus usuarios m\u00e1s frecuentes: artistas, curiales, predicadores y profesores.La &quot;libraria&quot; del padre Mattia, n\u00facleo primitivo de la colecci\u00f3n, era de hecho un conjunto de vol\u00famenes de temas variados, desde el derecho a la literatura patr\u00edstica, desde los textos sagrados y lit\u00fargicos a los libros de historia y pol\u00edtica, los cl\u00e1sicos latinos y griegos y las obras sobre temas cient\u00edficos. Las adquisiciones del siglo XVIII Las adquisiciones posteriores, fruto de una pol\u00edtica que recurr\u00eda tanto al mercado de antig\u00fcedades como a la producci\u00f3n corriente, fueron supervisadas por personalidades del Casanatense como los prefectos Agnani, Schiara y Audiffredi, que hicieron de la Biblioteca una instituci\u00f3n de renombre internacional que destac\u00f3 entre las bibliotecas romanas, aumentando la universalidad de sus colecciones que la caracterizar\u00eda hasta mediados del siglo XIX. El desarrollo de la colecci\u00f3n Las ediciones [&hellip;]\" \/>\n<meta property=\"og:url\" content=\"https:\/\/casanatense.cultura.gov.it\/es\/fondos-bibliograficos-de-la-biblioteca\/\" \/>\n<meta property=\"og:site_name\" content=\"Casanatense\" \/>\n<meta property=\"article:publisher\" content=\"https:\/\/it-it.facebook.com\/people\/Biblioteca-Casanatense\/100064405343454\/\" \/>\n<meta property=\"article:modified_time\" content=\"2025-07-16T08:39:18+00:00\" \/>\n<meta name=\"twitter:card\" content=\"summary_large_image\" \/>\n<meta name=\"twitter:site\" content=\"@casanatense\" \/>\n<meta name=\"twitter:label1\" content=\"Tiempo de lectura\" \/>\n\t<meta name=\"twitter:data1\" content=\"4 minutos\" \/>\n<script type=\"application\/ld+json\" class=\"yoast-schema-graph\">{\"@context\":\"https:\\\/\\\/schema.org\",\"@graph\":[{\"@type\":\"WebPage\",\"@id\":\"https:\\\/\\\/casanatense.cultura.gov.it\\\/es\\\/fondos-bibliograficos-de-la-biblioteca\\\/\",\"url\":\"https:\\\/\\\/casanatense.cultura.gov.it\\\/es\\\/fondos-bibliograficos-de-la-biblioteca\\\/\",\"name\":\"Colecci\u00f3n Bibliogr\u00e1fica - Casanatense\",\"isPartOf\":{\"@id\":\"https:\\\/\\\/casanatense.cultura.gov.it\\\/es\\\/#website\"},\"datePublished\":\"2020-05-04T11:50:24+00:00\",\"dateModified\":\"2025-07-16T08:39:18+00:00\",\"breadcrumb\":{\"@id\":\"https:\\\/\\\/casanatense.cultura.gov.it\\\/es\\\/fondos-bibliograficos-de-la-biblioteca\\\/#breadcrumb\"},\"inLanguage\":\"es\",\"potentialAction\":[{\"@type\":\"ReadAction\",\"target\":[\"https:\\\/\\\/casanatense.cultura.gov.it\\\/es\\\/fondos-bibliograficos-de-la-biblioteca\\\/\"]}]},{\"@type\":\"BreadcrumbList\",\"@id\":\"https:\\\/\\\/casanatense.cultura.gov.it\\\/es\\\/fondos-bibliograficos-de-la-biblioteca\\\/#breadcrumb\",\"itemListElement\":[{\"@type\":\"ListItem\",\"position\":1,\"name\":\"Home\",\"item\":\"https:\\\/\\\/casanatense.cultura.gov.it\\\/es\\\/\"},{\"@type\":\"ListItem\",\"position\":2,\"name\":\"Colecci\u00f3n Bibliogr\u00e1fica\"}]},{\"@type\":\"WebSite\",\"@id\":\"https:\\\/\\\/casanatense.cultura.gov.it\\\/es\\\/#website\",\"url\":\"https:\\\/\\\/casanatense.cultura.gov.it\\\/es\\\/\",\"name\":\"Casanatense\",\"description\":\"Il sito della Biblioteca Casanatense\",\"publisher\":{\"@id\":\"https:\\\/\\\/casanatense.cultura.gov.it\\\/es\\\/#organization\"},\"potentialAction\":[{\"@type\":\"SearchAction\",\"target\":{\"@type\":\"EntryPoint\",\"urlTemplate\":\"https:\\\/\\\/casanatense.cultura.gov.it\\\/es\\\/?s={search_term_string}\"},\"query-input\":{\"@type\":\"PropertyValueSpecification\",\"valueRequired\":true,\"valueName\":\"search_term_string\"}}],\"inLanguage\":\"es\"},{\"@type\":\"Organization\",\"@id\":\"https:\\\/\\\/casanatense.cultura.gov.it\\\/es\\\/#organization\",\"name\":\"Biblioteca Casanatense\",\"url\":\"https:\\\/\\\/casanatense.cultura.gov.it\\\/es\\\/\",\"logo\":{\"@type\":\"ImageObject\",\"inLanguage\":\"es\",\"@id\":\"https:\\\/\\\/casanatense.cultura.gov.it\\\/es\\\/#\\\/schema\\\/logo\\\/image\\\/\",\"url\":\"https:\\\/\\\/casanatense.cultura.gov.it\\\/wp-content\\\/uploads\\\/2024\\\/03\\\/logo-casanatense-mibact.png\",\"contentUrl\":\"https:\\\/\\\/casanatense.cultura.gov.it\\\/wp-content\\\/uploads\\\/2024\\\/03\\\/logo-casanatense-mibact.png\",\"width\":250,\"height\":61,\"caption\":\"Biblioteca Casanatense\"},\"image\":{\"@id\":\"https:\\\/\\\/casanatense.cultura.gov.it\\\/es\\\/#\\\/schema\\\/logo\\\/image\\\/\"},\"sameAs\":[\"https:\\\/\\\/it-it.facebook.com\\\/people\\\/Biblioteca-Casanatense\\\/100064405343454\\\/\",\"https:\\\/\\\/x.com\\\/casanatense\",\"https:\\\/\\\/instagram.com\\\/bibliotecacasanatense?igshid=5hcnozoyuuy5\"]}]}<\/script>\n<!-- \/ Yoast SEO plugin. -->","yoast_head_json":{"title":"Colecci\u00f3n Bibliogr\u00e1fica - Casanatense","robots":{"index":"index","follow":"follow","max-snippet":"max-snippet:-1","max-image-preview":"max-image-preview:large","max-video-preview":"max-video-preview:-1"},"canonical":"https:\/\/casanatense.cultura.gov.it\/es\/fondos-bibliograficos-de-la-biblioteca\/","og_locale":"es_ES","og_type":"article","og_title":"Colecci\u00f3n Bibliogr\u00e1fica - Casanatense","og_description":"&nbsp; La Biblioteca posee unos 400.000 vol\u00famenes, de los cuales unos 60.000 se conservan en la antigua Sala Monumental. Dentro de los fondos de esta biblioteca hay m\u00e1s de 120.000 vol\u00famenes impresos antiguos y m\u00e1s de 6.000 manuscritos. &nbsp; El n\u00facleo original Desde el principio, la variedad y la pluralidad de intereses caracterizaron el car\u00e1cter de la Biblioteca Anticuaria deseada por el cardenal Casanate al servicio de sus usuarios m\u00e1s frecuentes: artistas, curiales, predicadores y profesores.La \"libraria\" del padre Mattia, n\u00facleo primitivo de la colecci\u00f3n, era de hecho un conjunto de vol\u00famenes de temas variados, desde el derecho a la literatura patr\u00edstica, desde los textos sagrados y lit\u00fargicos a los libros de historia y pol\u00edtica, los cl\u00e1sicos latinos y griegos y las obras sobre temas cient\u00edficos. Las adquisiciones del siglo XVIII Las adquisiciones posteriores, fruto de una pol\u00edtica que recurr\u00eda tanto al mercado de antig\u00fcedades como a la producci\u00f3n corriente, fueron supervisadas por personalidades del Casanatense como los prefectos Agnani, Schiara y Audiffredi, que hicieron de la Biblioteca una instituci\u00f3n de renombre internacional que destac\u00f3 entre las bibliotecas romanas, aumentando la universalidad de sus colecciones que la caracterizar\u00eda hasta mediados del siglo XIX. El desarrollo de la colecci\u00f3n Las ediciones [&hellip;]","og_url":"https:\/\/casanatense.cultura.gov.it\/es\/fondos-bibliograficos-de-la-biblioteca\/","og_site_name":"Casanatense","article_publisher":"https:\/\/it-it.facebook.com\/people\/Biblioteca-Casanatense\/100064405343454\/","article_modified_time":"2025-07-16T08:39:18+00:00","twitter_card":"summary_large_image","twitter_site":"@casanatense","twitter_misc":{"Tiempo de lectura":"4 minutos"},"schema":{"@context":"https:\/\/schema.org","@graph":[{"@type":"WebPage","@id":"https:\/\/casanatense.cultura.gov.it\/es\/fondos-bibliograficos-de-la-biblioteca\/","url":"https:\/\/casanatense.cultura.gov.it\/es\/fondos-bibliograficos-de-la-biblioteca\/","name":"Colecci\u00f3n Bibliogr\u00e1fica - Casanatense","isPartOf":{"@id":"https:\/\/casanatense.cultura.gov.it\/es\/#website"},"datePublished":"2020-05-04T11:50:24+00:00","dateModified":"2025-07-16T08:39:18+00:00","breadcrumb":{"@id":"https:\/\/casanatense.cultura.gov.it\/es\/fondos-bibliograficos-de-la-biblioteca\/#breadcrumb"},"inLanguage":"es","potentialAction":[{"@type":"ReadAction","target":["https:\/\/casanatense.cultura.gov.it\/es\/fondos-bibliograficos-de-la-biblioteca\/"]}]},{"@type":"BreadcrumbList","@id":"https:\/\/casanatense.cultura.gov.it\/es\/fondos-bibliograficos-de-la-biblioteca\/#breadcrumb","itemListElement":[{"@type":"ListItem","position":1,"name":"Home","item":"https:\/\/casanatense.cultura.gov.it\/es\/"},{"@type":"ListItem","position":2,"name":"Colecci\u00f3n Bibliogr\u00e1fica"}]},{"@type":"WebSite","@id":"https:\/\/casanatense.cultura.gov.it\/es\/#website","url":"https:\/\/casanatense.cultura.gov.it\/es\/","name":"Casanatense","description":"Il sito della Biblioteca Casanatense","publisher":{"@id":"https:\/\/casanatense.cultura.gov.it\/es\/#organization"},"potentialAction":[{"@type":"SearchAction","target":{"@type":"EntryPoint","urlTemplate":"https:\/\/casanatense.cultura.gov.it\/es\/?s={search_term_string}"},"query-input":{"@type":"PropertyValueSpecification","valueRequired":true,"valueName":"search_term_string"}}],"inLanguage":"es"},{"@type":"Organization","@id":"https:\/\/casanatense.cultura.gov.it\/es\/#organization","name":"Biblioteca Casanatense","url":"https:\/\/casanatense.cultura.gov.it\/es\/","logo":{"@type":"ImageObject","inLanguage":"es","@id":"https:\/\/casanatense.cultura.gov.it\/es\/#\/schema\/logo\/image\/","url":"https:\/\/casanatense.cultura.gov.it\/wp-content\/uploads\/2024\/03\/logo-casanatense-mibact.png","contentUrl":"https:\/\/casanatense.cultura.gov.it\/wp-content\/uploads\/2024\/03\/logo-casanatense-mibact.png","width":250,"height":61,"caption":"Biblioteca Casanatense"},"image":{"@id":"https:\/\/casanatense.cultura.gov.it\/es\/#\/schema\/logo\/image\/"},"sameAs":["https:\/\/it-it.facebook.com\/people\/Biblioteca-Casanatense\/100064405343454\/","https:\/\/x.com\/casanatense","https:\/\/instagram.com\/bibliotecacasanatense?igshid=5hcnozoyuuy5"]}]}},"_links":{"self":[{"href":"https:\/\/casanatense.cultura.gov.it\/es\/wp-json\/wp\/v2\/pages\/258722","targetHints":{"allow":["GET"]}}],"collection":[{"href":"https:\/\/casanatense.cultura.gov.it\/es\/wp-json\/wp\/v2\/pages"}],"about":[{"href":"https:\/\/casanatense.cultura.gov.it\/es\/wp-json\/wp\/v2\/types\/page"}],"author":[{"embeddable":true,"href":"https:\/\/casanatense.cultura.gov.it\/es\/wp-json\/wp\/v2\/users\/1"}],"replies":[{"embeddable":true,"href":"https:\/\/casanatense.cultura.gov.it\/es\/wp-json\/wp\/v2\/comments?post=258722"}],"version-history":[{"count":13,"href":"https:\/\/casanatense.cultura.gov.it\/es\/wp-json\/wp\/v2\/pages\/258722\/revisions"}],"predecessor-version":[{"id":263328,"href":"https:\/\/casanatense.cultura.gov.it\/es\/wp-json\/wp\/v2\/pages\/258722\/revisions\/263328"}],"wp:attachment":[{"href":"https:\/\/casanatense.cultura.gov.it\/es\/wp-json\/wp\/v2\/media?parent=258722"}],"curies":[{"name":"wp","href":"https:\/\/api.w.org\/{rel}","templated":true}]}}