{"id":258729,"date":"2024-05-06T07:39:59","date_gmt":"2024-05-06T05:39:59","guid":{"rendered":"https:\/\/casanatense.cultura.gov.it\/colecciones-del-museo\/"},"modified":"2025-02-28T11:53:20","modified_gmt":"2025-02-28T10:53:20","slug":"colecciones-del-museo","status":"publish","type":"page","link":"https:\/\/casanatense.cultura.gov.it\/es\/colecciones-del-museo\/","title":{"rendered":"Colecciones Muse\u00edsticas"},"content":{"rendered":"<p>[et_pb_section fb_built=\u00bb1&#8243; admin_label=\u00bbsection\u00bb _builder_version=\u00bb4.16&#8243; custom_padding=\u00bb6px|||||\u00bb da_disable_devices=\u00bboff|off|off\u00bb global_colors_info=\u00bb{}\u00bb theme_builder_area=\u00bbpost_content\u00bb da_is_popup=\u00bboff\u00bb da_exit_intent=\u00bboff\u00bb da_has_close=\u00bbon\u00bb da_alt_close=\u00bboff\u00bb da_dark_close=\u00bboff\u00bb da_not_modal=\u00bbon\u00bb da_is_singular=\u00bboff\u00bb da_with_loader=\u00bboff\u00bb da_has_shadow=\u00bbon\u00bb][et_pb_row admin_label=\u00bbrow\u00bb _builder_version=\u00bb4.16&#8243; background_size=\u00bbinitial\u00bb background_position=\u00bbtop_left\u00bb background_repeat=\u00bbrepeat\u00bb global_colors_info=\u00bb{}\u00bb theme_builder_area=\u00bbpost_content\u00bb][et_pb_column type=\u00bb4_4&#8243; _builder_version=\u00bb4.16&#8243; custom_padding=\u00bb|||\u00bb global_colors_info=\u00bb{}\u00bb custom_padding__hover=\u00bb|||\u00bb theme_builder_area=\u00bbpost_content\u00bb][et_pb_text admin_label=\u00bbText\u00bb _builder_version=\u00bb4.27.4&#8243; background_size=\u00bbinitial\u00bb background_position=\u00bbtop_left\u00bb background_repeat=\u00bbrepeat\u00bb hover_enabled=\u00bb0&#8243; global_colors_info=\u00bb{}\u00bb theme_builder_area=\u00bbpost_content\u00bb sticky_enabled=\u00bb0&#8243;]<\/p>\n<p><span lang=\"IT\">Los dos globos terr\u00e1queo y celeste, la esfera armilar y otros instrumentos cient\u00edficos antiguos, junto con una colecci\u00f3n de monedas, hallazgos arqueol\u00f3gicos y moldes de azufre, enriquecen y complementan las amplias secciones de libros dedicadas a la ciencia, la numism\u00e1tica y la arqueolog\u00eda.<\/span><\/p>\n<p><span lang=\"IT\"><\/span><\/p>\n<p><span lang=\"IT\"><strong>Sigue leyendo:<\/strong><\/span><\/p>\n<p><span lang=\"IT\">A.A. Cavarra, <em>La Biblioteca Casanatense e il suo museo svelato: formazione delle collezioni,<\/em> en <em>Rischiarare il vero, rilevare il bello. Storie e modelli di tutela e valorizzazione del patrimonio culturale<\/em>, a cura di Serafina Pennestr\u00ec, Roma, Ministero della Cultura, 2021 (<em>Notiziario del Portale Numismatico dello Stato. Serie Medaglieri italiani, 15<\/em>), p. 21-57<\/span><\/p>\n<p>[\/et_pb_text][\/et_pb_column][\/et_pb_row][et_pb_row column_structure=\u00bb1_2,1_2&#8243; _builder_version=\u00bb4.25.1&#8243; _module_preset=\u00bbdefault\u00bb global_colors_info=\u00bb{}\u00bb theme_builder_area=\u00bbpost_content\u00bb][et_pb_column type=\u00bb1_2&#8243; _builder_version=\u00bb4.25.1&#8243; _module_preset=\u00bbdefault\u00bb global_colors_info=\u00bb{}\u00bb theme_builder_area=\u00bbpost_content\u00bb][et_pb_button button_url=\u00bbhttps:\/\/casanatense.cultura.gov.it\/es\/colecciones-del-museo\/coleccion-de-instrumentos-cientificos\/\u00bb button_text=\u00bbColecci\u00f3n de Instrumentos Cient\u00edficos\u00bb button_alignment=\u00bbcenter\u00bb _builder_version=\u00bb4.27.0&#8243; _module_preset=\u00bbdefault\u00bb custom_button=\u00bbon\u00bb button_text_size=\u00bb15px\u00bb custom_css_main_element=\u00bbwidth: 100%;\u00bb box_shadow_style=\u00bbpreset3&#8243; global_colors_info=\u00bb{}\u00bb theme_builder_area=\u00bbpost_content\u00bb][\/et_pb_button][et_pb_button button_url=\u00bbhttps:\/\/casanatense.cultura.gov.it\/es\/colecciones-del-museo\/coleccion-numismatica\/\u00bb button_text=\u00bbColecci\u00f3n Numism\u00e1tica\u00bb button_alignment=\u00bbcenter\u00bb _builder_version=\u00bb4.27.0&#8243; _module_preset=\u00bbdefault\u00bb custom_button=\u00bbon\u00bb button_text_size=\u00bb15px\u00bb custom_css_main_element=\u00bbwidth: 100%;\u00bb box_shadow_style=\u00bbpreset3&#8243; locked=\u00bboff\u00bb global_colors_info=\u00bb{}\u00bb theme_builder_area=\u00bbpost_content\u00bb][\/et_pb_button][et_pb_button button_url=\u00bbhttps:\/\/casanatense.cultura.gov.it\/es\/colecciones-del-museo\/vues-doptique\/\u00bb button_text=\u00bbVues d\u2019optique\u00bb button_alignment=\u00bbcenter\u00bb _builder_version=\u00bb4.27.0&#8243; _module_preset=\u00bbdefault\u00bb custom_button=\u00bbon\u00bb button_text_size=\u00bb15px\u00bb custom_css_main_element=\u00bbwidth: 100%;\u00bb box_shadow_style=\u00bbpreset3&#8243; locked=\u00bboff\u00bb global_colors_info=\u00bb{}\u00bb theme_builder_area=\u00bbpost_content\u00bb][\/et_pb_button][\/et_pb_column][et_pb_column type=\u00bb1_2&#8243; _builder_version=\u00bb4.25.1&#8243; _module_preset=\u00bbdefault\u00bb global_colors_info=\u00bb{}\u00bb theme_builder_area=\u00bbpost_content\u00bb][et_pb_button button_url=\u00bbhttps:\/\/casanatense.cultura.gov.it\/es\/colecciones-del-museo\/coleccion-arqueologica\/\u00bb button_text=\u00bbColecci\u00f3n Arqueol\u00f3gica\u00bb button_alignment=\u00bbcenter\u00bb _builder_version=\u00bb4.27.0&#8243; _module_preset=\u00bbdefault\u00bb custom_button=\u00bbon\u00bb button_text_size=\u00bb15px\u00bb custom_css_main_element=\u00bbwidth: 100%;\u00bb box_shadow_style=\u00bbpreset3&#8243; locked=\u00bboff\u00bb global_colors_info=\u00bb{}\u00bb theme_builder_area=\u00bbpost_content\u00bb][\/et_pb_button][et_pb_button button_url=\u00bbhttps:\/\/casanatense.cultura.gov.it\/es\/colecciones-del-museo\/coleccion-de-moldes-de-azufre-de-gemas-antiguas\/\u00bb button_text=\u00bbColecci\u00f3n de Moldes de Azufre de Gemas Antiguas\u00bb button_alignment=\u00bbcenter\u00bb _builder_version=\u00bb4.27.0&#8243; _module_preset=\u00bbdefault\u00bb custom_button=\u00bbon\u00bb button_text_size=\u00bb15px\u00bb custom_css_main_element=\u00bbwidth: 100%;\u00bb box_shadow_style=\u00bbpreset3&#8243; locked=\u00bboff\u00bb global_colors_info=\u00bb{}\u00bb theme_builder_area=\u00bbpost_content\u00bb][\/et_pb_button][\/et_pb_column][\/et_pb_row][\/et_pb_section]<\/p>\n","protected":false},"excerpt":{"rendered":"<p>Los dos globos terr\u00e1queo y celeste, la esfera armilar y otros instrumentos cient\u00edficos antiguos, junto con una colecci\u00f3n de monedas, hallazgos arqueol\u00f3gicos y moldes de azufre, enriquecen y complementan las amplias secciones de libros dedicadas a la ciencia, la numism\u00e1tica y la arqueolog\u00eda. Sigue leyendo: A.A. Cavarra, La Biblioteca Casanatense e il suo museo svelato: formazione delle collezioni, en Rischiarare il vero, rilevare il bello. Storie e modelli di tutela e valorizzazione del patrimonio culturale, a cura di Serafina Pennestr\u00ec, Roma, Ministero della Cultura, 2021 (Notiziario del Portale Numismatico dello Stato. Serie Medaglieri italiani, 15), p. 21-57<\/p>\n","protected":false},"author":1,"featured_media":258730,"parent":0,"menu_order":0,"comment_status":"closed","ping_status":"closed","template":"","meta":{"_et_pb_use_builder":"on","_et_pb_old_content":"","_et_gb_content_width":"","_price":"","_stock":"","_tribe_ticket_header":"","_tribe_default_ticket_provider":"","_tribe_ticket_capacity":"0","_ticket_start_date":"","_ticket_end_date":"","_tribe_ticket_show_description":"","_tribe_ticket_show_not_going":false,"_tribe_ticket_use_global_stock":"","_tribe_ticket_global_stock_level":"","_global_stock_mode":"","_global_stock_cap":"","_tribe_rsvp_for_event":"","_tribe_ticket_going_count":"","_tribe_ticket_not_going_count":"","_tribe_tickets_list":"[]","_tribe_ticket_has_attendee_info_fields":false,"footnotes":""},"class_list":["post-258729","page","type-page","status-publish","has-post-thumbnail","hentry"],"yoast_head":"<!-- This site is optimized with the Yoast SEO plugin v27.4 - https:\/\/yoast.com\/product\/yoast-seo-wordpress\/ -->\n<title>Colecciones Muse\u00edsticas - Casanatense<\/title>\n<meta name=\"robots\" content=\"index, follow, max-snippet:-1, max-image-preview:large, max-video-preview:-1\" \/>\n<link rel=\"canonical\" href=\"https:\/\/casanatense.cultura.gov.it\/es\/colecciones-del-museo\/\" \/>\n<meta property=\"og:locale\" content=\"es_ES\" \/>\n<meta property=\"og:type\" content=\"article\" \/>\n<meta property=\"og:title\" content=\"Colecciones Muse\u00edsticas - Casanatense\" \/>\n<meta property=\"og:description\" content=\"Los dos globos terr\u00e1queo y celeste, la esfera armilar y otros instrumentos cient\u00edficos antiguos, junto con una colecci\u00f3n de monedas, hallazgos arqueol\u00f3gicos y moldes de azufre, enriquecen y complementan las amplias secciones de libros dedicadas a la ciencia, la numism\u00e1tica y la arqueolog\u00eda. Sigue leyendo: A.A. Cavarra, La Biblioteca Casanatense e il suo museo svelato: formazione delle collezioni, en Rischiarare il vero, rilevare il bello. Storie e modelli di tutela e valorizzazione del patrimonio culturale, a cura di Serafina Pennestr\u00ec, Roma, Ministero della Cultura, 2021 (Notiziario del Portale Numismatico dello Stato. Serie Medaglieri italiani, 15), p. 21-57\" \/>\n<meta property=\"og:url\" content=\"https:\/\/casanatense.cultura.gov.it\/es\/colecciones-del-museo\/\" \/>\n<meta property=\"og:site_name\" content=\"Casanatense\" \/>\n<meta property=\"article:publisher\" content=\"https:\/\/it-it.facebook.com\/people\/Biblioteca-Casanatense\/100064405343454\/\" \/>\n<meta property=\"article:modified_time\" content=\"2025-02-28T10:53:20+00:00\" \/>\n<meta property=\"og:image\" content=\"https:\/\/casanatense.cultura.gov.it\/wp-content\/uploads\/2020\/04\/img_compasso_1.jpg\" \/>\n\t<meta property=\"og:image:width\" content=\"133\" \/>\n\t<meta property=\"og:image:height\" content=\"172\" \/>\n\t<meta property=\"og:image:type\" content=\"image\/jpeg\" \/>\n<meta name=\"twitter:card\" content=\"summary_large_image\" \/>\n<meta name=\"twitter:site\" content=\"@casanatense\" \/>\n<meta name=\"twitter:label1\" content=\"Tiempo de lectura\" \/>\n\t<meta name=\"twitter:data1\" content=\"3 minutos\" \/>\n<script type=\"application\/ld+json\" class=\"yoast-schema-graph\">{\"@context\":\"https:\\\/\\\/schema.org\",\"@graph\":[{\"@type\":\"WebPage\",\"@id\":\"https:\\\/\\\/casanatense.cultura.gov.it\\\/es\\\/colecciones-del-museo\\\/\",\"url\":\"https:\\\/\\\/casanatense.cultura.gov.it\\\/es\\\/colecciones-del-museo\\\/\",\"name\":\"Colecciones Muse\u00edsticas - Casanatense\",\"isPartOf\":{\"@id\":\"https:\\\/\\\/casanatense.cultura.gov.it\\\/es\\\/#website\"},\"primaryImageOfPage\":{\"@id\":\"https:\\\/\\\/casanatense.cultura.gov.it\\\/es\\\/colecciones-del-museo\\\/#primaryimage\"},\"image\":{\"@id\":\"https:\\\/\\\/casanatense.cultura.gov.it\\\/es\\\/colecciones-del-museo\\\/#primaryimage\"},\"thumbnailUrl\":\"https:\\\/\\\/casanatense.cultura.gov.it\\\/wp-content\\\/uploads\\\/2020\\\/04\\\/img_compasso_1.jpg\",\"datePublished\":\"2024-05-06T05:39:59+00:00\",\"dateModified\":\"2025-02-28T10:53:20+00:00\",\"breadcrumb\":{\"@id\":\"https:\\\/\\\/casanatense.cultura.gov.it\\\/es\\\/colecciones-del-museo\\\/#breadcrumb\"},\"inLanguage\":\"es\",\"potentialAction\":[{\"@type\":\"ReadAction\",\"target\":[\"https:\\\/\\\/casanatense.cultura.gov.it\\\/es\\\/colecciones-del-museo\\\/\"]}]},{\"@type\":\"ImageObject\",\"inLanguage\":\"es\",\"@id\":\"https:\\\/\\\/casanatense.cultura.gov.it\\\/es\\\/colecciones-del-museo\\\/#primaryimage\",\"url\":\"https:\\\/\\\/casanatense.cultura.gov.it\\\/wp-content\\\/uploads\\\/2020\\\/04\\\/img_compasso_1.jpg\",\"contentUrl\":\"https:\\\/\\\/casanatense.cultura.gov.it\\\/wp-content\\\/uploads\\\/2020\\\/04\\\/img_compasso_1.jpg\",\"width\":133,\"height\":172},{\"@type\":\"BreadcrumbList\",\"@id\":\"https:\\\/\\\/casanatense.cultura.gov.it\\\/es\\\/colecciones-del-museo\\\/#breadcrumb\",\"itemListElement\":[{\"@type\":\"ListItem\",\"position\":1,\"name\":\"Home\",\"item\":\"https:\\\/\\\/casanatense.cultura.gov.it\\\/es\\\/\"},{\"@type\":\"ListItem\",\"position\":2,\"name\":\"Colecciones Muse\u00edsticas\"}]},{\"@type\":\"WebSite\",\"@id\":\"https:\\\/\\\/casanatense.cultura.gov.it\\\/es\\\/#website\",\"url\":\"https:\\\/\\\/casanatense.cultura.gov.it\\\/es\\\/\",\"name\":\"Casanatense\",\"description\":\"Il sito della Biblioteca Casanatense\",\"publisher\":{\"@id\":\"https:\\\/\\\/casanatense.cultura.gov.it\\\/es\\\/#organization\"},\"potentialAction\":[{\"@type\":\"SearchAction\",\"target\":{\"@type\":\"EntryPoint\",\"urlTemplate\":\"https:\\\/\\\/casanatense.cultura.gov.it\\\/es\\\/?s={search_term_string}\"},\"query-input\":{\"@type\":\"PropertyValueSpecification\",\"valueRequired\":true,\"valueName\":\"search_term_string\"}}],\"inLanguage\":\"es\"},{\"@type\":\"Organization\",\"@id\":\"https:\\\/\\\/casanatense.cultura.gov.it\\\/es\\\/#organization\",\"name\":\"Biblioteca Casanatense\",\"url\":\"https:\\\/\\\/casanatense.cultura.gov.it\\\/es\\\/\",\"logo\":{\"@type\":\"ImageObject\",\"inLanguage\":\"es\",\"@id\":\"https:\\\/\\\/casanatense.cultura.gov.it\\\/es\\\/#\\\/schema\\\/logo\\\/image\\\/\",\"url\":\"https:\\\/\\\/casanatense.cultura.gov.it\\\/wp-content\\\/uploads\\\/2024\\\/03\\\/logo-casanatense-mibact.png\",\"contentUrl\":\"https:\\\/\\\/casanatense.cultura.gov.it\\\/wp-content\\\/uploads\\\/2024\\\/03\\\/logo-casanatense-mibact.png\",\"width\":250,\"height\":61,\"caption\":\"Biblioteca Casanatense\"},\"image\":{\"@id\":\"https:\\\/\\\/casanatense.cultura.gov.it\\\/es\\\/#\\\/schema\\\/logo\\\/image\\\/\"},\"sameAs\":[\"https:\\\/\\\/it-it.facebook.com\\\/people\\\/Biblioteca-Casanatense\\\/100064405343454\\\/\",\"https:\\\/\\\/x.com\\\/casanatense\",\"https:\\\/\\\/instagram.com\\\/bibliotecacasanatense?igshid=5hcnozoyuuy5\"]}]}<\/script>\n<!-- \/ Yoast SEO plugin. -->","yoast_head_json":{"title":"Colecciones Muse\u00edsticas - Casanatense","robots":{"index":"index","follow":"follow","max-snippet":"max-snippet:-1","max-image-preview":"max-image-preview:large","max-video-preview":"max-video-preview:-1"},"canonical":"https:\/\/casanatense.cultura.gov.it\/es\/colecciones-del-museo\/","og_locale":"es_ES","og_type":"article","og_title":"Colecciones Muse\u00edsticas - Casanatense","og_description":"Los dos globos terr\u00e1queo y celeste, la esfera armilar y otros instrumentos cient\u00edficos antiguos, junto con una colecci\u00f3n de monedas, hallazgos arqueol\u00f3gicos y moldes de azufre, enriquecen y complementan las amplias secciones de libros dedicadas a la ciencia, la numism\u00e1tica y la arqueolog\u00eda. Sigue leyendo: A.A. Cavarra, La Biblioteca Casanatense e il suo museo svelato: formazione delle collezioni, en Rischiarare il vero, rilevare il bello. Storie e modelli di tutela e valorizzazione del patrimonio culturale, a cura di Serafina Pennestr\u00ec, Roma, Ministero della Cultura, 2021 (Notiziario del Portale Numismatico dello Stato. Serie Medaglieri italiani, 15), p. 21-57","og_url":"https:\/\/casanatense.cultura.gov.it\/es\/colecciones-del-museo\/","og_site_name":"Casanatense","article_publisher":"https:\/\/it-it.facebook.com\/people\/Biblioteca-Casanatense\/100064405343454\/","article_modified_time":"2025-02-28T10:53:20+00:00","og_image":[{"width":133,"height":172,"url":"https:\/\/casanatense.cultura.gov.it\/wp-content\/uploads\/2020\/04\/img_compasso_1.jpg","type":"image\/jpeg"}],"twitter_card":"summary_large_image","twitter_site":"@casanatense","twitter_misc":{"Tiempo de lectura":"3 minutos"},"schema":{"@context":"https:\/\/schema.org","@graph":[{"@type":"WebPage","@id":"https:\/\/casanatense.cultura.gov.it\/es\/colecciones-del-museo\/","url":"https:\/\/casanatense.cultura.gov.it\/es\/colecciones-del-museo\/","name":"Colecciones Muse\u00edsticas - Casanatense","isPartOf":{"@id":"https:\/\/casanatense.cultura.gov.it\/es\/#website"},"primaryImageOfPage":{"@id":"https:\/\/casanatense.cultura.gov.it\/es\/colecciones-del-museo\/#primaryimage"},"image":{"@id":"https:\/\/casanatense.cultura.gov.it\/es\/colecciones-del-museo\/#primaryimage"},"thumbnailUrl":"https:\/\/casanatense.cultura.gov.it\/wp-content\/uploads\/2020\/04\/img_compasso_1.jpg","datePublished":"2024-05-06T05:39:59+00:00","dateModified":"2025-02-28T10:53:20+00:00","breadcrumb":{"@id":"https:\/\/casanatense.cultura.gov.it\/es\/colecciones-del-museo\/#breadcrumb"},"inLanguage":"es","potentialAction":[{"@type":"ReadAction","target":["https:\/\/casanatense.cultura.gov.it\/es\/colecciones-del-museo\/"]}]},{"@type":"ImageObject","inLanguage":"es","@id":"https:\/\/casanatense.cultura.gov.it\/es\/colecciones-del-museo\/#primaryimage","url":"https:\/\/casanatense.cultura.gov.it\/wp-content\/uploads\/2020\/04\/img_compasso_1.jpg","contentUrl":"https:\/\/casanatense.cultura.gov.it\/wp-content\/uploads\/2020\/04\/img_compasso_1.jpg","width":133,"height":172},{"@type":"BreadcrumbList","@id":"https:\/\/casanatense.cultura.gov.it\/es\/colecciones-del-museo\/#breadcrumb","itemListElement":[{"@type":"ListItem","position":1,"name":"Home","item":"https:\/\/casanatense.cultura.gov.it\/es\/"},{"@type":"ListItem","position":2,"name":"Colecciones Muse\u00edsticas"}]},{"@type":"WebSite","@id":"https:\/\/casanatense.cultura.gov.it\/es\/#website","url":"https:\/\/casanatense.cultura.gov.it\/es\/","name":"Casanatense","description":"Il sito della Biblioteca Casanatense","publisher":{"@id":"https:\/\/casanatense.cultura.gov.it\/es\/#organization"},"potentialAction":[{"@type":"SearchAction","target":{"@type":"EntryPoint","urlTemplate":"https:\/\/casanatense.cultura.gov.it\/es\/?s={search_term_string}"},"query-input":{"@type":"PropertyValueSpecification","valueRequired":true,"valueName":"search_term_string"}}],"inLanguage":"es"},{"@type":"Organization","@id":"https:\/\/casanatense.cultura.gov.it\/es\/#organization","name":"Biblioteca Casanatense","url":"https:\/\/casanatense.cultura.gov.it\/es\/","logo":{"@type":"ImageObject","inLanguage":"es","@id":"https:\/\/casanatense.cultura.gov.it\/es\/#\/schema\/logo\/image\/","url":"https:\/\/casanatense.cultura.gov.it\/wp-content\/uploads\/2024\/03\/logo-casanatense-mibact.png","contentUrl":"https:\/\/casanatense.cultura.gov.it\/wp-content\/uploads\/2024\/03\/logo-casanatense-mibact.png","width":250,"height":61,"caption":"Biblioteca Casanatense"},"image":{"@id":"https:\/\/casanatense.cultura.gov.it\/es\/#\/schema\/logo\/image\/"},"sameAs":["https:\/\/it-it.facebook.com\/people\/Biblioteca-Casanatense\/100064405343454\/","https:\/\/x.com\/casanatense","https:\/\/instagram.com\/bibliotecacasanatense?igshid=5hcnozoyuuy5"]}]}},"_links":{"self":[{"href":"https:\/\/casanatense.cultura.gov.it\/es\/wp-json\/wp\/v2\/pages\/258729","targetHints":{"allow":["GET"]}}],"collection":[{"href":"https:\/\/casanatense.cultura.gov.it\/es\/wp-json\/wp\/v2\/pages"}],"about":[{"href":"https:\/\/casanatense.cultura.gov.it\/es\/wp-json\/wp\/v2\/types\/page"}],"author":[{"embeddable":true,"href":"https:\/\/casanatense.cultura.gov.it\/es\/wp-json\/wp\/v2\/users\/1"}],"replies":[{"embeddable":true,"href":"https:\/\/casanatense.cultura.gov.it\/es\/wp-json\/wp\/v2\/comments?post=258729"}],"version-history":[{"count":12,"href":"https:\/\/casanatense.cultura.gov.it\/es\/wp-json\/wp\/v2\/pages\/258729\/revisions"}],"predecessor-version":[{"id":262464,"href":"https:\/\/casanatense.cultura.gov.it\/es\/wp-json\/wp\/v2\/pages\/258729\/revisions\/262464"}],"wp:featuredmedia":[{"embeddable":true,"href":"https:\/\/casanatense.cultura.gov.it\/es\/wp-json\/wp\/v2\/media\/258730"}],"wp:attachment":[{"href":"https:\/\/casanatense.cultura.gov.it\/es\/wp-json\/wp\/v2\/media?parent=258729"}],"curies":[{"name":"wp","href":"https:\/\/api.w.org\/{rel}","templated":true}]}}