{"id":258733,"date":"2016-03-18T12:10:10","date_gmt":"2016-03-18T11:10:10","guid":{"rendered":"https:\/\/casanatense.cultura.gov.it\/bonus-artistico-conviertete-tu-tambien-en-mecenas\/"},"modified":"2025-10-21T16:19:00","modified_gmt":"2025-10-21T14:19:00","slug":"bonus-artistico-conviertete-tu-tambien-en-mecenas","status":"publish","type":"page","link":"https:\/\/casanatense.cultura.gov.it\/es\/bonus-artistico-conviertete-tu-tambien-en-mecenas\/","title":{"rendered":"Apoya a la Biblioteca (Art Bonus)"},"content":{"rendered":"<p>[et_pb_section fb_built=\u00bb1&#8243; admin_label=\u00bbsection\u00bb _builder_version=\u00bb4.16&#8243; da_disable_devices=\u00bboff|off|off\u00bb global_colors_info=\u00bb{}\u00bb theme_builder_area=\u00bbpost_content\u00bb da_is_popup=\u00bboff\u00bb da_exit_intent=\u00bboff\u00bb da_has_close=\u00bbon\u00bb da_alt_close=\u00bboff\u00bb da_dark_close=\u00bboff\u00bb da_not_modal=\u00bbon\u00bb da_is_singular=\u00bboff\u00bb da_with_loader=\u00bboff\u00bb da_has_shadow=\u00bbon\u00bb][et_pb_row column_structure=\u00bb1_4,3_4&#8243; admin_label=\u00bbrow\u00bb _builder_version=\u00bb4.16&#8243; background_size=\u00bbinitial\u00bb background_position=\u00bbtop_left\u00bb background_repeat=\u00bbrepeat\u00bb global_colors_info=\u00bb{}\u00bb theme_builder_area=\u00bbpost_content\u00bb][et_pb_column type=\u00bb1_4&#8243; _builder_version=\u00bb4.16&#8243; custom_padding=\u00bb|||\u00bb global_colors_info=\u00bb{}\u00bb custom_padding__hover=\u00bb|||\u00bb theme_builder_area=\u00bbpost_content\u00bb][et_pb_text admin_label=\u00bbText\u00bb _builder_version=\u00bb4.27.4&#8243; background_size=\u00bbinitial\u00bb background_position=\u00bbtop_left\u00bb background_repeat=\u00bbrepeat\u00bb custom_margin=\u00bb7px||||false|false\u00bb global_colors_info=\u00bb{}\u00bb theme_builder_area=\u00bbpost_content\u00bb]<\/p>\n<p><img decoding=\"async\" src=\"http:\/\/casanatense.cultura.gov.it\/wp-content\/uploads\/2020\/04\/logo-artbonus-pdf-171x300.png\" width=\"171\" height=\"300\" alt=\"Art bonus\" class=\"wp-image-677 size-medium\" srcset=\"https:\/\/casanatense.cultura.gov.it\/wp-content\/uploads\/2020\/04\/logo-artbonus-pdf-171x300.png 171w, https:\/\/casanatense.cultura.gov.it\/wp-content\/uploads\/2020\/04\/logo-artbonus-pdf-589x1030.png 589w, https:\/\/casanatense.cultura.gov.it\/wp-content\/uploads\/2020\/04\/logo-artbonus-pdf-403x705.png 403w, https:\/\/casanatense.cultura.gov.it\/wp-content\/uploads\/2020\/04\/logo-artbonus-pdf.png 675w\" sizes=\"(max-width: 171px) 100vw, 171px\" \/><\/p>\n<p><\/p>\n<p>&nbsp;<\/p>\n<p>[\/et_pb_text][\/et_pb_column][et_pb_column type=\u00bb3_4&#8243; _builder_version=\u00bb4.16&#8243; custom_padding=\u00bb|||\u00bb global_colors_info=\u00bb{}\u00bb custom_padding__hover=\u00bb|||\u00bb theme_builder_area=\u00bbpost_content\u00bb][et_pb_text _builder_version=\u00bb4.27.4&#8243; _module_preset=\u00bbdefault\u00bb global_colors_info=\u00bb{}\u00bb theme_builder_area=\u00bbpost_content\u00bb]<\/p>\n<p>L&#8217;Art Bonus es una importante iniciativa en el \u00e1mbito de las disposiciones urgentes para la protecci\u00f3n del patrimonio cultural, el desarrollo de la cultura y la reactivaci\u00f3n del turismo, introducida por el Decreto Ley n\u00ba 83, de 31 de mayo de 2014, luego convertida con modificaciones en la Ley n\u00ba 106, de 29 de julio de 2014, y posteriormente convertida en permanente por la Ley de Estabilidad 2016, de 28 de diciembre de 2015, n\u00ba 208.<br \/>Se trata de un cr\u00e9dito fiscal para quienes realicen desembolsos liberales en efectivo en apoyo de la cultura y el espect\u00e1culo. Se trata, por tanto, de un importante instrumento de promoci\u00f3n y apoyo al mecenazgo en favor del patrimonio cultural de titularidad p\u00fablica.<br \/>Quienes realicen donaciones liberales en met\u00e1lico en apoyo de la cultura, tal y como establece la ley, podr\u00e1n disfrutar de importantes beneficios fiscales en forma de cr\u00e9dito fiscal (a dividir en 3 tramos anuales del mismo importe). De hecho, el donante Art Bonus dispone de un cr\u00e9dito fiscal equivalente al 65% de la suma donada. Esto significa que podr\u00e1 recuperar una gran parte del dinero donado, ya que sus impuestos se reducir\u00e1n en una cantidad igual al 65% de su donaci\u00f3n.<\/p>\n<p>[\/et_pb_text][\/et_pb_column][\/et_pb_row][et_pb_row _builder_version=\u00bb4.27.4&#8243; _module_preset=\u00bbdefault\u00bb custom_margin=\u00bb-29px|auto||auto||\u00bb global_colors_info=\u00bb{}\u00bb theme_builder_area=\u00bbpost_content\u00bb][et_pb_column type=\u00bb4_4&#8243; _builder_version=\u00bb4.27.4&#8243; _module_preset=\u00bbdefault\u00bb global_colors_info=\u00bb{}\u00bb theme_builder_area=\u00bbpost_content\u00bb][et_pb_text _builder_version=\u00bb4.27.4&#8243; _module_preset=\u00bbdefault\u00bb global_colors_info=\u00bb{}\u00bb theme_builder_area=\u00bbpost_content\u00bb]<\/p>\n<p><strong>Donantes con derecho a la Bonificaci\u00f3n por l&#8217;Art Bonus<\/strong>:<\/p>\n<p><\/p>\n<p>1) Personas f\u00edsicas<br \/>2) Empresas<br \/>3) Entidades no mercantiles (entidades del Tercer Sector, asociaciones, fundaciones, empresas sociales no constituidas como sociedades an\u00f3nimas o cooperativas. Por ejemplo, fundaciones bancarias)<\/p>\n<p>[\/et_pb_text][\/et_pb_column][\/et_pb_row][et_pb_row _builder_version=\u00bb4.27.4&#8243; _module_preset=\u00bbdefault\u00bb global_colors_info=\u00bb{}\u00bb theme_builder_area=\u00bbpost_content\u00bb][et_pb_column type=\u00bb4_4&#8243; _builder_version=\u00bb4.27.4&#8243; _module_preset=\u00bbdefault\u00bb global_colors_info=\u00bb{}\u00bb theme_builder_area=\u00bbpost_content\u00bb][et_pb_text _builder_version=\u00bb4.27.4&#8243; _module_preset=\u00bbdefault\u00bb global_colors_info=\u00bb{}\u00bb theme_builder_area=\u00bbpost_content\u00bb]<\/p>\n<p><strong>Procedimientos para la utilizaci\u00f3n de l&#8217;Art Bonus<\/strong>:<\/p>\n<p><\/p>\n<p>1) Las personas f\u00edsicas y entidades que no desarrollen una actividad empresarial se benefician de l&#8217;Art Bonus en su declaraci\u00f3n del IRPF.<br \/>2) Los titulares de rentas empresariales se benefician de l&#8217;Art Bonus en la compensaci\u00f3n.<\/p>\n<p>[\/et_pb_text][\/et_pb_column][\/et_pb_row][et_pb_row _builder_version=\u00bb4.27.4&#8243; _module_preset=\u00bbdefault\u00bb global_colors_info=\u00bb{}\u00bb theme_builder_area=\u00bbpost_content\u00bb][et_pb_column type=\u00bb4_4&#8243; _builder_version=\u00bb4.27.4&#8243; _module_preset=\u00bbdefault\u00bb global_colors_info=\u00bb{}\u00bb theme_builder_area=\u00bbpost_content\u00bb][et_pb_text _builder_version=\u00bb4.27.4&#8243; _module_preset=\u00bbdefault\u00bb global_colors_info=\u00bb{}\u00bb theme_builder_area=\u00bbpost_content\u00bb]<\/p>\n<p><strong>Procedimientos para la utilizaci\u00f3n de l&#8217;Art Bonus<\/strong>:<\/p>\n<p><\/p>\n<p>1) Las personas f\u00edsicas y entidades que no desarrollen una actividad empresarial se benefician de l&#8217;Art Bonus en su declaraci\u00f3n del IRPF.<br \/>2) Los titulares de rentas empresariales se benefician de l&#8217;Art Bonus en la compensaci\u00f3n.<\/p>\n<p>[\/et_pb_text][\/et_pb_column][\/et_pb_row][et_pb_row _builder_version=\u00bb4.27.4&#8243; _module_preset=\u00bbdefault\u00bb global_colors_info=\u00bb{}\u00bb theme_builder_area=\u00bbpost_content\u00bb][et_pb_column type=\u00bb4_4&#8243; _builder_version=\u00bb4.27.4&#8243; _module_preset=\u00bbdefault\u00bb global_colors_info=\u00bb{}\u00bb theme_builder_area=\u00bbpost_content\u00bb][et_pb_text _builder_version=\u00bb4.27.4&#8243; _module_preset=\u00bbdefault\u00bb hover_enabled=\u00bb0&#8243; global_colors_info=\u00bb{}\u00bb theme_builder_area=\u00bbpost_content\u00bb sticky_enabled=\u00bb0&#8243;]<\/p>\n<p><strong>Detalles de la donaci\u00f3n<\/strong>:<br \/>BENEFICIARIO: Ministero della Cultura<br \/>IBAN: IT71L0100003245BE000001MJ<br \/>CAUSA: RM?b-casa + art bonus + nombre del bien\/intervenci\u00f3n + c\u00f3digo fiscal o n\u00famero de identificaci\u00f3n fiscal del mecenas<br \/>Para transferencias desde el extranjero (extra UE) el c\u00f3digo BIC es: BITAITRRENT<\/p>\n<p>[\/et_pb_text][\/et_pb_column][\/et_pb_row][et_pb_row _builder_version=\u00bb4.27.4&#8243; _module_preset=\u00bbdefault\u00bb global_colors_info=\u00bb{}\u00bb theme_builder_area=\u00bbpost_content\u00bb][et_pb_column type=\u00bb4_4&#8243; _builder_version=\u00bb4.27.4&#8243; _module_preset=\u00bbdefault\u00bb global_colors_info=\u00bb{}\u00bb theme_builder_area=\u00bbpost_content\u00bb][et_pb_text _builder_version=\u00bb4.27.4&#8243; _module_preset=\u00bbdefault\u00bb hover_enabled=\u00bb0&#8243; global_colors_info=\u00bb{}\u00bb theme_builder_area=\u00bbpost_content\u00bb sticky_enabled=\u00bb0&#8243;]<\/p>\n<p>En el sitio Art Bonus, en la p\u00e1gina dedicada a la Biblioteca Casanatense (<strong><a href=\"https:\/\/artbonus.gov.it\/lista-interventi.html?query=casanatense\" target=\"_blank\" rel=\"noopener\">https:\/\/artbonus.gov.it\/lista-interventi.html?query=casanatense<\/a><\/strong>), puede ver las intervenciones para las que se recaudan fondos actualmente y elegir a cu\u00e1l de ellas desea apoyar<\/p>\n<p>[\/et_pb_text][\/et_pb_column][\/et_pb_row][et_pb_row _builder_version=\u00bb4.27.4&#8243; _module_preset=\u00bbdefault\u00bb global_colors_info=\u00bb{}\u00bb theme_builder_area=\u00bbpost_content\u00bb][et_pb_column type=\u00bb4_4&#8243; _builder_version=\u00bb4.27.4&#8243; _module_preset=\u00bbdefault\u00bb global_colors_info=\u00bb{}\u00bb theme_builder_area=\u00bbpost_content\u00bb][et_pb_text _builder_version=\u00bb4.27.4&#8243; _module_preset=\u00bbdefault\u00bb global_colors_info=\u00bb{}\u00bb theme_builder_area=\u00bbpost_content\u00bb]<\/p>\n<p>Para m\u00e1s informaci\u00f3n, consulte el sitio web de donaciones Art Bonus en <a href=\"https:\/\/artbonus.gov.it\/\" target=\"_blank\" rel=\"noopener\"><strong>https:\/\/artbonus.gov.it<\/strong><\/a>, o p\u00f3ngase en contacto con la persona de contacto de la Biblioteca el Dr. Massimiliano Albanese a la siguiente direcci\u00f3n <strong>massimiliano.albanese@cultura.gov.it<\/strong><\/p>\n<p>[\/et_pb_text][\/et_pb_column][\/et_pb_row][\/et_pb_section]<\/p>\n","protected":false},"excerpt":{"rendered":"<p>&nbsp;L&#8217;Art Bonus es una importante iniciativa en el \u00e1mbito de las disposiciones urgentes para la protecci\u00f3n del patrimonio cultural, el desarrollo de la cultura y la reactivaci\u00f3n del turismo, introducida por el Decreto Ley n\u00ba 83, de 31 de mayo de 2014, luego convertida con modificaciones en la Ley n\u00ba 106, de 29 de julio de 2014, y posteriormente convertida en permanente por la Ley de Estabilidad 2016, de 28 de diciembre de 2015, n\u00ba 208.Se trata de un cr\u00e9dito fiscal para quienes realicen desembolsos liberales en efectivo en apoyo de la cultura y el espect\u00e1culo. Se trata, por tanto, de un importante instrumento de promoci\u00f3n y apoyo al mecenazgo en favor del patrimonio cultural de titularidad p\u00fablica.Quienes realicen donaciones liberales en met\u00e1lico en apoyo de la cultura, tal y como establece la ley, podr\u00e1n disfrutar de importantes beneficios fiscales en forma de cr\u00e9dito fiscal (a dividir en 3 tramos anuales del mismo importe). De hecho, el donante Art Bonus dispone de un cr\u00e9dito fiscal equivalente al 65% de la suma donada. Esto significa que podr\u00e1 recuperar una gran parte del dinero donado, ya que sus impuestos se reducir\u00e1n en una cantidad igual al 65% de su donaci\u00f3n.Donantes con derecho [&hellip;]<\/p>\n","protected":false},"author":1,"featured_media":0,"parent":0,"menu_order":177,"comment_status":"closed","ping_status":"closed","template":"","meta":{"_et_pb_use_builder":"on","_et_pb_old_content":"","_et_gb_content_width":"","_price":"","_stock":"","_tribe_ticket_header":"","_tribe_default_ticket_provider":"","_tribe_ticket_capacity":"0","_ticket_start_date":"","_ticket_end_date":"","_tribe_ticket_show_description":"","_tribe_ticket_show_not_going":false,"_tribe_ticket_use_global_stock":"","_tribe_ticket_global_stock_level":"","_global_stock_mode":"","_global_stock_cap":"","_tribe_rsvp_for_event":"","_tribe_ticket_going_count":"","_tribe_ticket_not_going_count":"","_tribe_tickets_list":"[]","_tribe_ticket_has_attendee_info_fields":false,"footnotes":""},"class_list":["post-258733","page","type-page","status-publish","hentry"],"yoast_head":"<!-- This site is optimized with the Yoast SEO plugin v27.4 - https:\/\/yoast.com\/product\/yoast-seo-wordpress\/ -->\n<title>Apoya a la Biblioteca (Art Bonus) - Casanatense<\/title>\n<meta name=\"robots\" content=\"index, follow, max-snippet:-1, max-image-preview:large, max-video-preview:-1\" \/>\n<link rel=\"canonical\" href=\"https:\/\/casanatense.cultura.gov.it\/es\/bonus-artistico-conviertete-tu-tambien-en-mecenas\/\" \/>\n<meta property=\"og:locale\" content=\"es_ES\" \/>\n<meta property=\"og:type\" content=\"article\" \/>\n<meta property=\"og:title\" content=\"Apoya a la Biblioteca (Art Bonus) - Casanatense\" \/>\n<meta property=\"og:description\" content=\"&nbsp;L&#039;Art Bonus es una importante iniciativa en el \u00e1mbito de las disposiciones urgentes para la protecci\u00f3n del patrimonio cultural, el desarrollo de la cultura y la reactivaci\u00f3n del turismo, introducida por el Decreto Ley n\u00ba 83, de 31 de mayo de 2014, luego convertida con modificaciones en la Ley n\u00ba 106, de 29 de julio de 2014, y posteriormente convertida en permanente por la Ley de Estabilidad 2016, de 28 de diciembre de 2015, n\u00ba 208.Se trata de un cr\u00e9dito fiscal para quienes realicen desembolsos liberales en efectivo en apoyo de la cultura y el espect\u00e1culo. Se trata, por tanto, de un importante instrumento de promoci\u00f3n y apoyo al mecenazgo en favor del patrimonio cultural de titularidad p\u00fablica.Quienes realicen donaciones liberales en met\u00e1lico en apoyo de la cultura, tal y como establece la ley, podr\u00e1n disfrutar de importantes beneficios fiscales en forma de cr\u00e9dito fiscal (a dividir en 3 tramos anuales del mismo importe). De hecho, el donante Art Bonus dispone de un cr\u00e9dito fiscal equivalente al 65% de la suma donada. Esto significa que podr\u00e1 recuperar una gran parte del dinero donado, ya que sus impuestos se reducir\u00e1n en una cantidad igual al 65% de su donaci\u00f3n.Donantes con derecho [&hellip;]\" \/>\n<meta property=\"og:url\" content=\"https:\/\/casanatense.cultura.gov.it\/es\/bonus-artistico-conviertete-tu-tambien-en-mecenas\/\" \/>\n<meta property=\"og:site_name\" content=\"Casanatense\" \/>\n<meta property=\"article:publisher\" content=\"https:\/\/it-it.facebook.com\/people\/Biblioteca-Casanatense\/100064405343454\/\" \/>\n<meta property=\"article:modified_time\" content=\"2025-10-21T14:19:00+00:00\" \/>\n<meta property=\"og:image\" content=\"http:\/\/casanatense.cultura.gov.it\/wp-content\/uploads\/2020\/04\/logo-artbonus-pdf-171x300.png\" \/>\n<meta name=\"twitter:card\" content=\"summary_large_image\" \/>\n<meta name=\"twitter:site\" content=\"@casanatense\" \/>\n<meta name=\"twitter:label1\" content=\"Tiempo de lectura\" \/>\n\t<meta name=\"twitter:data1\" content=\"5 minutos\" \/>\n<script type=\"application\/ld+json\" class=\"yoast-schema-graph\">{\"@context\":\"https:\\\/\\\/schema.org\",\"@graph\":[{\"@type\":\"WebPage\",\"@id\":\"https:\\\/\\\/casanatense.cultura.gov.it\\\/es\\\/bonus-artistico-conviertete-tu-tambien-en-mecenas\\\/\",\"url\":\"https:\\\/\\\/casanatense.cultura.gov.it\\\/es\\\/bonus-artistico-conviertete-tu-tambien-en-mecenas\\\/\",\"name\":\"Apoya a la Biblioteca (Art Bonus) - Casanatense\",\"isPartOf\":{\"@id\":\"https:\\\/\\\/casanatense.cultura.gov.it\\\/es\\\/#website\"},\"primaryImageOfPage\":{\"@id\":\"https:\\\/\\\/casanatense.cultura.gov.it\\\/es\\\/bonus-artistico-conviertete-tu-tambien-en-mecenas\\\/#primaryimage\"},\"image\":{\"@id\":\"https:\\\/\\\/casanatense.cultura.gov.it\\\/es\\\/bonus-artistico-conviertete-tu-tambien-en-mecenas\\\/#primaryimage\"},\"thumbnailUrl\":\"http:\\\/\\\/casanatense.cultura.gov.it\\\/wp-content\\\/uploads\\\/2020\\\/04\\\/logo-artbonus-pdf-171x300.png\",\"datePublished\":\"2016-03-18T11:10:10+00:00\",\"dateModified\":\"2025-10-21T14:19:00+00:00\",\"breadcrumb\":{\"@id\":\"https:\\\/\\\/casanatense.cultura.gov.it\\\/es\\\/bonus-artistico-conviertete-tu-tambien-en-mecenas\\\/#breadcrumb\"},\"inLanguage\":\"es\",\"potentialAction\":[{\"@type\":\"ReadAction\",\"target\":[\"https:\\\/\\\/casanatense.cultura.gov.it\\\/es\\\/bonus-artistico-conviertete-tu-tambien-en-mecenas\\\/\"]}]},{\"@type\":\"ImageObject\",\"inLanguage\":\"es\",\"@id\":\"https:\\\/\\\/casanatense.cultura.gov.it\\\/es\\\/bonus-artistico-conviertete-tu-tambien-en-mecenas\\\/#primaryimage\",\"url\":\"http:\\\/\\\/casanatense.cultura.gov.it\\\/wp-content\\\/uploads\\\/2020\\\/04\\\/logo-artbonus-pdf-171x300.png\",\"contentUrl\":\"http:\\\/\\\/casanatense.cultura.gov.it\\\/wp-content\\\/uploads\\\/2020\\\/04\\\/logo-artbonus-pdf-171x300.png\"},{\"@type\":\"BreadcrumbList\",\"@id\":\"https:\\\/\\\/casanatense.cultura.gov.it\\\/es\\\/bonus-artistico-conviertete-tu-tambien-en-mecenas\\\/#breadcrumb\",\"itemListElement\":[{\"@type\":\"ListItem\",\"position\":1,\"name\":\"Home\",\"item\":\"https:\\\/\\\/casanatense.cultura.gov.it\\\/es\\\/\"},{\"@type\":\"ListItem\",\"position\":2,\"name\":\"Apoya a la Biblioteca (Art Bonus)\"}]},{\"@type\":\"WebSite\",\"@id\":\"https:\\\/\\\/casanatense.cultura.gov.it\\\/es\\\/#website\",\"url\":\"https:\\\/\\\/casanatense.cultura.gov.it\\\/es\\\/\",\"name\":\"Casanatense\",\"description\":\"Il sito della Biblioteca Casanatense\",\"publisher\":{\"@id\":\"https:\\\/\\\/casanatense.cultura.gov.it\\\/es\\\/#organization\"},\"potentialAction\":[{\"@type\":\"SearchAction\",\"target\":{\"@type\":\"EntryPoint\",\"urlTemplate\":\"https:\\\/\\\/casanatense.cultura.gov.it\\\/es\\\/?s={search_term_string}\"},\"query-input\":{\"@type\":\"PropertyValueSpecification\",\"valueRequired\":true,\"valueName\":\"search_term_string\"}}],\"inLanguage\":\"es\"},{\"@type\":\"Organization\",\"@id\":\"https:\\\/\\\/casanatense.cultura.gov.it\\\/es\\\/#organization\",\"name\":\"Biblioteca Casanatense\",\"url\":\"https:\\\/\\\/casanatense.cultura.gov.it\\\/es\\\/\",\"logo\":{\"@type\":\"ImageObject\",\"inLanguage\":\"es\",\"@id\":\"https:\\\/\\\/casanatense.cultura.gov.it\\\/es\\\/#\\\/schema\\\/logo\\\/image\\\/\",\"url\":\"https:\\\/\\\/casanatense.cultura.gov.it\\\/wp-content\\\/uploads\\\/2024\\\/03\\\/logo-casanatense-mibact.png\",\"contentUrl\":\"https:\\\/\\\/casanatense.cultura.gov.it\\\/wp-content\\\/uploads\\\/2024\\\/03\\\/logo-casanatense-mibact.png\",\"width\":250,\"height\":61,\"caption\":\"Biblioteca Casanatense\"},\"image\":{\"@id\":\"https:\\\/\\\/casanatense.cultura.gov.it\\\/es\\\/#\\\/schema\\\/logo\\\/image\\\/\"},\"sameAs\":[\"https:\\\/\\\/it-it.facebook.com\\\/people\\\/Biblioteca-Casanatense\\\/100064405343454\\\/\",\"https:\\\/\\\/x.com\\\/casanatense\",\"https:\\\/\\\/instagram.com\\\/bibliotecacasanatense?igshid=5hcnozoyuuy5\"]}]}<\/script>\n<!-- \/ Yoast SEO plugin. -->","yoast_head_json":{"title":"Apoya a la Biblioteca (Art Bonus) - Casanatense","robots":{"index":"index","follow":"follow","max-snippet":"max-snippet:-1","max-image-preview":"max-image-preview:large","max-video-preview":"max-video-preview:-1"},"canonical":"https:\/\/casanatense.cultura.gov.it\/es\/bonus-artistico-conviertete-tu-tambien-en-mecenas\/","og_locale":"es_ES","og_type":"article","og_title":"Apoya a la Biblioteca (Art Bonus) - Casanatense","og_description":"&nbsp;L'Art Bonus es una importante iniciativa en el \u00e1mbito de las disposiciones urgentes para la protecci\u00f3n del patrimonio cultural, el desarrollo de la cultura y la reactivaci\u00f3n del turismo, introducida por el Decreto Ley n\u00ba 83, de 31 de mayo de 2014, luego convertida con modificaciones en la Ley n\u00ba 106, de 29 de julio de 2014, y posteriormente convertida en permanente por la Ley de Estabilidad 2016, de 28 de diciembre de 2015, n\u00ba 208.Se trata de un cr\u00e9dito fiscal para quienes realicen desembolsos liberales en efectivo en apoyo de la cultura y el espect\u00e1culo. Se trata, por tanto, de un importante instrumento de promoci\u00f3n y apoyo al mecenazgo en favor del patrimonio cultural de titularidad p\u00fablica.Quienes realicen donaciones liberales en met\u00e1lico en apoyo de la cultura, tal y como establece la ley, podr\u00e1n disfrutar de importantes beneficios fiscales en forma de cr\u00e9dito fiscal (a dividir en 3 tramos anuales del mismo importe). De hecho, el donante Art Bonus dispone de un cr\u00e9dito fiscal equivalente al 65% de la suma donada. Esto significa que podr\u00e1 recuperar una gran parte del dinero donado, ya que sus impuestos se reducir\u00e1n en una cantidad igual al 65% de su donaci\u00f3n.Donantes con derecho [&hellip;]","og_url":"https:\/\/casanatense.cultura.gov.it\/es\/bonus-artistico-conviertete-tu-tambien-en-mecenas\/","og_site_name":"Casanatense","article_publisher":"https:\/\/it-it.facebook.com\/people\/Biblioteca-Casanatense\/100064405343454\/","article_modified_time":"2025-10-21T14:19:00+00:00","og_image":[{"url":"http:\/\/casanatense.cultura.gov.it\/wp-content\/uploads\/2020\/04\/logo-artbonus-pdf-171x300.png","type":"","width":"","height":""}],"twitter_card":"summary_large_image","twitter_site":"@casanatense","twitter_misc":{"Tiempo de lectura":"5 minutos"},"schema":{"@context":"https:\/\/schema.org","@graph":[{"@type":"WebPage","@id":"https:\/\/casanatense.cultura.gov.it\/es\/bonus-artistico-conviertete-tu-tambien-en-mecenas\/","url":"https:\/\/casanatense.cultura.gov.it\/es\/bonus-artistico-conviertete-tu-tambien-en-mecenas\/","name":"Apoya a la Biblioteca (Art Bonus) - Casanatense","isPartOf":{"@id":"https:\/\/casanatense.cultura.gov.it\/es\/#website"},"primaryImageOfPage":{"@id":"https:\/\/casanatense.cultura.gov.it\/es\/bonus-artistico-conviertete-tu-tambien-en-mecenas\/#primaryimage"},"image":{"@id":"https:\/\/casanatense.cultura.gov.it\/es\/bonus-artistico-conviertete-tu-tambien-en-mecenas\/#primaryimage"},"thumbnailUrl":"http:\/\/casanatense.cultura.gov.it\/wp-content\/uploads\/2020\/04\/logo-artbonus-pdf-171x300.png","datePublished":"2016-03-18T11:10:10+00:00","dateModified":"2025-10-21T14:19:00+00:00","breadcrumb":{"@id":"https:\/\/casanatense.cultura.gov.it\/es\/bonus-artistico-conviertete-tu-tambien-en-mecenas\/#breadcrumb"},"inLanguage":"es","potentialAction":[{"@type":"ReadAction","target":["https:\/\/casanatense.cultura.gov.it\/es\/bonus-artistico-conviertete-tu-tambien-en-mecenas\/"]}]},{"@type":"ImageObject","inLanguage":"es","@id":"https:\/\/casanatense.cultura.gov.it\/es\/bonus-artistico-conviertete-tu-tambien-en-mecenas\/#primaryimage","url":"http:\/\/casanatense.cultura.gov.it\/wp-content\/uploads\/2020\/04\/logo-artbonus-pdf-171x300.png","contentUrl":"http:\/\/casanatense.cultura.gov.it\/wp-content\/uploads\/2020\/04\/logo-artbonus-pdf-171x300.png"},{"@type":"BreadcrumbList","@id":"https:\/\/casanatense.cultura.gov.it\/es\/bonus-artistico-conviertete-tu-tambien-en-mecenas\/#breadcrumb","itemListElement":[{"@type":"ListItem","position":1,"name":"Home","item":"https:\/\/casanatense.cultura.gov.it\/es\/"},{"@type":"ListItem","position":2,"name":"Apoya a la Biblioteca (Art Bonus)"}]},{"@type":"WebSite","@id":"https:\/\/casanatense.cultura.gov.it\/es\/#website","url":"https:\/\/casanatense.cultura.gov.it\/es\/","name":"Casanatense","description":"Il sito della Biblioteca Casanatense","publisher":{"@id":"https:\/\/casanatense.cultura.gov.it\/es\/#organization"},"potentialAction":[{"@type":"SearchAction","target":{"@type":"EntryPoint","urlTemplate":"https:\/\/casanatense.cultura.gov.it\/es\/?s={search_term_string}"},"query-input":{"@type":"PropertyValueSpecification","valueRequired":true,"valueName":"search_term_string"}}],"inLanguage":"es"},{"@type":"Organization","@id":"https:\/\/casanatense.cultura.gov.it\/es\/#organization","name":"Biblioteca Casanatense","url":"https:\/\/casanatense.cultura.gov.it\/es\/","logo":{"@type":"ImageObject","inLanguage":"es","@id":"https:\/\/casanatense.cultura.gov.it\/es\/#\/schema\/logo\/image\/","url":"https:\/\/casanatense.cultura.gov.it\/wp-content\/uploads\/2024\/03\/logo-casanatense-mibact.png","contentUrl":"https:\/\/casanatense.cultura.gov.it\/wp-content\/uploads\/2024\/03\/logo-casanatense-mibact.png","width":250,"height":61,"caption":"Biblioteca Casanatense"},"image":{"@id":"https:\/\/casanatense.cultura.gov.it\/es\/#\/schema\/logo\/image\/"},"sameAs":["https:\/\/it-it.facebook.com\/people\/Biblioteca-Casanatense\/100064405343454\/","https:\/\/x.com\/casanatense","https:\/\/instagram.com\/bibliotecacasanatense?igshid=5hcnozoyuuy5"]}]}},"_links":{"self":[{"href":"https:\/\/casanatense.cultura.gov.it\/es\/wp-json\/wp\/v2\/pages\/258733","targetHints":{"allow":["GET"]}}],"collection":[{"href":"https:\/\/casanatense.cultura.gov.it\/es\/wp-json\/wp\/v2\/pages"}],"about":[{"href":"https:\/\/casanatense.cultura.gov.it\/es\/wp-json\/wp\/v2\/types\/page"}],"author":[{"embeddable":true,"href":"https:\/\/casanatense.cultura.gov.it\/es\/wp-json\/wp\/v2\/users\/1"}],"replies":[{"embeddable":true,"href":"https:\/\/casanatense.cultura.gov.it\/es\/wp-json\/wp\/v2\/comments?post=258733"}],"version-history":[{"count":15,"href":"https:\/\/casanatense.cultura.gov.it\/es\/wp-json\/wp\/v2\/pages\/258733\/revisions"}],"predecessor-version":[{"id":263670,"href":"https:\/\/casanatense.cultura.gov.it\/es\/wp-json\/wp\/v2\/pages\/258733\/revisions\/263670"}],"wp:attachment":[{"href":"https:\/\/casanatense.cultura.gov.it\/es\/wp-json\/wp\/v2\/media?parent=258733"}],"curies":[{"name":"wp","href":"https:\/\/api.w.org\/{rel}","templated":true}]}}