{"id":258738,"date":"2020-09-02T12:46:44","date_gmt":"2020-09-02T10:46:44","guid":{"rendered":"https:\/\/casanatense.cultura.gov.it\/bases-de-datos\/"},"modified":"2024-10-04T11:43:34","modified_gmt":"2024-10-04T09:43:34","slug":"recursos-externos","status":"publish","type":"page","link":"https:\/\/casanatense.cultura.gov.it\/es\/recursos-externos\/","title":{"rendered":"Recursos Externos"},"content":{"rendered":"<p>[et_pb_section fb_built=\u00bb1&#8243; _builder_version=\u00bb4.16&#8243; da_disable_devices=\u00bboff|off|off\u00bb global_colors_info=\u00bb{}\u00bb theme_builder_area=\u00bbpost_content\u00bb da_is_popup=\u00bboff\u00bb da_exit_intent=\u00bboff\u00bb da_has_close=\u00bbon\u00bb da_alt_close=\u00bboff\u00bb da_dark_close=\u00bboff\u00bb da_not_modal=\u00bbon\u00bb da_is_singular=\u00bboff\u00bb da_with_loader=\u00bboff\u00bb da_has_shadow=\u00bbon\u00bb][et_pb_row _builder_version=\u00bb4.16&#8243; background_size=\u00bbinitial\u00bb background_position=\u00bbtop_left\u00bb background_repeat=\u00bbrepeat\u00bb global_colors_info=\u00bb{}\u00bb theme_builder_area=\u00bbpost_content\u00bb][et_pb_column type=\u00bb4_4&#8243; _builder_version=\u00bb4.16&#8243; custom_padding=\u00bb|||\u00bb global_colors_info=\u00bb{}\u00bb custom_padding__hover=\u00bb|||\u00bb theme_builder_area=\u00bbpost_content\u00bb][et_pb_image src=\u00bbhttp:\/\/casanatense.cultura.gov.it\/wp-content\/uploads\/2024\/05\/download.jpg\u00bb title_text=\u00bbdownload\u00bb align=\u00bbcenter\u00bb _builder_version=\u00bb4.25.1&#8243; _module_preset=\u00bbdefault\u00bb width=\u00bb14%\u00bb max_width=\u00bb14%\u00bb module_alignment=\u00bbcenter\u00bb global_colors_info=\u00bb{}\u00bb theme_builder_area=\u00bbpost_content\u00bb][\/et_pb_image][et_pb_text _builder_version=\u00bb4.27.0&#8243; _module_preset=\u00bbdefault\u00bb custom_padding=\u00bb||20px||false|false\u00bb hover_enabled=\u00bb0&#8243; border_width_bottom=\u00bb1px\u00bb border_color_bottom=\u00bb#CC7720&#8243; global_colors_info=\u00bb{}\u00bb theme_builder_area=\u00bbpost_content\u00bb sticky_enabled=\u00bb0&#8243;]<\/p>\n<p>JSTOR <a href=\"https:\/\/www.jstor.org\/\" target=\"_blank\" rel=\"noopener\">https:\/\/www.jstor.org\/<\/a><\/p>\n<p>JSTOR (Journal Storage) es un archivo electr\u00f3nico de art\u00edculos digitalizados de m\u00e1s de 1.000 revistas acad\u00e9micas y cient\u00edficas, que permite el acceso a copias digitalizadas de revistas desde el primer n\u00famero, excluyendo los a\u00f1os m\u00e1s recientes; la Biblioteca Casanatense se ha suscrito al acceso a texto completo de todas las colecciones de revistas presentes.<\/p>\n<p>[\/et_pb_text][et_pb_image src=\u00bbhttp:\/\/casanatense.cultura.gov.it\/wp-content\/uploads\/2024\/05\/gruyter_0.jpg\u00bb title_text=\u00bbgruyter_0&#8243; align=\u00bbcenter\u00bb _builder_version=\u00bb4.25.1&#8243; _module_preset=\u00bbdefault\u00bb width=\u00bb25%\u00bb max_width=\u00bb25%\u00bb custom_padding=\u00bb20px||||false|false\u00bb global_colors_info=\u00bb{}\u00bb theme_builder_area=\u00bbpost_content\u00bb][\/et_pb_image][et_pb_text _builder_version=\u00bb4.27.0&#8243; _module_preset=\u00bbdefault\u00bb custom_margin=\u00bb||||false|false\u00bb custom_padding=\u00bb||20px||false|false\u00bb hover_enabled=\u00bb0&#8243; border_color_all=\u00bb#CC7720&#8243; border_width_bottom=\u00bb1px\u00bb global_colors_info=\u00bb{}\u00bb theme_builder_area=\u00bbpost_content\u00bb sticky_enabled=\u00bb0&#8243;]<\/p>\n<p>WBIS Online &#8211; Sistema Mundial de Informaci\u00f3n Biogr\u00e1fica Online <span><a href=\"http:\/\/db.saur.de\/WBIS\/autologin?user=casanatense\" target=\"_blank\" rel=\"noopener\">http:\/\/db.saur.de\/WBIS\/autologin?user=casanatense<\/a><\/span><\/p>\n<p><a href=\"https:\/\/wbis.degruyter.com\/basic-search?lang=it_IT\" target=\"_blank\" rel=\"noopener\">https:\/\/wbis.degruyter.com\/basic-search?lang=it_IT<\/a><\/p>\n<p>El WBIS Online &#8211; World Biographical Information System Online es una base de datos biogr\u00e1fica que contiene informaci\u00f3n sobre 6 millones de personas, pertenecientes a todos los sectores de la sociedad, citadas en fuentes de referencia publicadas desde el siglo XVI.<br \/>Est\u00e1 dividida en varios Archivos, cada uno de los cuales se refiere a una lengua y \u00e1rea cultural espec\u00edficas. En particular, la Biblioteca Casanatense est\u00e1 suscrita a los siguientes Archivos Bibliogr\u00e1ficos: Italiano, Franc\u00e9s, Espa\u00f1ol, Portugu\u00e9s y Latinoamericano, Alem\u00e1n, \u00c1rabe-Isl\u00e1mico, Jud\u00edo y Chino, que dan acceso a las ediciones en microfichas de K.G. Saur, mientras que los restantes Archivos pueden consultarse en general a trav\u00e9s de las correspondientes m\u00e1scaras de b\u00fasqueda.<\/p>\n<p>[\/et_pb_text][et_pb_image src=\u00bbhttp:\/\/casanatense.cultura.gov.it\/wp-content\/uploads\/2024\/05\/LLT.png\u00bb title_text=\u00bbLLT\u00bb align=\u00bbcenter\u00bb _builder_version=\u00bb4.25.1&#8243; _module_preset=\u00bbdefault\u00bb width=\u00bb22%\u00bb max_width=\u00bb22%\u00bb custom_padding=\u00bb20px||||false|false\u00bb global_colors_info=\u00bb{}\u00bb theme_builder_area=\u00bbpost_content\u00bb][\/et_pb_image][et_pb_text _builder_version=\u00bb4.27.0&#8243; _module_preset=\u00bbdefault\u00bb custom_padding=\u00bb||20px||false|false\u00bb hover_enabled=\u00bb0&#8243; border_color_all=\u00bb#CC7720&#8243; border_width_bottom=\u00bb1px\u00bb global_colors_info=\u00bb{}\u00bb theme_builder_area=\u00bbpost_content\u00bb sticky_enabled=\u00bb0&#8243;]<\/p>\n<p>LLT &#8211; Biblioteca de Textos Latinos <span><a href=\"https:\/\/apps.brepolis.net\/LTool\/Entrance.aspx?w=12\" target=\"_blank\" rel=\"noopener\">https:\/\/apps.brepolis.net\/LTool\/Entrance.aspx?w=12<\/a><\/span><\/p>\n<p>Contiene unos 6.000 textos y 5.800 documentos diplom\u00e1ticos, actualizados cada seis meses, que pueden consultarse mediante una interfaz disponible en ingl\u00e9s, franc\u00e9s, alem\u00e1n e italiano, y sofisticadas posibilidades de b\u00fasqueda, gracias a la construcci\u00f3n de consultas complejas mediante comodines y operadores booleanos, la posibilidad de aplicar filtros o de ampliar los resultados m\u00e1s all\u00e1 de las coincidencias literales con b\u00fasquedas por similitud.<\/p>\n<p>[\/et_pb_text][et_pb_image src=\u00bbhttp:\/\/casanatense.cultura.gov.it\/wp-content\/uploads\/2024\/05\/lexikon.png\u00bb title_text=\u00bblexikon\u00bb align=\u00bbcenter\u00bb _builder_version=\u00bb4.25.1&#8243; _module_preset=\u00bbdefault\u00bb width=\u00bb25%\u00bb max_width=\u00bb25%\u00bb custom_padding=\u00bb20px||||false|false\u00bb global_colors_info=\u00bb{}\u00bb theme_builder_area=\u00bbpost_content\u00bb][\/et_pb_image][et_pb_text _builder_version=\u00bb4.27.0&#8243; _module_preset=\u00bbdefault\u00bb custom_padding=\u00bb||20px||false|false\u00bb hover_enabled=\u00bb0&#8243; border_color_top=\u00bb#CC7720&#8243; border_width_bottom=\u00bb1px\u00bb border_color_bottom=\u00bb#CC7720&#8243; global_colors_info=\u00bb{}\u00bb theme_builder_area=\u00bbpost_content\u00bb sticky_enabled=\u00bb0&#8243;]<\/p>\n<p>LexIEMA &#8211; Lexikon des Mittelalters &amp; Enciclopedia Internacional de la Edad Media<\/p>\n<p><a href=\"https:\/\/apps.brepolis.net\/LTool\/Entrance.aspx?w=4\" target=\"_blank\" rel=\"noopener\">https:\/\/apps.brepolis.net\/LTool\/Entrance.aspx?w=4<\/a><\/p>\n<p><span> <\/span>La base de datos abarca todas las ramas de los estudios medievales para el periodo comprendido entre el 300 y el 1500 d.C., para toda Europa y para partes de Asia occidental y el norte de \u00c1frica.<br \/>Se basa en la enciclopedia m\u00e1s importante para medievalistas, <em>Lexikon des Mittelalters<\/em>, pero se enriquece con la posibilidad de buscar utilizando palabras clave y temas en ingl\u00e9s, enlaces en tiempo real a una bibliograf\u00eda acumulativa<em>(Bibliograf\u00eda Medieval Internacional <\/em>y <em>Bibliographie de civilisation m\u00e9di\u00e9vale<\/em>) y el uso de una interfaz multiling\u00fce (ingl\u00e9s, franc\u00e9s, alem\u00e1n, espa\u00f1ol e italiano).<br \/>LexMA est\u00e1 totalmente integrada con la<em>Enciclopedia Internacional de la Edad Media<\/em>, una nueva enciclopedia que complementa o suplementa su cobertura.<\/p>\n<p>[\/et_pb_text][et_pb_image src=\u00bbhttp:\/\/casanatense.cultura.gov.it\/wp-content\/uploads\/2024\/05\/dhge.png\u00bb title_text=\u00bbdhge\u00bb align=\u00bbcenter\u00bb _builder_version=\u00bb4.25.1&#8243; _module_preset=\u00bbdefault\u00bb width=\u00bb25%\u00bb max_width=\u00bb25%\u00bb custom_padding=\u00bb20px||||false|false\u00bb locked=\u00bboff\u00bb global_colors_info=\u00bb{}\u00bb theme_builder_area=\u00bbpost_content\u00bb][\/et_pb_image][et_pb_text _builder_version=\u00bb4.27.0&#8243; _module_preset=\u00bbdefault\u00bb custom_padding=\u00bb20px||20px||false|false\u00bb hover_enabled=\u00bb0&#8243; border_color_top=\u00bb#CC7720&#8243; border_width_bottom=\u00bb1px\u00bb border_color_bottom=\u00bb#CC7720&#8243; global_colors_info=\u00bb{}\u00bb theme_builder_area=\u00bbpost_content\u00bb sticky_enabled=\u00bb0&#8243;]<\/p>\n<p>DHGE &#8211; Dictionnaired&#8217;histoire et de g\u00e9ographie eccl\u00e9siastiques <a href=\"https:\/\/apps.brepolis.net\/LTool\/Entrance.aspx?w=3\" target=\"_blank\" rel=\"noopener\">https:\/\/apps.brepolis.net\/LTool\/Entrance.aspx?w=3<\/a><\/p>\n<p><span> <\/span>Esta base de datos es una fuente de informaci\u00f3n para cualquier persona interesada en la historia de la Iglesia.<br \/>El DHGE tiene una amplia cobertura, que incluye todos los continentes para el periodo que va desde la antig\u00fcedad hasta nuestros d\u00edas.<br \/>Las entradas del Dictionnaire se dividen en tres grupos distintos: <u>personas<\/u>, aquellas que desempe\u00f1aron un papel en la historia de la Iglesia a trav\u00e9s de sus obras o escritos, <u>lugares<\/u>, es decir, la historia geogr\u00e1fica de la Iglesia, la historia de las di\u00f3cesis, abad\u00edas, prioratos y lugares de culto famosos con una lista de personas asociadas a ellos, e <u>instituciones<\/u>, es decir, instituciones eclesi\u00e1sticas descritas desde una perspectiva hist\u00f3rica.<br \/>Todo ello se puede buscar a trav\u00e9s de una interfaz multiling\u00fce: ingl\u00e9s, franc\u00e9s, alem\u00e1n, espa\u00f1ol e italiano.<\/p>\n<p>[\/et_pb_text][et_pb_image src=\u00bbhttp:\/\/casanatense.cultura.gov.it\/wp-content\/uploads\/2024\/05\/inpr_logo.jpg\u00bb title_text=\u00bbinpr_logo\u00bb align=\u00bbcenter\u00bb _builder_version=\u00bb4.25.1&#8243; _module_preset=\u00bbdefault\u00bb width=\u00bb25%\u00bb max_width=\u00bb25%\u00bb custom_padding=\u00bb20px||||false|false\u00bb border_color_top=\u00bb#CC7720&#8243; global_colors_info=\u00bb{}\u00bb theme_builder_area=\u00bbpost_content\u00bb][\/et_pb_image][et_pb_text _builder_version=\u00bb4.27.0&#8243; _module_preset=\u00bbdefault\u00bb custom_padding=\u00bb||||false|false\u00bb hover_enabled=\u00bb0&#8243; border_color_top=\u00bb#CC7720&#8243; global_colors_info=\u00bb{}\u00bb theme_builder_area=\u00bbpost_content\u00bb sticky_enabled=\u00bb0&#8243;]<\/p>\n<p>INPR &#8211; In Principio &#8211; \u00cdndice Incipit de <a href=\"https:\/\/apps.brepolis.net\/LTool\/Entrance.aspx?w=8\" target=\"_blank\" rel=\"noopener\">Textos Latinoshttps:\/\/apps.brepolis.net\/LTool\/Entrance.aspx?w=8<\/a><\/p>\n<p>Herramienta de investigaci\u00f3n inestimable para el estudio de escritores, textos y manuscritos de la Antig\u00fcedad, la Edad Media y el Renacimiento, la base de datos incluye todos los g\u00e9neros literarios: artes liberales y teolog\u00eda, historia y poes\u00eda, medicina y liturgia, derecho civil y derecho can\u00f3nico, res\u00famenes y sermones, glosarios y correspondencia, recetas de cocina, grandes tratados o peque\u00f1as frases aisladas.<br \/>Cuenta con una pantalla de b\u00fasqueda orientativa que ofrece diez campos de b\u00fasqueda que permiten una b\u00fasqueda precisa, interfaz de b\u00fasqueda multiling\u00fce (ingl\u00e9s, franc\u00e9s, alem\u00e1n), enlaces con <em>Bibliographie Annuelle du Moyen \u00c2ge Tardif (BAMAT-Online),<\/em>y con <em>Clavis Clavium (ClaCla),<\/em>la base de datos de referencia para acceder a la Literatura Cristiana de la Antig\u00fcedad Tard\u00eda y Medieval (Acceso Abierto)<\/p>\n<p>[\/et_pb_text][\/et_pb_column][\/et_pb_row][\/et_pb_section]<\/p>\n","protected":false},"excerpt":{"rendered":"<p>JSTOR https:\/\/www.jstor.org\/ JSTOR (Journal Storage) es un archivo electr\u00f3nico de art\u00edculos digitalizados de m\u00e1s de 1.000 revistas acad\u00e9micas y cient\u00edficas, que permite el acceso a copias digitalizadas de revistas desde el primer n\u00famero, excluyendo los a\u00f1os m\u00e1s recientes; la Biblioteca Casanatense se ha suscrito al acceso a texto completo de todas las colecciones de revistas presentes.WBIS Online &#8211; Sistema Mundial de Informaci\u00f3n Biogr\u00e1fica Online http:\/\/db.saur.de\/WBIS\/autologin?user=casanatense https:\/\/wbis.degruyter.com\/basic-search?lang=it_IT El WBIS Online &#8211; World Biographical Information System Online es una base de datos biogr\u00e1fica que contiene informaci\u00f3n sobre 6 millones de personas, pertenecientes a todos los sectores de la sociedad, citadas en fuentes de referencia publicadas desde el siglo XVI.Est\u00e1 dividida en varios Archivos, cada uno de los cuales se refiere a una lengua y \u00e1rea cultural espec\u00edficas. En particular, la Biblioteca Casanatense est\u00e1 suscrita a los siguientes Archivos Bibliogr\u00e1ficos: Italiano, Franc\u00e9s, Espa\u00f1ol, Portugu\u00e9s y Latinoamericano, Alem\u00e1n, \u00c1rabe-Isl\u00e1mico, Jud\u00edo y Chino, que dan acceso a las ediciones en microfichas de K.G. Saur, mientras que los restantes Archivos pueden consultarse en general a trav\u00e9s de las correspondientes m\u00e1scaras de b\u00fasqueda.LLT &#8211; Biblioteca de Textos Latinos https:\/\/apps.brepolis.net\/LTool\/Entrance.aspx?w=12 Contiene unos 6.000 textos y 5.800 documentos diplom\u00e1ticos, actualizados cada seis meses, que pueden consultarse mediante una interfaz [&hellip;]<\/p>\n","protected":false},"author":1,"featured_media":0,"parent":0,"menu_order":116,"comment_status":"open","ping_status":"open","template":"","meta":{"_et_pb_use_builder":"on","_et_pb_old_content":"","_et_gb_content_width":"","_price":"","_stock":"","_tribe_ticket_header":"","_tribe_default_ticket_provider":"","_tribe_ticket_capacity":"0","_ticket_start_date":"","_ticket_end_date":"","_tribe_ticket_show_description":"","_tribe_ticket_show_not_going":false,"_tribe_ticket_use_global_stock":"","_tribe_ticket_global_stock_level":"","_global_stock_mode":"","_global_stock_cap":"","_tribe_rsvp_for_event":"","_tribe_ticket_going_count":"","_tribe_ticket_not_going_count":"","_tribe_tickets_list":"[]","_tribe_ticket_has_attendee_info_fields":false,"footnotes":""},"class_list":["post-258738","page","type-page","status-publish","hentry"],"yoast_head":"<!-- This site is optimized with the Yoast SEO plugin v27.4 - https:\/\/yoast.com\/product\/yoast-seo-wordpress\/ -->\n<title>Recursos Externos - Casanatense<\/title>\n<meta name=\"robots\" content=\"index, follow, max-snippet:-1, max-image-preview:large, max-video-preview:-1\" \/>\n<link rel=\"canonical\" href=\"https:\/\/casanatense.cultura.gov.it\/es\/recursos-externos\/\" \/>\n<meta property=\"og:locale\" content=\"es_ES\" \/>\n<meta property=\"og:type\" content=\"article\" \/>\n<meta property=\"og:title\" content=\"Recursos Externos - Casanatense\" \/>\n<meta property=\"og:description\" content=\"JSTOR https:\/\/www.jstor.org\/ JSTOR (Journal Storage) es un archivo electr\u00f3nico de art\u00edculos digitalizados de m\u00e1s de 1.000 revistas acad\u00e9micas y cient\u00edficas, que permite el acceso a copias digitalizadas de revistas desde el primer n\u00famero, excluyendo los a\u00f1os m\u00e1s recientes; la Biblioteca Casanatense se ha suscrito al acceso a texto completo de todas las colecciones de revistas presentes.WBIS Online - Sistema Mundial de Informaci\u00f3n Biogr\u00e1fica Online http:\/\/db.saur.de\/WBIS\/autologin?user=casanatense https:\/\/wbis.degruyter.com\/basic-search?lang=it_IT El WBIS Online - World Biographical Information System Online es una base de datos biogr\u00e1fica que contiene informaci\u00f3n sobre 6 millones de personas, pertenecientes a todos los sectores de la sociedad, citadas en fuentes de referencia publicadas desde el siglo XVI.Est\u00e1 dividida en varios Archivos, cada uno de los cuales se refiere a una lengua y \u00e1rea cultural espec\u00edficas. En particular, la Biblioteca Casanatense est\u00e1 suscrita a los siguientes Archivos Bibliogr\u00e1ficos: Italiano, Franc\u00e9s, Espa\u00f1ol, Portugu\u00e9s y Latinoamericano, Alem\u00e1n, \u00c1rabe-Isl\u00e1mico, Jud\u00edo y Chino, que dan acceso a las ediciones en microfichas de K.G. Saur, mientras que los restantes Archivos pueden consultarse en general a trav\u00e9s de las correspondientes m\u00e1scaras de b\u00fasqueda.LLT - Biblioteca de Textos Latinos https:\/\/apps.brepolis.net\/LTool\/Entrance.aspx?w=12 Contiene unos 6.000 textos y 5.800 documentos diplom\u00e1ticos, actualizados cada seis meses, que pueden consultarse mediante una interfaz [&hellip;]\" \/>\n<meta property=\"og:url\" content=\"https:\/\/casanatense.cultura.gov.it\/es\/recursos-externos\/\" \/>\n<meta property=\"og:site_name\" content=\"Casanatense\" \/>\n<meta property=\"article:publisher\" content=\"https:\/\/it-it.facebook.com\/people\/Biblioteca-Casanatense\/100064405343454\/\" \/>\n<meta property=\"article:modified_time\" content=\"2024-10-04T09:43:34+00:00\" \/>\n<meta name=\"twitter:card\" content=\"summary_large_image\" \/>\n<meta name=\"twitter:site\" content=\"@casanatense\" \/>\n<meta name=\"twitter:label1\" content=\"Tiempo de lectura\" \/>\n\t<meta name=\"twitter:data1\" content=\"7 minutos\" \/>\n<script type=\"application\/ld+json\" class=\"yoast-schema-graph\">{\"@context\":\"https:\\\/\\\/schema.org\",\"@graph\":[{\"@type\":\"WebPage\",\"@id\":\"https:\\\/\\\/casanatense.cultura.gov.it\\\/es\\\/recursos-externos\\\/\",\"url\":\"https:\\\/\\\/casanatense.cultura.gov.it\\\/es\\\/recursos-externos\\\/\",\"name\":\"Recursos Externos - Casanatense\",\"isPartOf\":{\"@id\":\"https:\\\/\\\/casanatense.cultura.gov.it\\\/es\\\/#website\"},\"datePublished\":\"2020-09-02T10:46:44+00:00\",\"dateModified\":\"2024-10-04T09:43:34+00:00\",\"breadcrumb\":{\"@id\":\"https:\\\/\\\/casanatense.cultura.gov.it\\\/es\\\/recursos-externos\\\/#breadcrumb\"},\"inLanguage\":\"es\",\"potentialAction\":[{\"@type\":\"ReadAction\",\"target\":[\"https:\\\/\\\/casanatense.cultura.gov.it\\\/es\\\/recursos-externos\\\/\"]}]},{\"@type\":\"BreadcrumbList\",\"@id\":\"https:\\\/\\\/casanatense.cultura.gov.it\\\/es\\\/recursos-externos\\\/#breadcrumb\",\"itemListElement\":[{\"@type\":\"ListItem\",\"position\":1,\"name\":\"Home\",\"item\":\"https:\\\/\\\/casanatense.cultura.gov.it\\\/es\\\/\"},{\"@type\":\"ListItem\",\"position\":2,\"name\":\"Recursos Externos\"}]},{\"@type\":\"WebSite\",\"@id\":\"https:\\\/\\\/casanatense.cultura.gov.it\\\/es\\\/#website\",\"url\":\"https:\\\/\\\/casanatense.cultura.gov.it\\\/es\\\/\",\"name\":\"Casanatense\",\"description\":\"Il sito della Biblioteca Casanatense\",\"publisher\":{\"@id\":\"https:\\\/\\\/casanatense.cultura.gov.it\\\/es\\\/#organization\"},\"potentialAction\":[{\"@type\":\"SearchAction\",\"target\":{\"@type\":\"EntryPoint\",\"urlTemplate\":\"https:\\\/\\\/casanatense.cultura.gov.it\\\/es\\\/?s={search_term_string}\"},\"query-input\":{\"@type\":\"PropertyValueSpecification\",\"valueRequired\":true,\"valueName\":\"search_term_string\"}}],\"inLanguage\":\"es\"},{\"@type\":\"Organization\",\"@id\":\"https:\\\/\\\/casanatense.cultura.gov.it\\\/es\\\/#organization\",\"name\":\"Biblioteca Casanatense\",\"url\":\"https:\\\/\\\/casanatense.cultura.gov.it\\\/es\\\/\",\"logo\":{\"@type\":\"ImageObject\",\"inLanguage\":\"es\",\"@id\":\"https:\\\/\\\/casanatense.cultura.gov.it\\\/es\\\/#\\\/schema\\\/logo\\\/image\\\/\",\"url\":\"https:\\\/\\\/casanatense.cultura.gov.it\\\/wp-content\\\/uploads\\\/2024\\\/03\\\/logo-casanatense-mibact.png\",\"contentUrl\":\"https:\\\/\\\/casanatense.cultura.gov.it\\\/wp-content\\\/uploads\\\/2024\\\/03\\\/logo-casanatense-mibact.png\",\"width\":250,\"height\":61,\"caption\":\"Biblioteca Casanatense\"},\"image\":{\"@id\":\"https:\\\/\\\/casanatense.cultura.gov.it\\\/es\\\/#\\\/schema\\\/logo\\\/image\\\/\"},\"sameAs\":[\"https:\\\/\\\/it-it.facebook.com\\\/people\\\/Biblioteca-Casanatense\\\/100064405343454\\\/\",\"https:\\\/\\\/x.com\\\/casanatense\",\"https:\\\/\\\/instagram.com\\\/bibliotecacasanatense?igshid=5hcnozoyuuy5\"]}]}<\/script>\n<!-- \/ Yoast SEO plugin. -->","yoast_head_json":{"title":"Recursos Externos - Casanatense","robots":{"index":"index","follow":"follow","max-snippet":"max-snippet:-1","max-image-preview":"max-image-preview:large","max-video-preview":"max-video-preview:-1"},"canonical":"https:\/\/casanatense.cultura.gov.it\/es\/recursos-externos\/","og_locale":"es_ES","og_type":"article","og_title":"Recursos Externos - Casanatense","og_description":"JSTOR https:\/\/www.jstor.org\/ JSTOR (Journal Storage) es un archivo electr\u00f3nico de art\u00edculos digitalizados de m\u00e1s de 1.000 revistas acad\u00e9micas y cient\u00edficas, que permite el acceso a copias digitalizadas de revistas desde el primer n\u00famero, excluyendo los a\u00f1os m\u00e1s recientes; la Biblioteca Casanatense se ha suscrito al acceso a texto completo de todas las colecciones de revistas presentes.WBIS Online - Sistema Mundial de Informaci\u00f3n Biogr\u00e1fica Online http:\/\/db.saur.de\/WBIS\/autologin?user=casanatense https:\/\/wbis.degruyter.com\/basic-search?lang=it_IT El WBIS Online - World Biographical Information System Online es una base de datos biogr\u00e1fica que contiene informaci\u00f3n sobre 6 millones de personas, pertenecientes a todos los sectores de la sociedad, citadas en fuentes de referencia publicadas desde el siglo XVI.Est\u00e1 dividida en varios Archivos, cada uno de los cuales se refiere a una lengua y \u00e1rea cultural espec\u00edficas. En particular, la Biblioteca Casanatense est\u00e1 suscrita a los siguientes Archivos Bibliogr\u00e1ficos: Italiano, Franc\u00e9s, Espa\u00f1ol, Portugu\u00e9s y Latinoamericano, Alem\u00e1n, \u00c1rabe-Isl\u00e1mico, Jud\u00edo y Chino, que dan acceso a las ediciones en microfichas de K.G. Saur, mientras que los restantes Archivos pueden consultarse en general a trav\u00e9s de las correspondientes m\u00e1scaras de b\u00fasqueda.LLT - Biblioteca de Textos Latinos https:\/\/apps.brepolis.net\/LTool\/Entrance.aspx?w=12 Contiene unos 6.000 textos y 5.800 documentos diplom\u00e1ticos, actualizados cada seis meses, que pueden consultarse mediante una interfaz [&hellip;]","og_url":"https:\/\/casanatense.cultura.gov.it\/es\/recursos-externos\/","og_site_name":"Casanatense","article_publisher":"https:\/\/it-it.facebook.com\/people\/Biblioteca-Casanatense\/100064405343454\/","article_modified_time":"2024-10-04T09:43:34+00:00","twitter_card":"summary_large_image","twitter_site":"@casanatense","twitter_misc":{"Tiempo de lectura":"7 minutos"},"schema":{"@context":"https:\/\/schema.org","@graph":[{"@type":"WebPage","@id":"https:\/\/casanatense.cultura.gov.it\/es\/recursos-externos\/","url":"https:\/\/casanatense.cultura.gov.it\/es\/recursos-externos\/","name":"Recursos Externos - Casanatense","isPartOf":{"@id":"https:\/\/casanatense.cultura.gov.it\/es\/#website"},"datePublished":"2020-09-02T10:46:44+00:00","dateModified":"2024-10-04T09:43:34+00:00","breadcrumb":{"@id":"https:\/\/casanatense.cultura.gov.it\/es\/recursos-externos\/#breadcrumb"},"inLanguage":"es","potentialAction":[{"@type":"ReadAction","target":["https:\/\/casanatense.cultura.gov.it\/es\/recursos-externos\/"]}]},{"@type":"BreadcrumbList","@id":"https:\/\/casanatense.cultura.gov.it\/es\/recursos-externos\/#breadcrumb","itemListElement":[{"@type":"ListItem","position":1,"name":"Home","item":"https:\/\/casanatense.cultura.gov.it\/es\/"},{"@type":"ListItem","position":2,"name":"Recursos Externos"}]},{"@type":"WebSite","@id":"https:\/\/casanatense.cultura.gov.it\/es\/#website","url":"https:\/\/casanatense.cultura.gov.it\/es\/","name":"Casanatense","description":"Il sito della Biblioteca Casanatense","publisher":{"@id":"https:\/\/casanatense.cultura.gov.it\/es\/#organization"},"potentialAction":[{"@type":"SearchAction","target":{"@type":"EntryPoint","urlTemplate":"https:\/\/casanatense.cultura.gov.it\/es\/?s={search_term_string}"},"query-input":{"@type":"PropertyValueSpecification","valueRequired":true,"valueName":"search_term_string"}}],"inLanguage":"es"},{"@type":"Organization","@id":"https:\/\/casanatense.cultura.gov.it\/es\/#organization","name":"Biblioteca Casanatense","url":"https:\/\/casanatense.cultura.gov.it\/es\/","logo":{"@type":"ImageObject","inLanguage":"es","@id":"https:\/\/casanatense.cultura.gov.it\/es\/#\/schema\/logo\/image\/","url":"https:\/\/casanatense.cultura.gov.it\/wp-content\/uploads\/2024\/03\/logo-casanatense-mibact.png","contentUrl":"https:\/\/casanatense.cultura.gov.it\/wp-content\/uploads\/2024\/03\/logo-casanatense-mibact.png","width":250,"height":61,"caption":"Biblioteca Casanatense"},"image":{"@id":"https:\/\/casanatense.cultura.gov.it\/es\/#\/schema\/logo\/image\/"},"sameAs":["https:\/\/it-it.facebook.com\/people\/Biblioteca-Casanatense\/100064405343454\/","https:\/\/x.com\/casanatense","https:\/\/instagram.com\/bibliotecacasanatense?igshid=5hcnozoyuuy5"]}]}},"_links":{"self":[{"href":"https:\/\/casanatense.cultura.gov.it\/es\/wp-json\/wp\/v2\/pages\/258738","targetHints":{"allow":["GET"]}}],"collection":[{"href":"https:\/\/casanatense.cultura.gov.it\/es\/wp-json\/wp\/v2\/pages"}],"about":[{"href":"https:\/\/casanatense.cultura.gov.it\/es\/wp-json\/wp\/v2\/types\/page"}],"author":[{"embeddable":true,"href":"https:\/\/casanatense.cultura.gov.it\/es\/wp-json\/wp\/v2\/users\/1"}],"replies":[{"embeddable":true,"href":"https:\/\/casanatense.cultura.gov.it\/es\/wp-json\/wp\/v2\/comments?post=258738"}],"version-history":[{"count":4,"href":"https:\/\/casanatense.cultura.gov.it\/es\/wp-json\/wp\/v2\/pages\/258738\/revisions"}],"predecessor-version":[{"id":260318,"href":"https:\/\/casanatense.cultura.gov.it\/es\/wp-json\/wp\/v2\/pages\/258738\/revisions\/260318"}],"wp:attachment":[{"href":"https:\/\/casanatense.cultura.gov.it\/es\/wp-json\/wp\/v2\/media?parent=258738"}],"curies":[{"name":"wp","href":"https:\/\/api.w.org\/{rel}","templated":true}]}}