{"id":258748,"date":"2024-06-25T16:21:01","date_gmt":"2024-06-25T14:21:01","guid":{"rendered":"https:\/\/casanatense.cultura.gov.it\/modos-de-acceso\/"},"modified":"2024-12-11T11:32:36","modified_gmt":"2024-12-11T10:32:36","slug":"acceso","status":"publish","type":"page","link":"https:\/\/casanatense.cultura.gov.it\/es\/acceso\/","title":{"rendered":"Acceso"},"content":{"rendered":"<p>[et_pb_section fb_built=\u00bb1&#8243; _builder_version=\u00bb4.16&#8243; da_disable_devices=\u00bboff|off|off\u00bb global_colors_info=\u00bb{}\u00bb theme_builder_area=\u00bbpost_content\u00bb da_is_popup=\u00bboff\u00bb da_exit_intent=\u00bboff\u00bb da_has_close=\u00bbon\u00bb da_alt_close=\u00bboff\u00bb da_dark_close=\u00bboff\u00bb da_not_modal=\u00bbon\u00bb da_is_singular=\u00bboff\u00bb da_with_loader=\u00bboff\u00bb da_has_shadow=\u00bbon\u00bb][et_pb_row _builder_version=\u00bb4.16&#8243; background_size=\u00bbinitial\u00bb background_position=\u00bbtop_left\u00bb background_repeat=\u00bbrepeat\u00bb global_colors_info=\u00bb{}\u00bb theme_builder_area=\u00bbpost_content\u00bb][et_pb_column type=\u00bb4_4&#8243; _builder_version=\u00bb4.16&#8243; custom_padding=\u00bb|||\u00bb global_colors_info=\u00bb{}\u00bb custom_padding__hover=\u00bb|||\u00bb theme_builder_area=\u00bbpost_content\u00bb][et_pb_text _builder_version=\u00bb4.27.3&#8243; background_size=\u00bbinitial\u00bb background_position=\u00bbtop_left\u00bb background_repeat=\u00bbrepeat\u00bb hover_enabled=\u00bb0&#8243; global_colors_info=\u00bb{}\u00bb theme_builder_area=\u00bbpost_content\u00bb sticky_enabled=\u00bb0&#8243;]<\/p>\n<p>El acceso a las salas de estudio de la Biblioteca est\u00e1 abierto a cualquier persona mayor de 16 a\u00f1os y en posesi\u00f3n de un documento de identidad v\u00e1lido.<\/p>\n<p>La inscripci\u00f3n es necesaria para la expedici\u00f3n del carn\u00e9 que permite el acceso a las salas de estudio de la Biblioteca.<\/p>\n<p>Es posible inscribirse en las instalaciones o a trav\u00e9s de <strong><a href=\"https:\/\/www.minervaaccess.it\/\">https:\/\/www.minervaaccess.it\/<\/a><\/strong>.<\/p>\n<p>Se pueden realizar un m\u00e1ximo de 4 solicitudes en la biblioteca o a trav\u00e9s de <strong><a href=\"https:\/\/www.minervaaccess.it\/\">https:\/\/www.minervaaccess.it\/<\/a><\/strong> (para obras de varios vol\u00famenes o carn\u00e9s, basta con 1 solicitud). Previo aviso a b-casa.distribuzione@cultura.gov.it, y por razones justificadas, se podr\u00e1n autorizar m\u00e1s de 4 solicitudes.<\/p>\n<p>Los usuarios disponen de un guardarropa donde deben depositar agua, comida, bolsas y cualquier otro objeto cuya introducci\u00f3n en la Biblioteca no haya sido expresamente autorizada.<\/p>\n<p>En las salas de estudio se podr\u00e1n introducir ordenadores port\u00e1tiles, libros, y fotocopias propiedad de la Biblioteca.<\/p>\n<p>[\/et_pb_text][\/et_pb_column][\/et_pb_row][\/et_pb_section]<\/p>\n","protected":false},"excerpt":{"rendered":"<p>El acceso a las salas de estudio de la Biblioteca est\u00e1 abierto a cualquier persona mayor de 16 a\u00f1os y en posesi\u00f3n de un documento de identidad v\u00e1lido. La inscripci\u00f3n es necesaria para la expedici\u00f3n del carn\u00e9 que permite el acceso a las salas de estudio de la Biblioteca. Es posible inscribirse en las instalaciones o a trav\u00e9s de https:\/\/www.minervaaccess.it\/. Se pueden realizar un m\u00e1ximo de 4 solicitudes en la biblioteca o a trav\u00e9s de https:\/\/www.minervaaccess.it\/ (para obras de varios vol\u00famenes o carn\u00e9s, basta con 1 solicitud). Previo aviso a b-casa.distribuzione@cultura.gov.it, y por razones justificadas, se podr\u00e1n autorizar m\u00e1s de 4 solicitudes. Los usuarios disponen de un guardarropa donde deben depositar agua, comida, bolsas y cualquier otro objeto cuya introducci\u00f3n en la Biblioteca no haya sido expresamente autorizada. En las salas de estudio se podr\u00e1n introducir ordenadores port\u00e1tiles, libros, y fotocopias propiedad de la Biblioteca.<\/p>\n","protected":false},"author":160,"featured_media":258749,"parent":0,"menu_order":0,"comment_status":"closed","ping_status":"closed","template":"","meta":{"_et_pb_use_builder":"on","_et_pb_old_content":"","_et_gb_content_width":"","_price":"","_stock":"","_tribe_ticket_header":"","_tribe_default_ticket_provider":"","_tribe_ticket_capacity":"0","_ticket_start_date":"","_ticket_end_date":"","_tribe_ticket_show_description":"","_tribe_ticket_show_not_going":false,"_tribe_ticket_use_global_stock":"","_tribe_ticket_global_stock_level":"","_global_stock_mode":"","_global_stock_cap":"","_tribe_rsvp_for_event":"","_tribe_ticket_going_count":"","_tribe_ticket_not_going_count":"","_tribe_tickets_list":"[]","_tribe_ticket_has_attendee_info_fields":false,"footnotes":""},"class_list":["post-258748","page","type-page","status-publish","has-post-thumbnail","hentry"],"yoast_head":"<!-- This site is optimized with the Yoast SEO plugin v27.4 - https:\/\/yoast.com\/product\/yoast-seo-wordpress\/ -->\n<title>Acceso - Casanatense<\/title>\n<meta name=\"robots\" content=\"index, follow, max-snippet:-1, max-image-preview:large, max-video-preview:-1\" \/>\n<link rel=\"canonical\" href=\"https:\/\/casanatense.cultura.gov.it\/es\/acceso\/\" \/>\n<meta property=\"og:locale\" content=\"es_ES\" \/>\n<meta property=\"og:type\" content=\"article\" \/>\n<meta property=\"og:title\" content=\"Acceso - Casanatense\" \/>\n<meta property=\"og:description\" content=\"El acceso a las salas de estudio de la Biblioteca est\u00e1 abierto a cualquier persona mayor de 16 a\u00f1os y en posesi\u00f3n de un documento de identidad v\u00e1lido. La inscripci\u00f3n es necesaria para la expedici\u00f3n del carn\u00e9 que permite el acceso a las salas de estudio de la Biblioteca. Es posible inscribirse en las instalaciones o a trav\u00e9s de https:\/\/www.minervaaccess.it\/. Se pueden realizar un m\u00e1ximo de 4 solicitudes en la biblioteca o a trav\u00e9s de https:\/\/www.minervaaccess.it\/ (para obras de varios vol\u00famenes o carn\u00e9s, basta con 1 solicitud). Previo aviso a b-casa.distribuzione@cultura.gov.it, y por razones justificadas, se podr\u00e1n autorizar m\u00e1s de 4 solicitudes. Los usuarios disponen de un guardarropa donde deben depositar agua, comida, bolsas y cualquier otro objeto cuya introducci\u00f3n en la Biblioteca no haya sido expresamente autorizada. En las salas de estudio se podr\u00e1n introducir ordenadores port\u00e1tiles, libros, y fotocopias propiedad de la Biblioteca.\" \/>\n<meta property=\"og:url\" content=\"https:\/\/casanatense.cultura.gov.it\/es\/acceso\/\" \/>\n<meta property=\"og:site_name\" content=\"Casanatense\" \/>\n<meta property=\"article:publisher\" content=\"https:\/\/it-it.facebook.com\/people\/Biblioteca-Casanatense\/100064405343454\/\" \/>\n<meta property=\"article:modified_time\" content=\"2024-12-11T10:32:36+00:00\" \/>\n<meta property=\"og:image\" content=\"https:\/\/casanatense.cultura.gov.it\/wp-content\/uploads\/2020\/04\/Evento.jpg\" \/>\n\t<meta property=\"og:image:width\" content=\"800\" \/>\n\t<meta property=\"og:image:height\" content=\"664\" \/>\n\t<meta property=\"og:image:type\" content=\"image\/jpeg\" \/>\n<meta name=\"twitter:card\" content=\"summary_large_image\" \/>\n<meta name=\"twitter:site\" content=\"@casanatense\" \/>\n<meta name=\"twitter:label1\" content=\"Tiempo de lectura\" \/>\n\t<meta name=\"twitter:data1\" content=\"2 minutos\" \/>\n<script type=\"application\/ld+json\" class=\"yoast-schema-graph\">{\"@context\":\"https:\\\/\\\/schema.org\",\"@graph\":[{\"@type\":\"WebPage\",\"@id\":\"https:\\\/\\\/casanatense.cultura.gov.it\\\/es\\\/acceso\\\/\",\"url\":\"https:\\\/\\\/casanatense.cultura.gov.it\\\/es\\\/acceso\\\/\",\"name\":\"Acceso - Casanatense\",\"isPartOf\":{\"@id\":\"https:\\\/\\\/casanatense.cultura.gov.it\\\/es\\\/#website\"},\"primaryImageOfPage\":{\"@id\":\"https:\\\/\\\/casanatense.cultura.gov.it\\\/es\\\/acceso\\\/#primaryimage\"},\"image\":{\"@id\":\"https:\\\/\\\/casanatense.cultura.gov.it\\\/es\\\/acceso\\\/#primaryimage\"},\"thumbnailUrl\":\"https:\\\/\\\/casanatense.cultura.gov.it\\\/wp-content\\\/uploads\\\/2020\\\/04\\\/Evento.jpg\",\"datePublished\":\"2024-06-25T14:21:01+00:00\",\"dateModified\":\"2024-12-11T10:32:36+00:00\",\"breadcrumb\":{\"@id\":\"https:\\\/\\\/casanatense.cultura.gov.it\\\/es\\\/acceso\\\/#breadcrumb\"},\"inLanguage\":\"es\",\"potentialAction\":[{\"@type\":\"ReadAction\",\"target\":[\"https:\\\/\\\/casanatense.cultura.gov.it\\\/es\\\/acceso\\\/\"]}]},{\"@type\":\"ImageObject\",\"inLanguage\":\"es\",\"@id\":\"https:\\\/\\\/casanatense.cultura.gov.it\\\/es\\\/acceso\\\/#primaryimage\",\"url\":\"https:\\\/\\\/casanatense.cultura.gov.it\\\/wp-content\\\/uploads\\\/2020\\\/04\\\/Evento.jpg\",\"contentUrl\":\"https:\\\/\\\/casanatense.cultura.gov.it\\\/wp-content\\\/uploads\\\/2020\\\/04\\\/Evento.jpg\",\"width\":800,\"height\":664},{\"@type\":\"BreadcrumbList\",\"@id\":\"https:\\\/\\\/casanatense.cultura.gov.it\\\/es\\\/acceso\\\/#breadcrumb\",\"itemListElement\":[{\"@type\":\"ListItem\",\"position\":1,\"name\":\"Home\",\"item\":\"https:\\\/\\\/casanatense.cultura.gov.it\\\/es\\\/\"},{\"@type\":\"ListItem\",\"position\":2,\"name\":\"Acceso\"}]},{\"@type\":\"WebSite\",\"@id\":\"https:\\\/\\\/casanatense.cultura.gov.it\\\/es\\\/#website\",\"url\":\"https:\\\/\\\/casanatense.cultura.gov.it\\\/es\\\/\",\"name\":\"Casanatense\",\"description\":\"Il sito della Biblioteca Casanatense\",\"publisher\":{\"@id\":\"https:\\\/\\\/casanatense.cultura.gov.it\\\/es\\\/#organization\"},\"potentialAction\":[{\"@type\":\"SearchAction\",\"target\":{\"@type\":\"EntryPoint\",\"urlTemplate\":\"https:\\\/\\\/casanatense.cultura.gov.it\\\/es\\\/?s={search_term_string}\"},\"query-input\":{\"@type\":\"PropertyValueSpecification\",\"valueRequired\":true,\"valueName\":\"search_term_string\"}}],\"inLanguage\":\"es\"},{\"@type\":\"Organization\",\"@id\":\"https:\\\/\\\/casanatense.cultura.gov.it\\\/es\\\/#organization\",\"name\":\"Biblioteca Casanatense\",\"url\":\"https:\\\/\\\/casanatense.cultura.gov.it\\\/es\\\/\",\"logo\":{\"@type\":\"ImageObject\",\"inLanguage\":\"es\",\"@id\":\"https:\\\/\\\/casanatense.cultura.gov.it\\\/es\\\/#\\\/schema\\\/logo\\\/image\\\/\",\"url\":\"https:\\\/\\\/casanatense.cultura.gov.it\\\/wp-content\\\/uploads\\\/2024\\\/03\\\/logo-casanatense-mibact.png\",\"contentUrl\":\"https:\\\/\\\/casanatense.cultura.gov.it\\\/wp-content\\\/uploads\\\/2024\\\/03\\\/logo-casanatense-mibact.png\",\"width\":250,\"height\":61,\"caption\":\"Biblioteca Casanatense\"},\"image\":{\"@id\":\"https:\\\/\\\/casanatense.cultura.gov.it\\\/es\\\/#\\\/schema\\\/logo\\\/image\\\/\"},\"sameAs\":[\"https:\\\/\\\/it-it.facebook.com\\\/people\\\/Biblioteca-Casanatense\\\/100064405343454\\\/\",\"https:\\\/\\\/x.com\\\/casanatense\",\"https:\\\/\\\/instagram.com\\\/bibliotecacasanatense?igshid=5hcnozoyuuy5\"]}]}<\/script>\n<!-- \/ Yoast SEO plugin. -->","yoast_head_json":{"title":"Acceso - Casanatense","robots":{"index":"index","follow":"follow","max-snippet":"max-snippet:-1","max-image-preview":"max-image-preview:large","max-video-preview":"max-video-preview:-1"},"canonical":"https:\/\/casanatense.cultura.gov.it\/es\/acceso\/","og_locale":"es_ES","og_type":"article","og_title":"Acceso - Casanatense","og_description":"El acceso a las salas de estudio de la Biblioteca est\u00e1 abierto a cualquier persona mayor de 16 a\u00f1os y en posesi\u00f3n de un documento de identidad v\u00e1lido. La inscripci\u00f3n es necesaria para la expedici\u00f3n del carn\u00e9 que permite el acceso a las salas de estudio de la Biblioteca. Es posible inscribirse en las instalaciones o a trav\u00e9s de https:\/\/www.minervaaccess.it\/. Se pueden realizar un m\u00e1ximo de 4 solicitudes en la biblioteca o a trav\u00e9s de https:\/\/www.minervaaccess.it\/ (para obras de varios vol\u00famenes o carn\u00e9s, basta con 1 solicitud). Previo aviso a b-casa.distribuzione@cultura.gov.it, y por razones justificadas, se podr\u00e1n autorizar m\u00e1s de 4 solicitudes. Los usuarios disponen de un guardarropa donde deben depositar agua, comida, bolsas y cualquier otro objeto cuya introducci\u00f3n en la Biblioteca no haya sido expresamente autorizada. En las salas de estudio se podr\u00e1n introducir ordenadores port\u00e1tiles, libros, y fotocopias propiedad de la Biblioteca.","og_url":"https:\/\/casanatense.cultura.gov.it\/es\/acceso\/","og_site_name":"Casanatense","article_publisher":"https:\/\/it-it.facebook.com\/people\/Biblioteca-Casanatense\/100064405343454\/","article_modified_time":"2024-12-11T10:32:36+00:00","og_image":[{"width":800,"height":664,"url":"https:\/\/casanatense.cultura.gov.it\/wp-content\/uploads\/2020\/04\/Evento.jpg","type":"image\/jpeg"}],"twitter_card":"summary_large_image","twitter_site":"@casanatense","twitter_misc":{"Tiempo de lectura":"2 minutos"},"schema":{"@context":"https:\/\/schema.org","@graph":[{"@type":"WebPage","@id":"https:\/\/casanatense.cultura.gov.it\/es\/acceso\/","url":"https:\/\/casanatense.cultura.gov.it\/es\/acceso\/","name":"Acceso - Casanatense","isPartOf":{"@id":"https:\/\/casanatense.cultura.gov.it\/es\/#website"},"primaryImageOfPage":{"@id":"https:\/\/casanatense.cultura.gov.it\/es\/acceso\/#primaryimage"},"image":{"@id":"https:\/\/casanatense.cultura.gov.it\/es\/acceso\/#primaryimage"},"thumbnailUrl":"https:\/\/casanatense.cultura.gov.it\/wp-content\/uploads\/2020\/04\/Evento.jpg","datePublished":"2024-06-25T14:21:01+00:00","dateModified":"2024-12-11T10:32:36+00:00","breadcrumb":{"@id":"https:\/\/casanatense.cultura.gov.it\/es\/acceso\/#breadcrumb"},"inLanguage":"es","potentialAction":[{"@type":"ReadAction","target":["https:\/\/casanatense.cultura.gov.it\/es\/acceso\/"]}]},{"@type":"ImageObject","inLanguage":"es","@id":"https:\/\/casanatense.cultura.gov.it\/es\/acceso\/#primaryimage","url":"https:\/\/casanatense.cultura.gov.it\/wp-content\/uploads\/2020\/04\/Evento.jpg","contentUrl":"https:\/\/casanatense.cultura.gov.it\/wp-content\/uploads\/2020\/04\/Evento.jpg","width":800,"height":664},{"@type":"BreadcrumbList","@id":"https:\/\/casanatense.cultura.gov.it\/es\/acceso\/#breadcrumb","itemListElement":[{"@type":"ListItem","position":1,"name":"Home","item":"https:\/\/casanatense.cultura.gov.it\/es\/"},{"@type":"ListItem","position":2,"name":"Acceso"}]},{"@type":"WebSite","@id":"https:\/\/casanatense.cultura.gov.it\/es\/#website","url":"https:\/\/casanatense.cultura.gov.it\/es\/","name":"Casanatense","description":"Il sito della Biblioteca Casanatense","publisher":{"@id":"https:\/\/casanatense.cultura.gov.it\/es\/#organization"},"potentialAction":[{"@type":"SearchAction","target":{"@type":"EntryPoint","urlTemplate":"https:\/\/casanatense.cultura.gov.it\/es\/?s={search_term_string}"},"query-input":{"@type":"PropertyValueSpecification","valueRequired":true,"valueName":"search_term_string"}}],"inLanguage":"es"},{"@type":"Organization","@id":"https:\/\/casanatense.cultura.gov.it\/es\/#organization","name":"Biblioteca Casanatense","url":"https:\/\/casanatense.cultura.gov.it\/es\/","logo":{"@type":"ImageObject","inLanguage":"es","@id":"https:\/\/casanatense.cultura.gov.it\/es\/#\/schema\/logo\/image\/","url":"https:\/\/casanatense.cultura.gov.it\/wp-content\/uploads\/2024\/03\/logo-casanatense-mibact.png","contentUrl":"https:\/\/casanatense.cultura.gov.it\/wp-content\/uploads\/2024\/03\/logo-casanatense-mibact.png","width":250,"height":61,"caption":"Biblioteca Casanatense"},"image":{"@id":"https:\/\/casanatense.cultura.gov.it\/es\/#\/schema\/logo\/image\/"},"sameAs":["https:\/\/it-it.facebook.com\/people\/Biblioteca-Casanatense\/100064405343454\/","https:\/\/x.com\/casanatense","https:\/\/instagram.com\/bibliotecacasanatense?igshid=5hcnozoyuuy5"]}]}},"_links":{"self":[{"href":"https:\/\/casanatense.cultura.gov.it\/es\/wp-json\/wp\/v2\/pages\/258748","targetHints":{"allow":["GET"]}}],"collection":[{"href":"https:\/\/casanatense.cultura.gov.it\/es\/wp-json\/wp\/v2\/pages"}],"about":[{"href":"https:\/\/casanatense.cultura.gov.it\/es\/wp-json\/wp\/v2\/types\/page"}],"author":[{"embeddable":true,"href":"https:\/\/casanatense.cultura.gov.it\/es\/wp-json\/wp\/v2\/users\/160"}],"replies":[{"embeddable":true,"href":"https:\/\/casanatense.cultura.gov.it\/es\/wp-json\/wp\/v2\/comments?post=258748"}],"version-history":[{"count":6,"href":"https:\/\/casanatense.cultura.gov.it\/es\/wp-json\/wp\/v2\/pages\/258748\/revisions"}],"predecessor-version":[{"id":261544,"href":"https:\/\/casanatense.cultura.gov.it\/es\/wp-json\/wp\/v2\/pages\/258748\/revisions\/261544"}],"wp:featuredmedia":[{"embeddable":true,"href":"https:\/\/casanatense.cultura.gov.it\/es\/wp-json\/wp\/v2\/media\/258749"}],"wp:attachment":[{"href":"https:\/\/casanatense.cultura.gov.it\/es\/wp-json\/wp\/v2\/media?parent=258748"}],"curies":[{"name":"wp","href":"https:\/\/api.w.org\/{rel}","templated":true}]}}