{"id":258752,"date":"2024-05-06T08:05:56","date_gmt":"2024-05-06T06:05:56","guid":{"rendered":"https:\/\/casanatense.cultura.gov.it\/horario\/"},"modified":"2026-03-10T11:12:46","modified_gmt":"2026-03-10T10:12:46","slug":"horario","status":"publish","type":"page","link":"https:\/\/casanatense.cultura.gov.it\/es\/horario\/","title":{"rendered":"Horario"},"content":{"rendered":"<p>[et_pb_section fb_built=\u00bb1&#8243; fullwidth=\u00bbon\u00bb _builder_version=\u00bb4.21.2&#8243; _module_preset=\u00bbdefault\u00bb da_disable_devices=\u00bboff|off|off\u00bb global_colors_info=\u00bb{}\u00bb theme_builder_area=\u00bbpost_content\u00bb da_is_popup=\u00bboff\u00bb da_exit_intent=\u00bboff\u00bb da_has_close=\u00bbon\u00bb da_alt_close=\u00bboff\u00bb da_dark_close=\u00bboff\u00bb da_not_modal=\u00bbon\u00bb da_is_singular=\u00bboff\u00bb da_with_loader=\u00bboff\u00bb da_has_shadow=\u00bbon\u00bb][\/et_pb_section][et_pb_section fb_built=\u00bb1&#8243; _builder_version=\u00bb4.16&#8243; custom_padding=\u00bb15px|||||\u00bb da_disable_devices=\u00bboff|off|off\u00bb global_colors_info=\u00bb{}\u00bb theme_builder_area=\u00bbpost_content\u00bb da_is_popup=\u00bboff\u00bb da_exit_intent=\u00bboff\u00bb da_has_close=\u00bbon\u00bb da_alt_close=\u00bboff\u00bb da_dark_close=\u00bboff\u00bb da_not_modal=\u00bbon\u00bb da_is_singular=\u00bboff\u00bb da_with_loader=\u00bboff\u00bb da_has_shadow=\u00bbon\u00bb][et_pb_row _builder_version=\u00bb4.16&#8243; background_size=\u00bbinitial\u00bb background_position=\u00bbtop_left\u00bb background_repeat=\u00bbrepeat\u00bb global_colors_info=\u00bb{}\u00bb theme_builder_area=\u00bbpost_content\u00bb][et_pb_column type=\u00bb4_4&#8243; _builder_version=\u00bb4.16&#8243; custom_padding=\u00bb|||\u00bb global_colors_info=\u00bb{}\u00bb custom_padding__hover=\u00bb|||\u00bb theme_builder_area=\u00bbpost_content\u00bb][et_pb_icon font_icon=\u00bb&#xf073;||fa||900&#8243; icon_color=\u00bb#CC7720&#8243; icon_width=\u00bb65px\u00bb _builder_version=\u00bb4.25.0&#8243; _module_preset=\u00bbdefault\u00bb global_colors_info=\u00bb{}\u00bb theme_builder_area=\u00bbpost_content\u00bb][\/et_pb_icon][et_pb_text _builder_version=\u00bb4.27.6&#8243; background_size=\u00bbinitial\u00bb background_position=\u00bbtop_left\u00bb background_repeat=\u00bbrepeat\u00bb hover_enabled=\u00bb0&#8243; global_colors_info=\u00bb{}\u00bb theme_builder_area=\u00bbpost_content\u00bb sticky_enabled=\u00bb0&#8243;]<\/p>\n<h4 style=\"text-align: center;\"><strong>Horario ordinario (del 16 de septiembre al 30 de junio)<\/strong><\/h4>\n<p style=\"text-align: center;\"><strong><\/strong><\/p>\n<p style=\"text-align: center;\"><strong>Salas de lectura<\/strong>:<br \/>lunes, mi\u00e9rcoles y viernes de 8.30 a 16.00 h.;<br \/>la distribuci\u00f3n y el pr\u00e9stamo finalizan a las 14.30 h.<br \/>y<br \/>Martes y jueves de 8.30 a 18.00 h.;<br \/>la distribuci\u00f3n y el pr\u00e9stamo finalizan a las 15.30 h.<\/p>\n<p style=\"text-align: center;\"><strong>Sala Monumental y Colecciones Museogr\u00e1ficas<\/strong>:<br \/>abiertas gratuitamente (sin visita guiada) de lunes a viernes de 10.00 a 16.00 h.;<br \/>\u00daltima entrada a las 15:45.<\/p>\n<p style=\"text-align: center;\">Para conocer los cierres y cambios de horario del periodo vacacional de diciembre y enero, consulte los <a href=\"https:\/\/casanatense.cultura.gov.it\/indice-avvisi-al-pubblico\/\"><strong>avisos<\/strong><\/a>.<\/p>\n<h4 style=\"text-align: center;\"><strong>Horario de verano (del 1 de julio al 15 de septiembre)<\/strong><\/h4>\n<p style=\"text-align: center;\"><strong><\/strong><\/p>\n<p style=\"text-align: center;\"><strong>Salas de lectura<\/strong>:<br \/>de lunes a viernes de 8.30 a 16.00 h.;<br \/>la distribuci\u00f3n y el pr\u00e9stamo finalizan a las 14.30 h.<\/p>\n<p style=\"text-align: center;\"><strong>Monumental y Colecciones Museogr\u00e1ficas<\/strong>:<br \/>abiertas gratuitamente (sin visita guiada) de lunes a viernes de 10.00 a 16.00 h.;<br \/>\u00daltima entrada a las 15:45.<\/p>\n<p style=\"text-align: center;\">Para los cierres de agosto, consulta los <a href=\"https:\/\/casanatense.cultura.gov.it\/indice-avvisi-al-pubblico\/\"><strong>avisos<\/strong><\/a>.<\/p>\n<p>[\/et_pb_text][\/et_pb_column][\/et_pb_row][\/et_pb_section]<\/p>\n","protected":false},"excerpt":{"rendered":"<p>Horario ordinario (del 16 de septiembre al 30 de junio) Salas de lectura:lunes, mi\u00e9rcoles y viernes de 8.30 a 16.00 h.;la distribuci\u00f3n y el pr\u00e9stamo finalizan a las 14.30 h.yMartes y jueves de 8.30 a 18.00 h.;la distribuci\u00f3n y el pr\u00e9stamo finalizan a las 15.30 h. Sala Monumental y Colecciones Museogr\u00e1ficas:abiertas gratuitamente (sin visita guiada) de lunes a viernes de 10.00 a 16.00 h.;\u00daltima entrada a las 15:45. Para conocer los cierres y cambios de horario del periodo vacacional de diciembre y enero, consulte los avisos. Horario de verano (del 1 de julio al 15 de septiembre) Salas de lectura:de lunes a viernes de 8.30 a 16.00 h.;la distribuci\u00f3n y el pr\u00e9stamo finalizan a las 14.30 h. Monumental y Colecciones Museogr\u00e1ficas:abiertas gratuitamente (sin visita guiada) de lunes a viernes de 10.00 a 16.00 h.;\u00daltima entrada a las 15:45. Para los cierres de agosto, consulta los avisos.<\/p>\n","protected":false},"author":1,"featured_media":0,"parent":0,"menu_order":171,"comment_status":"open","ping_status":"closed","template":"","meta":{"_et_pb_use_builder":"on","_et_pb_old_content":"","_et_gb_content_width":"","_price":"","_stock":"","_tribe_ticket_header":"","_tribe_default_ticket_provider":"","_tribe_ticket_capacity":"0","_ticket_start_date":"","_ticket_end_date":"","_tribe_ticket_show_description":"","_tribe_ticket_show_not_going":false,"_tribe_ticket_use_global_stock":"","_tribe_ticket_global_stock_level":"","_global_stock_mode":"","_global_stock_cap":"","_tribe_rsvp_for_event":"","_tribe_ticket_going_count":"","_tribe_ticket_not_going_count":"","_tribe_tickets_list":"[]","_tribe_ticket_has_attendee_info_fields":false,"footnotes":""},"class_list":["post-258752","page","type-page","status-publish","hentry"],"yoast_head":"<!-- This site is optimized with the Yoast SEO plugin v27.4 - https:\/\/yoast.com\/product\/yoast-seo-wordpress\/ -->\n<title>Horario - Casanatense<\/title>\n<meta name=\"robots\" content=\"index, follow, max-snippet:-1, max-image-preview:large, max-video-preview:-1\" \/>\n<link rel=\"canonical\" href=\"https:\/\/casanatense.cultura.gov.it\/es\/horario\/\" \/>\n<meta property=\"og:locale\" content=\"es_ES\" \/>\n<meta property=\"og:type\" content=\"article\" \/>\n<meta property=\"og:title\" content=\"Horario - Casanatense\" \/>\n<meta property=\"og:description\" content=\"Horario ordinario (del 16 de septiembre al 30 de junio) Salas de lectura:lunes, mi\u00e9rcoles y viernes de 8.30 a 16.00 h.;la distribuci\u00f3n y el pr\u00e9stamo finalizan a las 14.30 h.yMartes y jueves de 8.30 a 18.00 h.;la distribuci\u00f3n y el pr\u00e9stamo finalizan a las 15.30 h. Sala Monumental y Colecciones Museogr\u00e1ficas:abiertas gratuitamente (sin visita guiada) de lunes a viernes de 10.00 a 16.00 h.;\u00daltima entrada a las 15:45. Para conocer los cierres y cambios de horario del periodo vacacional de diciembre y enero, consulte los avisos. Horario de verano (del 1 de julio al 15 de septiembre) Salas de lectura:de lunes a viernes de 8.30 a 16.00 h.;la distribuci\u00f3n y el pr\u00e9stamo finalizan a las 14.30 h. Monumental y Colecciones Museogr\u00e1ficas:abiertas gratuitamente (sin visita guiada) de lunes a viernes de 10.00 a 16.00 h.;\u00daltima entrada a las 15:45. Para los cierres de agosto, consulta los avisos.\" \/>\n<meta property=\"og:url\" content=\"https:\/\/casanatense.cultura.gov.it\/es\/horario\/\" \/>\n<meta property=\"og:site_name\" content=\"Casanatense\" \/>\n<meta property=\"article:publisher\" content=\"https:\/\/it-it.facebook.com\/people\/Biblioteca-Casanatense\/100064405343454\/\" \/>\n<meta property=\"article:modified_time\" content=\"2026-03-10T10:12:46+00:00\" \/>\n<meta name=\"twitter:card\" content=\"summary_large_image\" \/>\n<meta name=\"twitter:site\" content=\"@casanatense\" \/>\n<meta name=\"twitter:label1\" content=\"Tiempo de lectura\" \/>\n\t<meta name=\"twitter:data1\" content=\"2 minutos\" \/>\n<script type=\"application\/ld+json\" class=\"yoast-schema-graph\">{\"@context\":\"https:\\\/\\\/schema.org\",\"@graph\":[{\"@type\":\"WebPage\",\"@id\":\"https:\\\/\\\/casanatense.cultura.gov.it\\\/es\\\/horario\\\/\",\"url\":\"https:\\\/\\\/casanatense.cultura.gov.it\\\/es\\\/horario\\\/\",\"name\":\"Horario - Casanatense\",\"isPartOf\":{\"@id\":\"https:\\\/\\\/casanatense.cultura.gov.it\\\/es\\\/#website\"},\"datePublished\":\"2024-05-06T06:05:56+00:00\",\"dateModified\":\"2026-03-10T10:12:46+00:00\",\"breadcrumb\":{\"@id\":\"https:\\\/\\\/casanatense.cultura.gov.it\\\/es\\\/horario\\\/#breadcrumb\"},\"inLanguage\":\"es\",\"potentialAction\":[{\"@type\":\"ReadAction\",\"target\":[\"https:\\\/\\\/casanatense.cultura.gov.it\\\/es\\\/horario\\\/\"]}]},{\"@type\":\"BreadcrumbList\",\"@id\":\"https:\\\/\\\/casanatense.cultura.gov.it\\\/es\\\/horario\\\/#breadcrumb\",\"itemListElement\":[{\"@type\":\"ListItem\",\"position\":1,\"name\":\"Home\",\"item\":\"https:\\\/\\\/casanatense.cultura.gov.it\\\/es\\\/\"},{\"@type\":\"ListItem\",\"position\":2,\"name\":\"Horario\"}]},{\"@type\":\"WebSite\",\"@id\":\"https:\\\/\\\/casanatense.cultura.gov.it\\\/es\\\/#website\",\"url\":\"https:\\\/\\\/casanatense.cultura.gov.it\\\/es\\\/\",\"name\":\"Casanatense\",\"description\":\"Il sito della Biblioteca Casanatense\",\"publisher\":{\"@id\":\"https:\\\/\\\/casanatense.cultura.gov.it\\\/es\\\/#organization\"},\"potentialAction\":[{\"@type\":\"SearchAction\",\"target\":{\"@type\":\"EntryPoint\",\"urlTemplate\":\"https:\\\/\\\/casanatense.cultura.gov.it\\\/es\\\/?s={search_term_string}\"},\"query-input\":{\"@type\":\"PropertyValueSpecification\",\"valueRequired\":true,\"valueName\":\"search_term_string\"}}],\"inLanguage\":\"es\"},{\"@type\":\"Organization\",\"@id\":\"https:\\\/\\\/casanatense.cultura.gov.it\\\/es\\\/#organization\",\"name\":\"Biblioteca Casanatense\",\"url\":\"https:\\\/\\\/casanatense.cultura.gov.it\\\/es\\\/\",\"logo\":{\"@type\":\"ImageObject\",\"inLanguage\":\"es\",\"@id\":\"https:\\\/\\\/casanatense.cultura.gov.it\\\/es\\\/#\\\/schema\\\/logo\\\/image\\\/\",\"url\":\"https:\\\/\\\/casanatense.cultura.gov.it\\\/wp-content\\\/uploads\\\/2024\\\/03\\\/logo-casanatense-mibact.png\",\"contentUrl\":\"https:\\\/\\\/casanatense.cultura.gov.it\\\/wp-content\\\/uploads\\\/2024\\\/03\\\/logo-casanatense-mibact.png\",\"width\":250,\"height\":61,\"caption\":\"Biblioteca Casanatense\"},\"image\":{\"@id\":\"https:\\\/\\\/casanatense.cultura.gov.it\\\/es\\\/#\\\/schema\\\/logo\\\/image\\\/\"},\"sameAs\":[\"https:\\\/\\\/it-it.facebook.com\\\/people\\\/Biblioteca-Casanatense\\\/100064405343454\\\/\",\"https:\\\/\\\/x.com\\\/casanatense\",\"https:\\\/\\\/instagram.com\\\/bibliotecacasanatense?igshid=5hcnozoyuuy5\"]}]}<\/script>\n<!-- \/ Yoast SEO plugin. -->","yoast_head_json":{"title":"Horario - Casanatense","robots":{"index":"index","follow":"follow","max-snippet":"max-snippet:-1","max-image-preview":"max-image-preview:large","max-video-preview":"max-video-preview:-1"},"canonical":"https:\/\/casanatense.cultura.gov.it\/es\/horario\/","og_locale":"es_ES","og_type":"article","og_title":"Horario - Casanatense","og_description":"Horario ordinario (del 16 de septiembre al 30 de junio) Salas de lectura:lunes, mi\u00e9rcoles y viernes de 8.30 a 16.00 h.;la distribuci\u00f3n y el pr\u00e9stamo finalizan a las 14.30 h.yMartes y jueves de 8.30 a 18.00 h.;la distribuci\u00f3n y el pr\u00e9stamo finalizan a las 15.30 h. Sala Monumental y Colecciones Museogr\u00e1ficas:abiertas gratuitamente (sin visita guiada) de lunes a viernes de 10.00 a 16.00 h.;\u00daltima entrada a las 15:45. Para conocer los cierres y cambios de horario del periodo vacacional de diciembre y enero, consulte los avisos. Horario de verano (del 1 de julio al 15 de septiembre) Salas de lectura:de lunes a viernes de 8.30 a 16.00 h.;la distribuci\u00f3n y el pr\u00e9stamo finalizan a las 14.30 h. Monumental y Colecciones Museogr\u00e1ficas:abiertas gratuitamente (sin visita guiada) de lunes a viernes de 10.00 a 16.00 h.;\u00daltima entrada a las 15:45. Para los cierres de agosto, consulta los avisos.","og_url":"https:\/\/casanatense.cultura.gov.it\/es\/horario\/","og_site_name":"Casanatense","article_publisher":"https:\/\/it-it.facebook.com\/people\/Biblioteca-Casanatense\/100064405343454\/","article_modified_time":"2026-03-10T10:12:46+00:00","twitter_card":"summary_large_image","twitter_site":"@casanatense","twitter_misc":{"Tiempo de lectura":"2 minutos"},"schema":{"@context":"https:\/\/schema.org","@graph":[{"@type":"WebPage","@id":"https:\/\/casanatense.cultura.gov.it\/es\/horario\/","url":"https:\/\/casanatense.cultura.gov.it\/es\/horario\/","name":"Horario - Casanatense","isPartOf":{"@id":"https:\/\/casanatense.cultura.gov.it\/es\/#website"},"datePublished":"2024-05-06T06:05:56+00:00","dateModified":"2026-03-10T10:12:46+00:00","breadcrumb":{"@id":"https:\/\/casanatense.cultura.gov.it\/es\/horario\/#breadcrumb"},"inLanguage":"es","potentialAction":[{"@type":"ReadAction","target":["https:\/\/casanatense.cultura.gov.it\/es\/horario\/"]}]},{"@type":"BreadcrumbList","@id":"https:\/\/casanatense.cultura.gov.it\/es\/horario\/#breadcrumb","itemListElement":[{"@type":"ListItem","position":1,"name":"Home","item":"https:\/\/casanatense.cultura.gov.it\/es\/"},{"@type":"ListItem","position":2,"name":"Horario"}]},{"@type":"WebSite","@id":"https:\/\/casanatense.cultura.gov.it\/es\/#website","url":"https:\/\/casanatense.cultura.gov.it\/es\/","name":"Casanatense","description":"Il sito della Biblioteca Casanatense","publisher":{"@id":"https:\/\/casanatense.cultura.gov.it\/es\/#organization"},"potentialAction":[{"@type":"SearchAction","target":{"@type":"EntryPoint","urlTemplate":"https:\/\/casanatense.cultura.gov.it\/es\/?s={search_term_string}"},"query-input":{"@type":"PropertyValueSpecification","valueRequired":true,"valueName":"search_term_string"}}],"inLanguage":"es"},{"@type":"Organization","@id":"https:\/\/casanatense.cultura.gov.it\/es\/#organization","name":"Biblioteca Casanatense","url":"https:\/\/casanatense.cultura.gov.it\/es\/","logo":{"@type":"ImageObject","inLanguage":"es","@id":"https:\/\/casanatense.cultura.gov.it\/es\/#\/schema\/logo\/image\/","url":"https:\/\/casanatense.cultura.gov.it\/wp-content\/uploads\/2024\/03\/logo-casanatense-mibact.png","contentUrl":"https:\/\/casanatense.cultura.gov.it\/wp-content\/uploads\/2024\/03\/logo-casanatense-mibact.png","width":250,"height":61,"caption":"Biblioteca Casanatense"},"image":{"@id":"https:\/\/casanatense.cultura.gov.it\/es\/#\/schema\/logo\/image\/"},"sameAs":["https:\/\/it-it.facebook.com\/people\/Biblioteca-Casanatense\/100064405343454\/","https:\/\/x.com\/casanatense","https:\/\/instagram.com\/bibliotecacasanatense?igshid=5hcnozoyuuy5"]}]}},"_links":{"self":[{"href":"https:\/\/casanatense.cultura.gov.it\/es\/wp-json\/wp\/v2\/pages\/258752","targetHints":{"allow":["GET"]}}],"collection":[{"href":"https:\/\/casanatense.cultura.gov.it\/es\/wp-json\/wp\/v2\/pages"}],"about":[{"href":"https:\/\/casanatense.cultura.gov.it\/es\/wp-json\/wp\/v2\/types\/page"}],"author":[{"embeddable":true,"href":"https:\/\/casanatense.cultura.gov.it\/es\/wp-json\/wp\/v2\/users\/1"}],"replies":[{"embeddable":true,"href":"https:\/\/casanatense.cultura.gov.it\/es\/wp-json\/wp\/v2\/comments?post=258752"}],"version-history":[{"count":20,"href":"https:\/\/casanatense.cultura.gov.it\/es\/wp-json\/wp\/v2\/pages\/258752\/revisions"}],"predecessor-version":[{"id":264111,"href":"https:\/\/casanatense.cultura.gov.it\/es\/wp-json\/wp\/v2\/pages\/258752\/revisions\/264111"}],"wp:attachment":[{"href":"https:\/\/casanatense.cultura.gov.it\/es\/wp-json\/wp\/v2\/media?parent=258752"}],"curies":[{"name":"wp","href":"https:\/\/api.w.org\/{rel}","templated":true}]}}