{"id":258755,"date":"2023-08-09T11:56:15","date_gmt":"2023-08-09T09:56:15","guid":{"rendered":"https:\/\/casanatense.cultura.gov.it\/?page_id=258755"},"modified":"2025-02-19T11:36:01","modified_gmt":"2025-02-19T10:36:01","slug":"prestamo","status":"publish","type":"page","link":"https:\/\/casanatense.cultura.gov.it\/es\/prestamo\/","title":{"rendered":"Pr\u00e9stamo"},"content":{"rendered":"<p>[et_pb_section fb_built=\u00bb1&#8243; _builder_version=\u00bb4.16&#8243; custom_padding=\u00bb5px|||||\u00bb da_disable_devices=\u00bboff|off|off\u00bb global_colors_info=\u00bb{}\u00bb theme_builder_area=\u00bbpost_content\u00bb da_is_popup=\u00bboff\u00bb da_exit_intent=\u00bboff\u00bb da_has_close=\u00bbon\u00bb da_alt_close=\u00bboff\u00bb da_dark_close=\u00bboff\u00bb da_not_modal=\u00bbon\u00bb da_is_singular=\u00bboff\u00bb da_with_loader=\u00bboff\u00bb da_has_shadow=\u00bbon\u00bb][et_pb_row _builder_version=\u00bb4.22.1&#8243; background_size=\u00bbinitial\u00bb background_position=\u00bbtop_left\u00bb background_repeat=\u00bbrepeat\u00bb custom_padding=\u00bb0px||0px||true|false\u00bb global_colors_info=\u00bb{}\u00bb theme_builder_area=\u00bbpost_content\u00bb][et_pb_column type=\u00bb4_4&#8243; _builder_version=\u00bb4.16&#8243; custom_padding=\u00bb|||\u00bb global_colors_info=\u00bb{}\u00bb custom_padding__hover=\u00bb|||\u00bb theme_builder_area=\u00bbpost_content\u00bb][et_pb_text _builder_version=\u00bb4.27.4&#8243; background_size=\u00bbinitial\u00bb background_position=\u00bbtop_left\u00bb background_repeat=\u00bbrepeat\u00bb hover_enabled=\u00bb0&#8243; global_colors_info=\u00bb{}\u00bb theme_builder_area=\u00bbpost_content\u00bb sticky_enabled=\u00bb0&#8243;]<\/p>\n<div class=\"post-entry post-entry-type-page post-entry-17\">\n<div class=\"entry-content-wrapper clearfix\">\n<section class=\"av_textblock_section \" itemscope=\"itemscope\" itemtype=\"https:\/\/schema.org\/BlogPosting\" itemprop=\"blogPost\">\n<div class=\"avia_textblock \" itemprop=\"text\">\n<p>Los servicios de pr\u00e9stamo directo e interbibliotecario se rigen por el Reglamento de Bibliotecas P\u00fablicas Estatales (Decreto Presidencial n\u00ba 417 Art\u00edculos 50-60 de 5 de julio de 1995) y el Reglamento Interno de la Biblioteca.<\/p>\n<p><strong><\/strong><\/p>\n<p><strong> <\/strong><\/p>\n<h4><strong>PR\u00c9STAMO LOCAL O DIRECTO<\/strong><\/h4>\n<p><strong><\/strong><\/p>\n<p>En el pr\u00e9stamo local es el propio usuario quien realiza la solicitud del material que la biblioteca puede prestar.<\/p>\n<p>Horario de recogida y devoluci\u00f3n de libros prestados:<\/p>\n<p><strong>Horario ordinario<\/strong>: de lunes a viernes, de 8.30 a 14.30 horas.<\/p>\n<p><strong>Horario de verano<\/strong>: de lunes a viernes, de 8.30 a 13.00 horas.<\/p>\n<p><strong><\/strong><\/p>\n<p><strong> <\/strong><\/p>\n<h4><strong>Admisi\u00f3n<\/strong><\/h4>\n<p>Pueden optar al servicio de pr\u00e9stamo local o directo los ciudadanos italianos, comunitarios y extracomunitarios que cumplan los siguientes requisitos:<\/p>\n<p>&#8211; Mayores de 18 a\u00f1os &#8211; Titulares del carn\u00e9 de acceso a la biblioteca (<a href=\"https:\/\/casanatense.cultura.gov.it\/nuovo-sistema-informatico-minerva-access\/\">Minerva Access<\/a>) &#8211; Ciudadanos italianos residentes en la Regi\u00f3n del Lacio &#8211; Ciudadanos italianos residentes en otras regiones que puedan documentar su domicilio en el Lacio por motivos de estudio, investigaci\u00f3n o trabajo.<\/p>\n<p>&#8211; Ciudadanos de pa\u00edses de la UE que puedan documentar su domicilio en el Lacio por motivos de estudio, investigaci\u00f3n o trabajo &#8211; Ciudadanos de pa\u00edses no pertenecientes a la UE en posesi\u00f3n de un permiso de residencia expedido por la Jefatura de Polic\u00eda de la Regi\u00f3n que puedan documentar su domicilio en el Lacio por motivos de estudio, investigaci\u00f3n o trabajo.<\/p>\n<p>Cualquier cambio de domicilio, residencia, n\u00famero de tel\u00e9fono o direcci\u00f3n de correo electr\u00f3nico del prestatario debe notificarse sin demora a la Oficina de Pr\u00e9stamos.<\/p>\n<p><strong><\/strong><\/p>\n<p><strong> <\/strong><\/p>\n<h4><strong>C\u00f3mo solicitar un pr\u00e9stamo<\/strong><\/h4>\n<p>Las solicitudes de pr\u00e9stamo s\u00f3lo pueden realizarse a trav\u00e9s del sistema de servicio en l\u00ednea de la Biblioteca <a href=\"https:\/\/casanatense.cultura.gov.it\/nuovo-sistema-informatico-minerva-access\/\">(Minerva Access<\/a>).<\/p>\n<p>No se aceptan solicitudes por tel\u00e9fono.<\/p>\n<p><strong><\/strong><\/p>\n<p><strong> <\/strong><\/p>\n<h4><strong>Objeto del pr\u00e9stamo, duraci\u00f3n, sanciones<\/strong><\/h4>\n<p>Los vol\u00famenes publicados hace menos de 100 a\u00f1os pueden prestarse.<\/p>\n<p>Se excluyen del pr\u00e9stamo todos los vol\u00famenes en mal estado.<br \/>Adem\u00e1s, se excluyen del pr\u00e9stamo diversos vol\u00famenes en funci\u00f3n de su tipo, sus caracter\u00edsticas y los fondos a los que pertenecen (<a href=\"http:\/\/casanatense.cultura.gov.it\/wp-content\/uploads\/2024\/06\/Materiale-escluso-dal-prestito.pdf\" target=\"_blank\" rel=\"noopener\">Obras excluidas del pr\u00e9stamo<\/a>).<\/p>\n<p>Se pueden tomar prestadas tres obras para un total de cuatro vol\u00famenes.<\/p>\n<p>El pr\u00e9stamo dura 30 d\u00edas y puede prorrogarse durante los 30 d\u00edas siguientes si no hay reservas.<br \/>La biblioteca tiene derecho a exigir la devoluci\u00f3n del documento en cualquier momento.<\/p>\n<p>Los usuarios que se retrasan en la devoluci\u00f3n de las obras prestadas son sancionados seg\u00fan el reglamento de pr\u00e9stamos.<\/p>\n<p>El servicio se suspende 15 d\u00edas al a\u00f1o para permitir la revisi\u00f3n de las inscripciones realizadas (las fechas se comunicar\u00e1n en el sitio web).<\/p>\n<p><strong><\/strong><\/p>\n<p><strong> <\/strong><\/p>\n<h4><strong>Proxy para la recogida de vol\u00famenes<\/strong><\/h4>\n<p>Es posible delegar en una persona de tu elecci\u00f3n para que recoja los vol\u00famenes solicitados en pr\u00e9stamo, pero s\u00f3lo si el solicitante ya est\u00e1 registrado y autorizado para el servicio en la Biblioteca Casanatense.<br \/>El poder debe ser escaneado y enviado a la Oficina de Distribuci\u00f3n, con copia a la Oficina de Pr\u00e9stamo.<br \/>Alternativamente, puedes llevar el poder impreso directamente al mostrador de distribuci\u00f3n. El poder debe estar firmado por la parte delegante y llevar la fecha del d\u00eda en que el delegado viene a recoger los libros; adem\u00e1s, el poder debe incluir el nombre y apellidos de la parte delegante y del delegado, datos de sus documentos de identificaci\u00f3n (los originales deben mostrarse en el mostrador de distribuci\u00f3n), autor, t\u00edtulo y ubicaci\u00f3n de los vol\u00famenes solicitados en pr\u00e9stamo.<\/p>\n<ul><\/ul>\n<\/div>\n<\/section>\n<\/div>\n<\/div>\n<p>[\/et_pb_text][et_pb_text _builder_version=\u00bb4.27.0&#8243; _module_preset=\u00bbdefault\u00bb global_colors_info=\u00bb{}\u00bb theme_builder_area=\u00bbpost_content\u00bb]<\/p>\n<p><strong><\/strong><\/p>\n<p><strong> <\/strong><\/p>\n<h4><strong>PR\u00c9STAMO INTERBIBLIOTECARIO<\/strong><\/h4>\n<p>En el pr\u00e9stamo interbibliotecario, los libros de una biblioteca se prestan a otra, que los entrega al usuario solicitante.<\/p>\n<ul>\n<li>El pr\u00e9stamo interbibliotecario lo utilizan los usuarios que, al no encontrarse en Roma o sus alrededores, sino en otras partes de Italia, no pueden desplazarse f\u00edsicamente a la Biblioteca Casanatense para recoger y devolver los vol\u00famenes en pr\u00e9stamo. A la inversa, el pr\u00e9stamo interbibliotecario tambi\u00e9n puede ser utilizado por aquellos usuarios que no tienen dificultades para llegar a la Casanatense y desean tomar prestados libros que no son propiedad de nuestra biblioteca, sino de otras bibliotecas italianas. El usuario que desee utilizar el servicio de pr\u00e9stamo interbibliotecario debe estar inscrito en el servicio de pr\u00e9stamo local o directo. La biblioteca solicitante puede solicitar a la biblioteca prestataria el pr\u00e9stamo de libros a trav\u00e9s del sistema <a href=\"https:\/\/prestito.iccu.sbn.it\/ILLWeb\/servlets\/ILL\" target=\"_blank\" rel=\"noopener\">ILL SBN<\/a> (s\u00f3lo para las bibliotecas italianas que se adhieran al procedimiento) o enviando un simple correo electr\u00f3nico a la Oficina de Pr\u00e9stamos (b-casa.prestito@cultura.gov.it).<\/li>\n<\/ul>\n<p>&nbsp;<\/p>\n<h4><strong>Costes<\/strong><\/h4>\n<p>El servicio es previo pago: si la Casanatense es la biblioteca prestataria, en el momento de la devoluci\u00f3n de los vol\u00famenes el usuario abonar\u00e1 en el resguardo enviado por la Casanatense junto con los libros prestados, la cantidad de 4,63 \u20ac (si la solicitud a la Casanatense fue enviada por la biblioteca del usuario a trav\u00e9s del sistema <a href=\"https:\/\/prestito.iccu.sbn.it\/ILLWeb\/servlets\/ILL\" target=\"_blank\" rel=\"noopener\">ILL SBN<\/a>) o 5,17 \u20ac (si la solicitud a la Casanatense fue enviada por la biblioteca del usuario por correo electr\u00f3nico).<br \/>El resguardo del pago debe adjuntarse al material que se enviar\u00e1 por correo postal a la biblioteca prestataria. El pago de los libros prestados por nuestra biblioteca se realiza mediante giro postal n\u00ba.<br \/>871012 a nombre de la Banca d&#8217;Italia Tesoreria provinciale dello Stato Sezione di Roma Capo XXIX, capitolo 2584 art. 3 a favor de la Biblioteca Casanatense di Roma con el motivo del pago \u00abpr\u00e9stamo interbibliotecario\u00bb.<\/p>\n<p>Cuando los vol\u00famenes de la biblioteca prestataria deban devolverse a \u00e9sta, los gastos de env\u00edo correr\u00e1n a cargo de la biblioteca solicitante.<\/p>\n<p><strong><\/strong><\/p>\n<p><strong> <\/strong><\/p>\n<h4><strong>C\u00f3mo hacerlo<\/strong><\/h4>\n<p>Los vol\u00famenes admitidos o excluidos del pr\u00e9stamo interbibliotecario son los mismos que los admitidos o excluidos del pr\u00e9stamo local o directo, respectivamente. El usuario debe dirigirse a una biblioteca de su elecci\u00f3n, siempre que \u00e9sta est\u00e9 presente en el territorio nacional.<br \/>El usuario indica a esta biblioteca el volumen o vol\u00famenes de la Biblioteca Casanatense que desea tomar en pr\u00e9stamo.<br \/>Entonces ser\u00e1 la biblioteca de confianza del usuario, y no el propio usuario, quien remita la solicitud a la Biblioteca Casanatense, que le enviar\u00e1 por correo postal el volumen o vol\u00famenes indicados por el usuario.<br \/>Cuando el material prestado llegue a la biblioteca de confianza del usuario, \u00e9ste podr\u00e1 recoger en ella los vol\u00famenes enviados por la Casanatense.<br \/>As\u00ed, en el pr\u00e9stamo interbibliotecario, el pr\u00e9stamo de libros casanatenses se realiza a la biblioteca receptora, que entregar\u00e1 el material al usuario.<br \/>El pr\u00e9stamo tiene una duraci\u00f3n m\u00e1xima de 30 d\u00edas (a partir de la fecha de recepci\u00f3n del sobre postal con los vol\u00famenes), prorrogables por un m\u00e1ximo de otros 30 d\u00edas despu\u00e9s del primero.<br \/>La solicitud de pr\u00f3rroga no puede hacerse por tel\u00e9fono, sino que debe hacerse por escrito y enviarse a la Oficina de Pr\u00e9stamos.<br \/>Gracias al pr\u00e9stamo interbibliotecario, no s\u00f3lo los libros propiedad de nuestra biblioteca pueden prestarse a otras bibliotecas italianas para hacer llegar los vol\u00famenes al usuario solicitante que se encuentra lejos de Roma, sino que tambi\u00e9n las obras que no son propiedad de la Casanatense pueden prestarse de nuestra biblioteca a otras bibliotecas italianas en favor de usuarios que tienen m\u00e1s f\u00e1cil llegar a nuestra biblioteca para recoger y devolver los vol\u00famenes.<br \/>En este \u00faltimo caso, el usuario se pone en contacto con la Biblioteca Casanatense, indicando la biblioteca y el material que solicita en pr\u00e9stamo.<br \/>A su vez, la Casanatense remite la solicitud de pr\u00e9stamo interbibliotecario a la biblioteca propietaria de los vol\u00famenes indicados por el usuario.<\/p>\n<p>[\/et_pb_text][\/et_pb_column][\/et_pb_row][\/et_pb_section]<\/p>\n","protected":false},"excerpt":{"rendered":"<p>Los servicios de pr\u00e9stamo directo e interbibliotecario se rigen por el Reglamento de Bibliotecas P\u00fablicas Estatales (Decreto Presidencial n\u00ba 417 Art\u00edculos 50-60 de 5 de julio de 1995) y el Reglamento Interno de la Biblioteca. PR\u00c9STAMO LOCAL O DIRECTO En el pr\u00e9stamo local es el propio usuario quien realiza la solicitud del material que la biblioteca puede prestar. Horario de recogida y devoluci\u00f3n de libros prestados: Horario ordinario: de lunes a viernes, de 8.30 a 14.30 horas. Horario de verano: de lunes a viernes, de 8.30 a 13.00 horas. Admisi\u00f3n Pueden optar al servicio de pr\u00e9stamo local o directo los ciudadanos italianos, comunitarios y extracomunitarios que cumplan los siguientes requisitos: &#8211; Mayores de 18 a\u00f1os &#8211; Titulares del carn\u00e9 de acceso a la biblioteca (Minerva Access) &#8211; Ciudadanos italianos residentes en la Regi\u00f3n del Lacio &#8211; Ciudadanos italianos residentes en otras regiones que puedan documentar su domicilio en el Lacio por motivos de estudio, investigaci\u00f3n o trabajo. &#8211; Ciudadanos de pa\u00edses de la UE que puedan documentar su domicilio en el Lacio por motivos de estudio, investigaci\u00f3n o trabajo &#8211; Ciudadanos de pa\u00edses no pertenecientes a la UE en posesi\u00f3n de un permiso de residencia expedido por la Jefatura de [&hellip;]<\/p>\n","protected":false},"author":158,"featured_media":0,"parent":0,"menu_order":248,"comment_status":"open","ping_status":"closed","template":"","meta":{"_et_pb_use_builder":"on","_et_pb_old_content":"<h5 style=\"text-align: left;\"><\/h5>\r\n<h5 style=\"text-align: center;\"><\/h5>\r\n<img class=\"alignleft wp-image-1034 \" src=\"http:\/\/casanatense.cultura.gov.it\/wp-content\/uploads\/2020\/04\/alta-moda-nel-salone-300x200.jpg\" alt=\"\" width=\"248\" height=\"165\" \/>Informazioni: <a href=\"http:\/\/casanatense.cultura.gov.it\/?portfolio=ufficio-promozione-e-valorizzazione\"><em>Ufficio Promozione e Valorizzazione del Patrimonio<\/em><\/a>\r\n<h5>Concessione d'uso del Salone monumentale e di altri spazi.<\/h5>\r\n<p style=\"text-align: justify;\">\u00c8 possibile richiedere l'uso del Salone monumentale e di altri ambienti della Biblioteca per manifestazioni artistiche e culturali, riprese cinematografiche e televisive, eventi promozionali che viene regolamentato sulla base del tariffario redatto in conformit\u00e0 alle<a href=\"https:\/\/cultura.gov.it\/comunicato\/dm-161-11042023\" target=\"_blank\" rel=\"noopener\"> linee guida allegate al D.M. 11 aprile 2023, rep. n. 161,<\/a> accluse alla circolare n.10 prot.5996 del 4 maggio 2023 della Direzione Generale Biblioteche e Diritto D'Autore Servizio I.<\/p>\r\n<a href=\"http:\/\/casanatense.cultura.gov.it\/wp-content\/uploads\/2020\/04\/canoni_locazione.pdf\" target=\"_blank\" rel=\"noopener noreferrer\">Modalit\u00e0 di pagamento<\/a> canone locazione (file pdf 8 kb)\r\n\r\n<hr \/>\r\n<p style=\"text-align: justify;\">Guarda la galleria delle immagini di uno degli importanti eventi organizzati nel Salone: <a href=\"http:\/\/casanatense.cultura.gov.it\/?p=155\">Limited\/Unlimited L'Alta Moda nel Salone monumentale<\/a><\/p>\r\n<a href=\"http:\/\/casanatense.cultura.gov.it\/?p=389\">Campagna 2019 accessori Gucci\u00a0\u00a0\u00a0Chris Lee in the new Gucci Timepieces and Jewelry collection<\/a>\r\n\r\nFai un giro in Casanatense <a href=\"https:\/\/www.youtube.com\/watch?v=u8hMyJJOhS8&feature=youtu.be\" target=\"_blank\" rel=\"noopener noreferrer\">video di Rosa Chiara Scaglione<\/a>","_et_gb_content_width":"","_price":"","_stock":"","_tribe_ticket_header":"","_tribe_default_ticket_provider":"","_tribe_ticket_capacity":"0","_ticket_start_date":"","_ticket_end_date":"","_tribe_ticket_show_description":"","_tribe_ticket_show_not_going":false,"_tribe_ticket_use_global_stock":"","_tribe_ticket_global_stock_level":"","_global_stock_mode":"","_global_stock_cap":"","_tribe_rsvp_for_event":"","_tribe_ticket_going_count":"","_tribe_ticket_not_going_count":"","_tribe_tickets_list":"[]","_tribe_ticket_has_attendee_info_fields":false,"footnotes":""},"class_list":["post-258755","page","type-page","status-publish","hentry"],"yoast_head":"<!-- This site is optimized with the Yoast SEO plugin v27.4 - https:\/\/yoast.com\/product\/yoast-seo-wordpress\/ -->\n<title>Pr\u00e9stamo - Casanatense<\/title>\n<meta name=\"robots\" content=\"index, follow, max-snippet:-1, max-image-preview:large, max-video-preview:-1\" \/>\n<link rel=\"canonical\" href=\"https:\/\/casanatense.cultura.gov.it\/es\/prestamo\/\" \/>\n<meta property=\"og:locale\" content=\"es_ES\" \/>\n<meta property=\"og:type\" content=\"article\" \/>\n<meta property=\"og:title\" content=\"Pr\u00e9stamo - Casanatense\" \/>\n<meta property=\"og:description\" content=\"Los servicios de pr\u00e9stamo directo e interbibliotecario se rigen por el Reglamento de Bibliotecas P\u00fablicas Estatales (Decreto Presidencial n\u00ba 417 Art\u00edculos 50-60 de 5 de julio de 1995) y el Reglamento Interno de la Biblioteca. PR\u00c9STAMO LOCAL O DIRECTO En el pr\u00e9stamo local es el propio usuario quien realiza la solicitud del material que la biblioteca puede prestar. Horario de recogida y devoluci\u00f3n de libros prestados: Horario ordinario: de lunes a viernes, de 8.30 a 14.30 horas. Horario de verano: de lunes a viernes, de 8.30 a 13.00 horas. Admisi\u00f3n Pueden optar al servicio de pr\u00e9stamo local o directo los ciudadanos italianos, comunitarios y extracomunitarios que cumplan los siguientes requisitos: - Mayores de 18 a\u00f1os - Titulares del carn\u00e9 de acceso a la biblioteca (Minerva Access) - Ciudadanos italianos residentes en la Regi\u00f3n del Lacio - Ciudadanos italianos residentes en otras regiones que puedan documentar su domicilio en el Lacio por motivos de estudio, investigaci\u00f3n o trabajo. - Ciudadanos de pa\u00edses de la UE que puedan documentar su domicilio en el Lacio por motivos de estudio, investigaci\u00f3n o trabajo - Ciudadanos de pa\u00edses no pertenecientes a la UE en posesi\u00f3n de un permiso de residencia expedido por la Jefatura de [&hellip;]\" \/>\n<meta property=\"og:url\" content=\"https:\/\/casanatense.cultura.gov.it\/es\/prestamo\/\" \/>\n<meta property=\"og:site_name\" content=\"Casanatense\" \/>\n<meta property=\"article:publisher\" content=\"https:\/\/it-it.facebook.com\/people\/Biblioteca-Casanatense\/100064405343454\/\" \/>\n<meta property=\"article:modified_time\" content=\"2025-02-19T10:36:01+00:00\" \/>\n<meta name=\"twitter:card\" content=\"summary_large_image\" \/>\n<meta name=\"twitter:site\" content=\"@casanatense\" \/>\n<meta name=\"twitter:label1\" content=\"Tiempo de lectura\" \/>\n\t<meta name=\"twitter:data1\" content=\"7 minutos\" \/>\n<script type=\"application\/ld+json\" class=\"yoast-schema-graph\">{\"@context\":\"https:\\\/\\\/schema.org\",\"@graph\":[{\"@type\":\"WebPage\",\"@id\":\"https:\\\/\\\/casanatense.cultura.gov.it\\\/es\\\/prestamo\\\/\",\"url\":\"https:\\\/\\\/casanatense.cultura.gov.it\\\/es\\\/prestamo\\\/\",\"name\":\"Pr\u00e9stamo - Casanatense\",\"isPartOf\":{\"@id\":\"https:\\\/\\\/casanatense.cultura.gov.it\\\/es\\\/#website\"},\"datePublished\":\"2023-08-09T09:56:15+00:00\",\"dateModified\":\"2025-02-19T10:36:01+00:00\",\"breadcrumb\":{\"@id\":\"https:\\\/\\\/casanatense.cultura.gov.it\\\/es\\\/prestamo\\\/#breadcrumb\"},\"inLanguage\":\"es\",\"potentialAction\":[{\"@type\":\"ReadAction\",\"target\":[\"https:\\\/\\\/casanatense.cultura.gov.it\\\/es\\\/prestamo\\\/\"]}]},{\"@type\":\"BreadcrumbList\",\"@id\":\"https:\\\/\\\/casanatense.cultura.gov.it\\\/es\\\/prestamo\\\/#breadcrumb\",\"itemListElement\":[{\"@type\":\"ListItem\",\"position\":1,\"name\":\"Home\",\"item\":\"https:\\\/\\\/casanatense.cultura.gov.it\\\/es\\\/\"},{\"@type\":\"ListItem\",\"position\":2,\"name\":\"Pr\u00e9stamo\"}]},{\"@type\":\"WebSite\",\"@id\":\"https:\\\/\\\/casanatense.cultura.gov.it\\\/es\\\/#website\",\"url\":\"https:\\\/\\\/casanatense.cultura.gov.it\\\/es\\\/\",\"name\":\"Casanatense\",\"description\":\"Il sito della Biblioteca Casanatense\",\"publisher\":{\"@id\":\"https:\\\/\\\/casanatense.cultura.gov.it\\\/es\\\/#organization\"},\"potentialAction\":[{\"@type\":\"SearchAction\",\"target\":{\"@type\":\"EntryPoint\",\"urlTemplate\":\"https:\\\/\\\/casanatense.cultura.gov.it\\\/es\\\/?s={search_term_string}\"},\"query-input\":{\"@type\":\"PropertyValueSpecification\",\"valueRequired\":true,\"valueName\":\"search_term_string\"}}],\"inLanguage\":\"es\"},{\"@type\":\"Organization\",\"@id\":\"https:\\\/\\\/casanatense.cultura.gov.it\\\/es\\\/#organization\",\"name\":\"Biblioteca Casanatense\",\"url\":\"https:\\\/\\\/casanatense.cultura.gov.it\\\/es\\\/\",\"logo\":{\"@type\":\"ImageObject\",\"inLanguage\":\"es\",\"@id\":\"https:\\\/\\\/casanatense.cultura.gov.it\\\/es\\\/#\\\/schema\\\/logo\\\/image\\\/\",\"url\":\"https:\\\/\\\/casanatense.cultura.gov.it\\\/wp-content\\\/uploads\\\/2024\\\/03\\\/logo-casanatense-mibact.png\",\"contentUrl\":\"https:\\\/\\\/casanatense.cultura.gov.it\\\/wp-content\\\/uploads\\\/2024\\\/03\\\/logo-casanatense-mibact.png\",\"width\":250,\"height\":61,\"caption\":\"Biblioteca Casanatense\"},\"image\":{\"@id\":\"https:\\\/\\\/casanatense.cultura.gov.it\\\/es\\\/#\\\/schema\\\/logo\\\/image\\\/\"},\"sameAs\":[\"https:\\\/\\\/it-it.facebook.com\\\/people\\\/Biblioteca-Casanatense\\\/100064405343454\\\/\",\"https:\\\/\\\/x.com\\\/casanatense\",\"https:\\\/\\\/instagram.com\\\/bibliotecacasanatense?igshid=5hcnozoyuuy5\"]}]}<\/script>\n<!-- \/ Yoast SEO plugin. -->","yoast_head_json":{"title":"Pr\u00e9stamo - Casanatense","robots":{"index":"index","follow":"follow","max-snippet":"max-snippet:-1","max-image-preview":"max-image-preview:large","max-video-preview":"max-video-preview:-1"},"canonical":"https:\/\/casanatense.cultura.gov.it\/es\/prestamo\/","og_locale":"es_ES","og_type":"article","og_title":"Pr\u00e9stamo - Casanatense","og_description":"Los servicios de pr\u00e9stamo directo e interbibliotecario se rigen por el Reglamento de Bibliotecas P\u00fablicas Estatales (Decreto Presidencial n\u00ba 417 Art\u00edculos 50-60 de 5 de julio de 1995) y el Reglamento Interno de la Biblioteca. PR\u00c9STAMO LOCAL O DIRECTO En el pr\u00e9stamo local es el propio usuario quien realiza la solicitud del material que la biblioteca puede prestar. Horario de recogida y devoluci\u00f3n de libros prestados: Horario ordinario: de lunes a viernes, de 8.30 a 14.30 horas. Horario de verano: de lunes a viernes, de 8.30 a 13.00 horas. Admisi\u00f3n Pueden optar al servicio de pr\u00e9stamo local o directo los ciudadanos italianos, comunitarios y extracomunitarios que cumplan los siguientes requisitos: - Mayores de 18 a\u00f1os - Titulares del carn\u00e9 de acceso a la biblioteca (Minerva Access) - Ciudadanos italianos residentes en la Regi\u00f3n del Lacio - Ciudadanos italianos residentes en otras regiones que puedan documentar su domicilio en el Lacio por motivos de estudio, investigaci\u00f3n o trabajo. - Ciudadanos de pa\u00edses de la UE que puedan documentar su domicilio en el Lacio por motivos de estudio, investigaci\u00f3n o trabajo - Ciudadanos de pa\u00edses no pertenecientes a la UE en posesi\u00f3n de un permiso de residencia expedido por la Jefatura de [&hellip;]","og_url":"https:\/\/casanatense.cultura.gov.it\/es\/prestamo\/","og_site_name":"Casanatense","article_publisher":"https:\/\/it-it.facebook.com\/people\/Biblioteca-Casanatense\/100064405343454\/","article_modified_time":"2025-02-19T10:36:01+00:00","twitter_card":"summary_large_image","twitter_site":"@casanatense","twitter_misc":{"Tiempo de lectura":"7 minutos"},"schema":{"@context":"https:\/\/schema.org","@graph":[{"@type":"WebPage","@id":"https:\/\/casanatense.cultura.gov.it\/es\/prestamo\/","url":"https:\/\/casanatense.cultura.gov.it\/es\/prestamo\/","name":"Pr\u00e9stamo - Casanatense","isPartOf":{"@id":"https:\/\/casanatense.cultura.gov.it\/es\/#website"},"datePublished":"2023-08-09T09:56:15+00:00","dateModified":"2025-02-19T10:36:01+00:00","breadcrumb":{"@id":"https:\/\/casanatense.cultura.gov.it\/es\/prestamo\/#breadcrumb"},"inLanguage":"es","potentialAction":[{"@type":"ReadAction","target":["https:\/\/casanatense.cultura.gov.it\/es\/prestamo\/"]}]},{"@type":"BreadcrumbList","@id":"https:\/\/casanatense.cultura.gov.it\/es\/prestamo\/#breadcrumb","itemListElement":[{"@type":"ListItem","position":1,"name":"Home","item":"https:\/\/casanatense.cultura.gov.it\/es\/"},{"@type":"ListItem","position":2,"name":"Pr\u00e9stamo"}]},{"@type":"WebSite","@id":"https:\/\/casanatense.cultura.gov.it\/es\/#website","url":"https:\/\/casanatense.cultura.gov.it\/es\/","name":"Casanatense","description":"Il sito della Biblioteca Casanatense","publisher":{"@id":"https:\/\/casanatense.cultura.gov.it\/es\/#organization"},"potentialAction":[{"@type":"SearchAction","target":{"@type":"EntryPoint","urlTemplate":"https:\/\/casanatense.cultura.gov.it\/es\/?s={search_term_string}"},"query-input":{"@type":"PropertyValueSpecification","valueRequired":true,"valueName":"search_term_string"}}],"inLanguage":"es"},{"@type":"Organization","@id":"https:\/\/casanatense.cultura.gov.it\/es\/#organization","name":"Biblioteca Casanatense","url":"https:\/\/casanatense.cultura.gov.it\/es\/","logo":{"@type":"ImageObject","inLanguage":"es","@id":"https:\/\/casanatense.cultura.gov.it\/es\/#\/schema\/logo\/image\/","url":"https:\/\/casanatense.cultura.gov.it\/wp-content\/uploads\/2024\/03\/logo-casanatense-mibact.png","contentUrl":"https:\/\/casanatense.cultura.gov.it\/wp-content\/uploads\/2024\/03\/logo-casanatense-mibact.png","width":250,"height":61,"caption":"Biblioteca Casanatense"},"image":{"@id":"https:\/\/casanatense.cultura.gov.it\/es\/#\/schema\/logo\/image\/"},"sameAs":["https:\/\/it-it.facebook.com\/people\/Biblioteca-Casanatense\/100064405343454\/","https:\/\/x.com\/casanatense","https:\/\/instagram.com\/bibliotecacasanatense?igshid=5hcnozoyuuy5"]}]}},"_links":{"self":[{"href":"https:\/\/casanatense.cultura.gov.it\/es\/wp-json\/wp\/v2\/pages\/258755","targetHints":{"allow":["GET"]}}],"collection":[{"href":"https:\/\/casanatense.cultura.gov.it\/es\/wp-json\/wp\/v2\/pages"}],"about":[{"href":"https:\/\/casanatense.cultura.gov.it\/es\/wp-json\/wp\/v2\/types\/page"}],"author":[{"embeddable":true,"href":"https:\/\/casanatense.cultura.gov.it\/es\/wp-json\/wp\/v2\/users\/158"}],"replies":[{"embeddable":true,"href":"https:\/\/casanatense.cultura.gov.it\/es\/wp-json\/wp\/v2\/comments?post=258755"}],"version-history":[{"count":15,"href":"https:\/\/casanatense.cultura.gov.it\/es\/wp-json\/wp\/v2\/pages\/258755\/revisions"}],"predecessor-version":[{"id":262269,"href":"https:\/\/casanatense.cultura.gov.it\/es\/wp-json\/wp\/v2\/pages\/258755\/revisions\/262269"}],"wp:attachment":[{"href":"https:\/\/casanatense.cultura.gov.it\/es\/wp-json\/wp\/v2\/media?parent=258755"}],"curies":[{"name":"wp","href":"https:\/\/api.w.org\/{rel}","templated":true}]}}