{"id":258824,"date":"2024-05-22T07:34:09","date_gmt":"2024-05-22T05:34:09","guid":{"rendered":"https:\/\/casanatense.cultura.gov.it\/colecciones-del-museo\/coleccion-arqueologica\/"},"modified":"2025-02-28T13:04:43","modified_gmt":"2025-02-28T12:04:43","slug":"coleccion-arqueologica","status":"publish","type":"page","link":"https:\/\/casanatense.cultura.gov.it\/es\/colecciones-del-museo\/coleccion-arqueologica\/","title":{"rendered":"Colecci\u00f3n arqueol\u00f3gica"},"content":{"rendered":"<p>[et_pb_section fb_built=\u00bb1&#8243; admin_label=\u00bbsection\u00bb _builder_version=\u00bb4.16&#8243; custom_padding=\u00bb6px|||||\u00bb da_disable_devices=\u00bboff|off|off\u00bb global_colors_info=\u00bb{}\u00bb theme_builder_area=\u00bbpost_content\u00bb da_is_popup=\u00bboff\u00bb da_exit_intent=\u00bboff\u00bb da_has_close=\u00bbon\u00bb da_alt_close=\u00bboff\u00bb da_dark_close=\u00bboff\u00bb da_not_modal=\u00bbon\u00bb da_is_singular=\u00bboff\u00bb da_with_loader=\u00bboff\u00bb da_has_shadow=\u00bbon\u00bb][et_pb_row admin_label=\u00bbrow\u00bb _builder_version=\u00bb4.16&#8243; background_size=\u00bbinitial\u00bb background_position=\u00bbtop_left\u00bb background_repeat=\u00bbrepeat\u00bb global_colors_info=\u00bb{}\u00bb theme_builder_area=\u00bbpost_content\u00bb][et_pb_column type=\u00bb4_4&#8243; _builder_version=\u00bb4.16&#8243; custom_padding=\u00bb|||\u00bb global_colors_info=\u00bb{}\u00bb custom_padding__hover=\u00bb|||\u00bb theme_builder_area=\u00bbpost_content\u00bb][et_pb_text admin_label=\u00bbText\u00bb _builder_version=\u00bb4.25.2&#8243; background_size=\u00bbinitial\u00bb background_position=\u00bbtop_left\u00bb background_repeat=\u00bbrepeat\u00bb global_colors_info=\u00bb{}\u00bb theme_builder_area=\u00bbpost_content\u00bb]<\/p>\n<h3><span lang=\"IT\"><strong>COLECCI\u00d3N ARQUEOL\u00d3GICA<\/strong><o:p><\/o:p><\/span><\/h3>\n<p><span lang=\"IT\"><\/span><\/p>\n<p><span lang=\"IT\">Caracter\u00edstica de los siglos <strong>XVII<\/strong> y <strong>XVIII<\/strong> fue una visi\u00f3n enciclop\u00e9dica de la cultura, que tambi\u00e9n se plasm\u00f3 en la creaci\u00f3n de colecciones, tanto privadas como accesibles al gran p\u00fablico, formadas por objetos de inter\u00e9s hist\u00f3rico-art\u00edstico, arqueol\u00f3gico y cient\u00edfico, as\u00ed como por curiosidades naturales y ex\u00f3ticas.<o:p><\/o:p><\/span><\/p>\n<p class=\"Standard\"><span lang=\"IT\">A este contexto pertenec\u00edan tambi\u00e9n las actividades de los padres dominicos de S. Maria sopra Minerva, que persegu\u00edan el objetivo de aumentar los fondos bibliogr\u00e1ficos de la <strong>Biblioteca Casanatense<\/strong> y, al mismo tiempo, enriquecer sus colecciones en un sentido muse\u00edstico.<br \/>\nEsta \u00faltima intenci\u00f3n fue promovida, en particular, por una serie de prefectos individuales, que destacaban entre todos los dem\u00e1s por su atracci\u00f3n personal hacia la colecci\u00f3n de objetos y hallazgos antiguos. <\/span><\/p>\n<p>[\/et_pb_text][\/et_pb_column][\/et_pb_row][et_pb_row _builder_version=\u00bb4.25.1&#8243; _module_preset=\u00bbdefault\u00bb custom_margin=\u00bb-17px|auto||auto||\u00bb custom_padding=\u00bb7px||9px|||\u00bb global_colors_info=\u00bb{}\u00bb theme_builder_area=\u00bbpost_content\u00bb][et_pb_column type=\u00bb4_4&#8243; _builder_version=\u00bb4.25.1&#8243; _module_preset=\u00bbdefault\u00bb global_colors_info=\u00bb{}\u00bb theme_builder_area=\u00bbpost_content\u00bb][et_pb_text _builder_version=\u00bb4.25.1&#8243; _module_preset=\u00bbdefault\u00bb global_colors_info=\u00bb{}\u00bb theme_builder_area=\u00bbpost_content\u00bb]<\/p>\n<p>La Biblioteca, fundada en 1701, naci\u00f3 en un contexto topogr\u00e1fico y en un momento de la historia en el que todo parec\u00eda impregnarse del redescubrimiento arqueol\u00f3gico de Roma, para revelar su antiguo y glorioso pasado.<br \/>\nProbablemente en relaci\u00f3n con este periodo de gran efervescencia y cuando el coleccionismo alcanzaba su apogeo, pudo nacer el deseo de crear una colecci\u00f3n de objetos arqueol\u00f3gicos dentro de las colecciones casanatenses.<br \/>\nHe aqu\u00ed, pues, artefactos buccheros que dan testimonio de la cultura etrusca, que tanto influy\u00f3 en la antigua cultura romana; peque\u00f1os exvotos que recuerdan los aspectos m\u00e1s cotidianos y humanos de la vida religiosa de aquellas \u00e9pocas, tan lejanas a nuestros ojos; l\u00e1mparas de aceite y otros objetos cotidianos a trav\u00e9s de los cuales podemos retroceder en el tiempo e imaginarnos reconstruyendo las costumbres de quienes nos precedieron unos cuantos siglos.  <\/p>\n<p>[\/et_pb_text][\/et_pb_column][\/et_pb_row][et_pb_row _builder_version=\u00bb4.25.1&#8243; _module_preset=\u00bbdefault\u00bb global_colors_info=\u00bb{}\u00bb theme_builder_area=\u00bbpost_content\u00bb][et_pb_column type=\u00bb4_4&#8243; _builder_version=\u00bb4.25.1&#8243; _module_preset=\u00bbdefault\u00bb global_colors_info=\u00bb{}\u00bb theme_builder_area=\u00bbpost_content\u00bb][et_pb_text _builder_version=\u00bb4.25.1&#8243; _module_preset=\u00bbdefault\u00bb custom_margin=\u00bb-20px||35px|||\u00bb global_colors_info=\u00bb{}\u00bb theme_builder_area=\u00bbpost_content\u00bb]<\/p>\n<p>A pesar de las recientes investigaciones llevadas a cabo en el Instituto, a\u00fan no ha aparecido ninguna informaci\u00f3n m\u00e1s precisa y detallada sobre la entrada de estos objetos en la Biblioteca.<br \/>\nUn dato cierto es, sin embargo, una carta manuscrita encontrada y conservada junto con la l\u00e1mpara de aceite paleocristiana (expuesta), en la que se lee de su adquisici\u00f3n en 1865 por el padre <strong>Vincenzo Maria Gatti<\/strong> (1811-1881). <\/p>\n<p>[\/et_pb_text][\/et_pb_column][\/et_pb_row][et_pb_row column_structure=\u00bb1_3,1_3,1_3&#8243; _builder_version=\u00bb4.27.0&#8243; _module_preset=\u00bbdefault\u00bb global_colors_info=\u00bb{}\u00bb theme_builder_area=\u00bbpost_content\u00bb][et_pb_column type=\u00bb1_3&#8243; _builder_version=\u00bb4.27.0&#8243; _module_preset=\u00bbdefault\u00bb global_colors_info=\u00bb{}\u00bb theme_builder_area=\u00bbpost_content\u00bb][et_pb_image src=\u00bbhttp:\/\/casanatense.cultura.gov.it\/wp-content\/uploads\/2024\/05\/Collezione-Archeologica-Guttus.jpg\u00bb title_text=\u00bbCollezione Archeologica (Guttus)\u00bb show_in_lightbox=\u00bbon\u00bb _builder_version=\u00bb4.27.0&#8243; _module_preset=\u00bbdefault\u00bb width=\u00bb80%\u00bb border_radii=\u00bbon|5px|5px|5px|5px\u00bb box_shadow_style=\u00bbpreset2&#8243; global_colors_info=\u00bb{}\u00bb theme_builder_area=\u00bbpost_content\u00bb][\/et_pb_image][\/et_pb_column][et_pb_column type=\u00bb1_3&#8243; _builder_version=\u00bb4.27.0&#8243; _module_preset=\u00bbdefault\u00bb global_colors_info=\u00bb{}\u00bb theme_builder_area=\u00bbpost_content\u00bb][et_pb_image src=\u00bbhttp:\/\/casanatense.cultura.gov.it\/wp-content\/uploads\/2024\/07\/20240507_130606.jpg\u00bb title_text=\u00bb20240507_130606&#8243; show_in_lightbox=\u00bbon\u00bb _builder_version=\u00bb4.27.0&#8243; _module_preset=\u00bbdefault\u00bb width=\u00bb80%\u00bb border_radii=\u00bbon|5px|5px|5px|5px\u00bb box_shadow_style=\u00bbpreset2&#8243; global_colors_info=\u00bb{}\u00bb theme_builder_area=\u00bbpost_content\u00bb][\/et_pb_image][\/et_pb_column][et_pb_column type=\u00bb1_3&#8243; _builder_version=\u00bb4.27.0&#8243; _module_preset=\u00bbdefault\u00bb global_colors_info=\u00bb{}\u00bb theme_builder_area=\u00bbpost_content\u00bb][et_pb_image src=\u00bbhttp:\/\/casanatense.cultura.gov.it\/wp-content\/uploads\/2024\/07\/20240507_131035.jpg\u00bb title_text=\u00bb20240507_131035&#8243; show_in_lightbox=\u00bbon\u00bb _builder_version=\u00bb4.27.0&#8243; _module_preset=\u00bbdefault\u00bb width=\u00bb80%\u00bb border_radii=\u00bbon|5px|5px|5px|5px\u00bb box_shadow_style=\u00bbpreset2&#8243; global_colors_info=\u00bb{}\u00bb theme_builder_area=\u00bbpost_content\u00bb][\/et_pb_image][\/et_pb_column][\/et_pb_row][et_pb_row _builder_version=\u00bb4.27.0&#8243; _module_preset=\u00bbdefault\u00bb global_colors_info=\u00bb{}\u00bb theme_builder_area=\u00bbpost_content\u00bb][et_pb_column type=\u00bb4_4&#8243; _builder_version=\u00bb4.27.0&#8243; _module_preset=\u00bbdefault\u00bb global_colors_info=\u00bb{}\u00bb theme_builder_area=\u00bbpost_content\u00bb][et_pb_text _builder_version=\u00bb4.27.4&#8243; _module_preset=\u00bbdefault\u00bb hover_enabled=\u00bb0&#8243; global_colors_info=\u00bb{}\u00bb theme_builder_area=\u00bbpost_content\u00bb sticky_enabled=\u00bb0&#8243;]<\/p>\n<p><span lang=\"IT\"><strong>Sigue leyendo:<\/strong><\/span><\/p>\n<p><span lang=\"IT\">E. Vatta, <em>La collezione di reperti archeologici: tra Antico e Tardoantico nel museolum casanatense<\/em>, en <em>Rischiarare il vero, rilevare il bello. Storie e modelli di tutela e valorizzazione del patrimonio culturale<\/em>, a cura di Serafina Pennestr\u00ec, Roma, Ministero della Cultura, 2021 (<em>Notiziario del Portale Numismatico dello Stato. Serie Medaglieri italiani, 15<\/em>), p. 301-330<\/span><\/p>\n<p><span lang=\"IT\"><strong>Lee tambi\u00e9n:<\/strong><\/span><\/p>\n<p><em><a href=\"https:\/\/casanatense.cultura.gov.it\/attivita\/editoriali\/archeologia-casanatense\/\"><strong><span lang=\"IT\">Arqueolog\u00eda Casanatense<\/span><\/strong><\/a><\/em><\/p>\n<p>[\/et_pb_text][\/et_pb_column][\/et_pb_row][\/et_pb_section]<\/p>\n","protected":false},"excerpt":{"rendered":"<p>COLECCI\u00d3N ARQUEOL\u00d3GICA Caracter\u00edstica de los siglos XVII y XVIII fue una visi\u00f3n enciclop\u00e9dica de la cultura, que tambi\u00e9n se plasm\u00f3 en la creaci\u00f3n de colecciones, tanto privadas como accesibles al gran p\u00fablico, formadas por objetos de inter\u00e9s hist\u00f3rico-art\u00edstico, arqueol\u00f3gico y cient\u00edfico, as\u00ed como por curiosidades naturales y ex\u00f3ticas. A este contexto pertenec\u00edan tambi\u00e9n las actividades de los padres dominicos de S. Maria sopra Minerva, que persegu\u00edan el objetivo de aumentar los fondos bibliogr\u00e1ficos de la Biblioteca Casanatense y, al mismo tiempo, enriquecer sus colecciones en un sentido muse\u00edstico. Esta \u00faltima intenci\u00f3n fue promovida, en particular, por una serie de prefectos individuales, que destacaban entre todos los dem\u00e1s por su atracci\u00f3n personal hacia la colecci\u00f3n de objetos y hallazgos antiguos. La Biblioteca, fundada en 1701, naci\u00f3 en un contexto topogr\u00e1fico y en un momento de la historia en el que todo parec\u00eda impregnarse del redescubrimiento arqueol\u00f3gico de Roma, para revelar su antiguo y glorioso pasado. Probablemente en relaci\u00f3n con este periodo de gran efervescencia y cuando el coleccionismo alcanzaba su apogeo, pudo nacer el deseo de crear una colecci\u00f3n de objetos arqueol\u00f3gicos dentro de las colecciones casanatenses. He aqu\u00ed, pues, artefactos buccheros que dan testimonio de la cultura etrusca, que tanto [&hellip;]<\/p>\n","protected":false},"author":1,"featured_media":258730,"parent":258729,"menu_order":0,"comment_status":"closed","ping_status":"closed","template":"","meta":{"_et_pb_use_builder":"on","_et_pb_old_content":"","_et_gb_content_width":"","_price":"","_stock":"","_tribe_ticket_header":"","_tribe_default_ticket_provider":"","_tribe_ticket_capacity":"0","_ticket_start_date":"","_ticket_end_date":"","_tribe_ticket_show_description":"","_tribe_ticket_show_not_going":false,"_tribe_ticket_use_global_stock":"","_tribe_ticket_global_stock_level":"","_global_stock_mode":"","_global_stock_cap":"","_tribe_rsvp_for_event":"","_tribe_ticket_going_count":"","_tribe_ticket_not_going_count":"","_tribe_tickets_list":"[]","_tribe_ticket_has_attendee_info_fields":false,"footnotes":""},"class_list":["post-258824","page","type-page","status-publish","has-post-thumbnail","hentry"],"yoast_head":"<!-- This site is optimized with the Yoast SEO plugin v27.4 - https:\/\/yoast.com\/product\/yoast-seo-wordpress\/ -->\n<title>Colecci\u00f3n arqueol\u00f3gica - Casanatense<\/title>\n<meta name=\"robots\" content=\"index, follow, max-snippet:-1, max-image-preview:large, max-video-preview:-1\" \/>\n<link rel=\"canonical\" href=\"https:\/\/casanatense.cultura.gov.it\/es\/colecciones-del-museo\/coleccion-arqueologica\/\" \/>\n<meta property=\"og:locale\" content=\"es_ES\" \/>\n<meta property=\"og:type\" content=\"article\" \/>\n<meta property=\"og:title\" content=\"Colecci\u00f3n arqueol\u00f3gica - Casanatense\" \/>\n<meta property=\"og:description\" content=\"COLECCI\u00d3N ARQUEOL\u00d3GICA Caracter\u00edstica de los siglos XVII y XVIII fue una visi\u00f3n enciclop\u00e9dica de la cultura, que tambi\u00e9n se plasm\u00f3 en la creaci\u00f3n de colecciones, tanto privadas como accesibles al gran p\u00fablico, formadas por objetos de inter\u00e9s hist\u00f3rico-art\u00edstico, arqueol\u00f3gico y cient\u00edfico, as\u00ed como por curiosidades naturales y ex\u00f3ticas. A este contexto pertenec\u00edan tambi\u00e9n las actividades de los padres dominicos de S. Maria sopra Minerva, que persegu\u00edan el objetivo de aumentar los fondos bibliogr\u00e1ficos de la Biblioteca Casanatense y, al mismo tiempo, enriquecer sus colecciones en un sentido muse\u00edstico. Esta \u00faltima intenci\u00f3n fue promovida, en particular, por una serie de prefectos individuales, que destacaban entre todos los dem\u00e1s por su atracci\u00f3n personal hacia la colecci\u00f3n de objetos y hallazgos antiguos. La Biblioteca, fundada en 1701, naci\u00f3 en un contexto topogr\u00e1fico y en un momento de la historia en el que todo parec\u00eda impregnarse del redescubrimiento arqueol\u00f3gico de Roma, para revelar su antiguo y glorioso pasado. Probablemente en relaci\u00f3n con este periodo de gran efervescencia y cuando el coleccionismo alcanzaba su apogeo, pudo nacer el deseo de crear una colecci\u00f3n de objetos arqueol\u00f3gicos dentro de las colecciones casanatenses. He aqu\u00ed, pues, artefactos buccheros que dan testimonio de la cultura etrusca, que tanto [&hellip;]\" \/>\n<meta property=\"og:url\" content=\"https:\/\/casanatense.cultura.gov.it\/es\/colecciones-del-museo\/coleccion-arqueologica\/\" \/>\n<meta property=\"og:site_name\" content=\"Casanatense\" \/>\n<meta property=\"article:publisher\" content=\"https:\/\/it-it.facebook.com\/people\/Biblioteca-Casanatense\/100064405343454\/\" \/>\n<meta property=\"article:modified_time\" content=\"2025-02-28T12:04:43+00:00\" \/>\n<meta property=\"og:image\" content=\"https:\/\/casanatense.cultura.gov.it\/wp-content\/uploads\/2020\/04\/img_compasso_1.jpg\" \/>\n\t<meta property=\"og:image:width\" content=\"133\" \/>\n\t<meta property=\"og:image:height\" content=\"172\" \/>\n\t<meta property=\"og:image:type\" content=\"image\/jpeg\" \/>\n<meta name=\"twitter:card\" content=\"summary_large_image\" \/>\n<meta name=\"twitter:site\" content=\"@casanatense\" \/>\n<meta name=\"twitter:label1\" content=\"Tiempo de lectura\" \/>\n\t<meta name=\"twitter:data1\" content=\"5 minutos\" \/>\n<script type=\"application\/ld+json\" class=\"yoast-schema-graph\">{\"@context\":\"https:\\\/\\\/schema.org\",\"@graph\":[{\"@type\":\"WebPage\",\"@id\":\"https:\\\/\\\/casanatense.cultura.gov.it\\\/es\\\/colecciones-del-museo\\\/coleccion-arqueologica\\\/\",\"url\":\"https:\\\/\\\/casanatense.cultura.gov.it\\\/es\\\/colecciones-del-museo\\\/coleccion-arqueologica\\\/\",\"name\":\"Colecci\u00f3n arqueol\u00f3gica - Casanatense\",\"isPartOf\":{\"@id\":\"https:\\\/\\\/casanatense.cultura.gov.it\\\/es\\\/#website\"},\"primaryImageOfPage\":{\"@id\":\"https:\\\/\\\/casanatense.cultura.gov.it\\\/es\\\/colecciones-del-museo\\\/coleccion-arqueologica\\\/#primaryimage\"},\"image\":{\"@id\":\"https:\\\/\\\/casanatense.cultura.gov.it\\\/es\\\/colecciones-del-museo\\\/coleccion-arqueologica\\\/#primaryimage\"},\"thumbnailUrl\":\"https:\\\/\\\/casanatense.cultura.gov.it\\\/wp-content\\\/uploads\\\/2020\\\/04\\\/img_compasso_1.jpg\",\"datePublished\":\"2024-05-22T05:34:09+00:00\",\"dateModified\":\"2025-02-28T12:04:43+00:00\",\"breadcrumb\":{\"@id\":\"https:\\\/\\\/casanatense.cultura.gov.it\\\/es\\\/colecciones-del-museo\\\/coleccion-arqueologica\\\/#breadcrumb\"},\"inLanguage\":\"es\",\"potentialAction\":[{\"@type\":\"ReadAction\",\"target\":[\"https:\\\/\\\/casanatense.cultura.gov.it\\\/es\\\/colecciones-del-museo\\\/coleccion-arqueologica\\\/\"]}]},{\"@type\":\"ImageObject\",\"inLanguage\":\"es\",\"@id\":\"https:\\\/\\\/casanatense.cultura.gov.it\\\/es\\\/colecciones-del-museo\\\/coleccion-arqueologica\\\/#primaryimage\",\"url\":\"https:\\\/\\\/casanatense.cultura.gov.it\\\/wp-content\\\/uploads\\\/2020\\\/04\\\/img_compasso_1.jpg\",\"contentUrl\":\"https:\\\/\\\/casanatense.cultura.gov.it\\\/wp-content\\\/uploads\\\/2020\\\/04\\\/img_compasso_1.jpg\",\"width\":133,\"height\":172},{\"@type\":\"BreadcrumbList\",\"@id\":\"https:\\\/\\\/casanatense.cultura.gov.it\\\/es\\\/colecciones-del-museo\\\/coleccion-arqueologica\\\/#breadcrumb\",\"itemListElement\":[{\"@type\":\"ListItem\",\"position\":1,\"name\":\"Home\",\"item\":\"https:\\\/\\\/casanatense.cultura.gov.it\\\/es\\\/\"},{\"@type\":\"ListItem\",\"position\":2,\"name\":\"Colecciones Muse\u00edsticas\",\"item\":\"https:\\\/\\\/casanatense.cultura.gov.it\\\/es\\\/collezioni-museali\\\/\"},{\"@type\":\"ListItem\",\"position\":3,\"name\":\"Colecci\u00f3n arqueol\u00f3gica\"}]},{\"@type\":\"WebSite\",\"@id\":\"https:\\\/\\\/casanatense.cultura.gov.it\\\/es\\\/#website\",\"url\":\"https:\\\/\\\/casanatense.cultura.gov.it\\\/es\\\/\",\"name\":\"Casanatense\",\"description\":\"Il sito della Biblioteca Casanatense\",\"publisher\":{\"@id\":\"https:\\\/\\\/casanatense.cultura.gov.it\\\/es\\\/#organization\"},\"potentialAction\":[{\"@type\":\"SearchAction\",\"target\":{\"@type\":\"EntryPoint\",\"urlTemplate\":\"https:\\\/\\\/casanatense.cultura.gov.it\\\/es\\\/?s={search_term_string}\"},\"query-input\":{\"@type\":\"PropertyValueSpecification\",\"valueRequired\":true,\"valueName\":\"search_term_string\"}}],\"inLanguage\":\"es\"},{\"@type\":\"Organization\",\"@id\":\"https:\\\/\\\/casanatense.cultura.gov.it\\\/es\\\/#organization\",\"name\":\"Biblioteca Casanatense\",\"url\":\"https:\\\/\\\/casanatense.cultura.gov.it\\\/es\\\/\",\"logo\":{\"@type\":\"ImageObject\",\"inLanguage\":\"es\",\"@id\":\"https:\\\/\\\/casanatense.cultura.gov.it\\\/es\\\/#\\\/schema\\\/logo\\\/image\\\/\",\"url\":\"https:\\\/\\\/casanatense.cultura.gov.it\\\/wp-content\\\/uploads\\\/2024\\\/03\\\/logo-casanatense-mibact.png\",\"contentUrl\":\"https:\\\/\\\/casanatense.cultura.gov.it\\\/wp-content\\\/uploads\\\/2024\\\/03\\\/logo-casanatense-mibact.png\",\"width\":250,\"height\":61,\"caption\":\"Biblioteca Casanatense\"},\"image\":{\"@id\":\"https:\\\/\\\/casanatense.cultura.gov.it\\\/es\\\/#\\\/schema\\\/logo\\\/image\\\/\"},\"sameAs\":[\"https:\\\/\\\/it-it.facebook.com\\\/people\\\/Biblioteca-Casanatense\\\/100064405343454\\\/\",\"https:\\\/\\\/x.com\\\/casanatense\",\"https:\\\/\\\/instagram.com\\\/bibliotecacasanatense?igshid=5hcnozoyuuy5\"]}]}<\/script>\n<!-- \/ Yoast SEO plugin. -->","yoast_head_json":{"title":"Colecci\u00f3n arqueol\u00f3gica - Casanatense","robots":{"index":"index","follow":"follow","max-snippet":"max-snippet:-1","max-image-preview":"max-image-preview:large","max-video-preview":"max-video-preview:-1"},"canonical":"https:\/\/casanatense.cultura.gov.it\/es\/colecciones-del-museo\/coleccion-arqueologica\/","og_locale":"es_ES","og_type":"article","og_title":"Colecci\u00f3n arqueol\u00f3gica - Casanatense","og_description":"COLECCI\u00d3N ARQUEOL\u00d3GICA Caracter\u00edstica de los siglos XVII y XVIII fue una visi\u00f3n enciclop\u00e9dica de la cultura, que tambi\u00e9n se plasm\u00f3 en la creaci\u00f3n de colecciones, tanto privadas como accesibles al gran p\u00fablico, formadas por objetos de inter\u00e9s hist\u00f3rico-art\u00edstico, arqueol\u00f3gico y cient\u00edfico, as\u00ed como por curiosidades naturales y ex\u00f3ticas. A este contexto pertenec\u00edan tambi\u00e9n las actividades de los padres dominicos de S. Maria sopra Minerva, que persegu\u00edan el objetivo de aumentar los fondos bibliogr\u00e1ficos de la Biblioteca Casanatense y, al mismo tiempo, enriquecer sus colecciones en un sentido muse\u00edstico. Esta \u00faltima intenci\u00f3n fue promovida, en particular, por una serie de prefectos individuales, que destacaban entre todos los dem\u00e1s por su atracci\u00f3n personal hacia la colecci\u00f3n de objetos y hallazgos antiguos. La Biblioteca, fundada en 1701, naci\u00f3 en un contexto topogr\u00e1fico y en un momento de la historia en el que todo parec\u00eda impregnarse del redescubrimiento arqueol\u00f3gico de Roma, para revelar su antiguo y glorioso pasado. Probablemente en relaci\u00f3n con este periodo de gran efervescencia y cuando el coleccionismo alcanzaba su apogeo, pudo nacer el deseo de crear una colecci\u00f3n de objetos arqueol\u00f3gicos dentro de las colecciones casanatenses. He aqu\u00ed, pues, artefactos buccheros que dan testimonio de la cultura etrusca, que tanto [&hellip;]","og_url":"https:\/\/casanatense.cultura.gov.it\/es\/colecciones-del-museo\/coleccion-arqueologica\/","og_site_name":"Casanatense","article_publisher":"https:\/\/it-it.facebook.com\/people\/Biblioteca-Casanatense\/100064405343454\/","article_modified_time":"2025-02-28T12:04:43+00:00","og_image":[{"width":133,"height":172,"url":"https:\/\/casanatense.cultura.gov.it\/wp-content\/uploads\/2020\/04\/img_compasso_1.jpg","type":"image\/jpeg"}],"twitter_card":"summary_large_image","twitter_site":"@casanatense","twitter_misc":{"Tiempo de lectura":"5 minutos"},"schema":{"@context":"https:\/\/schema.org","@graph":[{"@type":"WebPage","@id":"https:\/\/casanatense.cultura.gov.it\/es\/colecciones-del-museo\/coleccion-arqueologica\/","url":"https:\/\/casanatense.cultura.gov.it\/es\/colecciones-del-museo\/coleccion-arqueologica\/","name":"Colecci\u00f3n arqueol\u00f3gica - Casanatense","isPartOf":{"@id":"https:\/\/casanatense.cultura.gov.it\/es\/#website"},"primaryImageOfPage":{"@id":"https:\/\/casanatense.cultura.gov.it\/es\/colecciones-del-museo\/coleccion-arqueologica\/#primaryimage"},"image":{"@id":"https:\/\/casanatense.cultura.gov.it\/es\/colecciones-del-museo\/coleccion-arqueologica\/#primaryimage"},"thumbnailUrl":"https:\/\/casanatense.cultura.gov.it\/wp-content\/uploads\/2020\/04\/img_compasso_1.jpg","datePublished":"2024-05-22T05:34:09+00:00","dateModified":"2025-02-28T12:04:43+00:00","breadcrumb":{"@id":"https:\/\/casanatense.cultura.gov.it\/es\/colecciones-del-museo\/coleccion-arqueologica\/#breadcrumb"},"inLanguage":"es","potentialAction":[{"@type":"ReadAction","target":["https:\/\/casanatense.cultura.gov.it\/es\/colecciones-del-museo\/coleccion-arqueologica\/"]}]},{"@type":"ImageObject","inLanguage":"es","@id":"https:\/\/casanatense.cultura.gov.it\/es\/colecciones-del-museo\/coleccion-arqueologica\/#primaryimage","url":"https:\/\/casanatense.cultura.gov.it\/wp-content\/uploads\/2020\/04\/img_compasso_1.jpg","contentUrl":"https:\/\/casanatense.cultura.gov.it\/wp-content\/uploads\/2020\/04\/img_compasso_1.jpg","width":133,"height":172},{"@type":"BreadcrumbList","@id":"https:\/\/casanatense.cultura.gov.it\/es\/colecciones-del-museo\/coleccion-arqueologica\/#breadcrumb","itemListElement":[{"@type":"ListItem","position":1,"name":"Home","item":"https:\/\/casanatense.cultura.gov.it\/es\/"},{"@type":"ListItem","position":2,"name":"Colecciones Muse\u00edsticas","item":"https:\/\/casanatense.cultura.gov.it\/es\/collezioni-museali\/"},{"@type":"ListItem","position":3,"name":"Colecci\u00f3n arqueol\u00f3gica"}]},{"@type":"WebSite","@id":"https:\/\/casanatense.cultura.gov.it\/es\/#website","url":"https:\/\/casanatense.cultura.gov.it\/es\/","name":"Casanatense","description":"Il sito della Biblioteca Casanatense","publisher":{"@id":"https:\/\/casanatense.cultura.gov.it\/es\/#organization"},"potentialAction":[{"@type":"SearchAction","target":{"@type":"EntryPoint","urlTemplate":"https:\/\/casanatense.cultura.gov.it\/es\/?s={search_term_string}"},"query-input":{"@type":"PropertyValueSpecification","valueRequired":true,"valueName":"search_term_string"}}],"inLanguage":"es"},{"@type":"Organization","@id":"https:\/\/casanatense.cultura.gov.it\/es\/#organization","name":"Biblioteca Casanatense","url":"https:\/\/casanatense.cultura.gov.it\/es\/","logo":{"@type":"ImageObject","inLanguage":"es","@id":"https:\/\/casanatense.cultura.gov.it\/es\/#\/schema\/logo\/image\/","url":"https:\/\/casanatense.cultura.gov.it\/wp-content\/uploads\/2024\/03\/logo-casanatense-mibact.png","contentUrl":"https:\/\/casanatense.cultura.gov.it\/wp-content\/uploads\/2024\/03\/logo-casanatense-mibact.png","width":250,"height":61,"caption":"Biblioteca Casanatense"},"image":{"@id":"https:\/\/casanatense.cultura.gov.it\/es\/#\/schema\/logo\/image\/"},"sameAs":["https:\/\/it-it.facebook.com\/people\/Biblioteca-Casanatense\/100064405343454\/","https:\/\/x.com\/casanatense","https:\/\/instagram.com\/bibliotecacasanatense?igshid=5hcnozoyuuy5"]}]}},"_links":{"self":[{"href":"https:\/\/casanatense.cultura.gov.it\/es\/wp-json\/wp\/v2\/pages\/258824","targetHints":{"allow":["GET"]}}],"collection":[{"href":"https:\/\/casanatense.cultura.gov.it\/es\/wp-json\/wp\/v2\/pages"}],"about":[{"href":"https:\/\/casanatense.cultura.gov.it\/es\/wp-json\/wp\/v2\/types\/page"}],"author":[{"embeddable":true,"href":"https:\/\/casanatense.cultura.gov.it\/es\/wp-json\/wp\/v2\/users\/1"}],"replies":[{"embeddable":true,"href":"https:\/\/casanatense.cultura.gov.it\/es\/wp-json\/wp\/v2\/comments?post=258824"}],"version-history":[{"count":6,"href":"https:\/\/casanatense.cultura.gov.it\/es\/wp-json\/wp\/v2\/pages\/258824\/revisions"}],"predecessor-version":[{"id":262483,"href":"https:\/\/casanatense.cultura.gov.it\/es\/wp-json\/wp\/v2\/pages\/258824\/revisions\/262483"}],"up":[{"embeddable":true,"href":"https:\/\/casanatense.cultura.gov.it\/es\/wp-json\/wp\/v2\/pages\/258729"}],"wp:featuredmedia":[{"embeddable":true,"href":"https:\/\/casanatense.cultura.gov.it\/es\/wp-json\/wp\/v2\/media\/258730"}],"wp:attachment":[{"href":"https:\/\/casanatense.cultura.gov.it\/es\/wp-json\/wp\/v2\/media?parent=258824"}],"curies":[{"name":"wp","href":"https:\/\/api.w.org\/{rel}","templated":true}]}}