{"id":258827,"date":"2024-05-22T07:35:26","date_gmt":"2024-05-22T05:35:26","guid":{"rendered":"https:\/\/casanatense.cultura.gov.it\/colecciones-del-museo\/coleccion-de-moldes-de-azufre-de-gemas-antiguas\/"},"modified":"2025-02-28T12:40:32","modified_gmt":"2025-02-28T11:40:32","slug":"coleccion-de-moldes-de-azufre-de-gemas-antiguas","status":"publish","type":"page","link":"https:\/\/casanatense.cultura.gov.it\/es\/colecciones-del-museo\/coleccion-de-moldes-de-azufre-de-gemas-antiguas\/","title":{"rendered":"Colecci\u00f3n de moldes de azufre de gemas antiguas"},"content":{"rendered":"<p>[et_pb_section fb_built=\u00bb1&#8243; admin_label=\u00bbsection\u00bb _builder_version=\u00bb4.16&#8243; custom_padding=\u00bb6px|||||\u00bb da_disable_devices=\u00bboff|off|off\u00bb global_colors_info=\u00bb{}\u00bb theme_builder_area=\u00bbpost_content\u00bb da_is_popup=\u00bboff\u00bb da_exit_intent=\u00bboff\u00bb da_has_close=\u00bbon\u00bb da_alt_close=\u00bboff\u00bb da_dark_close=\u00bboff\u00bb da_not_modal=\u00bbon\u00bb da_is_singular=\u00bboff\u00bb da_with_loader=\u00bboff\u00bb da_has_shadow=\u00bbon\u00bb][et_pb_row admin_label=\u00bbrow\u00bb _builder_version=\u00bb4.16&#8243; background_size=\u00bbinitial\u00bb background_position=\u00bbtop_left\u00bb background_repeat=\u00bbrepeat\u00bb global_colors_info=\u00bb{}\u00bb theme_builder_area=\u00bbpost_content\u00bb][et_pb_column type=\u00bb4_4&#8243; _builder_version=\u00bb4.16&#8243; custom_padding=\u00bb|||\u00bb global_colors_info=\u00bb{}\u00bb custom_padding__hover=\u00bb|||\u00bb theme_builder_area=\u00bbpost_content\u00bb][et_pb_text admin_label=\u00bbText\u00bb _builder_version=\u00bb4.27.0&#8243; background_size=\u00bbinitial\u00bb background_position=\u00bbtop_left\u00bb background_repeat=\u00bbrepeat\u00bb global_colors_info=\u00bb{}\u00bb theme_builder_area=\u00bbpost_content\u00bb]<\/p>\n<h3><span lang=\"IT\"><strong>COLECCI\u00d3N DE AZUFRE VENDIDOS DE GEMAS ANTIGUAS<\/strong><o:p><\/o:p><\/span><\/h3>\n<p><span lang=\"IT\"><\/span><\/p>\n<p><span lang=\"IT\">La Biblioteca Casanatense posee una colecci\u00f3n de huellas de azufre rojo de gemas antiguas adquiridas entre los a\u00f1os 1768-1769. Hay 875 huellas f\u00edsicamente presentes conservadas dentro de quince estantes de madera, apiladas para formar un peque\u00f1o gabinete. <o:p><\/o:p><\/span><\/p>\n<p class=\"Standard\"><span lang=\"IT\">El manuscrito del cat\u00e1logo de ventas, conservado en casanatense, contiene informaci\u00f3n relativa a 881 estampas, proporcionando en raros casos informaci\u00f3n sobre la presunta procedencia de la gema original con la que se realiz\u00f3 el molde, con referencia a los grabadores y al propio material. Para la elaboraci\u00f3n del cat\u00e1logo se esboza una lista de temas, divididos en seis grandes grupos: \u00abFiguras, retratos de dioses y diosas\u00bb, \u00abHistoria\u00bb, \u00abFil\u00f3sofos, poetas y oradores\u00bb, \u00abReyes de Macedonia y Egipto\u00bb, \u201cC\u00f3nsules, emperadores y emperatrices romanos\u201d, \u201cMiscel\u00e1nea\u201d. <\/span><\/p>\n<p><span lang=\"IT\">Una anotaci\u00f3n en el manuscrito indica el lugar donde se adquiri\u00f3 la colecci\u00f3n: se trata del taller de Gerolamo Gioni, ubicado en via del Corso, en el bloque entre via Frattina y via della Vite.<o:p><\/o:p><\/span><\/p>\n<p>[\/et_pb_text][\/et_pb_column][\/et_pb_row][et_pb_row column_structure=\u00bb1_2,1_2&#8243; _builder_version=\u00bb4.27.0&#8243; _module_preset=\u00bbdefault\u00bb global_colors_info=\u00bb{}\u00bb theme_builder_area=\u00bbpost_content\u00bb][et_pb_column type=\u00bb1_2&#8243; _builder_version=\u00bb4.27.0&#8243; _module_preset=\u00bbdefault\u00bb global_colors_info=\u00bb{}\u00bb theme_builder_area=\u00bbpost_content\u00bb][et_pb_text _builder_version=\u00bb4.27.0&#8243; _module_preset=\u00bbdefault\u00bb global_colors_info=\u00bb{}\u00bb theme_builder_area=\u00bbpost_content\u00bb]<\/p>\n<p>La colecci\u00f3n de moldes de gemas antiguas es un claro testimonio del clima cultural que debi\u00f3 existir en la Roma del siglo XVIII. Quien hubiera ido all\u00ed habr\u00eda tenido la oportunidad de llevarse un pedacito de ese clasicismo tan buscado. Un souvenir compacto, culto y fuertemente caracterizado gracias a peculiares iconograf\u00edas del mundo cl\u00e1sico.  <\/p>\n<p>[\/et_pb_text][\/et_pb_column][et_pb_column type=\u00bb1_2&#8243; _builder_version=\u00bb4.27.0&#8243; _module_preset=\u00bbdefault\u00bb global_colors_info=\u00bb{}\u00bb theme_builder_area=\u00bbpost_content\u00bb][et_pb_image src=\u00bbhttp:\/\/casanatense.cultura.gov.it\/wp-content\/uploads\/2024\/05\/zolfi-sw.jpg\u00bb title_text=\u00bbcalchi in zolfo\u00bb show_in_lightbox=\u00bbon\u00bb _builder_version=\u00bb4.27.0&#8243; _module_preset=\u00bbdefault\u00bb width=\u00bb59%\u00bb custom_margin=\u00bb|||29px|false|false\u00bb border_radii=\u00bbon|5px|5px|5px|5px\u00bb box_shadow_style=\u00bbpreset2&#8243; global_colors_info=\u00bb{}\u00bb theme_builder_area=\u00bbpost_content\u00bb][\/et_pb_image][\/et_pb_column][\/et_pb_row][et_pb_row _builder_version=\u00bb4.27.0&#8243; _module_preset=\u00bbdefault\u00bb global_colors_info=\u00bb{}\u00bb theme_builder_area=\u00bbpost_content\u00bb][et_pb_column type=\u00bb4_4&#8243; _builder_version=\u00bb4.27.0&#8243; _module_preset=\u00bbdefault\u00bb global_colors_info=\u00bb{}\u00bb theme_builder_area=\u00bbpost_content\u00bb][et_pb_text _builder_version=\u00bb4.27.4&#8243; _module_preset=\u00bbdefault\u00bb hover_enabled=\u00bb0&#8243; global_colors_info=\u00bb{}\u00bb theme_builder_area=\u00bbpost_content\u00bb sticky_enabled=\u00bb0&#8243;]<\/p>\n<p>Entre mediados del siglo XVIII y XIX, los maestros talladores parecieron responder a las modas y necesidades de la \u00e9poca, volviendo la mirada hacia el pasado, a los grandes temas de la antig\u00fcedad grecorromana, a fil\u00f3sofos y personajes hist\u00f3ricos capaces de haza\u00f1as y ejemplos memorables. virtutis.<\/p>\n<p>El mundo del mito, con su riqueza y su poder evocador, seguir\u00e1 siendo durante al menos un siglo m\u00e1s el v\u00ednculo m\u00e1s fuerte y continuo con un pasado que hay que redescubrir, imitar y recordar, hasta el punto de que incluso los retratos de personajes contempor\u00e1neos ser\u00e1n ejecutados en la manera antigua.<\/p>\n<p>&nbsp;<\/p>\n<p><strong>Sigue leyendo:<\/strong><\/p>\n<p>P. Apolito, <em>La collezione degli zolfi di gemme antiche della Biblioteca Casanatense<\/em>, en <em>Rischiarare il vero, rilevare il bello. Storie e modelli di tutela e valorizzazione del patrimonio culturale<\/em>, a cura di Serafina Pennestr\u00ec, Roma, Ministero della Cultura, 2021 (<em>Notiziario del Portale Numismatico dello Stato. Serie Medaglieri italiani, 15<\/em>), p. 331-400<\/p>\n<p>[\/et_pb_text][\/et_pb_column][\/et_pb_row][\/et_pb_section]<\/p>\n","protected":false},"excerpt":{"rendered":"<p>COLECCI\u00d3N DE AZUFRE VENDIDOS DE GEMAS ANTIGUAS La Biblioteca Casanatense posee una colecci\u00f3n de huellas de azufre rojo de gemas antiguas adquiridas entre los a\u00f1os 1768-1769. Hay 875 huellas f\u00edsicamente presentes conservadas dentro de quince estantes de madera, apiladas para formar un peque\u00f1o gabinete. El manuscrito del cat\u00e1logo de ventas, conservado en casanatense, contiene informaci\u00f3n relativa a 881 estampas, proporcionando en raros casos informaci\u00f3n sobre la presunta procedencia de la gema original con la que se realiz\u00f3 el molde, con referencia a los grabadores y al propio material. Para la elaboraci\u00f3n del cat\u00e1logo se esboza una lista de temas, divididos en seis grandes grupos: \u00abFiguras, retratos de dioses y diosas\u00bb, \u00abHistoria\u00bb, \u00abFil\u00f3sofos, poetas y oradores\u00bb, \u00abReyes de Macedonia y Egipto\u00bb, \u201cC\u00f3nsules, emperadores y emperatrices romanos\u201d, \u201cMiscel\u00e1nea\u201d. Una anotaci\u00f3n en el manuscrito indica el lugar donde se adquiri\u00f3 la colecci\u00f3n: se trata del taller de Gerolamo Gioni, ubicado en via del Corso, en el bloque entre via Frattina y via della Vite.La colecci\u00f3n de moldes de gemas antiguas es un claro testimonio del clima cultural que debi\u00f3 existir en la Roma del siglo XVIII. Quien hubiera ido all\u00ed habr\u00eda tenido la oportunidad de llevarse un pedacito de ese clasicismo tan buscado. [&hellip;]<\/p>\n","protected":false},"author":1,"featured_media":258730,"parent":258729,"menu_order":0,"comment_status":"closed","ping_status":"closed","template":"","meta":{"_et_pb_use_builder":"on","_et_pb_old_content":"","_et_gb_content_width":"","_price":"","_stock":"","_tribe_ticket_header":"","_tribe_default_ticket_provider":"","_tribe_ticket_capacity":"0","_ticket_start_date":"","_ticket_end_date":"","_tribe_ticket_show_description":"","_tribe_ticket_show_not_going":false,"_tribe_ticket_use_global_stock":"","_tribe_ticket_global_stock_level":"","_global_stock_mode":"","_global_stock_cap":"","_tribe_rsvp_for_event":"","_tribe_ticket_going_count":"","_tribe_ticket_not_going_count":"","_tribe_tickets_list":"[]","_tribe_ticket_has_attendee_info_fields":false,"footnotes":""},"class_list":["post-258827","page","type-page","status-publish","has-post-thumbnail","hentry"],"yoast_head":"<!-- This site is optimized with the Yoast SEO plugin v27.4 - https:\/\/yoast.com\/product\/yoast-seo-wordpress\/ -->\n<title>Colecci\u00f3n de moldes de azufre de gemas antiguas - Casanatense<\/title>\n<meta name=\"robots\" content=\"index, follow, max-snippet:-1, max-image-preview:large, max-video-preview:-1\" \/>\n<link rel=\"canonical\" href=\"https:\/\/casanatense.cultura.gov.it\/es\/colecciones-del-museo\/coleccion-de-moldes-de-azufre-de-gemas-antiguas\/\" \/>\n<meta property=\"og:locale\" content=\"es_ES\" \/>\n<meta property=\"og:type\" content=\"article\" \/>\n<meta property=\"og:title\" content=\"Colecci\u00f3n de moldes de azufre de gemas antiguas - Casanatense\" \/>\n<meta property=\"og:description\" content=\"COLECCI\u00d3N DE AZUFRE VENDIDOS DE GEMAS ANTIGUAS La Biblioteca Casanatense posee una colecci\u00f3n de huellas de azufre rojo de gemas antiguas adquiridas entre los a\u00f1os 1768-1769. Hay 875 huellas f\u00edsicamente presentes conservadas dentro de quince estantes de madera, apiladas para formar un peque\u00f1o gabinete. El manuscrito del cat\u00e1logo de ventas, conservado en casanatense, contiene informaci\u00f3n relativa a 881 estampas, proporcionando en raros casos informaci\u00f3n sobre la presunta procedencia de la gema original con la que se realiz\u00f3 el molde, con referencia a los grabadores y al propio material. Para la elaboraci\u00f3n del cat\u00e1logo se esboza una lista de temas, divididos en seis grandes grupos: &quot;Figuras, retratos de dioses y diosas&quot;, &quot;Historia&quot;, &quot;Fil\u00f3sofos, poetas y oradores&quot;, &quot;Reyes de Macedonia y Egipto&quot;, \u201cC\u00f3nsules, emperadores y emperatrices romanos\u201d, \u201cMiscel\u00e1nea\u201d. Una anotaci\u00f3n en el manuscrito indica el lugar donde se adquiri\u00f3 la colecci\u00f3n: se trata del taller de Gerolamo Gioni, ubicado en via del Corso, en el bloque entre via Frattina y via della Vite.La colecci\u00f3n de moldes de gemas antiguas es un claro testimonio del clima cultural que debi\u00f3 existir en la Roma del siglo XVIII. Quien hubiera ido all\u00ed habr\u00eda tenido la oportunidad de llevarse un pedacito de ese clasicismo tan buscado. [&hellip;]\" \/>\n<meta property=\"og:url\" content=\"https:\/\/casanatense.cultura.gov.it\/es\/colecciones-del-museo\/coleccion-de-moldes-de-azufre-de-gemas-antiguas\/\" \/>\n<meta property=\"og:site_name\" content=\"Casanatense\" \/>\n<meta property=\"article:publisher\" content=\"https:\/\/it-it.facebook.com\/people\/Biblioteca-Casanatense\/100064405343454\/\" \/>\n<meta property=\"article:modified_time\" content=\"2025-02-28T11:40:32+00:00\" \/>\n<meta property=\"og:image\" content=\"https:\/\/casanatense.cultura.gov.it\/wp-content\/uploads\/2020\/04\/img_compasso_1.jpg\" \/>\n\t<meta property=\"og:image:width\" content=\"133\" \/>\n\t<meta property=\"og:image:height\" content=\"172\" \/>\n\t<meta property=\"og:image:type\" content=\"image\/jpeg\" \/>\n<meta name=\"twitter:card\" content=\"summary_large_image\" \/>\n<meta name=\"twitter:site\" content=\"@casanatense\" \/>\n<meta name=\"twitter:label1\" content=\"Tiempo de lectura\" \/>\n\t<meta name=\"twitter:data1\" content=\"4 minutos\" \/>\n<script type=\"application\/ld+json\" class=\"yoast-schema-graph\">{\"@context\":\"https:\\\/\\\/schema.org\",\"@graph\":[{\"@type\":\"WebPage\",\"@id\":\"https:\\\/\\\/casanatense.cultura.gov.it\\\/es\\\/colecciones-del-museo\\\/coleccion-de-moldes-de-azufre-de-gemas-antiguas\\\/\",\"url\":\"https:\\\/\\\/casanatense.cultura.gov.it\\\/es\\\/colecciones-del-museo\\\/coleccion-de-moldes-de-azufre-de-gemas-antiguas\\\/\",\"name\":\"Colecci\u00f3n de moldes de azufre de gemas antiguas - Casanatense\",\"isPartOf\":{\"@id\":\"https:\\\/\\\/casanatense.cultura.gov.it\\\/es\\\/#website\"},\"primaryImageOfPage\":{\"@id\":\"https:\\\/\\\/casanatense.cultura.gov.it\\\/es\\\/colecciones-del-museo\\\/coleccion-de-moldes-de-azufre-de-gemas-antiguas\\\/#primaryimage\"},\"image\":{\"@id\":\"https:\\\/\\\/casanatense.cultura.gov.it\\\/es\\\/colecciones-del-museo\\\/coleccion-de-moldes-de-azufre-de-gemas-antiguas\\\/#primaryimage\"},\"thumbnailUrl\":\"https:\\\/\\\/casanatense.cultura.gov.it\\\/wp-content\\\/uploads\\\/2020\\\/04\\\/img_compasso_1.jpg\",\"datePublished\":\"2024-05-22T05:35:26+00:00\",\"dateModified\":\"2025-02-28T11:40:32+00:00\",\"breadcrumb\":{\"@id\":\"https:\\\/\\\/casanatense.cultura.gov.it\\\/es\\\/colecciones-del-museo\\\/coleccion-de-moldes-de-azufre-de-gemas-antiguas\\\/#breadcrumb\"},\"inLanguage\":\"es\",\"potentialAction\":[{\"@type\":\"ReadAction\",\"target\":[\"https:\\\/\\\/casanatense.cultura.gov.it\\\/es\\\/colecciones-del-museo\\\/coleccion-de-moldes-de-azufre-de-gemas-antiguas\\\/\"]}]},{\"@type\":\"ImageObject\",\"inLanguage\":\"es\",\"@id\":\"https:\\\/\\\/casanatense.cultura.gov.it\\\/es\\\/colecciones-del-museo\\\/coleccion-de-moldes-de-azufre-de-gemas-antiguas\\\/#primaryimage\",\"url\":\"https:\\\/\\\/casanatense.cultura.gov.it\\\/wp-content\\\/uploads\\\/2020\\\/04\\\/img_compasso_1.jpg\",\"contentUrl\":\"https:\\\/\\\/casanatense.cultura.gov.it\\\/wp-content\\\/uploads\\\/2020\\\/04\\\/img_compasso_1.jpg\",\"width\":133,\"height\":172},{\"@type\":\"BreadcrumbList\",\"@id\":\"https:\\\/\\\/casanatense.cultura.gov.it\\\/es\\\/colecciones-del-museo\\\/coleccion-de-moldes-de-azufre-de-gemas-antiguas\\\/#breadcrumb\",\"itemListElement\":[{\"@type\":\"ListItem\",\"position\":1,\"name\":\"Home\",\"item\":\"https:\\\/\\\/casanatense.cultura.gov.it\\\/es\\\/\"},{\"@type\":\"ListItem\",\"position\":2,\"name\":\"Colecciones Muse\u00edsticas\",\"item\":\"https:\\\/\\\/casanatense.cultura.gov.it\\\/es\\\/collezioni-museali\\\/\"},{\"@type\":\"ListItem\",\"position\":3,\"name\":\"Colecci\u00f3n de moldes de azufre de gemas antiguas\"}]},{\"@type\":\"WebSite\",\"@id\":\"https:\\\/\\\/casanatense.cultura.gov.it\\\/es\\\/#website\",\"url\":\"https:\\\/\\\/casanatense.cultura.gov.it\\\/es\\\/\",\"name\":\"Casanatense\",\"description\":\"Il sito della Biblioteca Casanatense\",\"publisher\":{\"@id\":\"https:\\\/\\\/casanatense.cultura.gov.it\\\/es\\\/#organization\"},\"potentialAction\":[{\"@type\":\"SearchAction\",\"target\":{\"@type\":\"EntryPoint\",\"urlTemplate\":\"https:\\\/\\\/casanatense.cultura.gov.it\\\/es\\\/?s={search_term_string}\"},\"query-input\":{\"@type\":\"PropertyValueSpecification\",\"valueRequired\":true,\"valueName\":\"search_term_string\"}}],\"inLanguage\":\"es\"},{\"@type\":\"Organization\",\"@id\":\"https:\\\/\\\/casanatense.cultura.gov.it\\\/es\\\/#organization\",\"name\":\"Biblioteca Casanatense\",\"url\":\"https:\\\/\\\/casanatense.cultura.gov.it\\\/es\\\/\",\"logo\":{\"@type\":\"ImageObject\",\"inLanguage\":\"es\",\"@id\":\"https:\\\/\\\/casanatense.cultura.gov.it\\\/es\\\/#\\\/schema\\\/logo\\\/image\\\/\",\"url\":\"https:\\\/\\\/casanatense.cultura.gov.it\\\/wp-content\\\/uploads\\\/2024\\\/03\\\/logo-casanatense-mibact.png\",\"contentUrl\":\"https:\\\/\\\/casanatense.cultura.gov.it\\\/wp-content\\\/uploads\\\/2024\\\/03\\\/logo-casanatense-mibact.png\",\"width\":250,\"height\":61,\"caption\":\"Biblioteca Casanatense\"},\"image\":{\"@id\":\"https:\\\/\\\/casanatense.cultura.gov.it\\\/es\\\/#\\\/schema\\\/logo\\\/image\\\/\"},\"sameAs\":[\"https:\\\/\\\/it-it.facebook.com\\\/people\\\/Biblioteca-Casanatense\\\/100064405343454\\\/\",\"https:\\\/\\\/x.com\\\/casanatense\",\"https:\\\/\\\/instagram.com\\\/bibliotecacasanatense?igshid=5hcnozoyuuy5\"]}]}<\/script>\n<!-- \/ Yoast SEO plugin. -->","yoast_head_json":{"title":"Colecci\u00f3n de moldes de azufre de gemas antiguas - Casanatense","robots":{"index":"index","follow":"follow","max-snippet":"max-snippet:-1","max-image-preview":"max-image-preview:large","max-video-preview":"max-video-preview:-1"},"canonical":"https:\/\/casanatense.cultura.gov.it\/es\/colecciones-del-museo\/coleccion-de-moldes-de-azufre-de-gemas-antiguas\/","og_locale":"es_ES","og_type":"article","og_title":"Colecci\u00f3n de moldes de azufre de gemas antiguas - Casanatense","og_description":"COLECCI\u00d3N DE AZUFRE VENDIDOS DE GEMAS ANTIGUAS La Biblioteca Casanatense posee una colecci\u00f3n de huellas de azufre rojo de gemas antiguas adquiridas entre los a\u00f1os 1768-1769. Hay 875 huellas f\u00edsicamente presentes conservadas dentro de quince estantes de madera, apiladas para formar un peque\u00f1o gabinete. El manuscrito del cat\u00e1logo de ventas, conservado en casanatense, contiene informaci\u00f3n relativa a 881 estampas, proporcionando en raros casos informaci\u00f3n sobre la presunta procedencia de la gema original con la que se realiz\u00f3 el molde, con referencia a los grabadores y al propio material. Para la elaboraci\u00f3n del cat\u00e1logo se esboza una lista de temas, divididos en seis grandes grupos: \"Figuras, retratos de dioses y diosas\", \"Historia\", \"Fil\u00f3sofos, poetas y oradores\", \"Reyes de Macedonia y Egipto\", \u201cC\u00f3nsules, emperadores y emperatrices romanos\u201d, \u201cMiscel\u00e1nea\u201d. Una anotaci\u00f3n en el manuscrito indica el lugar donde se adquiri\u00f3 la colecci\u00f3n: se trata del taller de Gerolamo Gioni, ubicado en via del Corso, en el bloque entre via Frattina y via della Vite.La colecci\u00f3n de moldes de gemas antiguas es un claro testimonio del clima cultural que debi\u00f3 existir en la Roma del siglo XVIII. Quien hubiera ido all\u00ed habr\u00eda tenido la oportunidad de llevarse un pedacito de ese clasicismo tan buscado. [&hellip;]","og_url":"https:\/\/casanatense.cultura.gov.it\/es\/colecciones-del-museo\/coleccion-de-moldes-de-azufre-de-gemas-antiguas\/","og_site_name":"Casanatense","article_publisher":"https:\/\/it-it.facebook.com\/people\/Biblioteca-Casanatense\/100064405343454\/","article_modified_time":"2025-02-28T11:40:32+00:00","og_image":[{"width":133,"height":172,"url":"https:\/\/casanatense.cultura.gov.it\/wp-content\/uploads\/2020\/04\/img_compasso_1.jpg","type":"image\/jpeg"}],"twitter_card":"summary_large_image","twitter_site":"@casanatense","twitter_misc":{"Tiempo de lectura":"4 minutos"},"schema":{"@context":"https:\/\/schema.org","@graph":[{"@type":"WebPage","@id":"https:\/\/casanatense.cultura.gov.it\/es\/colecciones-del-museo\/coleccion-de-moldes-de-azufre-de-gemas-antiguas\/","url":"https:\/\/casanatense.cultura.gov.it\/es\/colecciones-del-museo\/coleccion-de-moldes-de-azufre-de-gemas-antiguas\/","name":"Colecci\u00f3n de moldes de azufre de gemas antiguas - Casanatense","isPartOf":{"@id":"https:\/\/casanatense.cultura.gov.it\/es\/#website"},"primaryImageOfPage":{"@id":"https:\/\/casanatense.cultura.gov.it\/es\/colecciones-del-museo\/coleccion-de-moldes-de-azufre-de-gemas-antiguas\/#primaryimage"},"image":{"@id":"https:\/\/casanatense.cultura.gov.it\/es\/colecciones-del-museo\/coleccion-de-moldes-de-azufre-de-gemas-antiguas\/#primaryimage"},"thumbnailUrl":"https:\/\/casanatense.cultura.gov.it\/wp-content\/uploads\/2020\/04\/img_compasso_1.jpg","datePublished":"2024-05-22T05:35:26+00:00","dateModified":"2025-02-28T11:40:32+00:00","breadcrumb":{"@id":"https:\/\/casanatense.cultura.gov.it\/es\/colecciones-del-museo\/coleccion-de-moldes-de-azufre-de-gemas-antiguas\/#breadcrumb"},"inLanguage":"es","potentialAction":[{"@type":"ReadAction","target":["https:\/\/casanatense.cultura.gov.it\/es\/colecciones-del-museo\/coleccion-de-moldes-de-azufre-de-gemas-antiguas\/"]}]},{"@type":"ImageObject","inLanguage":"es","@id":"https:\/\/casanatense.cultura.gov.it\/es\/colecciones-del-museo\/coleccion-de-moldes-de-azufre-de-gemas-antiguas\/#primaryimage","url":"https:\/\/casanatense.cultura.gov.it\/wp-content\/uploads\/2020\/04\/img_compasso_1.jpg","contentUrl":"https:\/\/casanatense.cultura.gov.it\/wp-content\/uploads\/2020\/04\/img_compasso_1.jpg","width":133,"height":172},{"@type":"BreadcrumbList","@id":"https:\/\/casanatense.cultura.gov.it\/es\/colecciones-del-museo\/coleccion-de-moldes-de-azufre-de-gemas-antiguas\/#breadcrumb","itemListElement":[{"@type":"ListItem","position":1,"name":"Home","item":"https:\/\/casanatense.cultura.gov.it\/es\/"},{"@type":"ListItem","position":2,"name":"Colecciones Muse\u00edsticas","item":"https:\/\/casanatense.cultura.gov.it\/es\/collezioni-museali\/"},{"@type":"ListItem","position":3,"name":"Colecci\u00f3n de moldes de azufre de gemas antiguas"}]},{"@type":"WebSite","@id":"https:\/\/casanatense.cultura.gov.it\/es\/#website","url":"https:\/\/casanatense.cultura.gov.it\/es\/","name":"Casanatense","description":"Il sito della Biblioteca Casanatense","publisher":{"@id":"https:\/\/casanatense.cultura.gov.it\/es\/#organization"},"potentialAction":[{"@type":"SearchAction","target":{"@type":"EntryPoint","urlTemplate":"https:\/\/casanatense.cultura.gov.it\/es\/?s={search_term_string}"},"query-input":{"@type":"PropertyValueSpecification","valueRequired":true,"valueName":"search_term_string"}}],"inLanguage":"es"},{"@type":"Organization","@id":"https:\/\/casanatense.cultura.gov.it\/es\/#organization","name":"Biblioteca Casanatense","url":"https:\/\/casanatense.cultura.gov.it\/es\/","logo":{"@type":"ImageObject","inLanguage":"es","@id":"https:\/\/casanatense.cultura.gov.it\/es\/#\/schema\/logo\/image\/","url":"https:\/\/casanatense.cultura.gov.it\/wp-content\/uploads\/2024\/03\/logo-casanatense-mibact.png","contentUrl":"https:\/\/casanatense.cultura.gov.it\/wp-content\/uploads\/2024\/03\/logo-casanatense-mibact.png","width":250,"height":61,"caption":"Biblioteca Casanatense"},"image":{"@id":"https:\/\/casanatense.cultura.gov.it\/es\/#\/schema\/logo\/image\/"},"sameAs":["https:\/\/it-it.facebook.com\/people\/Biblioteca-Casanatense\/100064405343454\/","https:\/\/x.com\/casanatense","https:\/\/instagram.com\/bibliotecacasanatense?igshid=5hcnozoyuuy5"]}]}},"_links":{"self":[{"href":"https:\/\/casanatense.cultura.gov.it\/es\/wp-json\/wp\/v2\/pages\/258827","targetHints":{"allow":["GET"]}}],"collection":[{"href":"https:\/\/casanatense.cultura.gov.it\/es\/wp-json\/wp\/v2\/pages"}],"about":[{"href":"https:\/\/casanatense.cultura.gov.it\/es\/wp-json\/wp\/v2\/types\/page"}],"author":[{"embeddable":true,"href":"https:\/\/casanatense.cultura.gov.it\/es\/wp-json\/wp\/v2\/users\/1"}],"replies":[{"embeddable":true,"href":"https:\/\/casanatense.cultura.gov.it\/es\/wp-json\/wp\/v2\/comments?post=258827"}],"version-history":[{"count":5,"href":"https:\/\/casanatense.cultura.gov.it\/es\/wp-json\/wp\/v2\/pages\/258827\/revisions"}],"predecessor-version":[{"id":262476,"href":"https:\/\/casanatense.cultura.gov.it\/es\/wp-json\/wp\/v2\/pages\/258827\/revisions\/262476"}],"up":[{"embeddable":true,"href":"https:\/\/casanatense.cultura.gov.it\/es\/wp-json\/wp\/v2\/pages\/258729"}],"wp:featuredmedia":[{"embeddable":true,"href":"https:\/\/casanatense.cultura.gov.it\/es\/wp-json\/wp\/v2\/media\/258730"}],"wp:attachment":[{"href":"https:\/\/casanatense.cultura.gov.it\/es\/wp-json\/wp\/v2\/media?parent=258827"}],"curies":[{"name":"wp","href":"https:\/\/api.w.org\/{rel}","templated":true}]}}