{"id":258830,"date":"2024-05-22T07:33:23","date_gmt":"2024-05-22T05:33:23","guid":{"rendered":"https:\/\/casanatense.cultura.gov.it\/colecciones-del-museo\/coleccion-numismatica\/"},"modified":"2025-03-31T09:25:06","modified_gmt":"2025-03-31T07:25:06","slug":"coleccion-numismatica","status":"publish","type":"page","link":"https:\/\/casanatense.cultura.gov.it\/es\/colecciones-del-museo\/coleccion-numismatica\/","title":{"rendered":"Colecci\u00f3n numism\u00e1tica"},"content":{"rendered":"<p>[et_pb_section fb_built=\u00bb1&#8243; admin_label=\u00bbsection\u00bb _builder_version=\u00bb4.16&#8243; custom_padding=\u00bb6px|||||\u00bb da_disable_devices=\u00bboff|off|off\u00bb global_colors_info=\u00bb{}\u00bb theme_builder_area=\u00bbpost_content\u00bb da_is_popup=\u00bboff\u00bb da_exit_intent=\u00bboff\u00bb da_has_close=\u00bbon\u00bb da_alt_close=\u00bboff\u00bb da_dark_close=\u00bboff\u00bb da_not_modal=\u00bbon\u00bb da_is_singular=\u00bboff\u00bb da_with_loader=\u00bboff\u00bb da_has_shadow=\u00bbon\u00bb][et_pb_row admin_label=\u00bbrow\u00bb _builder_version=\u00bb4.16&#8243; background_size=\u00bbinitial\u00bb background_position=\u00bbtop_left\u00bb background_repeat=\u00bbrepeat\u00bb global_colors_info=\u00bb{}\u00bb theme_builder_area=\u00bbpost_content\u00bb][et_pb_column type=\u00bb4_4&#8243; _builder_version=\u00bb4.16&#8243; custom_padding=\u00bb|||\u00bb global_colors_info=\u00bb{}\u00bb custom_padding__hover=\u00bb|||\u00bb theme_builder_area=\u00bbpost_content\u00bb][et_pb_text admin_label=\u00bbText\u00bb _builder_version=\u00bb4.27.0&#8243; background_size=\u00bbinitial\u00bb background_position=\u00bbtop_left\u00bb background_repeat=\u00bbrepeat\u00bb custom_padding=\u00bb||0px|||\u00bb global_colors_info=\u00bb{}\u00bb theme_builder_area=\u00bbpost_content\u00bb]<\/p>\n<h3 class=\"Standard\"><strong>COLECCI\u00d3N NUMISM\u00c1TICA<\/strong><\/h3>\n<p><span lang=\"IT\"><\/span><\/p>\n<p><span lang=\"IT\">La primera pieza que constituy\u00f3 el acto fundacional de la colecci\u00f3n numism\u00e1tica fue la compra, por la suma de 30 escudos, de medallas antiguas, a las que, con compras y donaciones a lo largo del tiempo, se fueron sumando todos los elementos distintivos de la colecci\u00f3n. Estos intercambios, si se estudian y analizan en su din\u00e1mica, nos dan con gran detalle el pulso del coleccionismo de la \u00e9poca (siglos XVIII-XIX), de la compra y venta de antig\u00fcedades y \u00absouvenirs\u00bb relacionados. <\/span><\/p>\n<p class=\"Standard\"><span lang=\"IT\">En 1782, ante el notable aumento de la colecci\u00f3n numism\u00e1tica, el padre Giovanni Battista Audiffredi (1714-1794) hizo hacer a modo de recipiente un expositor de medallas de madera, en el que hizo colocar la inscripci\u00f3n en memoria del arzobispo de Ragusa Giacinto Maria Milcovich (1690). &#8211; 1756). Su donaci\u00f3n constituy\u00f3 una de las aportaciones fundamentales a la prosperidad de la colecci\u00f3n, enriqueci\u00e9ndola con m\u00e1s de cuatrocientas monedas antiguas. <\/span><\/p>\n<p class=\"Standard\"><span lang=\"IT\">La llegada de la Rep\u00fablica Romana (1798-1799) hab\u00eda provocado una primera mutilaci\u00f3n de las colecciones: con la ocupaci\u00f3n francesa se entregaron obras valiosas, posteriormente llevadas a Par\u00eds, y la casanatense se encontr\u00f3 en graves dificultades que indujeron al padre Giacomo Magno (prefecto de 1798 a 1840) \u00abcon muy grave pesar vender algunas medallas de oro que se encontraban en el peque\u00f1o museo\u00bb. Entre los primeros hallazgos numism\u00e1ticos puestos a la venta debi\u00f3 figurar la preciosa moneda de oro de Gneo Domizio Enobarbus, descrita por el propio Audiffredi en el ap\u00e9ndice de su obra, impresa en Roma en 1762,  <em>Transitus Veneris ante Solem observati apud PP. S. Mariae super Minervam VI Junii MDCCLXI. Expositio historico-astronomica <\/em>. <em>Accedit descriptio aurei nummi<\/em> <em>Cn. Domitii Ahenobarbi <\/em><\/span><span lang=\"IT\">.<\/span><\/p>\n<p>[\/et_pb_text][\/et_pb_column][\/et_pb_row][et_pb_row column_structure=\u00bb2_5,3_5&#8243; _builder_version=\u00bb4.27.0&#8243; _module_preset=\u00bbdefault\u00bb global_colors_info=\u00bb{}\u00bb theme_builder_area=\u00bbpost_content\u00bb][et_pb_column type=\u00bb2_5&#8243; _builder_version=\u00bb4.27.0&#8243; _module_preset=\u00bbdefault\u00bb global_colors_info=\u00bb{}\u00bb theme_builder_area=\u00bbpost_content\u00bb][et_pb_image src=\u00bbhttp:\/\/casanatense.cultura.gov.it\/wp-content\/uploads\/2024\/07\/20240725_122629.jpg\u00bb title_text=\u00bb20240725_122629&#8243; show_in_lightbox=\u00bbon\u00bb _builder_version=\u00bb4.27.0&#8243; _module_preset=\u00bbdefault\u00bb custom_margin=\u00bb29px||||false|false\u00bb border_radii=\u00bbon|5px|5px|5px|5px\u00bb box_shadow_style=\u00bbpreset2&#8243; global_colors_info=\u00bb{}\u00bb theme_builder_area=\u00bbpost_content\u00bb][\/et_pb_image][\/et_pb_column][et_pb_column type=\u00bb3_5&#8243; _builder_version=\u00bb4.27.0&#8243; _module_preset=\u00bbdefault\u00bb global_colors_info=\u00bb{}\u00bb theme_builder_area=\u00bbpost_content\u00bb][et_pb_text _builder_version=\u00bb4.27.0&#8243; _module_preset=\u00bbdefault\u00bb global_colors_info=\u00bb{}\u00bb theme_builder_area=\u00bbpost_content\u00bb]<\/p>\n<p>En 1873 la ley sobre la supresi\u00f3n de las corporaciones religiosas se extendi\u00f3 tambi\u00e9n a Roma y, en 1884, al final del largo proceso iniciado por la Orden Dominicana, la propiedad de la casanatense pas\u00f3 definitivamente al Estado italiano. A ra\u00edz de esta ley, el reci\u00e9n creado Consejo de Liquidaci\u00f3n de la Junta Eclesi\u00e1stica gestion\u00f3 esta fase de transici\u00f3n y se encarg\u00f3 de registrar todos los activos contables y no contables presentes en el Instituto. A partir de este momento se inici\u00f3 el desmembramiento de las colecciones, de hecho, en 1927 gran parte de la colecci\u00f3n numism\u00e1tica fue depositada en la colecci\u00f3n de medallas del Museo Nacional Romano. De todas formas, una peque\u00f1a parte de este no hab\u00eda sido trasladado y, encerrado en tres cajas met\u00e1licas, permanec\u00eda bajo custodia del casanatense hasta el d\u00eda de hoy.   <\/p>\n<p>[\/et_pb_text][\/et_pb_column][\/et_pb_row][et_pb_row column_structure=\u00bb3_5,2_5&#8243; _builder_version=\u00bb4.27.0&#8243; _module_preset=\u00bbdefault\u00bb global_colors_info=\u00bb{}\u00bb theme_builder_area=\u00bbpost_content\u00bb][et_pb_column type=\u00bb3_5&#8243; _builder_version=\u00bb4.27.0&#8243; _module_preset=\u00bbdefault\u00bb global_colors_info=\u00bb{}\u00bb theme_builder_area=\u00bbpost_content\u00bb][et_pb_text _builder_version=\u00bb4.27.0&#8243; _module_preset=\u00bbdefault\u00bb global_colors_info=\u00bb{}\u00bb theme_builder_area=\u00bbpost_content\u00bb]<\/p>\n<h4><strong>Los doce C\u00e9sares<\/strong><\/h4>\n<p>Los bajorrelieves de m\u00e1rmol blanco representan los perfiles de Julio C\u00e9sar (49 a. C.-44 a. C., a\u00f1os en los que ocup\u00f3 el cargo de dictador) y once emperadores romanos, desde la dinast\u00eda Julio-Claudia hasta la dinast\u00eda Flavia (27 a. C.-96 ANUNCIO). Los bajorrelieves, donados a Casanatense por el prefecto Audiffredi, ofrecen la confirmaci\u00f3n de c\u00f3mo la recolecci\u00f3n de monedas, medallas y antig\u00fcedades en general no era una simple moda de la \u00e9poca, sino un elemento decididamente relevante para la erudici\u00f3n, el estudio y la reconstrucci\u00f3n de la historia antigua. . <\/p>\n<p>[\/et_pb_text][\/et_pb_column][et_pb_column type=\u00bb2_5&#8243; _builder_version=\u00bb4.27.0&#8243; _module_preset=\u00bbdefault\u00bb global_colors_info=\u00bb{}\u00bb theme_builder_area=\u00bbpost_content\u00bb][et_pb_image src=\u00bbhttp:\/\/casanatense.cultura.gov.it\/wp-content\/uploads\/2024\/07\/20240725_122524.jpg\u00bb title_text=\u00bb20240725_122524&#8243; show_in_lightbox=\u00bbon\u00bb _builder_version=\u00bb4.27.0&#8243; _module_preset=\u00bbdefault\u00bb width=\u00bb65%\u00bb custom_margin=\u00bb24px||||false|false\u00bb border_radii=\u00bbon|5px|5px|5px|5px\u00bb box_shadow_style=\u00bbpreset2&#8243; global_colors_info=\u00bb{}\u00bb theme_builder_area=\u00bbpost_content\u00bb][\/et_pb_image][\/et_pb_column][\/et_pb_row][et_pb_row _builder_version=\u00bb4.27.0&#8243; _module_preset=\u00bbdefault\u00bb global_colors_info=\u00bb{}\u00bb theme_builder_area=\u00bbpost_content\u00bb][et_pb_column type=\u00bb4_4&#8243; _builder_version=\u00bb4.27.0&#8243; _module_preset=\u00bbdefault\u00bb global_colors_info=\u00bb{}\u00bb theme_builder_area=\u00bbpost_content\u00bb][et_pb_text _builder_version=\u00bb4.27.4&#8243; _module_preset=\u00bbdefault\u00bb hover_enabled=\u00bb0&#8243; global_colors_info=\u00bb{}\u00bb theme_builder_area=\u00bbpost_content\u00bb sticky_enabled=\u00bb0&#8243;]<\/p>\n<p><strong>Sigue leyendo:<\/strong><\/p>\n<p>S. Pennestr\u00ec, <em>Dalla Biblioteca al Museo. Il Nummophylaceum casanatense e l&#8217;eredit\u00e0 di Giovanni Battista Audiffredi<\/em>, in <em>Rischiarare il vero, rilevare il bello. Storie e modelli di tutela e valorizzazione del patrimonio culturale<\/em>, a cura di Serafina Pennestr\u00ec, Roma, Ministero della Cultura, 2021 (<em>Notiziario del Portale Numismatico dello Stato. Serie Medaglieri italiani, 15<\/em>), p. 58-266<\/p>\n<p>P. F. Magnanti, <em>La Bibliotheca Numismatica a corredo del museolum casanatense<\/em>, en <em>Rischiarare il vero, rilevare il bello. Storie e modelli di tutela e valorizzazione del patrimonio culturale<\/em>, a cura di Serafina Pennestr\u00ec, Roma, Ministero della Cultura, 2021 (<em>Notiziario del Portale Numismatico dello Stato. Serie Medaglieri italiani, 15<\/em>), p. 267-300<\/p>\n<p class=\"txt-verdana-xxP-nero\"><span class=\"txt-verdana-xxP-rosso\"><strong><span><span lang=\"IT\">Consultar:<\/span><\/span><\/strong><\/span><\/p>\n<p class=\"txt-verdana-xxP-nero\"><a href=\"https:\/\/casanatense.contentdm.oclc.org\/digital\/collection\/numismatica\" target=\"_blank\" rel=\"noopener\"><span class=\"txt-verdana-xxP-rosso\"><strong>Ediciones Numism\u00e1ticas en los estantes digitales<\/strong><\/span><\/a><\/p>\n<p>[\/et_pb_text][\/et_pb_column][\/et_pb_row][\/et_pb_section]<\/p>\n","protected":false},"excerpt":{"rendered":"<p>COLECCI\u00d3N NUMISM\u00c1TICA La primera pieza que constituy\u00f3 el acto fundacional de la colecci\u00f3n numism\u00e1tica fue la compra, por la suma de 30 escudos, de medallas antiguas, a las que, con compras y donaciones a lo largo del tiempo, se fueron sumando todos los elementos distintivos de la colecci\u00f3n. Estos intercambios, si se estudian y analizan en su din\u00e1mica, nos dan con gran detalle el pulso del coleccionismo de la \u00e9poca (siglos XVIII-XIX), de la compra y venta de antig\u00fcedades y \u00absouvenirs\u00bb relacionados. En 1782, ante el notable aumento de la colecci\u00f3n numism\u00e1tica, el padre Giovanni Battista Audiffredi (1714-1794) hizo hacer a modo de recipiente un expositor de medallas de madera, en el que hizo colocar la inscripci\u00f3n en memoria del arzobispo de Ragusa Giacinto Maria Milcovich (1690). &#8211; 1756). Su donaci\u00f3n constituy\u00f3 una de las aportaciones fundamentales a la prosperidad de la colecci\u00f3n, enriqueci\u00e9ndola con m\u00e1s de cuatrocientas monedas antiguas. La llegada de la Rep\u00fablica Romana (1798-1799) hab\u00eda provocado una primera mutilaci\u00f3n de las colecciones: con la ocupaci\u00f3n francesa se entregaron obras valiosas, posteriormente llevadas a Par\u00eds, y la casanatense se encontr\u00f3 en graves dificultades que indujeron al padre Giacomo Magno (prefecto de 1798 a 1840) \u00abcon muy grave pesar [&hellip;]<\/p>\n","protected":false},"author":1,"featured_media":258730,"parent":258729,"menu_order":0,"comment_status":"closed","ping_status":"closed","template":"","meta":{"_et_pb_use_builder":"on","_et_pb_old_content":"","_et_gb_content_width":"","_price":"","_stock":"","_tribe_ticket_header":"","_tribe_default_ticket_provider":"","_tribe_ticket_capacity":"0","_ticket_start_date":"","_ticket_end_date":"","_tribe_ticket_show_description":"","_tribe_ticket_show_not_going":false,"_tribe_ticket_use_global_stock":"","_tribe_ticket_global_stock_level":"","_global_stock_mode":"","_global_stock_cap":"","_tribe_rsvp_for_event":"","_tribe_ticket_going_count":"","_tribe_ticket_not_going_count":"","_tribe_tickets_list":"[]","_tribe_ticket_has_attendee_info_fields":false,"footnotes":""},"class_list":["post-258830","page","type-page","status-publish","has-post-thumbnail","hentry"],"yoast_head":"<!-- This site is optimized with the Yoast SEO plugin v27.4 - https:\/\/yoast.com\/product\/yoast-seo-wordpress\/ -->\n<title>Colecci\u00f3n numism\u00e1tica - Casanatense<\/title>\n<meta name=\"robots\" content=\"index, follow, max-snippet:-1, max-image-preview:large, max-video-preview:-1\" \/>\n<link rel=\"canonical\" href=\"https:\/\/casanatense.cultura.gov.it\/es\/colecciones-del-museo\/coleccion-numismatica\/\" \/>\n<meta property=\"og:locale\" content=\"es_ES\" \/>\n<meta property=\"og:type\" content=\"article\" \/>\n<meta property=\"og:title\" content=\"Colecci\u00f3n numism\u00e1tica - Casanatense\" \/>\n<meta property=\"og:description\" content=\"COLECCI\u00d3N NUMISM\u00c1TICA La primera pieza que constituy\u00f3 el acto fundacional de la colecci\u00f3n numism\u00e1tica fue la compra, por la suma de 30 escudos, de medallas antiguas, a las que, con compras y donaciones a lo largo del tiempo, se fueron sumando todos los elementos distintivos de la colecci\u00f3n. Estos intercambios, si se estudian y analizan en su din\u00e1mica, nos dan con gran detalle el pulso del coleccionismo de la \u00e9poca (siglos XVIII-XIX), de la compra y venta de antig\u00fcedades y &quot;souvenirs&quot; relacionados. En 1782, ante el notable aumento de la colecci\u00f3n numism\u00e1tica, el padre Giovanni Battista Audiffredi (1714-1794) hizo hacer a modo de recipiente un expositor de medallas de madera, en el que hizo colocar la inscripci\u00f3n en memoria del arzobispo de Ragusa Giacinto Maria Milcovich (1690). - 1756). Su donaci\u00f3n constituy\u00f3 una de las aportaciones fundamentales a la prosperidad de la colecci\u00f3n, enriqueci\u00e9ndola con m\u00e1s de cuatrocientas monedas antiguas. La llegada de la Rep\u00fablica Romana (1798-1799) hab\u00eda provocado una primera mutilaci\u00f3n de las colecciones: con la ocupaci\u00f3n francesa se entregaron obras valiosas, posteriormente llevadas a Par\u00eds, y la casanatense se encontr\u00f3 en graves dificultades que indujeron al padre Giacomo Magno (prefecto de 1798 a 1840) \u00abcon muy grave pesar [&hellip;]\" \/>\n<meta property=\"og:url\" content=\"https:\/\/casanatense.cultura.gov.it\/es\/colecciones-del-museo\/coleccion-numismatica\/\" \/>\n<meta property=\"og:site_name\" content=\"Casanatense\" \/>\n<meta property=\"article:publisher\" content=\"https:\/\/it-it.facebook.com\/people\/Biblioteca-Casanatense\/100064405343454\/\" \/>\n<meta property=\"article:modified_time\" content=\"2025-03-31T07:25:06+00:00\" \/>\n<meta property=\"og:image\" content=\"https:\/\/casanatense.cultura.gov.it\/wp-content\/uploads\/2020\/04\/img_compasso_1.jpg\" \/>\n\t<meta property=\"og:image:width\" content=\"133\" \/>\n\t<meta property=\"og:image:height\" content=\"172\" \/>\n\t<meta property=\"og:image:type\" content=\"image\/jpeg\" \/>\n<meta name=\"twitter:card\" content=\"summary_large_image\" \/>\n<meta name=\"twitter:site\" content=\"@casanatense\" \/>\n<meta name=\"twitter:label1\" content=\"Tiempo de lectura\" \/>\n\t<meta name=\"twitter:data1\" content=\"6 minutos\" \/>\n<script type=\"application\/ld+json\" class=\"yoast-schema-graph\">{\"@context\":\"https:\\\/\\\/schema.org\",\"@graph\":[{\"@type\":\"WebPage\",\"@id\":\"https:\\\/\\\/casanatense.cultura.gov.it\\\/es\\\/colecciones-del-museo\\\/coleccion-numismatica\\\/\",\"url\":\"https:\\\/\\\/casanatense.cultura.gov.it\\\/es\\\/colecciones-del-museo\\\/coleccion-numismatica\\\/\",\"name\":\"Colecci\u00f3n numism\u00e1tica - Casanatense\",\"isPartOf\":{\"@id\":\"https:\\\/\\\/casanatense.cultura.gov.it\\\/es\\\/#website\"},\"primaryImageOfPage\":{\"@id\":\"https:\\\/\\\/casanatense.cultura.gov.it\\\/es\\\/colecciones-del-museo\\\/coleccion-numismatica\\\/#primaryimage\"},\"image\":{\"@id\":\"https:\\\/\\\/casanatense.cultura.gov.it\\\/es\\\/colecciones-del-museo\\\/coleccion-numismatica\\\/#primaryimage\"},\"thumbnailUrl\":\"https:\\\/\\\/casanatense.cultura.gov.it\\\/wp-content\\\/uploads\\\/2020\\\/04\\\/img_compasso_1.jpg\",\"datePublished\":\"2024-05-22T05:33:23+00:00\",\"dateModified\":\"2025-03-31T07:25:06+00:00\",\"breadcrumb\":{\"@id\":\"https:\\\/\\\/casanatense.cultura.gov.it\\\/es\\\/colecciones-del-museo\\\/coleccion-numismatica\\\/#breadcrumb\"},\"inLanguage\":\"es\",\"potentialAction\":[{\"@type\":\"ReadAction\",\"target\":[\"https:\\\/\\\/casanatense.cultura.gov.it\\\/es\\\/colecciones-del-museo\\\/coleccion-numismatica\\\/\"]}]},{\"@type\":\"ImageObject\",\"inLanguage\":\"es\",\"@id\":\"https:\\\/\\\/casanatense.cultura.gov.it\\\/es\\\/colecciones-del-museo\\\/coleccion-numismatica\\\/#primaryimage\",\"url\":\"https:\\\/\\\/casanatense.cultura.gov.it\\\/wp-content\\\/uploads\\\/2020\\\/04\\\/img_compasso_1.jpg\",\"contentUrl\":\"https:\\\/\\\/casanatense.cultura.gov.it\\\/wp-content\\\/uploads\\\/2020\\\/04\\\/img_compasso_1.jpg\",\"width\":133,\"height\":172},{\"@type\":\"BreadcrumbList\",\"@id\":\"https:\\\/\\\/casanatense.cultura.gov.it\\\/es\\\/colecciones-del-museo\\\/coleccion-numismatica\\\/#breadcrumb\",\"itemListElement\":[{\"@type\":\"ListItem\",\"position\":1,\"name\":\"Home\",\"item\":\"https:\\\/\\\/casanatense.cultura.gov.it\\\/es\\\/\"},{\"@type\":\"ListItem\",\"position\":2,\"name\":\"Colecciones Muse\u00edsticas\",\"item\":\"https:\\\/\\\/casanatense.cultura.gov.it\\\/es\\\/collezioni-museali\\\/\"},{\"@type\":\"ListItem\",\"position\":3,\"name\":\"Colecci\u00f3n numism\u00e1tica\"}]},{\"@type\":\"WebSite\",\"@id\":\"https:\\\/\\\/casanatense.cultura.gov.it\\\/es\\\/#website\",\"url\":\"https:\\\/\\\/casanatense.cultura.gov.it\\\/es\\\/\",\"name\":\"Casanatense\",\"description\":\"Il sito della Biblioteca Casanatense\",\"publisher\":{\"@id\":\"https:\\\/\\\/casanatense.cultura.gov.it\\\/es\\\/#organization\"},\"potentialAction\":[{\"@type\":\"SearchAction\",\"target\":{\"@type\":\"EntryPoint\",\"urlTemplate\":\"https:\\\/\\\/casanatense.cultura.gov.it\\\/es\\\/?s={search_term_string}\"},\"query-input\":{\"@type\":\"PropertyValueSpecification\",\"valueRequired\":true,\"valueName\":\"search_term_string\"}}],\"inLanguage\":\"es\"},{\"@type\":\"Organization\",\"@id\":\"https:\\\/\\\/casanatense.cultura.gov.it\\\/es\\\/#organization\",\"name\":\"Biblioteca Casanatense\",\"url\":\"https:\\\/\\\/casanatense.cultura.gov.it\\\/es\\\/\",\"logo\":{\"@type\":\"ImageObject\",\"inLanguage\":\"es\",\"@id\":\"https:\\\/\\\/casanatense.cultura.gov.it\\\/es\\\/#\\\/schema\\\/logo\\\/image\\\/\",\"url\":\"https:\\\/\\\/casanatense.cultura.gov.it\\\/wp-content\\\/uploads\\\/2024\\\/03\\\/logo-casanatense-mibact.png\",\"contentUrl\":\"https:\\\/\\\/casanatense.cultura.gov.it\\\/wp-content\\\/uploads\\\/2024\\\/03\\\/logo-casanatense-mibact.png\",\"width\":250,\"height\":61,\"caption\":\"Biblioteca Casanatense\"},\"image\":{\"@id\":\"https:\\\/\\\/casanatense.cultura.gov.it\\\/es\\\/#\\\/schema\\\/logo\\\/image\\\/\"},\"sameAs\":[\"https:\\\/\\\/it-it.facebook.com\\\/people\\\/Biblioteca-Casanatense\\\/100064405343454\\\/\",\"https:\\\/\\\/x.com\\\/casanatense\",\"https:\\\/\\\/instagram.com\\\/bibliotecacasanatense?igshid=5hcnozoyuuy5\"]}]}<\/script>\n<!-- \/ Yoast SEO plugin. -->","yoast_head_json":{"title":"Colecci\u00f3n numism\u00e1tica - Casanatense","robots":{"index":"index","follow":"follow","max-snippet":"max-snippet:-1","max-image-preview":"max-image-preview:large","max-video-preview":"max-video-preview:-1"},"canonical":"https:\/\/casanatense.cultura.gov.it\/es\/colecciones-del-museo\/coleccion-numismatica\/","og_locale":"es_ES","og_type":"article","og_title":"Colecci\u00f3n numism\u00e1tica - Casanatense","og_description":"COLECCI\u00d3N NUMISM\u00c1TICA La primera pieza que constituy\u00f3 el acto fundacional de la colecci\u00f3n numism\u00e1tica fue la compra, por la suma de 30 escudos, de medallas antiguas, a las que, con compras y donaciones a lo largo del tiempo, se fueron sumando todos los elementos distintivos de la colecci\u00f3n. Estos intercambios, si se estudian y analizan en su din\u00e1mica, nos dan con gran detalle el pulso del coleccionismo de la \u00e9poca (siglos XVIII-XIX), de la compra y venta de antig\u00fcedades y \"souvenirs\" relacionados. En 1782, ante el notable aumento de la colecci\u00f3n numism\u00e1tica, el padre Giovanni Battista Audiffredi (1714-1794) hizo hacer a modo de recipiente un expositor de medallas de madera, en el que hizo colocar la inscripci\u00f3n en memoria del arzobispo de Ragusa Giacinto Maria Milcovich (1690). - 1756). Su donaci\u00f3n constituy\u00f3 una de las aportaciones fundamentales a la prosperidad de la colecci\u00f3n, enriqueci\u00e9ndola con m\u00e1s de cuatrocientas monedas antiguas. La llegada de la Rep\u00fablica Romana (1798-1799) hab\u00eda provocado una primera mutilaci\u00f3n de las colecciones: con la ocupaci\u00f3n francesa se entregaron obras valiosas, posteriormente llevadas a Par\u00eds, y la casanatense se encontr\u00f3 en graves dificultades que indujeron al padre Giacomo Magno (prefecto de 1798 a 1840) \u00abcon muy grave pesar [&hellip;]","og_url":"https:\/\/casanatense.cultura.gov.it\/es\/colecciones-del-museo\/coleccion-numismatica\/","og_site_name":"Casanatense","article_publisher":"https:\/\/it-it.facebook.com\/people\/Biblioteca-Casanatense\/100064405343454\/","article_modified_time":"2025-03-31T07:25:06+00:00","og_image":[{"width":133,"height":172,"url":"https:\/\/casanatense.cultura.gov.it\/wp-content\/uploads\/2020\/04\/img_compasso_1.jpg","type":"image\/jpeg"}],"twitter_card":"summary_large_image","twitter_site":"@casanatense","twitter_misc":{"Tiempo de lectura":"6 minutos"},"schema":{"@context":"https:\/\/schema.org","@graph":[{"@type":"WebPage","@id":"https:\/\/casanatense.cultura.gov.it\/es\/colecciones-del-museo\/coleccion-numismatica\/","url":"https:\/\/casanatense.cultura.gov.it\/es\/colecciones-del-museo\/coleccion-numismatica\/","name":"Colecci\u00f3n numism\u00e1tica - Casanatense","isPartOf":{"@id":"https:\/\/casanatense.cultura.gov.it\/es\/#website"},"primaryImageOfPage":{"@id":"https:\/\/casanatense.cultura.gov.it\/es\/colecciones-del-museo\/coleccion-numismatica\/#primaryimage"},"image":{"@id":"https:\/\/casanatense.cultura.gov.it\/es\/colecciones-del-museo\/coleccion-numismatica\/#primaryimage"},"thumbnailUrl":"https:\/\/casanatense.cultura.gov.it\/wp-content\/uploads\/2020\/04\/img_compasso_1.jpg","datePublished":"2024-05-22T05:33:23+00:00","dateModified":"2025-03-31T07:25:06+00:00","breadcrumb":{"@id":"https:\/\/casanatense.cultura.gov.it\/es\/colecciones-del-museo\/coleccion-numismatica\/#breadcrumb"},"inLanguage":"es","potentialAction":[{"@type":"ReadAction","target":["https:\/\/casanatense.cultura.gov.it\/es\/colecciones-del-museo\/coleccion-numismatica\/"]}]},{"@type":"ImageObject","inLanguage":"es","@id":"https:\/\/casanatense.cultura.gov.it\/es\/colecciones-del-museo\/coleccion-numismatica\/#primaryimage","url":"https:\/\/casanatense.cultura.gov.it\/wp-content\/uploads\/2020\/04\/img_compasso_1.jpg","contentUrl":"https:\/\/casanatense.cultura.gov.it\/wp-content\/uploads\/2020\/04\/img_compasso_1.jpg","width":133,"height":172},{"@type":"BreadcrumbList","@id":"https:\/\/casanatense.cultura.gov.it\/es\/colecciones-del-museo\/coleccion-numismatica\/#breadcrumb","itemListElement":[{"@type":"ListItem","position":1,"name":"Home","item":"https:\/\/casanatense.cultura.gov.it\/es\/"},{"@type":"ListItem","position":2,"name":"Colecciones Muse\u00edsticas","item":"https:\/\/casanatense.cultura.gov.it\/es\/collezioni-museali\/"},{"@type":"ListItem","position":3,"name":"Colecci\u00f3n numism\u00e1tica"}]},{"@type":"WebSite","@id":"https:\/\/casanatense.cultura.gov.it\/es\/#website","url":"https:\/\/casanatense.cultura.gov.it\/es\/","name":"Casanatense","description":"Il sito della Biblioteca Casanatense","publisher":{"@id":"https:\/\/casanatense.cultura.gov.it\/es\/#organization"},"potentialAction":[{"@type":"SearchAction","target":{"@type":"EntryPoint","urlTemplate":"https:\/\/casanatense.cultura.gov.it\/es\/?s={search_term_string}"},"query-input":{"@type":"PropertyValueSpecification","valueRequired":true,"valueName":"search_term_string"}}],"inLanguage":"es"},{"@type":"Organization","@id":"https:\/\/casanatense.cultura.gov.it\/es\/#organization","name":"Biblioteca Casanatense","url":"https:\/\/casanatense.cultura.gov.it\/es\/","logo":{"@type":"ImageObject","inLanguage":"es","@id":"https:\/\/casanatense.cultura.gov.it\/es\/#\/schema\/logo\/image\/","url":"https:\/\/casanatense.cultura.gov.it\/wp-content\/uploads\/2024\/03\/logo-casanatense-mibact.png","contentUrl":"https:\/\/casanatense.cultura.gov.it\/wp-content\/uploads\/2024\/03\/logo-casanatense-mibact.png","width":250,"height":61,"caption":"Biblioteca Casanatense"},"image":{"@id":"https:\/\/casanatense.cultura.gov.it\/es\/#\/schema\/logo\/image\/"},"sameAs":["https:\/\/it-it.facebook.com\/people\/Biblioteca-Casanatense\/100064405343454\/","https:\/\/x.com\/casanatense","https:\/\/instagram.com\/bibliotecacasanatense?igshid=5hcnozoyuuy5"]}]}},"_links":{"self":[{"href":"https:\/\/casanatense.cultura.gov.it\/es\/wp-json\/wp\/v2\/pages\/258830","targetHints":{"allow":["GET"]}}],"collection":[{"href":"https:\/\/casanatense.cultura.gov.it\/es\/wp-json\/wp\/v2\/pages"}],"about":[{"href":"https:\/\/casanatense.cultura.gov.it\/es\/wp-json\/wp\/v2\/types\/page"}],"author":[{"embeddable":true,"href":"https:\/\/casanatense.cultura.gov.it\/es\/wp-json\/wp\/v2\/users\/1"}],"replies":[{"embeddable":true,"href":"https:\/\/casanatense.cultura.gov.it\/es\/wp-json\/wp\/v2\/comments?post=258830"}],"version-history":[{"count":6,"href":"https:\/\/casanatense.cultura.gov.it\/es\/wp-json\/wp\/v2\/pages\/258830\/revisions"}],"predecessor-version":[{"id":262624,"href":"https:\/\/casanatense.cultura.gov.it\/es\/wp-json\/wp\/v2\/pages\/258830\/revisions\/262624"}],"up":[{"embeddable":true,"href":"https:\/\/casanatense.cultura.gov.it\/es\/wp-json\/wp\/v2\/pages\/258729"}],"wp:featuredmedia":[{"embeddable":true,"href":"https:\/\/casanatense.cultura.gov.it\/es\/wp-json\/wp\/v2\/media\/258730"}],"wp:attachment":[{"href":"https:\/\/casanatense.cultura.gov.it\/es\/wp-json\/wp\/v2\/media?parent=258830"}],"curies":[{"name":"wp","href":"https:\/\/api.w.org\/{rel}","templated":true}]}}