{"id":258833,"date":"2024-05-27T18:39:03","date_gmt":"2024-05-27T16:39:03","guid":{"rendered":"https:\/\/casanatense.cultura.gov.it\/colecciones-del-museo\/vues-doptique\/"},"modified":"2024-09-19T10:25:57","modified_gmt":"2024-09-19T08:25:57","slug":"vues-doptique","status":"publish","type":"page","link":"https:\/\/casanatense.cultura.gov.it\/es\/colecciones-del-museo\/vues-doptique\/","title":{"rendered":"Vues d\u2019optique"},"content":{"rendered":"<p>[et_pb_section fb_built=\u00bb1&#8243; admin_label=\u00bbsection\u00bb _builder_version=\u00bb4.16&#8243; custom_padding=\u00bb6px|||||\u00bb da_disable_devices=\u00bboff|off|off\u00bb global_colors_info=\u00bb{}\u00bb theme_builder_area=\u00bbpost_content\u00bb da_is_popup=\u00bboff\u00bb da_exit_intent=\u00bboff\u00bb da_has_close=\u00bbon\u00bb da_alt_close=\u00bboff\u00bb da_dark_close=\u00bboff\u00bb da_not_modal=\u00bbon\u00bb da_is_singular=\u00bboff\u00bb da_with_loader=\u00bboff\u00bb da_has_shadow=\u00bbon\u00bb][et_pb_row admin_label=\u00bbrow\u00bb _builder_version=\u00bb4.16&#8243; background_size=\u00bbinitial\u00bb background_position=\u00bbtop_left\u00bb background_repeat=\u00bbrepeat\u00bb global_colors_info=\u00bb{}\u00bb theme_builder_area=\u00bbpost_content\u00bb][et_pb_column type=\u00bb4_4&#8243; _builder_version=\u00bb4.16&#8243; custom_padding=\u00bb|||\u00bb global_colors_info=\u00bb{}\u00bb custom_padding__hover=\u00bb|||\u00bb theme_builder_area=\u00bbpost_content\u00bb][et_pb_text admin_label=\u00bbText\u00bb _builder_version=\u00bb4.27.0&#8243; background_size=\u00bbinitial\u00bb background_position=\u00bbtop_left\u00bb background_repeat=\u00bbrepeat\u00bb custom_padding=\u00bb||0px|||\u00bb global_colors_info=\u00bb{}\u00bb theme_builder_area=\u00bbpost_content\u00bb]<\/p>\n<h3><strong>VUES D&#8217;OPTIQUE<\/strong><\/h3>\n<p><span lang=\"IT\"><\/span><\/p>\n<p><span lang=\"IT\">Las \u00ab<em>vues d&#8217;optique<\/em>\u00bb son un tipo muy particular de im\u00e1genes impresas que, durante el siglo XVIII, se utilizaron en Europa para la creaci\u00f3n de espect\u00e1culos destinados al vasto y variado p\u00fablico de las calles y plazas, llamado a participar en un viaje. de la imaginaci\u00f3n cuyas formas y herramientas constituyen una clara anticipaci\u00f3n del espect\u00e1culo cinematogr\u00e1fico. Las l\u00e1minas, realizadas con t\u00e9cnica de grabado y adecuadamente preparadas mediante tallas, perforaciones y contrafundaciones, representaban episodios b\u00edblicos, hechos hist\u00f3ricos, paisajes y temas aleg\u00f3ricos y se presentaban al p\u00fablico dentro de dispositivos \u00f3pticos de estructura extremadamente simplificada, en su mayor\u00eda cajas de madera equipadas con de aberturas o puertas que se pueden abrir, de lentes y espejos para refracci\u00f3n y de velas para iluminar las im\u00e1genes. <\/span><\/p>\n<p><strong><span lang=\"IT\"><\/span><\/strong><\/p>\n<p><strong> <\/strong><\/p>\n<h4><strong>El ejemplo casanatense<\/strong><\/h4>\n<p>Adquirido en 1993, bajo la direcci\u00f3n de \u00c1ngela Cavarra, gracias a los fondos extraordinarios asignados a la Direcci\u00f3n General con la Ley no. 145 de 1992 (\u00abIntervenciones org\u00e1nicas para la protecci\u00f3n y valorizaci\u00f3n del patrimonio cultural\u00bb), el ejemplar casanatense procede de Augsburgo, ciudad que compart\u00eda la exclusividad de este tipo de producci\u00f3n con Par\u00eds, Londres y Bassano. Su rareza viene dada tanto por el excelente estado de conservaci\u00f3n como por la forma de la voluta, menos habitual que la presentaci\u00f3n de im\u00e1genes en hojas sueltas. El conjunto est\u00e1 formado por una hoja inicial de papel grueso te\u00f1ido de negro, sobre la que figura una inscripci\u00f3n. en letras g\u00f3ticas rodeadas por un marco, ambos realizados con el m\u00e9todo de perforaci\u00f3n, y por 69 grabados de aproximadamente 275\u00d7410 mm cada uno y rodeados por un borde de papel negro. Todos los grabados est\u00e1n cortados a ras de la parte ilustrada y por tanto carecen de t\u00edtulo e indicaciones de autor y editor, pero en el reverso de cada uno aparece la numeraci\u00f3n progresiva del 1 al 71 (faltan los n\u00ba 57 y 58) y un pie de foto. en alem\u00e1n en relaci\u00f3n con el tema representado. Las leyendas, escritas con tinta negra y aparentemente todas de la misma mano, se remontan a la \u00e9poca de montaje del rollo, es decir, la segunda mitad del siglo XVIII.    <\/p>\n<p>[\/et_pb_text][\/et_pb_column][\/et_pb_row][et_pb_row column_structure=\u00bb1_3,2_3&#8243; _builder_version=\u00bb4.27.0&#8243; _module_preset=\u00bbdefault\u00bb global_colors_info=\u00bb{}\u00bb theme_builder_area=\u00bbpost_content\u00bb][et_pb_column type=\u00bb1_3&#8243; _builder_version=\u00bb4.27.0&#8243; _module_preset=\u00bbdefault\u00bb global_colors_info=\u00bb{}\u00bb theme_builder_area=\u00bbpost_content\u00bb][et_pb_text _builder_version=\u00bb4.27.0&#8243; _module_preset=\u00bbdefault\u00bb global_colors_info=\u00bb{}\u00bb theme_builder_area=\u00bbpost_content\u00bb]<\/p>\n<p>La coloraci\u00f3n de los grabados es acuarela, en brillantes tonos de rojo, amarillo, azul, verde, negro y es muy precisa en la ejecuci\u00f3n. Todas las mesas est\u00e1n preparadas para la visi\u00f3n nocturna mediante tallados, punzonados y perforaciones y contracimientos en seda de varios colores, en algunos casos reforzada con pinceladas, y en malla negra para simular rejas y barandillas. <\/p>\n<p>[\/et_pb_text][\/et_pb_column][et_pb_column type=\u00bb2_3&#8243; _builder_version=\u00bb4.27.0&#8243; _module_preset=\u00bbdefault\u00bb global_colors_info=\u00bb{}\u00bb theme_builder_area=\u00bbpost_content\u00bb][et_pb_image src=\u00bbhttp:\/\/casanatense.cultura.gov.it\/wp-content\/uploads\/2024\/07\/20240725_123247.jpg\u00bb title_text=\u00bb20240725_123247&#8243; show_in_lightbox=\u00bbon\u00bb _builder_version=\u00bb4.27.0&#8243; _module_preset=\u00bbdefault\u00bb width=\u00bb100%\u00bb custom_margin=\u00bb-13px||||false|false\u00bb border_radii=\u00bbon|5px|5px|5px|5px\u00bb box_shadow_style=\u00bbpreset2&#8243; global_colors_info=\u00bb{}\u00bb theme_builder_area=\u00bbpost_content\u00bb][\/et_pb_image][\/et_pb_column][\/et_pb_row][et_pb_row _builder_version=\u00bb4.27.0&#8243; _module_preset=\u00bbdefault\u00bb global_colors_info=\u00bb{}\u00bb theme_builder_area=\u00bbpost_content\u00bb][et_pb_column type=\u00bb4_4&#8243; _builder_version=\u00bb4.27.0&#8243; _module_preset=\u00bbdefault\u00bb global_colors_info=\u00bb{}\u00bb theme_builder_area=\u00bbpost_content\u00bb][et_pb_text _builder_version=\u00bb4.27.0&#8243; _module_preset=\u00bbdefault\u00bb global_colors_info=\u00bb{}\u00bb theme_builder_area=\u00bbpost_content\u00bb]<\/p>\n<p>En particular, las tablas marcadas con el n. 1-4 representan las \u00abHistorias de Ad\u00e1n y Eva\u00bb, del 10 al 16 se representan los \u00abPlanetas\u00bb, las l\u00e1minas 17-19 y 23 incluyen la serie de \u00abMaravillas del Mundo\u00bb; cinco grabados son vistas de la ciudad de Lisboa (n\u00ba 34-38), y seis de la ciudad de Tur\u00edn (n\u00ba 39-44). <\/p>\n<p>[\/et_pb_text][\/et_pb_column][\/et_pb_row][\/et_pb_section]<\/p>\n","protected":false},"excerpt":{"rendered":"<p>VUES D&#8217;OPTIQUE Las \u00abvues d&#8217;optique\u00bb son un tipo muy particular de im\u00e1genes impresas que, durante el siglo XVIII, se utilizaron en Europa para la creaci\u00f3n de espect\u00e1culos destinados al vasto y variado p\u00fablico de las calles y plazas, llamado a participar en un viaje. de la imaginaci\u00f3n cuyas formas y herramientas constituyen una clara anticipaci\u00f3n del espect\u00e1culo cinematogr\u00e1fico. Las l\u00e1minas, realizadas con t\u00e9cnica de grabado y adecuadamente preparadas mediante tallas, perforaciones y contrafundaciones, representaban episodios b\u00edblicos, hechos hist\u00f3ricos, paisajes y temas aleg\u00f3ricos y se presentaban al p\u00fablico dentro de dispositivos \u00f3pticos de estructura extremadamente simplificada, en su mayor\u00eda cajas de madera equipadas con de aberturas o puertas que se pueden abrir, de lentes y espejos para refracci\u00f3n y de velas para iluminar las im\u00e1genes. El ejemplo casanatense Adquirido en 1993, bajo la direcci\u00f3n de \u00c1ngela Cavarra, gracias a los fondos extraordinarios asignados a la Direcci\u00f3n General con la Ley no. 145 de 1992 (\u00abIntervenciones org\u00e1nicas para la protecci\u00f3n y valorizaci\u00f3n del patrimonio cultural\u00bb), el ejemplar casanatense procede de Augsburgo, ciudad que compart\u00eda la exclusividad de este tipo de producci\u00f3n con Par\u00eds, Londres y Bassano. Su rareza viene dada tanto por el excelente estado de conservaci\u00f3n como por la forma de [&hellip;]<\/p>\n","protected":false},"author":158,"featured_media":258730,"parent":258729,"menu_order":0,"comment_status":"closed","ping_status":"closed","template":"","meta":{"_et_pb_use_builder":"on","_et_pb_old_content":"","_et_gb_content_width":"","_price":"","_stock":"","_tribe_ticket_header":"","_tribe_default_ticket_provider":"","_tribe_ticket_capacity":"0","_ticket_start_date":"","_ticket_end_date":"","_tribe_ticket_show_description":"","_tribe_ticket_show_not_going":false,"_tribe_ticket_use_global_stock":"","_tribe_ticket_global_stock_level":"","_global_stock_mode":"","_global_stock_cap":"","_tribe_rsvp_for_event":"","_tribe_ticket_going_count":"","_tribe_ticket_not_going_count":"","_tribe_tickets_list":"[]","_tribe_ticket_has_attendee_info_fields":false,"footnotes":""},"class_list":["post-258833","page","type-page","status-publish","has-post-thumbnail","hentry"],"yoast_head":"<!-- This site is optimized with the Yoast SEO plugin v27.4 - https:\/\/yoast.com\/product\/yoast-seo-wordpress\/ -->\n<title>Vues d\u2019optique - Casanatense<\/title>\n<meta name=\"robots\" content=\"index, follow, max-snippet:-1, max-image-preview:large, max-video-preview:-1\" \/>\n<link rel=\"canonical\" href=\"https:\/\/casanatense.cultura.gov.it\/es\/colecciones-del-museo\/vues-doptique\/\" \/>\n<meta property=\"og:locale\" content=\"es_ES\" \/>\n<meta property=\"og:type\" content=\"article\" \/>\n<meta property=\"og:title\" content=\"Vues d\u2019optique - Casanatense\" \/>\n<meta property=\"og:description\" content=\"VUES D&#039;OPTIQUE Las &quot;vues d&#039;optique&quot; son un tipo muy particular de im\u00e1genes impresas que, durante el siglo XVIII, se utilizaron en Europa para la creaci\u00f3n de espect\u00e1culos destinados al vasto y variado p\u00fablico de las calles y plazas, llamado a participar en un viaje. de la imaginaci\u00f3n cuyas formas y herramientas constituyen una clara anticipaci\u00f3n del espect\u00e1culo cinematogr\u00e1fico. Las l\u00e1minas, realizadas con t\u00e9cnica de grabado y adecuadamente preparadas mediante tallas, perforaciones y contrafundaciones, representaban episodios b\u00edblicos, hechos hist\u00f3ricos, paisajes y temas aleg\u00f3ricos y se presentaban al p\u00fablico dentro de dispositivos \u00f3pticos de estructura extremadamente simplificada, en su mayor\u00eda cajas de madera equipadas con de aberturas o puertas que se pueden abrir, de lentes y espejos para refracci\u00f3n y de velas para iluminar las im\u00e1genes. El ejemplo casanatense Adquirido en 1993, bajo la direcci\u00f3n de \u00c1ngela Cavarra, gracias a los fondos extraordinarios asignados a la Direcci\u00f3n General con la Ley no. 145 de 1992 (&quot;Intervenciones org\u00e1nicas para la protecci\u00f3n y valorizaci\u00f3n del patrimonio cultural&quot;), el ejemplar casanatense procede de Augsburgo, ciudad que compart\u00eda la exclusividad de este tipo de producci\u00f3n con Par\u00eds, Londres y Bassano. Su rareza viene dada tanto por el excelente estado de conservaci\u00f3n como por la forma de [&hellip;]\" \/>\n<meta property=\"og:url\" content=\"https:\/\/casanatense.cultura.gov.it\/es\/colecciones-del-museo\/vues-doptique\/\" \/>\n<meta property=\"og:site_name\" content=\"Casanatense\" \/>\n<meta property=\"article:publisher\" content=\"https:\/\/it-it.facebook.com\/people\/Biblioteca-Casanatense\/100064405343454\/\" \/>\n<meta property=\"article:modified_time\" content=\"2024-09-19T08:25:57+00:00\" \/>\n<meta property=\"og:image\" content=\"https:\/\/casanatense.cultura.gov.it\/wp-content\/uploads\/2020\/04\/img_compasso_1.jpg\" \/>\n\t<meta property=\"og:image:width\" content=\"133\" \/>\n\t<meta property=\"og:image:height\" content=\"172\" \/>\n\t<meta property=\"og:image:type\" content=\"image\/jpeg\" \/>\n<meta name=\"twitter:card\" content=\"summary_large_image\" \/>\n<meta name=\"twitter:site\" content=\"@casanatense\" \/>\n<meta name=\"twitter:label1\" content=\"Tiempo de lectura\" \/>\n\t<meta name=\"twitter:data1\" content=\"4 minutos\" \/>\n<script type=\"application\/ld+json\" class=\"yoast-schema-graph\">{\"@context\":\"https:\\\/\\\/schema.org\",\"@graph\":[{\"@type\":\"WebPage\",\"@id\":\"https:\\\/\\\/casanatense.cultura.gov.it\\\/es\\\/colecciones-del-museo\\\/vues-doptique\\\/\",\"url\":\"https:\\\/\\\/casanatense.cultura.gov.it\\\/es\\\/colecciones-del-museo\\\/vues-doptique\\\/\",\"name\":\"Vues d\u2019optique - Casanatense\",\"isPartOf\":{\"@id\":\"https:\\\/\\\/casanatense.cultura.gov.it\\\/es\\\/#website\"},\"primaryImageOfPage\":{\"@id\":\"https:\\\/\\\/casanatense.cultura.gov.it\\\/es\\\/colecciones-del-museo\\\/vues-doptique\\\/#primaryimage\"},\"image\":{\"@id\":\"https:\\\/\\\/casanatense.cultura.gov.it\\\/es\\\/colecciones-del-museo\\\/vues-doptique\\\/#primaryimage\"},\"thumbnailUrl\":\"https:\\\/\\\/casanatense.cultura.gov.it\\\/wp-content\\\/uploads\\\/2020\\\/04\\\/img_compasso_1.jpg\",\"datePublished\":\"2024-05-27T16:39:03+00:00\",\"dateModified\":\"2024-09-19T08:25:57+00:00\",\"breadcrumb\":{\"@id\":\"https:\\\/\\\/casanatense.cultura.gov.it\\\/es\\\/colecciones-del-museo\\\/vues-doptique\\\/#breadcrumb\"},\"inLanguage\":\"es\",\"potentialAction\":[{\"@type\":\"ReadAction\",\"target\":[\"https:\\\/\\\/casanatense.cultura.gov.it\\\/es\\\/colecciones-del-museo\\\/vues-doptique\\\/\"]}]},{\"@type\":\"ImageObject\",\"inLanguage\":\"es\",\"@id\":\"https:\\\/\\\/casanatense.cultura.gov.it\\\/es\\\/colecciones-del-museo\\\/vues-doptique\\\/#primaryimage\",\"url\":\"https:\\\/\\\/casanatense.cultura.gov.it\\\/wp-content\\\/uploads\\\/2020\\\/04\\\/img_compasso_1.jpg\",\"contentUrl\":\"https:\\\/\\\/casanatense.cultura.gov.it\\\/wp-content\\\/uploads\\\/2020\\\/04\\\/img_compasso_1.jpg\",\"width\":133,\"height\":172},{\"@type\":\"BreadcrumbList\",\"@id\":\"https:\\\/\\\/casanatense.cultura.gov.it\\\/es\\\/colecciones-del-museo\\\/vues-doptique\\\/#breadcrumb\",\"itemListElement\":[{\"@type\":\"ListItem\",\"position\":1,\"name\":\"Home\",\"item\":\"https:\\\/\\\/casanatense.cultura.gov.it\\\/es\\\/\"},{\"@type\":\"ListItem\",\"position\":2,\"name\":\"Colecciones Muse\u00edsticas\",\"item\":\"https:\\\/\\\/casanatense.cultura.gov.it\\\/es\\\/collezioni-museali\\\/\"},{\"@type\":\"ListItem\",\"position\":3,\"name\":\"Vues d\u2019optique\"}]},{\"@type\":\"WebSite\",\"@id\":\"https:\\\/\\\/casanatense.cultura.gov.it\\\/es\\\/#website\",\"url\":\"https:\\\/\\\/casanatense.cultura.gov.it\\\/es\\\/\",\"name\":\"Casanatense\",\"description\":\"Il sito della Biblioteca Casanatense\",\"publisher\":{\"@id\":\"https:\\\/\\\/casanatense.cultura.gov.it\\\/es\\\/#organization\"},\"potentialAction\":[{\"@type\":\"SearchAction\",\"target\":{\"@type\":\"EntryPoint\",\"urlTemplate\":\"https:\\\/\\\/casanatense.cultura.gov.it\\\/es\\\/?s={search_term_string}\"},\"query-input\":{\"@type\":\"PropertyValueSpecification\",\"valueRequired\":true,\"valueName\":\"search_term_string\"}}],\"inLanguage\":\"es\"},{\"@type\":\"Organization\",\"@id\":\"https:\\\/\\\/casanatense.cultura.gov.it\\\/es\\\/#organization\",\"name\":\"Biblioteca Casanatense\",\"url\":\"https:\\\/\\\/casanatense.cultura.gov.it\\\/es\\\/\",\"logo\":{\"@type\":\"ImageObject\",\"inLanguage\":\"es\",\"@id\":\"https:\\\/\\\/casanatense.cultura.gov.it\\\/es\\\/#\\\/schema\\\/logo\\\/image\\\/\",\"url\":\"https:\\\/\\\/casanatense.cultura.gov.it\\\/wp-content\\\/uploads\\\/2024\\\/03\\\/logo-casanatense-mibact.png\",\"contentUrl\":\"https:\\\/\\\/casanatense.cultura.gov.it\\\/wp-content\\\/uploads\\\/2024\\\/03\\\/logo-casanatense-mibact.png\",\"width\":250,\"height\":61,\"caption\":\"Biblioteca Casanatense\"},\"image\":{\"@id\":\"https:\\\/\\\/casanatense.cultura.gov.it\\\/es\\\/#\\\/schema\\\/logo\\\/image\\\/\"},\"sameAs\":[\"https:\\\/\\\/it-it.facebook.com\\\/people\\\/Biblioteca-Casanatense\\\/100064405343454\\\/\",\"https:\\\/\\\/x.com\\\/casanatense\",\"https:\\\/\\\/instagram.com\\\/bibliotecacasanatense?igshid=5hcnozoyuuy5\"]}]}<\/script>\n<!-- \/ Yoast SEO plugin. -->","yoast_head_json":{"title":"Vues d\u2019optique - Casanatense","robots":{"index":"index","follow":"follow","max-snippet":"max-snippet:-1","max-image-preview":"max-image-preview:large","max-video-preview":"max-video-preview:-1"},"canonical":"https:\/\/casanatense.cultura.gov.it\/es\/colecciones-del-museo\/vues-doptique\/","og_locale":"es_ES","og_type":"article","og_title":"Vues d\u2019optique - Casanatense","og_description":"VUES D'OPTIQUE Las \"vues d'optique\" son un tipo muy particular de im\u00e1genes impresas que, durante el siglo XVIII, se utilizaron en Europa para la creaci\u00f3n de espect\u00e1culos destinados al vasto y variado p\u00fablico de las calles y plazas, llamado a participar en un viaje. de la imaginaci\u00f3n cuyas formas y herramientas constituyen una clara anticipaci\u00f3n del espect\u00e1culo cinematogr\u00e1fico. Las l\u00e1minas, realizadas con t\u00e9cnica de grabado y adecuadamente preparadas mediante tallas, perforaciones y contrafundaciones, representaban episodios b\u00edblicos, hechos hist\u00f3ricos, paisajes y temas aleg\u00f3ricos y se presentaban al p\u00fablico dentro de dispositivos \u00f3pticos de estructura extremadamente simplificada, en su mayor\u00eda cajas de madera equipadas con de aberturas o puertas que se pueden abrir, de lentes y espejos para refracci\u00f3n y de velas para iluminar las im\u00e1genes. El ejemplo casanatense Adquirido en 1993, bajo la direcci\u00f3n de \u00c1ngela Cavarra, gracias a los fondos extraordinarios asignados a la Direcci\u00f3n General con la Ley no. 145 de 1992 (\"Intervenciones org\u00e1nicas para la protecci\u00f3n y valorizaci\u00f3n del patrimonio cultural\"), el ejemplar casanatense procede de Augsburgo, ciudad que compart\u00eda la exclusividad de este tipo de producci\u00f3n con Par\u00eds, Londres y Bassano. Su rareza viene dada tanto por el excelente estado de conservaci\u00f3n como por la forma de [&hellip;]","og_url":"https:\/\/casanatense.cultura.gov.it\/es\/colecciones-del-museo\/vues-doptique\/","og_site_name":"Casanatense","article_publisher":"https:\/\/it-it.facebook.com\/people\/Biblioteca-Casanatense\/100064405343454\/","article_modified_time":"2024-09-19T08:25:57+00:00","og_image":[{"width":133,"height":172,"url":"https:\/\/casanatense.cultura.gov.it\/wp-content\/uploads\/2020\/04\/img_compasso_1.jpg","type":"image\/jpeg"}],"twitter_card":"summary_large_image","twitter_site":"@casanatense","twitter_misc":{"Tiempo de lectura":"4 minutos"},"schema":{"@context":"https:\/\/schema.org","@graph":[{"@type":"WebPage","@id":"https:\/\/casanatense.cultura.gov.it\/es\/colecciones-del-museo\/vues-doptique\/","url":"https:\/\/casanatense.cultura.gov.it\/es\/colecciones-del-museo\/vues-doptique\/","name":"Vues d\u2019optique - Casanatense","isPartOf":{"@id":"https:\/\/casanatense.cultura.gov.it\/es\/#website"},"primaryImageOfPage":{"@id":"https:\/\/casanatense.cultura.gov.it\/es\/colecciones-del-museo\/vues-doptique\/#primaryimage"},"image":{"@id":"https:\/\/casanatense.cultura.gov.it\/es\/colecciones-del-museo\/vues-doptique\/#primaryimage"},"thumbnailUrl":"https:\/\/casanatense.cultura.gov.it\/wp-content\/uploads\/2020\/04\/img_compasso_1.jpg","datePublished":"2024-05-27T16:39:03+00:00","dateModified":"2024-09-19T08:25:57+00:00","breadcrumb":{"@id":"https:\/\/casanatense.cultura.gov.it\/es\/colecciones-del-museo\/vues-doptique\/#breadcrumb"},"inLanguage":"es","potentialAction":[{"@type":"ReadAction","target":["https:\/\/casanatense.cultura.gov.it\/es\/colecciones-del-museo\/vues-doptique\/"]}]},{"@type":"ImageObject","inLanguage":"es","@id":"https:\/\/casanatense.cultura.gov.it\/es\/colecciones-del-museo\/vues-doptique\/#primaryimage","url":"https:\/\/casanatense.cultura.gov.it\/wp-content\/uploads\/2020\/04\/img_compasso_1.jpg","contentUrl":"https:\/\/casanatense.cultura.gov.it\/wp-content\/uploads\/2020\/04\/img_compasso_1.jpg","width":133,"height":172},{"@type":"BreadcrumbList","@id":"https:\/\/casanatense.cultura.gov.it\/es\/colecciones-del-museo\/vues-doptique\/#breadcrumb","itemListElement":[{"@type":"ListItem","position":1,"name":"Home","item":"https:\/\/casanatense.cultura.gov.it\/es\/"},{"@type":"ListItem","position":2,"name":"Colecciones Muse\u00edsticas","item":"https:\/\/casanatense.cultura.gov.it\/es\/collezioni-museali\/"},{"@type":"ListItem","position":3,"name":"Vues d\u2019optique"}]},{"@type":"WebSite","@id":"https:\/\/casanatense.cultura.gov.it\/es\/#website","url":"https:\/\/casanatense.cultura.gov.it\/es\/","name":"Casanatense","description":"Il sito della Biblioteca Casanatense","publisher":{"@id":"https:\/\/casanatense.cultura.gov.it\/es\/#organization"},"potentialAction":[{"@type":"SearchAction","target":{"@type":"EntryPoint","urlTemplate":"https:\/\/casanatense.cultura.gov.it\/es\/?s={search_term_string}"},"query-input":{"@type":"PropertyValueSpecification","valueRequired":true,"valueName":"search_term_string"}}],"inLanguage":"es"},{"@type":"Organization","@id":"https:\/\/casanatense.cultura.gov.it\/es\/#organization","name":"Biblioteca Casanatense","url":"https:\/\/casanatense.cultura.gov.it\/es\/","logo":{"@type":"ImageObject","inLanguage":"es","@id":"https:\/\/casanatense.cultura.gov.it\/es\/#\/schema\/logo\/image\/","url":"https:\/\/casanatense.cultura.gov.it\/wp-content\/uploads\/2024\/03\/logo-casanatense-mibact.png","contentUrl":"https:\/\/casanatense.cultura.gov.it\/wp-content\/uploads\/2024\/03\/logo-casanatense-mibact.png","width":250,"height":61,"caption":"Biblioteca Casanatense"},"image":{"@id":"https:\/\/casanatense.cultura.gov.it\/es\/#\/schema\/logo\/image\/"},"sameAs":["https:\/\/it-it.facebook.com\/people\/Biblioteca-Casanatense\/100064405343454\/","https:\/\/x.com\/casanatense","https:\/\/instagram.com\/bibliotecacasanatense?igshid=5hcnozoyuuy5"]}]}},"_links":{"self":[{"href":"https:\/\/casanatense.cultura.gov.it\/es\/wp-json\/wp\/v2\/pages\/258833","targetHints":{"allow":["GET"]}}],"collection":[{"href":"https:\/\/casanatense.cultura.gov.it\/es\/wp-json\/wp\/v2\/pages"}],"about":[{"href":"https:\/\/casanatense.cultura.gov.it\/es\/wp-json\/wp\/v2\/types\/page"}],"author":[{"embeddable":true,"href":"https:\/\/casanatense.cultura.gov.it\/es\/wp-json\/wp\/v2\/users\/158"}],"replies":[{"embeddable":true,"href":"https:\/\/casanatense.cultura.gov.it\/es\/wp-json\/wp\/v2\/comments?post=258833"}],"version-history":[{"count":3,"href":"https:\/\/casanatense.cultura.gov.it\/es\/wp-json\/wp\/v2\/pages\/258833\/revisions"}],"predecessor-version":[{"id":260060,"href":"https:\/\/casanatense.cultura.gov.it\/es\/wp-json\/wp\/v2\/pages\/258833\/revisions\/260060"}],"up":[{"embeddable":true,"href":"https:\/\/casanatense.cultura.gov.it\/es\/wp-json\/wp\/v2\/pages\/258729"}],"wp:featuredmedia":[{"embeddable":true,"href":"https:\/\/casanatense.cultura.gov.it\/es\/wp-json\/wp\/v2\/media\/258730"}],"wp:attachment":[{"href":"https:\/\/casanatense.cultura.gov.it\/es\/wp-json\/wp\/v2\/media?parent=258833"}],"curies":[{"name":"wp","href":"https:\/\/api.w.org\/{rel}","templated":true}]}}