{"id":258867,"date":"2024-05-02T09:27:05","date_gmt":"2024-05-02T07:27:05","guid":{"rendered":"https:\/\/casanatense.cultura.gov.it\/coleccion-fotografico\/"},"modified":"2024-11-08T09:24:49","modified_gmt":"2024-11-08T08:24:49","slug":"fotografias","status":"publish","type":"page","link":"https:\/\/casanatense.cultura.gov.it\/es\/fotografias\/","title":{"rendered":"Fotograf\u00edas"},"content":{"rendered":"<p>[et_pb_section fb_built=\u00bb1&#8243; admin_label=\u00bbsection\u00bb _builder_version=\u00bb4.16&#8243; custom_padding=\u00bb30px||30px|||\u00bb da_disable_devices=\u00bboff|off|off\u00bb global_colors_info=\u00bb{}\u00bb theme_builder_area=\u00bbpost_content\u00bb da_is_popup=\u00bboff\u00bb da_exit_intent=\u00bboff\u00bb da_has_close=\u00bbon\u00bb da_alt_close=\u00bboff\u00bb da_dark_close=\u00bboff\u00bb da_not_modal=\u00bbon\u00bb da_is_singular=\u00bboff\u00bb da_with_loader=\u00bboff\u00bb da_has_shadow=\u00bbon\u00bb][et_pb_row column_structure=\u00bb1_2,1_2&#8243; admin_label=\u00bbrow\u00bb _builder_version=\u00bb4.16&#8243; background_size=\u00bbinitial\u00bb background_position=\u00bbtop_left\u00bb background_repeat=\u00bbrepeat\u00bb global_colors_info=\u00bb{}\u00bb theme_builder_area=\u00bbpost_content\u00bb][et_pb_column type=\u00bb1_2&#8243; _builder_version=\u00bb4.16&#8243; custom_padding=\u00bb|||\u00bb global_colors_info=\u00bb{}\u00bb custom_padding__hover=\u00bb|||\u00bb theme_builder_area=\u00bbpost_content\u00bb][et_pb_text admin_label=\u00bbText\u00bb _builder_version=\u00bb4.27.0&#8243; background_size=\u00bbinitial\u00bb background_position=\u00bbtop_left\u00bb background_repeat=\u00bbrepeat\u00bb global_colors_info=\u00bb{}\u00bb theme_builder_area=\u00bbpost_content\u00bb]<\/p>\n<p class=\"Standard\"><span lang=\"IT\">Junto al amplio fondo bibliogr\u00e1fico, la Biblioteca Casanatense incluye un patrimonio fotogr\u00e1fico dividido en diversos fondos, estrechamente vinculados con el bibliogr\u00e1fico y archiv\u00edstico de la biblioteca. Compuesto en su mayor parte por positivos -incluidos numerosos estereosc\u00f3picos en blanco y negro y en color-, postales y recortes de peri\u00f3dicos, para un total aproximado de 9.000 piezas: extensa documentaci\u00f3n, adquirida o recibida como regalo, capaz de proporcionar un importante testimonio de la historia y las costumbres de un per\u00edodo hist\u00f3rico que se remonta a la primera mitad del siglo XIX y principios de la d\u00e9cada de 2000.  <\/span><\/p>\n<p>[\/et_pb_text][\/et_pb_column][et_pb_column type=\u00bb1_2&#8243; _builder_version=\u00bb4.16&#8243; custom_padding=\u00bb|||\u00bb global_colors_info=\u00bb{}\u00bb custom_padding__hover=\u00bb|||\u00bb theme_builder_area=\u00bbpost_content\u00bb][et_pb_image src=\u00bbhttp:\/\/casanatense.cultura.gov.it\/wp-content\/uploads\/2024\/07\/Fotografie-1.jpg\u00bb title_text=\u00bbFotografie\u00bb show_in_lightbox=\u00bbon\u00bb _builder_version=\u00bb4.27.0&#8243; _module_preset=\u00bbdefault\u00bb border_radii=\u00bbon|5px|5px|5px|5px\u00bb box_shadow_style=\u00bbpreset2&#8243; global_colors_info=\u00bb{}\u00bb theme_builder_area=\u00bbpost_content\u00bb][\/et_pb_image][\/et_pb_column][\/et_pb_row][et_pb_row _builder_version=\u00bb4.27.0&#8243; _module_preset=\u00bbdefault\u00bb global_colors_info=\u00bb{}\u00bb theme_builder_area=\u00bbpost_content\u00bb][et_pb_column type=\u00bb4_4&#8243; _builder_version=\u00bb4.27.0&#8243; _module_preset=\u00bbdefault\u00bb global_colors_info=\u00bb{}\u00bb theme_builder_area=\u00bbpost_content\u00bb][et_pb_text _builder_version=\u00bb4.27.2&#8243; _module_preset=\u00bbdefault\u00bb hover_enabled=\u00bb0&#8243; global_colors_info=\u00bb{}\u00bb theme_builder_area=\u00bbpost_content\u00bb sticky_enabled=\u00bb0&#8243;]<\/p>\n<h4><strong>Colecci\u00f3n Manodori Sagredo<\/strong><\/h4>\n<p><span lang=\"IT\">Adquirida en 1995 por Alberto Manodori Sagredo, se trata de una colecci\u00f3n de fotograf\u00edas antiguas -positivos, estereosc\u00f3picas, postales- que datan de entre 1860 y 1935, muchas de las cuales firmadas por prestigiosos fot\u00f3grafos como los hermanos Alinari, Giacomo Brogi, Francis Frith y publicado por editoriales como Underwood &amp; Underwood; la mayor\u00eda constituyen retratos, fotograf\u00edas de viajes, escenas de la vida cotidiana, \u00abescenas de g\u00e9nero\u00bb reproducidas en el estudio o escenas teatrales de comedias representadas en los teatros de la \u00e9poca.<\/span><\/p>\n<p><strong><\/strong><\/p>\n<p><strong> <\/strong><\/p>\n<h4><strong>Colecci\u00f3n Respighi<\/strong><\/h4>\n<p><span lang=\"IT\">La serie fotogr\u00e1fica adquirida, junto con un grupo de trabajos del Archivo Respighi, en 1994 incluye fotograf\u00edas, tomadas entre 1891 y 1970, que retratan al gran m\u00fasico Ottorino Respighi y su esposa Elsa Olivieri Sangiacomo en diversos momentos de su vida familiar y profesional &#8211; durante giras por todo el mundo o junto con amigos y colegas.<\/span><\/p>\n<p><strong><\/strong><\/p>\n<p><strong> <\/strong><\/p>\n<h4><strong>Colecci\u00f3n Cairo<\/strong><\/h4>\n<p><span lang=\"IT\">Recoge im\u00e1genes, tomadas entre los a\u00f1os 1990-2005, que ven a la ciudad de Roma como protagonista, destacando no s\u00f3lo el patrimonio art\u00edstico, arquitect\u00f3nico y arqueol\u00f3gico de la ciudad sino tambi\u00e9n detalles curiosos del mobiliario urbano, escenas de la vida cotidiana y acontecimientos extraordinarios. .<\/span><\/p>\n<p><strong><\/strong><\/p>\n<p><strong> <\/strong><\/p>\n<h4><strong>Colecci\u00f3n Sgambati<\/strong><\/h4>\n<p><span lang=\"IT\">Parte del Archivo Sgambati m\u00e1s grande, adquirido en 1994, que contiene correspondencia, partituras y obras impresas, recopila fotograf\u00edas capaces de proporcionarnos un espejo del contexto social y cultural en el que operaba Sgambati. Son numerosos los retratos de estudiantes, cantantes, m\u00fasicos, compositores y directores de orquesta italianos y extranjeros, a menudo acompa\u00f1ados de dedicatorias manuscritas que atestiguan la estima y el agradecimiento que ten\u00edan hacia el gran maestro. <\/span><\/p>\n<p><strong><\/strong><\/p>\n<h4><strong>Colecci\u00f3n de Imagen Casanatense<\/strong><\/h4>\n<p><strong><\/strong><\/p>\n<p><span lang=\"IT\">Contiene una serie de fotograf\u00edas de la Biblioteca (salas de lectura, accesos, sala monumental) que dan testimonio de la evoluci\u00f3n arquitect\u00f3nica y de la gesti\u00f3n de los servicios que se han producido a lo largo de los siglos en el seno de la biblioteca.<\/span><\/p>\n<p><span lang=\"IT\"><\/span><\/p>\n<p><span style=\"font-size: 16px;\"><strong><span lang=\"IT\">Lee tambi\u00e9n<\/span><\/strong><\/span><\/p>\n<p><a href=\"https:\/\/casanatense.cultura.gov.it\/attivita\/editoriali\/foto-depoca-casanatense\/\"><em><span lang=\"IT\"><strong>foto de \u00e9poca<\/strong><\/span><\/em><\/a><\/p>\n<p><a href=\"https:\/\/casanatense.cultura.gov.it\/attivita\/editoriali\/roma-in-foto\/\"><em><span lang=\"IT\"><strong>Roma en fotos<\/strong><\/span><\/em><\/a><\/p>\n<p><span lang=\"IT\"><strong><span style=\"font-size: 16px;\">Consultar:<\/span><\/strong><\/span><\/p>\n<p><a href=\"https:\/\/casanatense.contentdm.oclc.org\/digital\/collection\/fotografie\" target=\"_blank\" rel=\"noopener\"><span lang=\"IT\"><strong>La colecci\u00f3n fotogr\u00e1fica en las Estanter\u00edas Digitales<\/strong><\/span><\/a><\/p>\n<p>[\/et_pb_text][\/et_pb_column][\/et_pb_row][\/et_pb_section]<\/p>\n","protected":false},"excerpt":{"rendered":"<p>Junto al amplio fondo bibliogr\u00e1fico, la Biblioteca Casanatense incluye un patrimonio fotogr\u00e1fico dividido en diversos fondos, estrechamente vinculados con el bibliogr\u00e1fico y archiv\u00edstico de la biblioteca. Compuesto en su mayor parte por positivos -incluidos numerosos estereosc\u00f3picos en blanco y negro y en color-, postales y recortes de peri\u00f3dicos, para un total aproximado de 9.000 piezas: extensa documentaci\u00f3n, adquirida o recibida como regalo, capaz de proporcionar un importante testimonio de la historia y las costumbres de un per\u00edodo hist\u00f3rico que se remonta a la primera mitad del siglo XIX y principios de la d\u00e9cada de 2000. Colecci\u00f3n Manodori Sagredo Adquirida en 1995 por Alberto Manodori Sagredo, se trata de una colecci\u00f3n de fotograf\u00edas antiguas -positivos, estereosc\u00f3picas, postales- que datan de entre 1860 y 1935, muchas de las cuales firmadas por prestigiosos fot\u00f3grafos como los hermanos Alinari, Giacomo Brogi, Francis Frith y publicado por editoriales como Underwood &amp; Underwood; la mayor\u00eda constituyen retratos, fotograf\u00edas de viajes, escenas de la vida cotidiana, \u00abescenas de g\u00e9nero\u00bb reproducidas en el estudio o escenas teatrales de comedias representadas en los teatros de la \u00e9poca. Colecci\u00f3n Respighi La serie fotogr\u00e1fica adquirida, junto con un grupo de trabajos del Archivo Respighi, en 1994 incluye fotograf\u00edas, tomadas entre 1891 [&hellip;]<\/p>\n","protected":false},"author":1,"featured_media":0,"parent":0,"menu_order":241,"comment_status":"closed","ping_status":"closed","template":"","meta":{"_et_pb_use_builder":"on","_et_pb_old_content":"","_et_gb_content_width":"","_price":"","_stock":"","_tribe_ticket_header":"","_tribe_default_ticket_provider":"","_tribe_ticket_capacity":"0","_ticket_start_date":"","_ticket_end_date":"","_tribe_ticket_show_description":"","_tribe_ticket_show_not_going":false,"_tribe_ticket_use_global_stock":"","_tribe_ticket_global_stock_level":"","_global_stock_mode":"","_global_stock_cap":"","_tribe_rsvp_for_event":"","_tribe_ticket_going_count":"","_tribe_ticket_not_going_count":"","_tribe_tickets_list":"[]","_tribe_ticket_has_attendee_info_fields":false,"footnotes":""},"class_list":["post-258867","page","type-page","status-publish","hentry"],"yoast_head":"<!-- This site is optimized with the Yoast SEO plugin v27.4 - https:\/\/yoast.com\/product\/yoast-seo-wordpress\/ -->\n<title>Fotograf\u00edas - Casanatense<\/title>\n<meta name=\"robots\" content=\"index, follow, max-snippet:-1, max-image-preview:large, max-video-preview:-1\" \/>\n<link rel=\"canonical\" href=\"https:\/\/casanatense.cultura.gov.it\/es\/fotografias\/\" \/>\n<meta property=\"og:locale\" content=\"es_ES\" \/>\n<meta property=\"og:type\" content=\"article\" \/>\n<meta property=\"og:title\" content=\"Fotograf\u00edas - Casanatense\" \/>\n<meta property=\"og:description\" content=\"Junto al amplio fondo bibliogr\u00e1fico, la Biblioteca Casanatense incluye un patrimonio fotogr\u00e1fico dividido en diversos fondos, estrechamente vinculados con el bibliogr\u00e1fico y archiv\u00edstico de la biblioteca. Compuesto en su mayor parte por positivos -incluidos numerosos estereosc\u00f3picos en blanco y negro y en color-, postales y recortes de peri\u00f3dicos, para un total aproximado de 9.000 piezas: extensa documentaci\u00f3n, adquirida o recibida como regalo, capaz de proporcionar un importante testimonio de la historia y las costumbres de un per\u00edodo hist\u00f3rico que se remonta a la primera mitad del siglo XIX y principios de la d\u00e9cada de 2000. Colecci\u00f3n Manodori Sagredo Adquirida en 1995 por Alberto Manodori Sagredo, se trata de una colecci\u00f3n de fotograf\u00edas antiguas -positivos, estereosc\u00f3picas, postales- que datan de entre 1860 y 1935, muchas de las cuales firmadas por prestigiosos fot\u00f3grafos como los hermanos Alinari, Giacomo Brogi, Francis Frith y publicado por editoriales como Underwood &amp; Underwood; la mayor\u00eda constituyen retratos, fotograf\u00edas de viajes, escenas de la vida cotidiana, &quot;escenas de g\u00e9nero&quot; reproducidas en el estudio o escenas teatrales de comedias representadas en los teatros de la \u00e9poca. Colecci\u00f3n Respighi La serie fotogr\u00e1fica adquirida, junto con un grupo de trabajos del Archivo Respighi, en 1994 incluye fotograf\u00edas, tomadas entre 1891 [&hellip;]\" \/>\n<meta property=\"og:url\" content=\"https:\/\/casanatense.cultura.gov.it\/es\/fotografias\/\" \/>\n<meta property=\"og:site_name\" content=\"Casanatense\" \/>\n<meta property=\"article:publisher\" content=\"https:\/\/it-it.facebook.com\/people\/Biblioteca-Casanatense\/100064405343454\/\" \/>\n<meta property=\"article:modified_time\" content=\"2024-11-08T08:24:49+00:00\" \/>\n<meta name=\"twitter:card\" content=\"summary_large_image\" \/>\n<meta name=\"twitter:site\" content=\"@casanatense\" \/>\n<meta name=\"twitter:label1\" content=\"Tiempo de lectura\" \/>\n\t<meta name=\"twitter:data1\" content=\"4 minutos\" \/>\n<script type=\"application\/ld+json\" class=\"yoast-schema-graph\">{\"@context\":\"https:\\\/\\\/schema.org\",\"@graph\":[{\"@type\":\"WebPage\",\"@id\":\"https:\\\/\\\/casanatense.cultura.gov.it\\\/es\\\/fotografias\\\/\",\"url\":\"https:\\\/\\\/casanatense.cultura.gov.it\\\/es\\\/fotografias\\\/\",\"name\":\"Fotograf\u00edas - Casanatense\",\"isPartOf\":{\"@id\":\"https:\\\/\\\/casanatense.cultura.gov.it\\\/es\\\/#website\"},\"datePublished\":\"2024-05-02T07:27:05+00:00\",\"dateModified\":\"2024-11-08T08:24:49+00:00\",\"breadcrumb\":{\"@id\":\"https:\\\/\\\/casanatense.cultura.gov.it\\\/es\\\/fotografias\\\/#breadcrumb\"},\"inLanguage\":\"es\",\"potentialAction\":[{\"@type\":\"ReadAction\",\"target\":[\"https:\\\/\\\/casanatense.cultura.gov.it\\\/es\\\/fotografias\\\/\"]}]},{\"@type\":\"BreadcrumbList\",\"@id\":\"https:\\\/\\\/casanatense.cultura.gov.it\\\/es\\\/fotografias\\\/#breadcrumb\",\"itemListElement\":[{\"@type\":\"ListItem\",\"position\":1,\"name\":\"Home\",\"item\":\"https:\\\/\\\/casanatense.cultura.gov.it\\\/es\\\/\"},{\"@type\":\"ListItem\",\"position\":2,\"name\":\"Fotograf\u00edas\"}]},{\"@type\":\"WebSite\",\"@id\":\"https:\\\/\\\/casanatense.cultura.gov.it\\\/es\\\/#website\",\"url\":\"https:\\\/\\\/casanatense.cultura.gov.it\\\/es\\\/\",\"name\":\"Casanatense\",\"description\":\"Il sito della Biblioteca Casanatense\",\"publisher\":{\"@id\":\"https:\\\/\\\/casanatense.cultura.gov.it\\\/es\\\/#organization\"},\"potentialAction\":[{\"@type\":\"SearchAction\",\"target\":{\"@type\":\"EntryPoint\",\"urlTemplate\":\"https:\\\/\\\/casanatense.cultura.gov.it\\\/es\\\/?s={search_term_string}\"},\"query-input\":{\"@type\":\"PropertyValueSpecification\",\"valueRequired\":true,\"valueName\":\"search_term_string\"}}],\"inLanguage\":\"es\"},{\"@type\":\"Organization\",\"@id\":\"https:\\\/\\\/casanatense.cultura.gov.it\\\/es\\\/#organization\",\"name\":\"Biblioteca Casanatense\",\"url\":\"https:\\\/\\\/casanatense.cultura.gov.it\\\/es\\\/\",\"logo\":{\"@type\":\"ImageObject\",\"inLanguage\":\"es\",\"@id\":\"https:\\\/\\\/casanatense.cultura.gov.it\\\/es\\\/#\\\/schema\\\/logo\\\/image\\\/\",\"url\":\"https:\\\/\\\/casanatense.cultura.gov.it\\\/wp-content\\\/uploads\\\/2024\\\/03\\\/logo-casanatense-mibact.png\",\"contentUrl\":\"https:\\\/\\\/casanatense.cultura.gov.it\\\/wp-content\\\/uploads\\\/2024\\\/03\\\/logo-casanatense-mibact.png\",\"width\":250,\"height\":61,\"caption\":\"Biblioteca Casanatense\"},\"image\":{\"@id\":\"https:\\\/\\\/casanatense.cultura.gov.it\\\/es\\\/#\\\/schema\\\/logo\\\/image\\\/\"},\"sameAs\":[\"https:\\\/\\\/it-it.facebook.com\\\/people\\\/Biblioteca-Casanatense\\\/100064405343454\\\/\",\"https:\\\/\\\/x.com\\\/casanatense\",\"https:\\\/\\\/instagram.com\\\/bibliotecacasanatense?igshid=5hcnozoyuuy5\"]}]}<\/script>\n<!-- \/ Yoast SEO plugin. -->","yoast_head_json":{"title":"Fotograf\u00edas - Casanatense","robots":{"index":"index","follow":"follow","max-snippet":"max-snippet:-1","max-image-preview":"max-image-preview:large","max-video-preview":"max-video-preview:-1"},"canonical":"https:\/\/casanatense.cultura.gov.it\/es\/fotografias\/","og_locale":"es_ES","og_type":"article","og_title":"Fotograf\u00edas - Casanatense","og_description":"Junto al amplio fondo bibliogr\u00e1fico, la Biblioteca Casanatense incluye un patrimonio fotogr\u00e1fico dividido en diversos fondos, estrechamente vinculados con el bibliogr\u00e1fico y archiv\u00edstico de la biblioteca. Compuesto en su mayor parte por positivos -incluidos numerosos estereosc\u00f3picos en blanco y negro y en color-, postales y recortes de peri\u00f3dicos, para un total aproximado de 9.000 piezas: extensa documentaci\u00f3n, adquirida o recibida como regalo, capaz de proporcionar un importante testimonio de la historia y las costumbres de un per\u00edodo hist\u00f3rico que se remonta a la primera mitad del siglo XIX y principios de la d\u00e9cada de 2000. Colecci\u00f3n Manodori Sagredo Adquirida en 1995 por Alberto Manodori Sagredo, se trata de una colecci\u00f3n de fotograf\u00edas antiguas -positivos, estereosc\u00f3picas, postales- que datan de entre 1860 y 1935, muchas de las cuales firmadas por prestigiosos fot\u00f3grafos como los hermanos Alinari, Giacomo Brogi, Francis Frith y publicado por editoriales como Underwood &amp; Underwood; la mayor\u00eda constituyen retratos, fotograf\u00edas de viajes, escenas de la vida cotidiana, \"escenas de g\u00e9nero\" reproducidas en el estudio o escenas teatrales de comedias representadas en los teatros de la \u00e9poca. Colecci\u00f3n Respighi La serie fotogr\u00e1fica adquirida, junto con un grupo de trabajos del Archivo Respighi, en 1994 incluye fotograf\u00edas, tomadas entre 1891 [&hellip;]","og_url":"https:\/\/casanatense.cultura.gov.it\/es\/fotografias\/","og_site_name":"Casanatense","article_publisher":"https:\/\/it-it.facebook.com\/people\/Biblioteca-Casanatense\/100064405343454\/","article_modified_time":"2024-11-08T08:24:49+00:00","twitter_card":"summary_large_image","twitter_site":"@casanatense","twitter_misc":{"Tiempo de lectura":"4 minutos"},"schema":{"@context":"https:\/\/schema.org","@graph":[{"@type":"WebPage","@id":"https:\/\/casanatense.cultura.gov.it\/es\/fotografias\/","url":"https:\/\/casanatense.cultura.gov.it\/es\/fotografias\/","name":"Fotograf\u00edas - Casanatense","isPartOf":{"@id":"https:\/\/casanatense.cultura.gov.it\/es\/#website"},"datePublished":"2024-05-02T07:27:05+00:00","dateModified":"2024-11-08T08:24:49+00:00","breadcrumb":{"@id":"https:\/\/casanatense.cultura.gov.it\/es\/fotografias\/#breadcrumb"},"inLanguage":"es","potentialAction":[{"@type":"ReadAction","target":["https:\/\/casanatense.cultura.gov.it\/es\/fotografias\/"]}]},{"@type":"BreadcrumbList","@id":"https:\/\/casanatense.cultura.gov.it\/es\/fotografias\/#breadcrumb","itemListElement":[{"@type":"ListItem","position":1,"name":"Home","item":"https:\/\/casanatense.cultura.gov.it\/es\/"},{"@type":"ListItem","position":2,"name":"Fotograf\u00edas"}]},{"@type":"WebSite","@id":"https:\/\/casanatense.cultura.gov.it\/es\/#website","url":"https:\/\/casanatense.cultura.gov.it\/es\/","name":"Casanatense","description":"Il sito della Biblioteca Casanatense","publisher":{"@id":"https:\/\/casanatense.cultura.gov.it\/es\/#organization"},"potentialAction":[{"@type":"SearchAction","target":{"@type":"EntryPoint","urlTemplate":"https:\/\/casanatense.cultura.gov.it\/es\/?s={search_term_string}"},"query-input":{"@type":"PropertyValueSpecification","valueRequired":true,"valueName":"search_term_string"}}],"inLanguage":"es"},{"@type":"Organization","@id":"https:\/\/casanatense.cultura.gov.it\/es\/#organization","name":"Biblioteca Casanatense","url":"https:\/\/casanatense.cultura.gov.it\/es\/","logo":{"@type":"ImageObject","inLanguage":"es","@id":"https:\/\/casanatense.cultura.gov.it\/es\/#\/schema\/logo\/image\/","url":"https:\/\/casanatense.cultura.gov.it\/wp-content\/uploads\/2024\/03\/logo-casanatense-mibact.png","contentUrl":"https:\/\/casanatense.cultura.gov.it\/wp-content\/uploads\/2024\/03\/logo-casanatense-mibact.png","width":250,"height":61,"caption":"Biblioteca Casanatense"},"image":{"@id":"https:\/\/casanatense.cultura.gov.it\/es\/#\/schema\/logo\/image\/"},"sameAs":["https:\/\/it-it.facebook.com\/people\/Biblioteca-Casanatense\/100064405343454\/","https:\/\/x.com\/casanatense","https:\/\/instagram.com\/bibliotecacasanatense?igshid=5hcnozoyuuy5"]}]}},"_links":{"self":[{"href":"https:\/\/casanatense.cultura.gov.it\/es\/wp-json\/wp\/v2\/pages\/258867","targetHints":{"allow":["GET"]}}],"collection":[{"href":"https:\/\/casanatense.cultura.gov.it\/es\/wp-json\/wp\/v2\/pages"}],"about":[{"href":"https:\/\/casanatense.cultura.gov.it\/es\/wp-json\/wp\/v2\/types\/page"}],"author":[{"embeddable":true,"href":"https:\/\/casanatense.cultura.gov.it\/es\/wp-json\/wp\/v2\/users\/1"}],"replies":[{"embeddable":true,"href":"https:\/\/casanatense.cultura.gov.it\/es\/wp-json\/wp\/v2\/comments?post=258867"}],"version-history":[{"count":4,"href":"https:\/\/casanatense.cultura.gov.it\/es\/wp-json\/wp\/v2\/pages\/258867\/revisions"}],"predecessor-version":[{"id":261021,"href":"https:\/\/casanatense.cultura.gov.it\/es\/wp-json\/wp\/v2\/pages\/258867\/revisions\/261021"}],"wp:attachment":[{"href":"https:\/\/casanatense.cultura.gov.it\/es\/wp-json\/wp\/v2\/media?parent=258867"}],"curies":[{"name":"wp","href":"https:\/\/api.w.org\/{rel}","templated":true}]}}