{"id":258870,"date":"2024-05-02T09:33:17","date_gmt":"2024-05-02T07:33:17","guid":{"rendered":"https:\/\/casanatense.cultura.gov.it\/cartografia\/"},"modified":"2025-02-28T11:47:09","modified_gmt":"2025-02-28T10:47:09","slug":"cartografia","status":"publish","type":"page","link":"https:\/\/casanatense.cultura.gov.it\/es\/cartografia\/","title":{"rendered":"Cartograf\u00eda"},"content":{"rendered":"<p>[et_pb_section fb_built=\u00bb1&#8243; admin_label=\u00bbsection\u00bb _builder_version=\u00bb4.16&#8243; custom_padding=\u00bb30px||30px|||\u00bb da_disable_devices=\u00bboff|off|off\u00bb global_colors_info=\u00bb{}\u00bb theme_builder_area=\u00bbpost_content\u00bb da_is_popup=\u00bboff\u00bb da_exit_intent=\u00bboff\u00bb da_has_close=\u00bbon\u00bb da_alt_close=\u00bboff\u00bb da_dark_close=\u00bboff\u00bb da_not_modal=\u00bbon\u00bb da_is_singular=\u00bboff\u00bb da_with_loader=\u00bboff\u00bb da_has_shadow=\u00bbon\u00bb][et_pb_row column_structure=\u00bb1_2,1_2&#8243; admin_label=\u00bbrow\u00bb _builder_version=\u00bb4.16&#8243; background_size=\u00bbinitial\u00bb background_position=\u00bbtop_left\u00bb background_repeat=\u00bbrepeat\u00bb global_colors_info=\u00bb{}\u00bb theme_builder_area=\u00bbpost_content\u00bb][et_pb_column type=\u00bb1_2&#8243; _builder_version=\u00bb4.16&#8243; custom_padding=\u00bb|||\u00bb global_colors_info=\u00bb{}\u00bb custom_padding__hover=\u00bb|||\u00bb theme_builder_area=\u00bbpost_content\u00bb][et_pb_text admin_label=\u00bbText\u00bb _builder_version=\u00bb4.27.0&#8243; background_size=\u00bbinitial\u00bb background_position=\u00bbtop_left\u00bb background_repeat=\u00bbrepeat\u00bb global_colors_info=\u00bb{}\u00bb theme_builder_area=\u00bbpost_content\u00bb]<\/p>\n<p>La colecci\u00f3n cartogr\u00e1fico de la Biblioteca Casanatense, compuesto por obras tanto impresas como manuscritas, da testimonio de la evoluci\u00f3n de la visi\u00f3n del mundo, desde la cultura medieval hasta la moderna caracterizada por grandes viajes y descubrimientos cient\u00edficos.<\/p>\n<p>[\/et_pb_text][\/et_pb_column][et_pb_column type=\u00bb1_2&#8243; _builder_version=\u00bb4.16&#8243; custom_padding=\u00bb|||\u00bb global_colors_info=\u00bb{}\u00bb custom_padding__hover=\u00bb|||\u00bb theme_builder_area=\u00bbpost_content\u00bb][et_pb_image src=\u00bbhttp:\/\/casanatense.cultura.gov.it\/wp-content\/uploads\/2024\/07\/Cartografia.jpg\u00bb title_text=\u00bbCartografia\u00bb show_in_lightbox=\u00bbon\u00bb _builder_version=\u00bb4.27.0&#8243; _module_preset=\u00bbdefault\u00bb transform_scale=\u00bb122%|122%\u00bb width=\u00bb58%\u00bb custom_margin=\u00bb8px|0px||30px|false|false\u00bb border_radii=\u00bbon|5px|5px|5px|5px\u00bb box_shadow_style=\u00bbpreset2&#8243; global_colors_info=\u00bb{}\u00bb theme_builder_area=\u00bbpost_content\u00bb][\/et_pb_image][\/et_pb_column][\/et_pb_row][et_pb_row _builder_version=\u00bb4.27.0&#8243; _module_preset=\u00bbdefault\u00bb global_colors_info=\u00bb{}\u00bb theme_builder_area=\u00bbpost_content\u00bb][et_pb_column type=\u00bb4_4&#8243; _builder_version=\u00bb4.27.0&#8243; _module_preset=\u00bbdefault\u00bb global_colors_info=\u00bb{}\u00bb theme_builder_area=\u00bbpost_content\u00bb][et_pb_text _builder_version=\u00bb4.27.4&#8243; _module_preset=\u00bbdefault\u00bb hover_enabled=\u00bb0&#8243; global_colors_info=\u00bb{}\u00bb theme_builder_area=\u00bbpost_content\u00bb sticky_enabled=\u00bb0&#8243;]<\/p>\n<h4><strong>Obras impresas<\/strong><\/h4>\n<p>Dentro de la colecci\u00f3n de grabados se encuentra una colecci\u00f3n de textos, marcados en su ubicaci\u00f3n con las letras \u00abCCC\u00bb, que incluye grandes ediciones geogr\u00e1ficas, para un total de 62 vol\u00famenes, datados en su mayor\u00eda entre los siglos XVII y XVIII como los de Blaeu y. Jansson, verdaderas obras de arte.<br \/>Sin duda merece la pena mencionar, en este contexto, la obra <em>Atlas maior sive Cosmographia Blaviana<\/em>, en su primera edici\u00f3n, con texto en lat\u00edn y publicada en \u00c1msterdam en 1662 por Joan Blaeu, perteneciente a una dinast\u00eda que domin\u00f3 el mercado cartogr\u00e1fico holand\u00e9s entre finales del siglo XIX. Siglos XVI y mediados del XVII. Con la publicaci\u00f3n del <em>Atlas maior,<\/em> impreso en fino papel y adornado con extraordinarias miniaturas, la producci\u00f3n cartogr\u00e1fica holandesa alcanz\u00f3 su m\u00e1ximo esplendor. La obra da testimonio del gusto de la \u00e9poca: en el siglo XVII la cartograf\u00eda, aunque basada en criterios cient\u00edficos, era todav\u00eda muy sensible al aspecto est\u00e9tico, a la decoraci\u00f3n y, por qu\u00e9 no, a la imaginaci\u00f3n a falta de datos concretos.<\/p>\n<p><strong><\/strong><\/p>\n<p><strong> <\/strong><\/p>\n<h4><strong>Incunables<\/strong><\/h4>\n<p>Entre los incunables cabe recordar sin duda el VOL.INC. 732: una muy apreciada edici\u00f3n alemana de 1482 de la obra de Ptolomeo, que contiene un gran panel que representa el \u00abmundo antiguo\u00bb y est\u00e1 firmada por el grabador Johann Schnitzer.<\/p>\n<p><strong><\/strong><\/p>\n<p><strong> <\/strong><\/p>\n<h4><strong>los manuscritos<\/strong><\/h4>\n<p>Entre las representaciones cartogr\u00e1ficas incluidas en el fondo manuscrito, sin duda destacan las siguientes: <em>Liber Insularum Archipelagi<\/em> (MS.106) con descripci\u00f3n de las islas del Mar Egeo, numerosos detalles sobre los puertos, ciudades y pueblos; todo representado por extraordinarias acuarelas, cada una acompa\u00f1ada de un texto descriptivo; las cartas n\u00e1uticas del Mediterr\u00e1neo, dentro de MS.4866 en un rollo de pergamino de 1556 (en el que se informan con gran precisi\u00f3n archipi\u00e9lagos, varias ubicaciones costeras, islas del Mediterr\u00e1neo y la Europa occidental atl\u00e1ntica) y dentro de MS.4865 en un rollo de pergamino de 1588, con representaciones de las tres carabelas, clara referencia a la memorable haza\u00f1a de Crist\u00f3bal Col\u00f3n y al inicio de la era de los grandes descubrimientos geogr\u00e1ficos. En ambas cartas n\u00e1uticas se concede gran importancia a las rep\u00fablicas mar\u00edtimas de G\u00e9nova y Venecia, como puertos comerciales insustituibles en el coraz\u00f3n del Mediterr\u00e1neo.<\/p>\n<p>[\/et_pb_text][\/et_pb_column][\/et_pb_row][\/et_pb_section]<\/p>\n","protected":false},"excerpt":{"rendered":"<p>La colecci\u00f3n cartogr\u00e1fico de la Biblioteca Casanatense, compuesto por obras tanto impresas como manuscritas, da testimonio de la evoluci\u00f3n de la visi\u00f3n del mundo, desde la cultura medieval hasta la moderna caracterizada por grandes viajes y descubrimientos cient\u00edficos.Obras impresas Dentro de la colecci\u00f3n de grabados se encuentra una colecci\u00f3n de textos, marcados en su ubicaci\u00f3n con las letras \u00abCCC\u00bb, que incluye grandes ediciones geogr\u00e1ficas, para un total de 62 vol\u00famenes, datados en su mayor\u00eda entre los siglos XVII y XVIII como los de Blaeu y. Jansson, verdaderas obras de arte.Sin duda merece la pena mencionar, en este contexto, la obra Atlas maior sive Cosmographia Blaviana, en su primera edici\u00f3n, con texto en lat\u00edn y publicada en \u00c1msterdam en 1662 por Joan Blaeu, perteneciente a una dinast\u00eda que domin\u00f3 el mercado cartogr\u00e1fico holand\u00e9s entre finales del siglo XIX. Siglos XVI y mediados del XVII. Con la publicaci\u00f3n del Atlas maior, impreso en fino papel y adornado con extraordinarias miniaturas, la producci\u00f3n cartogr\u00e1fica holandesa alcanz\u00f3 su m\u00e1ximo esplendor. La obra da testimonio del gusto de la \u00e9poca: en el siglo XVII la cartograf\u00eda, aunque basada en criterios cient\u00edficos, era todav\u00eda muy sensible al aspecto est\u00e9tico, a la decoraci\u00f3n y, por qu\u00e9 no, [&hellip;]<\/p>\n","protected":false},"author":1,"featured_media":0,"parent":0,"menu_order":241,"comment_status":"closed","ping_status":"closed","template":"","meta":{"_et_pb_use_builder":"on","_et_pb_old_content":"","_et_gb_content_width":"","_price":"","_stock":"","_tribe_ticket_header":"","_tribe_default_ticket_provider":"","_tribe_ticket_capacity":"0","_ticket_start_date":"","_ticket_end_date":"","_tribe_ticket_show_description":"","_tribe_ticket_show_not_going":false,"_tribe_ticket_use_global_stock":"","_tribe_ticket_global_stock_level":"","_global_stock_mode":"","_global_stock_cap":"","_tribe_rsvp_for_event":"","_tribe_ticket_going_count":"","_tribe_ticket_not_going_count":"","_tribe_tickets_list":"[]","_tribe_ticket_has_attendee_info_fields":false,"footnotes":""},"class_list":["post-258870","page","type-page","status-publish","hentry"],"yoast_head":"<!-- This site is optimized with the Yoast SEO plugin v27.4 - https:\/\/yoast.com\/product\/yoast-seo-wordpress\/ -->\n<title>Cartograf\u00eda - Casanatense<\/title>\n<meta name=\"robots\" content=\"index, follow, max-snippet:-1, max-image-preview:large, max-video-preview:-1\" \/>\n<link rel=\"canonical\" href=\"https:\/\/casanatense.cultura.gov.it\/es\/cartografia\/\" \/>\n<meta property=\"og:locale\" content=\"es_ES\" \/>\n<meta property=\"og:type\" content=\"article\" \/>\n<meta property=\"og:title\" content=\"Cartograf\u00eda - Casanatense\" \/>\n<meta property=\"og:description\" content=\"La colecci\u00f3n cartogr\u00e1fico de la Biblioteca Casanatense, compuesto por obras tanto impresas como manuscritas, da testimonio de la evoluci\u00f3n de la visi\u00f3n del mundo, desde la cultura medieval hasta la moderna caracterizada por grandes viajes y descubrimientos cient\u00edficos.Obras impresas Dentro de la colecci\u00f3n de grabados se encuentra una colecci\u00f3n de textos, marcados en su ubicaci\u00f3n con las letras &quot;CCC&quot;, que incluye grandes ediciones geogr\u00e1ficas, para un total de 62 vol\u00famenes, datados en su mayor\u00eda entre los siglos XVII y XVIII como los de Blaeu y. Jansson, verdaderas obras de arte.Sin duda merece la pena mencionar, en este contexto, la obra Atlas maior sive Cosmographia Blaviana, en su primera edici\u00f3n, con texto en lat\u00edn y publicada en \u00c1msterdam en 1662 por Joan Blaeu, perteneciente a una dinast\u00eda que domin\u00f3 el mercado cartogr\u00e1fico holand\u00e9s entre finales del siglo XIX. Siglos XVI y mediados del XVII. Con la publicaci\u00f3n del Atlas maior, impreso en fino papel y adornado con extraordinarias miniaturas, la producci\u00f3n cartogr\u00e1fica holandesa alcanz\u00f3 su m\u00e1ximo esplendor. La obra da testimonio del gusto de la \u00e9poca: en el siglo XVII la cartograf\u00eda, aunque basada en criterios cient\u00edficos, era todav\u00eda muy sensible al aspecto est\u00e9tico, a la decoraci\u00f3n y, por qu\u00e9 no, [&hellip;]\" \/>\n<meta property=\"og:url\" content=\"https:\/\/casanatense.cultura.gov.it\/es\/cartografia\/\" \/>\n<meta property=\"og:site_name\" content=\"Casanatense\" \/>\n<meta property=\"article:publisher\" content=\"https:\/\/it-it.facebook.com\/people\/Biblioteca-Casanatense\/100064405343454\/\" \/>\n<meta property=\"article:modified_time\" content=\"2025-02-28T10:47:09+00:00\" \/>\n<meta name=\"twitter:card\" content=\"summary_large_image\" \/>\n<meta name=\"twitter:site\" content=\"@casanatense\" \/>\n<meta name=\"twitter:label1\" content=\"Tiempo de lectura\" \/>\n\t<meta name=\"twitter:data1\" content=\"4 minutos\" \/>\n<script type=\"application\/ld+json\" class=\"yoast-schema-graph\">{\"@context\":\"https:\\\/\\\/schema.org\",\"@graph\":[{\"@type\":\"WebPage\",\"@id\":\"https:\\\/\\\/casanatense.cultura.gov.it\\\/es\\\/cartografia\\\/\",\"url\":\"https:\\\/\\\/casanatense.cultura.gov.it\\\/es\\\/cartografia\\\/\",\"name\":\"Cartograf\u00eda - Casanatense\",\"isPartOf\":{\"@id\":\"https:\\\/\\\/casanatense.cultura.gov.it\\\/es\\\/#website\"},\"datePublished\":\"2024-05-02T07:33:17+00:00\",\"dateModified\":\"2025-02-28T10:47:09+00:00\",\"breadcrumb\":{\"@id\":\"https:\\\/\\\/casanatense.cultura.gov.it\\\/es\\\/cartografia\\\/#breadcrumb\"},\"inLanguage\":\"es\",\"potentialAction\":[{\"@type\":\"ReadAction\",\"target\":[\"https:\\\/\\\/casanatense.cultura.gov.it\\\/es\\\/cartografia\\\/\"]}]},{\"@type\":\"BreadcrumbList\",\"@id\":\"https:\\\/\\\/casanatense.cultura.gov.it\\\/es\\\/cartografia\\\/#breadcrumb\",\"itemListElement\":[{\"@type\":\"ListItem\",\"position\":1,\"name\":\"Home\",\"item\":\"https:\\\/\\\/casanatense.cultura.gov.it\\\/es\\\/\"},{\"@type\":\"ListItem\",\"position\":2,\"name\":\"Cartograf\u00eda\"}]},{\"@type\":\"WebSite\",\"@id\":\"https:\\\/\\\/casanatense.cultura.gov.it\\\/es\\\/#website\",\"url\":\"https:\\\/\\\/casanatense.cultura.gov.it\\\/es\\\/\",\"name\":\"Casanatense\",\"description\":\"Il sito della Biblioteca Casanatense\",\"publisher\":{\"@id\":\"https:\\\/\\\/casanatense.cultura.gov.it\\\/es\\\/#organization\"},\"potentialAction\":[{\"@type\":\"SearchAction\",\"target\":{\"@type\":\"EntryPoint\",\"urlTemplate\":\"https:\\\/\\\/casanatense.cultura.gov.it\\\/es\\\/?s={search_term_string}\"},\"query-input\":{\"@type\":\"PropertyValueSpecification\",\"valueRequired\":true,\"valueName\":\"search_term_string\"}}],\"inLanguage\":\"es\"},{\"@type\":\"Organization\",\"@id\":\"https:\\\/\\\/casanatense.cultura.gov.it\\\/es\\\/#organization\",\"name\":\"Biblioteca Casanatense\",\"url\":\"https:\\\/\\\/casanatense.cultura.gov.it\\\/es\\\/\",\"logo\":{\"@type\":\"ImageObject\",\"inLanguage\":\"es\",\"@id\":\"https:\\\/\\\/casanatense.cultura.gov.it\\\/es\\\/#\\\/schema\\\/logo\\\/image\\\/\",\"url\":\"https:\\\/\\\/casanatense.cultura.gov.it\\\/wp-content\\\/uploads\\\/2024\\\/03\\\/logo-casanatense-mibact.png\",\"contentUrl\":\"https:\\\/\\\/casanatense.cultura.gov.it\\\/wp-content\\\/uploads\\\/2024\\\/03\\\/logo-casanatense-mibact.png\",\"width\":250,\"height\":61,\"caption\":\"Biblioteca Casanatense\"},\"image\":{\"@id\":\"https:\\\/\\\/casanatense.cultura.gov.it\\\/es\\\/#\\\/schema\\\/logo\\\/image\\\/\"},\"sameAs\":[\"https:\\\/\\\/it-it.facebook.com\\\/people\\\/Biblioteca-Casanatense\\\/100064405343454\\\/\",\"https:\\\/\\\/x.com\\\/casanatense\",\"https:\\\/\\\/instagram.com\\\/bibliotecacasanatense?igshid=5hcnozoyuuy5\"]}]}<\/script>\n<!-- \/ Yoast SEO plugin. -->","yoast_head_json":{"title":"Cartograf\u00eda - Casanatense","robots":{"index":"index","follow":"follow","max-snippet":"max-snippet:-1","max-image-preview":"max-image-preview:large","max-video-preview":"max-video-preview:-1"},"canonical":"https:\/\/casanatense.cultura.gov.it\/es\/cartografia\/","og_locale":"es_ES","og_type":"article","og_title":"Cartograf\u00eda - Casanatense","og_description":"La colecci\u00f3n cartogr\u00e1fico de la Biblioteca Casanatense, compuesto por obras tanto impresas como manuscritas, da testimonio de la evoluci\u00f3n de la visi\u00f3n del mundo, desde la cultura medieval hasta la moderna caracterizada por grandes viajes y descubrimientos cient\u00edficos.Obras impresas Dentro de la colecci\u00f3n de grabados se encuentra una colecci\u00f3n de textos, marcados en su ubicaci\u00f3n con las letras \"CCC\", que incluye grandes ediciones geogr\u00e1ficas, para un total de 62 vol\u00famenes, datados en su mayor\u00eda entre los siglos XVII y XVIII como los de Blaeu y. Jansson, verdaderas obras de arte.Sin duda merece la pena mencionar, en este contexto, la obra Atlas maior sive Cosmographia Blaviana, en su primera edici\u00f3n, con texto en lat\u00edn y publicada en \u00c1msterdam en 1662 por Joan Blaeu, perteneciente a una dinast\u00eda que domin\u00f3 el mercado cartogr\u00e1fico holand\u00e9s entre finales del siglo XIX. Siglos XVI y mediados del XVII. Con la publicaci\u00f3n del Atlas maior, impreso en fino papel y adornado con extraordinarias miniaturas, la producci\u00f3n cartogr\u00e1fica holandesa alcanz\u00f3 su m\u00e1ximo esplendor. La obra da testimonio del gusto de la \u00e9poca: en el siglo XVII la cartograf\u00eda, aunque basada en criterios cient\u00edficos, era todav\u00eda muy sensible al aspecto est\u00e9tico, a la decoraci\u00f3n y, por qu\u00e9 no, [&hellip;]","og_url":"https:\/\/casanatense.cultura.gov.it\/es\/cartografia\/","og_site_name":"Casanatense","article_publisher":"https:\/\/it-it.facebook.com\/people\/Biblioteca-Casanatense\/100064405343454\/","article_modified_time":"2025-02-28T10:47:09+00:00","twitter_card":"summary_large_image","twitter_site":"@casanatense","twitter_misc":{"Tiempo de lectura":"4 minutos"},"schema":{"@context":"https:\/\/schema.org","@graph":[{"@type":"WebPage","@id":"https:\/\/casanatense.cultura.gov.it\/es\/cartografia\/","url":"https:\/\/casanatense.cultura.gov.it\/es\/cartografia\/","name":"Cartograf\u00eda - Casanatense","isPartOf":{"@id":"https:\/\/casanatense.cultura.gov.it\/es\/#website"},"datePublished":"2024-05-02T07:33:17+00:00","dateModified":"2025-02-28T10:47:09+00:00","breadcrumb":{"@id":"https:\/\/casanatense.cultura.gov.it\/es\/cartografia\/#breadcrumb"},"inLanguage":"es","potentialAction":[{"@type":"ReadAction","target":["https:\/\/casanatense.cultura.gov.it\/es\/cartografia\/"]}]},{"@type":"BreadcrumbList","@id":"https:\/\/casanatense.cultura.gov.it\/es\/cartografia\/#breadcrumb","itemListElement":[{"@type":"ListItem","position":1,"name":"Home","item":"https:\/\/casanatense.cultura.gov.it\/es\/"},{"@type":"ListItem","position":2,"name":"Cartograf\u00eda"}]},{"@type":"WebSite","@id":"https:\/\/casanatense.cultura.gov.it\/es\/#website","url":"https:\/\/casanatense.cultura.gov.it\/es\/","name":"Casanatense","description":"Il sito della Biblioteca Casanatense","publisher":{"@id":"https:\/\/casanatense.cultura.gov.it\/es\/#organization"},"potentialAction":[{"@type":"SearchAction","target":{"@type":"EntryPoint","urlTemplate":"https:\/\/casanatense.cultura.gov.it\/es\/?s={search_term_string}"},"query-input":{"@type":"PropertyValueSpecification","valueRequired":true,"valueName":"search_term_string"}}],"inLanguage":"es"},{"@type":"Organization","@id":"https:\/\/casanatense.cultura.gov.it\/es\/#organization","name":"Biblioteca Casanatense","url":"https:\/\/casanatense.cultura.gov.it\/es\/","logo":{"@type":"ImageObject","inLanguage":"es","@id":"https:\/\/casanatense.cultura.gov.it\/es\/#\/schema\/logo\/image\/","url":"https:\/\/casanatense.cultura.gov.it\/wp-content\/uploads\/2024\/03\/logo-casanatense-mibact.png","contentUrl":"https:\/\/casanatense.cultura.gov.it\/wp-content\/uploads\/2024\/03\/logo-casanatense-mibact.png","width":250,"height":61,"caption":"Biblioteca Casanatense"},"image":{"@id":"https:\/\/casanatense.cultura.gov.it\/es\/#\/schema\/logo\/image\/"},"sameAs":["https:\/\/it-it.facebook.com\/people\/Biblioteca-Casanatense\/100064405343454\/","https:\/\/x.com\/casanatense","https:\/\/instagram.com\/bibliotecacasanatense?igshid=5hcnozoyuuy5"]}]}},"_links":{"self":[{"href":"https:\/\/casanatense.cultura.gov.it\/es\/wp-json\/wp\/v2\/pages\/258870","targetHints":{"allow":["GET"]}}],"collection":[{"href":"https:\/\/casanatense.cultura.gov.it\/es\/wp-json\/wp\/v2\/pages"}],"about":[{"href":"https:\/\/casanatense.cultura.gov.it\/es\/wp-json\/wp\/v2\/types\/page"}],"author":[{"embeddable":true,"href":"https:\/\/casanatense.cultura.gov.it\/es\/wp-json\/wp\/v2\/users\/1"}],"replies":[{"embeddable":true,"href":"https:\/\/casanatense.cultura.gov.it\/es\/wp-json\/wp\/v2\/comments?post=258870"}],"version-history":[{"count":4,"href":"https:\/\/casanatense.cultura.gov.it\/es\/wp-json\/wp\/v2\/pages\/258870\/revisions"}],"predecessor-version":[{"id":262459,"href":"https:\/\/casanatense.cultura.gov.it\/es\/wp-json\/wp\/v2\/pages\/258870\/revisions\/262459"}],"wp:attachment":[{"href":"https:\/\/casanatense.cultura.gov.it\/es\/wp-json\/wp\/v2\/media?parent=258870"}],"curies":[{"name":"wp","href":"https:\/\/api.w.org\/{rel}","templated":true}]}}