{"id":259917,"date":"2023-08-08T07:38:33","date_gmt":"2023-08-08T05:38:33","guid":{"rendered":"https:\/\/casanatense.cultura.gov.it\/nuevo-sistema-informatico-minerva-access\/"},"modified":"2024-09-23T16:05:09","modified_gmt":"2024-09-23T14:05:09","slug":"nuevo-sistema-informatico-minerva-access","status":"publish","type":"page","link":"https:\/\/casanatense.cultura.gov.it\/es\/nuevo-sistema-informatico-minerva-access\/","title":{"rendered":"Minerva Access"},"content":{"rendered":"<p>[et_pb_section fb_built=\u00bb1&#8243; _builder_version=\u00bb4.16&#8243; da_disable_devices=\u00bboff|off|off\u00bb global_colors_info=\u00bb{}\u00bb theme_builder_area=\u00bbpost_content\u00bb da_is_popup=\u00bboff\u00bb da_exit_intent=\u00bboff\u00bb da_has_close=\u00bbon\u00bb da_alt_close=\u00bboff\u00bb da_dark_close=\u00bboff\u00bb da_not_modal=\u00bbon\u00bb da_is_singular=\u00bboff\u00bb da_with_loader=\u00bboff\u00bb da_has_shadow=\u00bbon\u00bb][et_pb_row _builder_version=\u00bb4.16&#8243; background_size=\u00bbinitial\u00bb background_position=\u00bbtop_left\u00bb background_repeat=\u00bbrepeat\u00bb global_colors_info=\u00bb{}\u00bb theme_builder_area=\u00bbpost_content\u00bb][et_pb_column type=\u00bb4_4&#8243; _builder_version=\u00bb4.16&#8243; custom_padding=\u00bb|||\u00bb global_colors_info=\u00bb{}\u00bb custom_padding__hover=\u00bb|||\u00bb theme_builder_area=\u00bbpost_content\u00bb][et_pb_text _builder_version=\u00bb4.27.0&#8243; background_size=\u00bbinitial\u00bb background_position=\u00bbtop_left\u00bb background_repeat=\u00bbrepeat\u00bb hover_enabled=\u00bb0&#8243; global_colors_info=\u00bb{}\u00bb theme_builder_area=\u00bbpost_content\u00bb sticky_enabled=\u00bb0&#8243;]<\/p>\n<p>&nbsp;<\/p>\n<h3 style=\"text-align: center;\"><\/h3>\n<p>La Biblioteca Casanatense adopta el sistema inform\u00e1tico Minerva Access, capaz de prestar de forma r\u00e1pida y eficaz servicios de consulta y pr\u00e9stamo del material de su propiedad, tambi\u00e9n v\u00eda Internet a trav\u00e9s de los servicios en l\u00ednea Minerva Access accesibles en la siguiente direcci\u00f3n: <strong><a href=\"https:\/\/www.minervaaccess.it\/\">https:\/\/www.minervaaccess.it\/<\/a><\/strong><\/p>\n<p><a href=\"http:\/\/casanatense.cultura.gov.it\/wp-content\/uploads\/2020\/12\/MinervaAccess-300x192.png\"><img decoding=\"async\" class=\"alignleft wp-image-5428\" src=\"http:\/\/casanatense.cultura.gov.it\/wp-content\/uploads\/2020\/12\/MinervaAccess-300x192.png\" alt=\"\" width=\"383\" height=\"245\" srcset=\"https:\/\/casanatense.cultura.gov.it\/wp-content\/uploads\/2020\/12\/MinervaAccess-300x192.png 300w, https:\/\/casanatense.cultura.gov.it\/wp-content\/uploads\/2020\/12\/MinervaAccess-1030x659.png 1030w, https:\/\/casanatense.cultura.gov.it\/wp-content\/uploads\/2020\/12\/MinervaAccess-768x491.png 768w, https:\/\/casanatense.cultura.gov.it\/wp-content\/uploads\/2020\/12\/MinervaAccess-705x451.png 705w, https:\/\/casanatense.cultura.gov.it\/wp-content\/uploads\/2020\/12\/MinervaAccess.png 1137w\" sizes=\"(max-width: 383px) 100vw, 383px\" \/><\/a>1) <strong>Procedimiento para la obtenci\u00f3n de la nueva tarjeta.<\/strong><\/p>\n<p>&#8211; Diligenciar el formulario de inscripci\u00f3n en l\u00ednea en el \u00e1rea Minerva Access del sitio web de la Biblioteca y adjuntar la copia digital del documento de identidad utilizado para completar el formulario.<\/p>\n<p>&#8211; Espere la llegada de un correo electr\u00f3nico de confirmaci\u00f3n de registro que tambi\u00e9n contiene el n\u00famero de usuario a utilizar para acceder a los servicios en l\u00ednea de Minerva Access, junto con la contrase\u00f1a ingresada al completar el formulario de registro.<\/p>\n<p>&#8211; Reserva de plaza antes de acudir a la Biblioteca a recoger el nuevo carn\u00e9: la reserva de plaza y tambi\u00e9n de material para consulta se realiza a trav\u00e9s de los servicios online de Minerva Access utilizando el n\u00famero de usuario y la contrase\u00f1a.<\/p>\n<p>2) <strong>Reserva de material para consulta o pr\u00e9stamo.<\/strong><\/p>\n<p>Acceda a los servicios en l\u00ednea de Minerva Acceda y busque la obra en el OPAC de la Biblioteca o en el del Centro RML: el formulario de solicitud se completar\u00e1 autom\u00e1ticamente haciendo clic en el bot\u00f3n \u00abSolicitar\u00bb en el OPAC.<\/p>\n<p>La solicitud de obras presentes en otros cat\u00e1logos deber\u00e1 realizarse completando manualmente el formulario disponible en Minerva Access.<\/p>\n<p>Al mismo tiempo que se formula una solicitud de consulta en la Biblioteca, tambi\u00e9n se requiere la reserva de un asiento en la sala de consulta del material de la Biblioteca. Para la recogida y devoluci\u00f3n de libros en pr\u00e9stamo no es necesaria reserva de asiento.<\/p>\n<p>Es posible realizar un m\u00e1ximo de 4 solicitudes (para obras en varios vol\u00famenes o documentos basta con 1 solicitud). Previa notificaci\u00f3n a b-casa.distribuzione@cultura.gov.it, y por razones justificadas, podr\u00e1n autorizarse m\u00e1s de 4 solicitudes.<\/p>\n<p>Sin embargo, es necesario verificar la disponibilidad real de la obra en la p\u00e1gina \u00abSolicitudes realizadas\u00bb de los servicios en l\u00ednea de Minerva Access antes de acudir a la Biblioteca. En caso de vol\u00famenes no disponibles, es posible cancelar la reserva de asiento.<\/p>\n<p>3) <strong>Reserva del asiento en la sala.<\/strong><\/p>\n<p>Para <u>consultar el material reservado en la Biblioteca <\/u>es obligatoria la reserva de asiento. El procedimiento de solicitud de material para consulta de Minerva Access incorpora la reserva de asiento, mientras que para la consulta de material dejado en almacenamiento el usuario deber\u00e1 reservar el asiento con el procedimiento espec\u00edfico de los servicios en l\u00ednea de Minerva Access.<\/p>\n<p>Para la \u00fanica recogida o devoluci\u00f3n de material prestado no es necesaria reserva de asiento, no obstante el usuario podr\u00e1 permanecer en la Biblioteca \u00fanicamente el tiempo estrictamente necesario para la recogida o devoluci\u00f3n.<\/p>\n<p>Para poder utilizar los servicios de la Biblioteca ser\u00e1 obligatorio el uso de Minerva Access:<\/p>\n<ul>\n<li>Para registrarse en l\u00ednea y luego recibir la nueva tarjeta en la oficina<\/li>\n<li>Para reservar material tanto para consulta como para pr\u00e9stamo<\/li>\n<li>Para reservar asiento en la sala de consulta<\/li>\n<\/ul>\n<p>Para m\u00e1s informaci\u00f3n sobre la distribuci\u00f3n: <strong>b-casa.distribuzione@cultura.gov.it<\/strong><\/p>\n<p>[\/et_pb_text][\/et_pb_column][\/et_pb_row][\/et_pb_section]<\/p>\n","protected":false},"excerpt":{"rendered":"<p>&nbsp; La Biblioteca Casanatense adopta el sistema inform\u00e1tico Minerva Access, capaz de prestar de forma r\u00e1pida y eficaz servicios de consulta y pr\u00e9stamo del material de su propiedad, tambi\u00e9n v\u00eda Internet a trav\u00e9s de los servicios en l\u00ednea Minerva Access accesibles en la siguiente direcci\u00f3n: https:\/\/www.minervaaccess.it\/ 1) Procedimiento para la obtenci\u00f3n de la nueva tarjeta. &#8211; Diligenciar el formulario de inscripci\u00f3n en l\u00ednea en el \u00e1rea Minerva Access del sitio web de la Biblioteca y adjuntar la copia digital del documento de identidad utilizado para completar el formulario. &#8211; Espere la llegada de un correo electr\u00f3nico de confirmaci\u00f3n de registro que tambi\u00e9n contiene el n\u00famero de usuario a utilizar para acceder a los servicios en l\u00ednea de Minerva Access, junto con la contrase\u00f1a ingresada al completar el formulario de registro. &#8211; Reserva de plaza antes de acudir a la Biblioteca a recoger el nuevo carn\u00e9: la reserva de plaza y tambi\u00e9n de material para consulta se realiza a trav\u00e9s de los servicios online de Minerva Access utilizando el n\u00famero de usuario y la contrase\u00f1a. 2) Reserva de material para consulta o pr\u00e9stamo. Acceda a los servicios en l\u00ednea de Minerva Acceda y busque la obra en el OPAC de la [&hellip;]<\/p>\n","protected":false},"author":158,"featured_media":258700,"parent":0,"menu_order":86,"comment_status":"open","ping_status":"closed","template":"","meta":{"_et_pb_use_builder":"on","_et_pb_old_content":"","_et_gb_content_width":"","_price":"","_stock":"","_tribe_ticket_header":"","_tribe_default_ticket_provider":"","_tribe_ticket_capacity":"0","_ticket_start_date":"","_ticket_end_date":"","_tribe_ticket_show_description":"","_tribe_ticket_show_not_going":false,"_tribe_ticket_use_global_stock":"","_tribe_ticket_global_stock_level":"","_global_stock_mode":"","_global_stock_cap":"","_tribe_rsvp_for_event":"","_tribe_ticket_going_count":"","_tribe_ticket_not_going_count":"","_tribe_tickets_list":"[]","_tribe_ticket_has_attendee_info_fields":false,"footnotes":""},"class_list":["post-259917","page","type-page","status-publish","has-post-thumbnail","hentry"],"yoast_head":"<!-- This site is optimized with the Yoast SEO plugin v27.4 - https:\/\/yoast.com\/product\/yoast-seo-wordpress\/ -->\n<title>Minerva Access - Casanatense<\/title>\n<meta name=\"robots\" content=\"index, follow, max-snippet:-1, max-image-preview:large, max-video-preview:-1\" \/>\n<link rel=\"canonical\" href=\"https:\/\/casanatense.cultura.gov.it\/es\/nuevo-sistema-informatico-minerva-access\/\" \/>\n<meta property=\"og:locale\" content=\"es_ES\" \/>\n<meta property=\"og:type\" content=\"article\" \/>\n<meta property=\"og:title\" content=\"Minerva Access - Casanatense\" \/>\n<meta property=\"og:description\" content=\"&nbsp; La Biblioteca Casanatense adopta el sistema inform\u00e1tico Minerva Access, capaz de prestar de forma r\u00e1pida y eficaz servicios de consulta y pr\u00e9stamo del material de su propiedad, tambi\u00e9n v\u00eda Internet a trav\u00e9s de los servicios en l\u00ednea Minerva Access accesibles en la siguiente direcci\u00f3n: https:\/\/www.minervaaccess.it\/ 1) Procedimiento para la obtenci\u00f3n de la nueva tarjeta. - Diligenciar el formulario de inscripci\u00f3n en l\u00ednea en el \u00e1rea Minerva Access del sitio web de la Biblioteca y adjuntar la copia digital del documento de identidad utilizado para completar el formulario. - Espere la llegada de un correo electr\u00f3nico de confirmaci\u00f3n de registro que tambi\u00e9n contiene el n\u00famero de usuario a utilizar para acceder a los servicios en l\u00ednea de Minerva Access, junto con la contrase\u00f1a ingresada al completar el formulario de registro. - Reserva de plaza antes de acudir a la Biblioteca a recoger el nuevo carn\u00e9: la reserva de plaza y tambi\u00e9n de material para consulta se realiza a trav\u00e9s de los servicios online de Minerva Access utilizando el n\u00famero de usuario y la contrase\u00f1a. 2) Reserva de material para consulta o pr\u00e9stamo. Acceda a los servicios en l\u00ednea de Minerva Acceda y busque la obra en el OPAC de la [&hellip;]\" \/>\n<meta property=\"og:url\" content=\"https:\/\/casanatense.cultura.gov.it\/es\/nuevo-sistema-informatico-minerva-access\/\" \/>\n<meta property=\"og:site_name\" content=\"Casanatense\" \/>\n<meta property=\"article:publisher\" content=\"https:\/\/it-it.facebook.com\/people\/Biblioteca-Casanatense\/100064405343454\/\" \/>\n<meta property=\"article:modified_time\" content=\"2024-09-23T14:05:09+00:00\" \/>\n<meta property=\"og:image\" content=\"https:\/\/casanatense.cultura.gov.it\/wp-content\/uploads\/2020\/12\/MinervaAccess.png\" \/>\n\t<meta property=\"og:image:width\" content=\"1137\" \/>\n\t<meta property=\"og:image:height\" content=\"727\" \/>\n\t<meta property=\"og:image:type\" content=\"image\/png\" \/>\n<meta name=\"twitter:card\" content=\"summary_large_image\" \/>\n<meta name=\"twitter:site\" content=\"@casanatense\" \/>\n<meta name=\"twitter:label1\" content=\"Tiempo de lectura\" \/>\n\t<meta name=\"twitter:data1\" content=\"4 minutos\" \/>\n<script type=\"application\/ld+json\" class=\"yoast-schema-graph\">{\"@context\":\"https:\\\/\\\/schema.org\",\"@graph\":[{\"@type\":\"WebPage\",\"@id\":\"https:\\\/\\\/casanatense.cultura.gov.it\\\/es\\\/nuevo-sistema-informatico-minerva-access\\\/\",\"url\":\"https:\\\/\\\/casanatense.cultura.gov.it\\\/es\\\/nuevo-sistema-informatico-minerva-access\\\/\",\"name\":\"Minerva Access - Casanatense\",\"isPartOf\":{\"@id\":\"https:\\\/\\\/casanatense.cultura.gov.it\\\/es\\\/#website\"},\"primaryImageOfPage\":{\"@id\":\"https:\\\/\\\/casanatense.cultura.gov.it\\\/es\\\/nuevo-sistema-informatico-minerva-access\\\/#primaryimage\"},\"image\":{\"@id\":\"https:\\\/\\\/casanatense.cultura.gov.it\\\/es\\\/nuevo-sistema-informatico-minerva-access\\\/#primaryimage\"},\"thumbnailUrl\":\"https:\\\/\\\/casanatense.cultura.gov.it\\\/wp-content\\\/uploads\\\/2020\\\/12\\\/MinervaAccess.png\",\"datePublished\":\"2023-08-08T05:38:33+00:00\",\"dateModified\":\"2024-09-23T14:05:09+00:00\",\"breadcrumb\":{\"@id\":\"https:\\\/\\\/casanatense.cultura.gov.it\\\/es\\\/nuevo-sistema-informatico-minerva-access\\\/#breadcrumb\"},\"inLanguage\":\"es\",\"potentialAction\":[{\"@type\":\"ReadAction\",\"target\":[\"https:\\\/\\\/casanatense.cultura.gov.it\\\/es\\\/nuevo-sistema-informatico-minerva-access\\\/\"]}]},{\"@type\":\"ImageObject\",\"inLanguage\":\"es\",\"@id\":\"https:\\\/\\\/casanatense.cultura.gov.it\\\/es\\\/nuevo-sistema-informatico-minerva-access\\\/#primaryimage\",\"url\":\"https:\\\/\\\/casanatense.cultura.gov.it\\\/wp-content\\\/uploads\\\/2020\\\/12\\\/MinervaAccess.png\",\"contentUrl\":\"https:\\\/\\\/casanatense.cultura.gov.it\\\/wp-content\\\/uploads\\\/2020\\\/12\\\/MinervaAccess.png\",\"width\":1137,\"height\":727},{\"@type\":\"BreadcrumbList\",\"@id\":\"https:\\\/\\\/casanatense.cultura.gov.it\\\/es\\\/nuevo-sistema-informatico-minerva-access\\\/#breadcrumb\",\"itemListElement\":[{\"@type\":\"ListItem\",\"position\":1,\"name\":\"Home\",\"item\":\"https:\\\/\\\/casanatense.cultura.gov.it\\\/es\\\/\"},{\"@type\":\"ListItem\",\"position\":2,\"name\":\"Minerva Access\"}]},{\"@type\":\"WebSite\",\"@id\":\"https:\\\/\\\/casanatense.cultura.gov.it\\\/es\\\/#website\",\"url\":\"https:\\\/\\\/casanatense.cultura.gov.it\\\/es\\\/\",\"name\":\"Casanatense\",\"description\":\"Il sito della Biblioteca Casanatense\",\"publisher\":{\"@id\":\"https:\\\/\\\/casanatense.cultura.gov.it\\\/es\\\/#organization\"},\"potentialAction\":[{\"@type\":\"SearchAction\",\"target\":{\"@type\":\"EntryPoint\",\"urlTemplate\":\"https:\\\/\\\/casanatense.cultura.gov.it\\\/es\\\/?s={search_term_string}\"},\"query-input\":{\"@type\":\"PropertyValueSpecification\",\"valueRequired\":true,\"valueName\":\"search_term_string\"}}],\"inLanguage\":\"es\"},{\"@type\":\"Organization\",\"@id\":\"https:\\\/\\\/casanatense.cultura.gov.it\\\/es\\\/#organization\",\"name\":\"Biblioteca Casanatense\",\"url\":\"https:\\\/\\\/casanatense.cultura.gov.it\\\/es\\\/\",\"logo\":{\"@type\":\"ImageObject\",\"inLanguage\":\"es\",\"@id\":\"https:\\\/\\\/casanatense.cultura.gov.it\\\/es\\\/#\\\/schema\\\/logo\\\/image\\\/\",\"url\":\"https:\\\/\\\/casanatense.cultura.gov.it\\\/wp-content\\\/uploads\\\/2024\\\/03\\\/logo-casanatense-mibact.png\",\"contentUrl\":\"https:\\\/\\\/casanatense.cultura.gov.it\\\/wp-content\\\/uploads\\\/2024\\\/03\\\/logo-casanatense-mibact.png\",\"width\":250,\"height\":61,\"caption\":\"Biblioteca Casanatense\"},\"image\":{\"@id\":\"https:\\\/\\\/casanatense.cultura.gov.it\\\/es\\\/#\\\/schema\\\/logo\\\/image\\\/\"},\"sameAs\":[\"https:\\\/\\\/it-it.facebook.com\\\/people\\\/Biblioteca-Casanatense\\\/100064405343454\\\/\",\"https:\\\/\\\/x.com\\\/casanatense\",\"https:\\\/\\\/instagram.com\\\/bibliotecacasanatense?igshid=5hcnozoyuuy5\"]}]}<\/script>\n<!-- \/ Yoast SEO plugin. -->","yoast_head_json":{"title":"Minerva Access - Casanatense","robots":{"index":"index","follow":"follow","max-snippet":"max-snippet:-1","max-image-preview":"max-image-preview:large","max-video-preview":"max-video-preview:-1"},"canonical":"https:\/\/casanatense.cultura.gov.it\/es\/nuevo-sistema-informatico-minerva-access\/","og_locale":"es_ES","og_type":"article","og_title":"Minerva Access - Casanatense","og_description":"&nbsp; La Biblioteca Casanatense adopta el sistema inform\u00e1tico Minerva Access, capaz de prestar de forma r\u00e1pida y eficaz servicios de consulta y pr\u00e9stamo del material de su propiedad, tambi\u00e9n v\u00eda Internet a trav\u00e9s de los servicios en l\u00ednea Minerva Access accesibles en la siguiente direcci\u00f3n: https:\/\/www.minervaaccess.it\/ 1) Procedimiento para la obtenci\u00f3n de la nueva tarjeta. - Diligenciar el formulario de inscripci\u00f3n en l\u00ednea en el \u00e1rea Minerva Access del sitio web de la Biblioteca y adjuntar la copia digital del documento de identidad utilizado para completar el formulario. - Espere la llegada de un correo electr\u00f3nico de confirmaci\u00f3n de registro que tambi\u00e9n contiene el n\u00famero de usuario a utilizar para acceder a los servicios en l\u00ednea de Minerva Access, junto con la contrase\u00f1a ingresada al completar el formulario de registro. - Reserva de plaza antes de acudir a la Biblioteca a recoger el nuevo carn\u00e9: la reserva de plaza y tambi\u00e9n de material para consulta se realiza a trav\u00e9s de los servicios online de Minerva Access utilizando el n\u00famero de usuario y la contrase\u00f1a. 2) Reserva de material para consulta o pr\u00e9stamo. Acceda a los servicios en l\u00ednea de Minerva Acceda y busque la obra en el OPAC de la [&hellip;]","og_url":"https:\/\/casanatense.cultura.gov.it\/es\/nuevo-sistema-informatico-minerva-access\/","og_site_name":"Casanatense","article_publisher":"https:\/\/it-it.facebook.com\/people\/Biblioteca-Casanatense\/100064405343454\/","article_modified_time":"2024-09-23T14:05:09+00:00","og_image":[{"width":1137,"height":727,"url":"https:\/\/casanatense.cultura.gov.it\/wp-content\/uploads\/2020\/12\/MinervaAccess.png","type":"image\/png"}],"twitter_card":"summary_large_image","twitter_site":"@casanatense","twitter_misc":{"Tiempo de lectura":"4 minutos"},"schema":{"@context":"https:\/\/schema.org","@graph":[{"@type":"WebPage","@id":"https:\/\/casanatense.cultura.gov.it\/es\/nuevo-sistema-informatico-minerva-access\/","url":"https:\/\/casanatense.cultura.gov.it\/es\/nuevo-sistema-informatico-minerva-access\/","name":"Minerva Access - Casanatense","isPartOf":{"@id":"https:\/\/casanatense.cultura.gov.it\/es\/#website"},"primaryImageOfPage":{"@id":"https:\/\/casanatense.cultura.gov.it\/es\/nuevo-sistema-informatico-minerva-access\/#primaryimage"},"image":{"@id":"https:\/\/casanatense.cultura.gov.it\/es\/nuevo-sistema-informatico-minerva-access\/#primaryimage"},"thumbnailUrl":"https:\/\/casanatense.cultura.gov.it\/wp-content\/uploads\/2020\/12\/MinervaAccess.png","datePublished":"2023-08-08T05:38:33+00:00","dateModified":"2024-09-23T14:05:09+00:00","breadcrumb":{"@id":"https:\/\/casanatense.cultura.gov.it\/es\/nuevo-sistema-informatico-minerva-access\/#breadcrumb"},"inLanguage":"es","potentialAction":[{"@type":"ReadAction","target":["https:\/\/casanatense.cultura.gov.it\/es\/nuevo-sistema-informatico-minerva-access\/"]}]},{"@type":"ImageObject","inLanguage":"es","@id":"https:\/\/casanatense.cultura.gov.it\/es\/nuevo-sistema-informatico-minerva-access\/#primaryimage","url":"https:\/\/casanatense.cultura.gov.it\/wp-content\/uploads\/2020\/12\/MinervaAccess.png","contentUrl":"https:\/\/casanatense.cultura.gov.it\/wp-content\/uploads\/2020\/12\/MinervaAccess.png","width":1137,"height":727},{"@type":"BreadcrumbList","@id":"https:\/\/casanatense.cultura.gov.it\/es\/nuevo-sistema-informatico-minerva-access\/#breadcrumb","itemListElement":[{"@type":"ListItem","position":1,"name":"Home","item":"https:\/\/casanatense.cultura.gov.it\/es\/"},{"@type":"ListItem","position":2,"name":"Minerva Access"}]},{"@type":"WebSite","@id":"https:\/\/casanatense.cultura.gov.it\/es\/#website","url":"https:\/\/casanatense.cultura.gov.it\/es\/","name":"Casanatense","description":"Il sito della Biblioteca Casanatense","publisher":{"@id":"https:\/\/casanatense.cultura.gov.it\/es\/#organization"},"potentialAction":[{"@type":"SearchAction","target":{"@type":"EntryPoint","urlTemplate":"https:\/\/casanatense.cultura.gov.it\/es\/?s={search_term_string}"},"query-input":{"@type":"PropertyValueSpecification","valueRequired":true,"valueName":"search_term_string"}}],"inLanguage":"es"},{"@type":"Organization","@id":"https:\/\/casanatense.cultura.gov.it\/es\/#organization","name":"Biblioteca Casanatense","url":"https:\/\/casanatense.cultura.gov.it\/es\/","logo":{"@type":"ImageObject","inLanguage":"es","@id":"https:\/\/casanatense.cultura.gov.it\/es\/#\/schema\/logo\/image\/","url":"https:\/\/casanatense.cultura.gov.it\/wp-content\/uploads\/2024\/03\/logo-casanatense-mibact.png","contentUrl":"https:\/\/casanatense.cultura.gov.it\/wp-content\/uploads\/2024\/03\/logo-casanatense-mibact.png","width":250,"height":61,"caption":"Biblioteca Casanatense"},"image":{"@id":"https:\/\/casanatense.cultura.gov.it\/es\/#\/schema\/logo\/image\/"},"sameAs":["https:\/\/it-it.facebook.com\/people\/Biblioteca-Casanatense\/100064405343454\/","https:\/\/x.com\/casanatense","https:\/\/instagram.com\/bibliotecacasanatense?igshid=5hcnozoyuuy5"]}]}},"_links":{"self":[{"href":"https:\/\/casanatense.cultura.gov.it\/es\/wp-json\/wp\/v2\/pages\/259917","targetHints":{"allow":["GET"]}}],"collection":[{"href":"https:\/\/casanatense.cultura.gov.it\/es\/wp-json\/wp\/v2\/pages"}],"about":[{"href":"https:\/\/casanatense.cultura.gov.it\/es\/wp-json\/wp\/v2\/types\/page"}],"author":[{"embeddable":true,"href":"https:\/\/casanatense.cultura.gov.it\/es\/wp-json\/wp\/v2\/users\/158"}],"replies":[{"embeddable":true,"href":"https:\/\/casanatense.cultura.gov.it\/es\/wp-json\/wp\/v2\/comments?post=259917"}],"version-history":[{"count":13,"href":"https:\/\/casanatense.cultura.gov.it\/es\/wp-json\/wp\/v2\/pages\/259917\/revisions"}],"predecessor-version":[{"id":260117,"href":"https:\/\/casanatense.cultura.gov.it\/es\/wp-json\/wp\/v2\/pages\/259917\/revisions\/260117"}],"wp:featuredmedia":[{"embeddable":true,"href":"https:\/\/casanatense.cultura.gov.it\/es\/wp-json\/wp\/v2\/media\/258700"}],"wp:attachment":[{"href":"https:\/\/casanatense.cultura.gov.it\/es\/wp-json\/wp\/v2\/media?parent=259917"}],"curies":[{"name":"wp","href":"https:\/\/api.w.org\/{rel}","templated":true}]}}