{"id":261409,"date":"2024-11-26T14:58:02","date_gmt":"2024-11-26T13:58:02","guid":{"rendered":"https:\/\/casanatense.cultura.gov.it\/patrimonio-artistico\/frescos\/"},"modified":"2024-12-04T12:58:23","modified_gmt":"2024-12-04T11:58:23","slug":"frescos","status":"publish","type":"page","link":"https:\/\/casanatense.cultura.gov.it\/es\/patrimonio-artistico\/frescos\/","title":{"rendered":"Frescos"},"content":{"rendered":"<p>[et_pb_section fb_built=\u00bb1&#8243; admin_label=\u00bbsection\u00bb _builder_version=\u00bb4.16&#8243; custom_padding=\u00bb6px|||||\u00bb da_disable_devices=\u00bboff|off|off\u00bb global_colors_info=\u00bb{}\u00bb theme_builder_area=\u00bbpost_content\u00bb da_is_popup=\u00bboff\u00bb da_exit_intent=\u00bboff\u00bb da_has_close=\u00bbon\u00bb da_alt_close=\u00bboff\u00bb da_dark_close=\u00bboff\u00bb da_not_modal=\u00bbon\u00bb da_is_singular=\u00bboff\u00bb da_with_loader=\u00bboff\u00bb da_has_shadow=\u00bbon\u00bb][et_pb_row column_structure=\u00bb1_3,2_3&#8243; _builder_version=\u00bb4.27.0&#8243; _module_preset=\u00bbdefault\u00bb global_colors_info=\u00bb{}\u00bb theme_builder_area=\u00bbpost_content\u00bb][et_pb_column type=\u00bb1_3&#8243; _builder_version=\u00bb4.27.0&#8243; _module_preset=\u00bbdefault\u00bb global_colors_info=\u00bb{}\u00bb theme_builder_area=\u00bbpost_content\u00bb][et_pb_image src=\u00bbhttp:\/\/casanatense.cultura.gov.it\/wp-content\/uploads\/2024\/11\/affresco_accoglienza-1.jpg\u00bb title_text=\u00bbaffresco_accoglienza\u00bb show_in_lightbox=\u00bbon\u00bb _builder_version=\u00bb4.27.3&#8243; _module_preset=\u00bbdefault\u00bb width=\u00bb100%\u00bb custom_margin=\u00bb0px||||false|false\u00bb border_radii=\u00bbon|5px|5px|5px|5px\u00bb box_shadow_style=\u00bbpreset2&#8243; global_colors_info=\u00bb{}\u00bb theme_builder_area=\u00bbpost_content\u00bb][\/et_pb_image][\/et_pb_column][et_pb_column type=\u00bb2_3&#8243; _builder_version=\u00bb4.27.0&#8243; _module_preset=\u00bbdefault\u00bb global_colors_info=\u00bb{}\u00bb theme_builder_area=\u00bbpost_content\u00bb][et_pb_text _builder_version=\u00bb4.27.3&#8243; _module_preset=\u00bbdefault\u00bb global_colors_info=\u00bb{}\u00bb theme_builder_area=\u00bbpost_content\u00bb]<\/p>\n<p>Algunas de las salas de la biblioteca presentan elegantes techos pintados al fresco: destacan los de las seis salas que preceden al vest\u00edbulo monumental, todos ellos caracterizados por motivos vegetales y volutas. Entre ellos, destacan por su singularidad los techos de tres salas: la recepci\u00f3n, con decoraciones que recorren todo el per\u00edmetro rectangular, guirnaldas florales, diversos motivos ornamentales y, en los lados cortos, el \u00e1guila con las alas desplegadas dentro de un \u00f3valo y el escudo de la familia Casanate (una torre coronada por una estrella de ocho rayos).<\/p>\n<p>[\/et_pb_text][\/et_pb_column][\/et_pb_row][et_pb_row column_structure=\u00bb3_5,2_5&#8243; _builder_version=\u00bb4.27.0&#8243; _module_preset=\u00bbdefault\u00bb global_colors_info=\u00bb{}\u00bb theme_builder_area=\u00bbpost_content\u00bb][et_pb_column type=\u00bb3_5&#8243; _builder_version=\u00bb4.27.0&#8243; _module_preset=\u00bbdefault\u00bb global_colors_info=\u00bb{}\u00bb theme_builder_area=\u00bbpost_content\u00bb][et_pb_text _builder_version=\u00bb4.27.3&#8243; _module_preset=\u00bbdefault\u00bb global_colors_info=\u00bb{}\u00bb theme_builder_area=\u00bbpost_content\u00bb]<\/p>\n<p>A continuaci\u00f3n, las dos salas que preceden a la Sala Monumental. La primera con guirnaldas y decoraciones florales policromadas sobre una base blanca, con dos elementos decorativos en el centro: superpuesto por otros elementos simb\u00f3licos, un perro con una antorcha en las fauces, emblema de la fidelidad al mensaje evang\u00e9lico y a su difusi\u00f3n por los frailes predicadores; y el escudo de Casanate superpuesto por el sombrero de ala ancha.<\/p>\n<p>[\/et_pb_text][\/et_pb_column][et_pb_column type=\u00bb2_5&#8243; _builder_version=\u00bb4.27.0&#8243; _module_preset=\u00bbdefault\u00bb global_colors_info=\u00bb{}\u00bb theme_builder_area=\u00bbpost_content\u00bb][et_pb_image src=\u00bbhttp:\/\/casanatense.cultura.gov.it\/wp-content\/uploads\/2024\/11\/Cane-Domenicano.jpg\u00bb title_text=\u00bbCane Domenicano\u00bb show_in_lightbox=\u00bbon\u00bb _builder_version=\u00bb4.27.3&#8243; _module_preset=\u00bbdefault\u00bb custom_margin=\u00bb0px||||false|false\u00bb border_radii=\u00bbon|5px|5px|5px|5px\u00bb box_shadow_style=\u00bbpreset2&#8243; global_colors_info=\u00bb{}\u00bb theme_builder_area=\u00bbpost_content\u00bb][\/et_pb_image][\/et_pb_column][\/et_pb_row][et_pb_row column_structure=\u00bb2_3,1_3&#8243; _builder_version=\u00bb4.27.3&#8243; _module_preset=\u00bbdefault\u00bb global_colors_info=\u00bb{}\u00bb theme_builder_area=\u00bbpost_content\u00bb][et_pb_column type=\u00bb2_3&#8243; _builder_version=\u00bb4.27.3&#8243; _module_preset=\u00bbdefault\u00bb global_colors_info=\u00bb{}\u00bb theme_builder_area=\u00bbpost_content\u00bb][et_pb_text _builder_version=\u00bb4.27.3&#8243; _module_preset=\u00bbdefault\u00bb hover_enabled=\u00bb0&#8243; global_colors_info=\u00bb{}\u00bb theme_builder_area=\u00bbpost_content\u00bb sticky_enabled=\u00bb0&#8243;]<\/p>\n<p>En el techo de la sala contigua, que contiene los archivos hist\u00f3ricos de la biblioteca, se encuentra el fresco de Giovanni Mazzetti de 1736 donde, en medio de numerosas decoraciones policromadas y florales, se representa la Gloria de Santo Tom\u00e1s: el santo, con h\u00e1bito dominico, es acompa\u00f1ado al cielo por su maestro Santo Alberto Magno que, con vestiduras doradas, est\u00e1 arrodillado en adoraci\u00f3n a la divina trinidad, rodeado de querubines que sostienen su tiara, su b\u00e1culo pastoral, y el libro abierto que simboliza la palabra de Dios.<\/p>\n<p>[\/et_pb_text][\/et_pb_column][et_pb_column type=\u00bb1_3&#8243; _builder_version=\u00bb4.27.3&#8243; _module_preset=\u00bbdefault\u00bb global_colors_info=\u00bb{}\u00bb theme_builder_area=\u00bbpost_content\u00bb][et_pb_image src=\u00bbhttp:\/\/casanatense.cultura.gov.it\/wp-content\/uploads\/2024\/11\/affresco_S_Tommaso-1.jpg\u00bb title_text=\u00bbaffresco_S_Tommaso\u00bb show_in_lightbox=\u00bbon\u00bb _builder_version=\u00bb4.27.3&#8243; _module_preset=\u00bbdefault\u00bb custom_margin=\u00bb5px||||false|false\u00bb border_radii=\u00bbon|5px|5px|5px|5px\u00bb box_shadow_style=\u00bbpreset2&#8243; global_colors_info=\u00bb{}\u00bb theme_builder_area=\u00bbpost_content\u00bb][\/et_pb_image][\/et_pb_column][\/et_pb_row][et_pb_row column_structure=\u00bb1_3,2_3&#8243; _builder_version=\u00bb4.27.3&#8243; _module_preset=\u00bbdefault\u00bb global_colors_info=\u00bb{}\u00bb theme_builder_area=\u00bbpost_content\u00bb][et_pb_column type=\u00bb1_3&#8243; _builder_version=\u00bb4.27.3&#8243; _module_preset=\u00bbdefault\u00bb global_colors_info=\u00bb{}\u00bb theme_builder_area=\u00bbpost_content\u00bb][et_pb_image src=\u00bbhttp:\/\/casanatense.cultura.gov.it\/wp-content\/uploads\/2024\/11\/affresco_dialettica.jpg\u00bb title_text=\u00bbaffresco_dialettica\u00bb show_in_lightbox=\u00bbon\u00bb _builder_version=\u00bb4.27.3&#8243; _module_preset=\u00bbdefault\u00bb width=\u00bb100%\u00bb custom_margin=\u00bb0px||||false|false\u00bb border_radii=\u00bbon|5px|5px|5px|5px\u00bb box_shadow_style=\u00bbpreset2&#8243; global_colors_info=\u00bb{}\u00bb theme_builder_area=\u00bbpost_content\u00bb][\/et_pb_image][\/et_pb_column][et_pb_column type=\u00bb2_3&#8243; _builder_version=\u00bb4.27.3&#8243; _module_preset=\u00bbdefault\u00bb global_colors_info=\u00bb{}\u00bb theme_builder_area=\u00bbpost_content\u00bb][et_pb_text _builder_version=\u00bb4.27.3&#8243; _module_preset=\u00bbdefault\u00bb global_colors_info=\u00bb{}\u00bb theme_builder_area=\u00bbpost_content\u00bb]<\/p>\n<p>Algunas oficinas tambi\u00e9n se caracterizan por techos pintados al fresco puramente ornamentales con motivos de relleno, decoraciones vegetales, m\u00e1scaras, animales alados en colores suaves (verde claro, parduzco) y elementos dorados.<br \/>El ciclo de frescos contin\u00faa a lo largo de las paredes de una de las salas de lectura con las nueve figuras aleg\u00f3ricas que representan la Astronom\u00eda, la Aritm\u00e9tica, la Dial\u00e9ctica, el Derecho, la Geometr\u00eda, la Gram\u00e1tica, la M\u00fasica, la Ret\u00f3rica y la Teolog\u00eda. Creadas por el pintor Giuseppe Cellini a principios del siglo XX, todas ellas est\u00e1n representadas como mujeres j\u00f3venes sentadas o de pie en nichos arquitect\u00f3nicamente estructurados rodeados de espirales y festones: una referencia expl\u00edcita a las decoraciones iluminadas de los numerosos manuscritos e incunables de la biblioteca.<\/p>\n<p>[\/et_pb_text][\/et_pb_column][\/et_pb_row][\/et_pb_section]<\/p>\n","protected":false},"excerpt":{"rendered":"<p>Algunas de las salas de la biblioteca presentan elegantes techos pintados al fresco: destacan los de las seis salas que preceden al vest\u00edbulo monumental, todos ellos caracterizados por motivos vegetales y volutas. Entre ellos, destacan por su singularidad los techos de tres salas: la recepci\u00f3n, con decoraciones que recorren todo el per\u00edmetro rectangular, guirnaldas florales, diversos motivos ornamentales y, en los lados cortos, el \u00e1guila con las alas desplegadas dentro de un \u00f3valo y el escudo de la familia Casanate (una torre coronada por una estrella de ocho rayos).A continuaci\u00f3n, las dos salas que preceden a la Sala Monumental. La primera con guirnaldas y decoraciones florales policromadas sobre una base blanca, con dos elementos decorativos en el centro: superpuesto por otros elementos simb\u00f3licos, un perro con una antorcha en las fauces, emblema de la fidelidad al mensaje evang\u00e9lico y a su difusi\u00f3n por los frailes predicadores; y el escudo de Casanate superpuesto por el sombrero de ala ancha.En el techo de la sala contigua, que contiene los archivos hist\u00f3ricos de la biblioteca, se encuentra el fresco de Giovanni Mazzetti de 1736 donde, en medio de numerosas decoraciones policromadas y florales, se representa la Gloria de Santo Tom\u00e1s: el santo, con [&hellip;]<\/p>\n","protected":false},"author":160,"featured_media":258730,"parent":261397,"menu_order":0,"comment_status":"closed","ping_status":"closed","template":"","meta":{"_et_pb_use_builder":"on","_et_pb_old_content":"","_et_gb_content_width":"","_price":"","_stock":"","_tribe_ticket_header":"","_tribe_default_ticket_provider":"","_tribe_ticket_capacity":"0","_ticket_start_date":"","_ticket_end_date":"","_tribe_ticket_show_description":"","_tribe_ticket_show_not_going":false,"_tribe_ticket_use_global_stock":"","_tribe_ticket_global_stock_level":"","_global_stock_mode":"","_global_stock_cap":"","_tribe_rsvp_for_event":"","_tribe_ticket_going_count":"","_tribe_ticket_not_going_count":"","_tribe_tickets_list":"[]","_tribe_ticket_has_attendee_info_fields":false,"footnotes":""},"class_list":["post-261409","page","type-page","status-publish","has-post-thumbnail","hentry"],"yoast_head":"<!-- This site is optimized with the Yoast SEO plugin v27.4 - https:\/\/yoast.com\/product\/yoast-seo-wordpress\/ -->\n<title>Frescos - Casanatense<\/title>\n<meta name=\"robots\" content=\"index, follow, max-snippet:-1, max-image-preview:large, max-video-preview:-1\" \/>\n<link rel=\"canonical\" href=\"https:\/\/casanatense.cultura.gov.it\/es\/patrimonio-artistico\/frescos\/\" \/>\n<meta property=\"og:locale\" content=\"es_ES\" \/>\n<meta property=\"og:type\" content=\"article\" \/>\n<meta property=\"og:title\" content=\"Frescos - Casanatense\" \/>\n<meta property=\"og:description\" content=\"Algunas de las salas de la biblioteca presentan elegantes techos pintados al fresco: destacan los de las seis salas que preceden al vest\u00edbulo monumental, todos ellos caracterizados por motivos vegetales y volutas. Entre ellos, destacan por su singularidad los techos de tres salas: la recepci\u00f3n, con decoraciones que recorren todo el per\u00edmetro rectangular, guirnaldas florales, diversos motivos ornamentales y, en los lados cortos, el \u00e1guila con las alas desplegadas dentro de un \u00f3valo y el escudo de la familia Casanate (una torre coronada por una estrella de ocho rayos).A continuaci\u00f3n, las dos salas que preceden a la Sala Monumental. La primera con guirnaldas y decoraciones florales policromadas sobre una base blanca, con dos elementos decorativos en el centro: superpuesto por otros elementos simb\u00f3licos, un perro con una antorcha en las fauces, emblema de la fidelidad al mensaje evang\u00e9lico y a su difusi\u00f3n por los frailes predicadores; y el escudo de Casanate superpuesto por el sombrero de ala ancha.En el techo de la sala contigua, que contiene los archivos hist\u00f3ricos de la biblioteca, se encuentra el fresco de Giovanni Mazzetti de 1736 donde, en medio de numerosas decoraciones policromadas y florales, se representa la Gloria de Santo Tom\u00e1s: el santo, con [&hellip;]\" \/>\n<meta property=\"og:url\" content=\"https:\/\/casanatense.cultura.gov.it\/es\/patrimonio-artistico\/frescos\/\" \/>\n<meta property=\"og:site_name\" content=\"Casanatense\" \/>\n<meta property=\"article:publisher\" content=\"https:\/\/it-it.facebook.com\/people\/Biblioteca-Casanatense\/100064405343454\/\" \/>\n<meta property=\"article:modified_time\" content=\"2024-12-04T11:58:23+00:00\" \/>\n<meta property=\"og:image\" content=\"https:\/\/casanatense.cultura.gov.it\/wp-content\/uploads\/2020\/04\/img_compasso_1.jpg\" \/>\n\t<meta property=\"og:image:width\" content=\"133\" \/>\n\t<meta property=\"og:image:height\" content=\"172\" \/>\n\t<meta property=\"og:image:type\" content=\"image\/jpeg\" \/>\n<meta name=\"twitter:card\" content=\"summary_large_image\" \/>\n<meta name=\"twitter:site\" content=\"@casanatense\" \/>\n<meta name=\"twitter:label1\" content=\"Tiempo de lectura\" \/>\n\t<meta name=\"twitter:data1\" content=\"5 minutos\" \/>\n<script type=\"application\/ld+json\" class=\"yoast-schema-graph\">{\"@context\":\"https:\\\/\\\/schema.org\",\"@graph\":[{\"@type\":\"WebPage\",\"@id\":\"https:\\\/\\\/casanatense.cultura.gov.it\\\/es\\\/patrimonio-artistico\\\/frescos\\\/\",\"url\":\"https:\\\/\\\/casanatense.cultura.gov.it\\\/es\\\/patrimonio-artistico\\\/frescos\\\/\",\"name\":\"Frescos - Casanatense\",\"isPartOf\":{\"@id\":\"https:\\\/\\\/casanatense.cultura.gov.it\\\/es\\\/#website\"},\"primaryImageOfPage\":{\"@id\":\"https:\\\/\\\/casanatense.cultura.gov.it\\\/es\\\/patrimonio-artistico\\\/frescos\\\/#primaryimage\"},\"image\":{\"@id\":\"https:\\\/\\\/casanatense.cultura.gov.it\\\/es\\\/patrimonio-artistico\\\/frescos\\\/#primaryimage\"},\"thumbnailUrl\":\"https:\\\/\\\/casanatense.cultura.gov.it\\\/wp-content\\\/uploads\\\/2020\\\/04\\\/img_compasso_1.jpg\",\"datePublished\":\"2024-11-26T13:58:02+00:00\",\"dateModified\":\"2024-12-04T11:58:23+00:00\",\"breadcrumb\":{\"@id\":\"https:\\\/\\\/casanatense.cultura.gov.it\\\/es\\\/patrimonio-artistico\\\/frescos\\\/#breadcrumb\"},\"inLanguage\":\"es\",\"potentialAction\":[{\"@type\":\"ReadAction\",\"target\":[\"https:\\\/\\\/casanatense.cultura.gov.it\\\/es\\\/patrimonio-artistico\\\/frescos\\\/\"]}]},{\"@type\":\"ImageObject\",\"inLanguage\":\"es\",\"@id\":\"https:\\\/\\\/casanatense.cultura.gov.it\\\/es\\\/patrimonio-artistico\\\/frescos\\\/#primaryimage\",\"url\":\"https:\\\/\\\/casanatense.cultura.gov.it\\\/wp-content\\\/uploads\\\/2020\\\/04\\\/img_compasso_1.jpg\",\"contentUrl\":\"https:\\\/\\\/casanatense.cultura.gov.it\\\/wp-content\\\/uploads\\\/2020\\\/04\\\/img_compasso_1.jpg\",\"width\":133,\"height\":172},{\"@type\":\"BreadcrumbList\",\"@id\":\"https:\\\/\\\/casanatense.cultura.gov.it\\\/es\\\/patrimonio-artistico\\\/frescos\\\/#breadcrumb\",\"itemListElement\":[{\"@type\":\"ListItem\",\"position\":1,\"name\":\"Home\",\"item\":\"https:\\\/\\\/casanatense.cultura.gov.it\\\/es\\\/\"},{\"@type\":\"ListItem\",\"position\":2,\"name\":\"Patrimonio art\u00edstico\",\"item\":\"https:\\\/\\\/casanatense.cultura.gov.it\\\/es\\\/patrimonio-artistico\\\/\"},{\"@type\":\"ListItem\",\"position\":3,\"name\":\"Frescos\"}]},{\"@type\":\"WebSite\",\"@id\":\"https:\\\/\\\/casanatense.cultura.gov.it\\\/es\\\/#website\",\"url\":\"https:\\\/\\\/casanatense.cultura.gov.it\\\/es\\\/\",\"name\":\"Casanatense\",\"description\":\"Il sito della Biblioteca Casanatense\",\"publisher\":{\"@id\":\"https:\\\/\\\/casanatense.cultura.gov.it\\\/es\\\/#organization\"},\"potentialAction\":[{\"@type\":\"SearchAction\",\"target\":{\"@type\":\"EntryPoint\",\"urlTemplate\":\"https:\\\/\\\/casanatense.cultura.gov.it\\\/es\\\/?s={search_term_string}\"},\"query-input\":{\"@type\":\"PropertyValueSpecification\",\"valueRequired\":true,\"valueName\":\"search_term_string\"}}],\"inLanguage\":\"es\"},{\"@type\":\"Organization\",\"@id\":\"https:\\\/\\\/casanatense.cultura.gov.it\\\/es\\\/#organization\",\"name\":\"Biblioteca Casanatense\",\"url\":\"https:\\\/\\\/casanatense.cultura.gov.it\\\/es\\\/\",\"logo\":{\"@type\":\"ImageObject\",\"inLanguage\":\"es\",\"@id\":\"https:\\\/\\\/casanatense.cultura.gov.it\\\/es\\\/#\\\/schema\\\/logo\\\/image\\\/\",\"url\":\"https:\\\/\\\/casanatense.cultura.gov.it\\\/wp-content\\\/uploads\\\/2024\\\/03\\\/logo-casanatense-mibact.png\",\"contentUrl\":\"https:\\\/\\\/casanatense.cultura.gov.it\\\/wp-content\\\/uploads\\\/2024\\\/03\\\/logo-casanatense-mibact.png\",\"width\":250,\"height\":61,\"caption\":\"Biblioteca Casanatense\"},\"image\":{\"@id\":\"https:\\\/\\\/casanatense.cultura.gov.it\\\/es\\\/#\\\/schema\\\/logo\\\/image\\\/\"},\"sameAs\":[\"https:\\\/\\\/it-it.facebook.com\\\/people\\\/Biblioteca-Casanatense\\\/100064405343454\\\/\",\"https:\\\/\\\/x.com\\\/casanatense\",\"https:\\\/\\\/instagram.com\\\/bibliotecacasanatense?igshid=5hcnozoyuuy5\"]}]}<\/script>\n<!-- \/ Yoast SEO plugin. -->","yoast_head_json":{"title":"Frescos - Casanatense","robots":{"index":"index","follow":"follow","max-snippet":"max-snippet:-1","max-image-preview":"max-image-preview:large","max-video-preview":"max-video-preview:-1"},"canonical":"https:\/\/casanatense.cultura.gov.it\/es\/patrimonio-artistico\/frescos\/","og_locale":"es_ES","og_type":"article","og_title":"Frescos - Casanatense","og_description":"Algunas de las salas de la biblioteca presentan elegantes techos pintados al fresco: destacan los de las seis salas que preceden al vest\u00edbulo monumental, todos ellos caracterizados por motivos vegetales y volutas. Entre ellos, destacan por su singularidad los techos de tres salas: la recepci\u00f3n, con decoraciones que recorren todo el per\u00edmetro rectangular, guirnaldas florales, diversos motivos ornamentales y, en los lados cortos, el \u00e1guila con las alas desplegadas dentro de un \u00f3valo y el escudo de la familia Casanate (una torre coronada por una estrella de ocho rayos).A continuaci\u00f3n, las dos salas que preceden a la Sala Monumental. La primera con guirnaldas y decoraciones florales policromadas sobre una base blanca, con dos elementos decorativos en el centro: superpuesto por otros elementos simb\u00f3licos, un perro con una antorcha en las fauces, emblema de la fidelidad al mensaje evang\u00e9lico y a su difusi\u00f3n por los frailes predicadores; y el escudo de Casanate superpuesto por el sombrero de ala ancha.En el techo de la sala contigua, que contiene los archivos hist\u00f3ricos de la biblioteca, se encuentra el fresco de Giovanni Mazzetti de 1736 donde, en medio de numerosas decoraciones policromadas y florales, se representa la Gloria de Santo Tom\u00e1s: el santo, con [&hellip;]","og_url":"https:\/\/casanatense.cultura.gov.it\/es\/patrimonio-artistico\/frescos\/","og_site_name":"Casanatense","article_publisher":"https:\/\/it-it.facebook.com\/people\/Biblioteca-Casanatense\/100064405343454\/","article_modified_time":"2024-12-04T11:58:23+00:00","og_image":[{"width":133,"height":172,"url":"https:\/\/casanatense.cultura.gov.it\/wp-content\/uploads\/2020\/04\/img_compasso_1.jpg","type":"image\/jpeg"}],"twitter_card":"summary_large_image","twitter_site":"@casanatense","twitter_misc":{"Tiempo de lectura":"5 minutos"},"schema":{"@context":"https:\/\/schema.org","@graph":[{"@type":"WebPage","@id":"https:\/\/casanatense.cultura.gov.it\/es\/patrimonio-artistico\/frescos\/","url":"https:\/\/casanatense.cultura.gov.it\/es\/patrimonio-artistico\/frescos\/","name":"Frescos - Casanatense","isPartOf":{"@id":"https:\/\/casanatense.cultura.gov.it\/es\/#website"},"primaryImageOfPage":{"@id":"https:\/\/casanatense.cultura.gov.it\/es\/patrimonio-artistico\/frescos\/#primaryimage"},"image":{"@id":"https:\/\/casanatense.cultura.gov.it\/es\/patrimonio-artistico\/frescos\/#primaryimage"},"thumbnailUrl":"https:\/\/casanatense.cultura.gov.it\/wp-content\/uploads\/2020\/04\/img_compasso_1.jpg","datePublished":"2024-11-26T13:58:02+00:00","dateModified":"2024-12-04T11:58:23+00:00","breadcrumb":{"@id":"https:\/\/casanatense.cultura.gov.it\/es\/patrimonio-artistico\/frescos\/#breadcrumb"},"inLanguage":"es","potentialAction":[{"@type":"ReadAction","target":["https:\/\/casanatense.cultura.gov.it\/es\/patrimonio-artistico\/frescos\/"]}]},{"@type":"ImageObject","inLanguage":"es","@id":"https:\/\/casanatense.cultura.gov.it\/es\/patrimonio-artistico\/frescos\/#primaryimage","url":"https:\/\/casanatense.cultura.gov.it\/wp-content\/uploads\/2020\/04\/img_compasso_1.jpg","contentUrl":"https:\/\/casanatense.cultura.gov.it\/wp-content\/uploads\/2020\/04\/img_compasso_1.jpg","width":133,"height":172},{"@type":"BreadcrumbList","@id":"https:\/\/casanatense.cultura.gov.it\/es\/patrimonio-artistico\/frescos\/#breadcrumb","itemListElement":[{"@type":"ListItem","position":1,"name":"Home","item":"https:\/\/casanatense.cultura.gov.it\/es\/"},{"@type":"ListItem","position":2,"name":"Patrimonio art\u00edstico","item":"https:\/\/casanatense.cultura.gov.it\/es\/patrimonio-artistico\/"},{"@type":"ListItem","position":3,"name":"Frescos"}]},{"@type":"WebSite","@id":"https:\/\/casanatense.cultura.gov.it\/es\/#website","url":"https:\/\/casanatense.cultura.gov.it\/es\/","name":"Casanatense","description":"Il sito della Biblioteca Casanatense","publisher":{"@id":"https:\/\/casanatense.cultura.gov.it\/es\/#organization"},"potentialAction":[{"@type":"SearchAction","target":{"@type":"EntryPoint","urlTemplate":"https:\/\/casanatense.cultura.gov.it\/es\/?s={search_term_string}"},"query-input":{"@type":"PropertyValueSpecification","valueRequired":true,"valueName":"search_term_string"}}],"inLanguage":"es"},{"@type":"Organization","@id":"https:\/\/casanatense.cultura.gov.it\/es\/#organization","name":"Biblioteca Casanatense","url":"https:\/\/casanatense.cultura.gov.it\/es\/","logo":{"@type":"ImageObject","inLanguage":"es","@id":"https:\/\/casanatense.cultura.gov.it\/es\/#\/schema\/logo\/image\/","url":"https:\/\/casanatense.cultura.gov.it\/wp-content\/uploads\/2024\/03\/logo-casanatense-mibact.png","contentUrl":"https:\/\/casanatense.cultura.gov.it\/wp-content\/uploads\/2024\/03\/logo-casanatense-mibact.png","width":250,"height":61,"caption":"Biblioteca Casanatense"},"image":{"@id":"https:\/\/casanatense.cultura.gov.it\/es\/#\/schema\/logo\/image\/"},"sameAs":["https:\/\/it-it.facebook.com\/people\/Biblioteca-Casanatense\/100064405343454\/","https:\/\/x.com\/casanatense","https:\/\/instagram.com\/bibliotecacasanatense?igshid=5hcnozoyuuy5"]}]}},"_links":{"self":[{"href":"https:\/\/casanatense.cultura.gov.it\/es\/wp-json\/wp\/v2\/pages\/261409","targetHints":{"allow":["GET"]}}],"collection":[{"href":"https:\/\/casanatense.cultura.gov.it\/es\/wp-json\/wp\/v2\/pages"}],"about":[{"href":"https:\/\/casanatense.cultura.gov.it\/es\/wp-json\/wp\/v2\/types\/page"}],"author":[{"embeddable":true,"href":"https:\/\/casanatense.cultura.gov.it\/es\/wp-json\/wp\/v2\/users\/160"}],"replies":[{"embeddable":true,"href":"https:\/\/casanatense.cultura.gov.it\/es\/wp-json\/wp\/v2\/comments?post=261409"}],"version-history":[{"count":6,"href":"https:\/\/casanatense.cultura.gov.it\/es\/wp-json\/wp\/v2\/pages\/261409\/revisions"}],"predecessor-version":[{"id":261478,"href":"https:\/\/casanatense.cultura.gov.it\/es\/wp-json\/wp\/v2\/pages\/261409\/revisions\/261478"}],"up":[{"embeddable":true,"href":"https:\/\/casanatense.cultura.gov.it\/es\/wp-json\/wp\/v2\/pages\/261397"}],"wp:featuredmedia":[{"embeddable":true,"href":"https:\/\/casanatense.cultura.gov.it\/es\/wp-json\/wp\/v2\/media\/258730"}],"wp:attachment":[{"href":"https:\/\/casanatense.cultura.gov.it\/es\/wp-json\/wp\/v2\/media?parent=261409"}],"curies":[{"name":"wp","href":"https:\/\/api.w.org\/{rel}","templated":true}]}}