{"id":261881,"date":"2025-01-27T10:08:58","date_gmt":"2025-01-27T09:08:58","guid":{"rendered":"https:\/\/casanatense.cultura.gov.it\/prestamo-para-exposiciones\/"},"modified":"2025-01-27T11:23:37","modified_gmt":"2025-01-27T10:23:37","slug":"prestamo-para-exposiciones","status":"publish","type":"page","link":"https:\/\/casanatense.cultura.gov.it\/es\/prestamo-para-exposiciones\/","title":{"rendered":"Pr\u00e9stamo para Exposiciones"},"content":{"rendered":"<p>[et_pb_section fb_built=\u00bb1&#8243; _builder_version=\u00bb4.16&#8243; custom_padding=\u00bb5px|||||\u00bb da_disable_devices=\u00bboff|off|off\u00bb global_colors_info=\u00bb{}\u00bb theme_builder_area=\u00bbpost_content\u00bb da_is_popup=\u00bboff\u00bb da_exit_intent=\u00bboff\u00bb da_has_close=\u00bbon\u00bb da_alt_close=\u00bboff\u00bb da_dark_close=\u00bboff\u00bb da_not_modal=\u00bbon\u00bb da_is_singular=\u00bboff\u00bb da_with_loader=\u00bboff\u00bb da_has_shadow=\u00bbon\u00bb][et_pb_row _builder_version=\u00bb4.16&#8243; background_size=\u00bbinitial\u00bb background_position=\u00bbtop_left\u00bb background_repeat=\u00bbrepeat\u00bb global_colors_info=\u00bb{}\u00bb theme_builder_area=\u00bbpost_content\u00bb][et_pb_column type=\u00bb4_4&#8243; _builder_version=\u00bb4.16&#8243; custom_padding=\u00bb|||\u00bb global_colors_info=\u00bb{}\u00bb custom_padding__hover=\u00bb|||\u00bb theme_builder_area=\u00bbpost_content\u00bb][et_pb_text _builder_version=\u00bb4.27.4&#8243; background_size=\u00bbinitial\u00bb background_position=\u00bbtop_left\u00bb background_repeat=\u00bbrepeat\u00bb hover_enabled=\u00bb0&#8243; global_colors_info=\u00bb{}\u00bb theme_builder_area=\u00bbpost_content\u00bb sticky_enabled=\u00bb0&#8243;]<\/p>\n<p>La Biblioteca Casanatense presta material de sus colecciones para exposiciones temporales o eventos de significativo valor cient\u00edfico y cultural, en Italia y en el extranjero, a entidades p\u00fablicas o privadas en forma asociada.<\/p>\n<p>Para solicitar el pr\u00e9stamo de una o varias obras, la solicitud deber\u00e1 dirigirse, con al menos <strong>6 meses de antelaci\u00f3n<\/strong>, a la atenci\u00f3n del Director a la direcci\u00f3n de correo electr\u00f3nico <strong>b-casa.mostre@cultura.gov.it<\/strong> acompa\u00f1ada del proyecto o plan cient\u00edfico de la exposici\u00f3n, del <em>facility report<\/em> y de la lista de las obras solicitadas. El Director, de acuerdo con la Oficina de Exposiciones, evaluar\u00e1 la solicitud en relaci\u00f3n con el estado de conservaci\u00f3n de las obras, las garant\u00edas de seguridad ofrecidas por el lugar de exposici\u00f3n y el valor cient\u00edfico del proyecto, y enviar\u00e1 a continuaci\u00f3n una declaraci\u00f3n motivada de conformidad o denegaci\u00f3n.<\/p>\n<p>En caso de aprobaci\u00f3n, la Oficina de Exposiciones solicitar\u00e1, en el plazo de 120 d\u00edas desde la inauguraci\u00f3n de la exposici\u00f3n, la autorizaci\u00f3n de pr\u00e9stamo a la Direzione Generale Biblioteche e Diritto d\u2019Autore mediante el env\u00edo de: la solicitud de pr\u00e9stamo de la entidad organizadora junto con la documentaci\u00f3n pertinente, la carta de aprobaci\u00f3n de la Biblioteca y las hojas de movimiento de los bienes culturales firmadas por la Biblioteca y la entidad organizadora. En el caso de exposiciones en el extranjero, la Direzione Generale solicita a el Ufficio Esportazione una licencia temporal de exportaci\u00f3n.<\/p>\n<p>La entidad organizadora debe poder garantizar la correcta conservaci\u00f3n de los bienes durante toda la duraci\u00f3n del pr\u00e9stamo y la m\u00e1xima seguridad durante las operaciones de traslado, por lo que correr\u00e1 con los gastos de transporte, los posibles gastos accesorios (por ejemplo, restauraci\u00f3n, realizaci\u00f3n de copias de seguridad, realizaci\u00f3n de passepartouts, etc.), as\u00ed como la cobertura de seguro \u00abclavo a clavo\u00bb: t\u00e9ngase en cuenta que la concesi\u00f3n de la licencia est\u00e1 condicionada a que el solicitante asegure los objetos y bienes, por el valor indicado en la solicitud. En el caso de exposiciones y eventos en territorio nacional promovidos por el Ministerio o, con participaci\u00f3n estatal, por organismos o institutos p\u00fablicos, el seguro previsto podr\u00e1 ser sustituido por la garant\u00eda estatal.<\/p>\n<p>Por \u00faltimo, la Oficina de Exposiciones se encarga de redactar el condition report, gestionar la recogida y entrega de los bienes solicitados en pr\u00e9stamo y act\u00faa como mensajero para el montaje y desmontaje de los bienes en el lugar de la exposici\u00f3n.<\/p>\n<p>Por necesidades de conservaci\u00f3n y uso p\u00fablico, la duraci\u00f3n m\u00e1xima del pr\u00e9stamo es de 3 meses; podr\u00e1 presentarse una solicitud de pr\u00f3rroga, que ser\u00e1 evaluada caso por caso por la Direcci\u00f3n.<br \/>El seguro previsto puede ser sustituido por la garant\u00eda del Estado.<\/p>\n<p>[\/et_pb_text][\/et_pb_column][\/et_pb_row][\/et_pb_section]<\/p>\n","protected":false},"excerpt":{"rendered":"<p>La Biblioteca Casanatense presta material de sus colecciones para exposiciones temporales o eventos de significativo valor cient\u00edfico y cultural, en Italia y en el extranjero, a entidades p\u00fablicas o privadas en forma asociada. Para solicitar el pr\u00e9stamo de una o varias obras, la solicitud deber\u00e1 dirigirse, con al menos 6 meses de antelaci\u00f3n, a la atenci\u00f3n del Director a la direcci\u00f3n de correo electr\u00f3nico b-casa.mostre@cultura.gov.it acompa\u00f1ada del proyecto o plan cient\u00edfico de la exposici\u00f3n, del facility report y de la lista de las obras solicitadas. El Director, de acuerdo con la Oficina de Exposiciones, evaluar\u00e1 la solicitud en relaci\u00f3n con el estado de conservaci\u00f3n de las obras, las garant\u00edas de seguridad ofrecidas por el lugar de exposici\u00f3n y el valor cient\u00edfico del proyecto, y enviar\u00e1 a continuaci\u00f3n una declaraci\u00f3n motivada de conformidad o denegaci\u00f3n. En caso de aprobaci\u00f3n, la Oficina de Exposiciones solicitar\u00e1, en el plazo de 120 d\u00edas desde la inauguraci\u00f3n de la exposici\u00f3n, la autorizaci\u00f3n de pr\u00e9stamo a la Direzione Generale Biblioteche e Diritto d\u2019Autore mediante el env\u00edo de: la solicitud de pr\u00e9stamo de la entidad organizadora junto con la documentaci\u00f3n pertinente, la carta de aprobaci\u00f3n de la Biblioteca y las hojas de movimiento de los bienes culturales [&hellip;]<\/p>\n","protected":false},"author":160,"featured_media":0,"parent":0,"menu_order":0,"comment_status":"closed","ping_status":"closed","template":"","meta":{"_et_pb_use_builder":"on","_et_pb_old_content":"","_et_gb_content_width":"","_price":"","_stock":"","_tribe_ticket_header":"","_tribe_default_ticket_provider":"","_tribe_ticket_capacity":"0","_ticket_start_date":"","_ticket_end_date":"","_tribe_ticket_show_description":"","_tribe_ticket_show_not_going":false,"_tribe_ticket_use_global_stock":"","_tribe_ticket_global_stock_level":"","_global_stock_mode":"","_global_stock_cap":"","_tribe_rsvp_for_event":"","_tribe_ticket_going_count":"","_tribe_ticket_not_going_count":"","_tribe_tickets_list":"[]","_tribe_ticket_has_attendee_info_fields":false,"footnotes":""},"class_list":["post-261881","page","type-page","status-publish","hentry"],"yoast_head":"<!-- This site is optimized with the Yoast SEO plugin v27.4 - https:\/\/yoast.com\/product\/yoast-seo-wordpress\/ -->\n<title>Pr\u00e9stamo para Exposiciones - Casanatense<\/title>\n<meta name=\"robots\" content=\"index, follow, max-snippet:-1, max-image-preview:large, max-video-preview:-1\" \/>\n<link rel=\"canonical\" href=\"https:\/\/casanatense.cultura.gov.it\/es\/prestamo-para-exposiciones\/\" \/>\n<meta property=\"og:locale\" content=\"es_ES\" \/>\n<meta property=\"og:type\" content=\"article\" \/>\n<meta property=\"og:title\" content=\"Pr\u00e9stamo para Exposiciones - Casanatense\" \/>\n<meta property=\"og:description\" content=\"La Biblioteca Casanatense presta material de sus colecciones para exposiciones temporales o eventos de significativo valor cient\u00edfico y cultural, en Italia y en el extranjero, a entidades p\u00fablicas o privadas en forma asociada. Para solicitar el pr\u00e9stamo de una o varias obras, la solicitud deber\u00e1 dirigirse, con al menos 6 meses de antelaci\u00f3n, a la atenci\u00f3n del Director a la direcci\u00f3n de correo electr\u00f3nico b-casa.mostre@cultura.gov.it acompa\u00f1ada del proyecto o plan cient\u00edfico de la exposici\u00f3n, del facility report y de la lista de las obras solicitadas. El Director, de acuerdo con la Oficina de Exposiciones, evaluar\u00e1 la solicitud en relaci\u00f3n con el estado de conservaci\u00f3n de las obras, las garant\u00edas de seguridad ofrecidas por el lugar de exposici\u00f3n y el valor cient\u00edfico del proyecto, y enviar\u00e1 a continuaci\u00f3n una declaraci\u00f3n motivada de conformidad o denegaci\u00f3n. En caso de aprobaci\u00f3n, la Oficina de Exposiciones solicitar\u00e1, en el plazo de 120 d\u00edas desde la inauguraci\u00f3n de la exposici\u00f3n, la autorizaci\u00f3n de pr\u00e9stamo a la Direzione Generale Biblioteche e Diritto d\u2019Autore mediante el env\u00edo de: la solicitud de pr\u00e9stamo de la entidad organizadora junto con la documentaci\u00f3n pertinente, la carta de aprobaci\u00f3n de la Biblioteca y las hojas de movimiento de los bienes culturales [&hellip;]\" \/>\n<meta property=\"og:url\" content=\"https:\/\/casanatense.cultura.gov.it\/es\/prestamo-para-exposiciones\/\" \/>\n<meta property=\"og:site_name\" content=\"Casanatense\" \/>\n<meta property=\"article:publisher\" content=\"https:\/\/it-it.facebook.com\/people\/Biblioteca-Casanatense\/100064405343454\/\" \/>\n<meta property=\"article:modified_time\" content=\"2025-01-27T10:23:37+00:00\" \/>\n<meta name=\"twitter:card\" content=\"summary_large_image\" \/>\n<meta name=\"twitter:site\" content=\"@casanatense\" \/>\n<meta name=\"twitter:label1\" content=\"Tiempo de lectura\" \/>\n\t<meta name=\"twitter:data1\" content=\"3 minutos\" \/>\n<script type=\"application\/ld+json\" class=\"yoast-schema-graph\">{\"@context\":\"https:\\\/\\\/schema.org\",\"@graph\":[{\"@type\":\"WebPage\",\"@id\":\"https:\\\/\\\/casanatense.cultura.gov.it\\\/es\\\/prestamo-para-exposiciones\\\/\",\"url\":\"https:\\\/\\\/casanatense.cultura.gov.it\\\/es\\\/prestamo-para-exposiciones\\\/\",\"name\":\"Pr\u00e9stamo para Exposiciones - Casanatense\",\"isPartOf\":{\"@id\":\"https:\\\/\\\/casanatense.cultura.gov.it\\\/es\\\/#website\"},\"datePublished\":\"2025-01-27T09:08:58+00:00\",\"dateModified\":\"2025-01-27T10:23:37+00:00\",\"breadcrumb\":{\"@id\":\"https:\\\/\\\/casanatense.cultura.gov.it\\\/es\\\/prestamo-para-exposiciones\\\/#breadcrumb\"},\"inLanguage\":\"es\",\"potentialAction\":[{\"@type\":\"ReadAction\",\"target\":[\"https:\\\/\\\/casanatense.cultura.gov.it\\\/es\\\/prestamo-para-exposiciones\\\/\"]}]},{\"@type\":\"BreadcrumbList\",\"@id\":\"https:\\\/\\\/casanatense.cultura.gov.it\\\/es\\\/prestamo-para-exposiciones\\\/#breadcrumb\",\"itemListElement\":[{\"@type\":\"ListItem\",\"position\":1,\"name\":\"Home\",\"item\":\"https:\\\/\\\/casanatense.cultura.gov.it\\\/es\\\/\"},{\"@type\":\"ListItem\",\"position\":2,\"name\":\"Pr\u00e9stamo para Exposiciones\"}]},{\"@type\":\"WebSite\",\"@id\":\"https:\\\/\\\/casanatense.cultura.gov.it\\\/es\\\/#website\",\"url\":\"https:\\\/\\\/casanatense.cultura.gov.it\\\/es\\\/\",\"name\":\"Casanatense\",\"description\":\"Il sito della Biblioteca Casanatense\",\"publisher\":{\"@id\":\"https:\\\/\\\/casanatense.cultura.gov.it\\\/es\\\/#organization\"},\"potentialAction\":[{\"@type\":\"SearchAction\",\"target\":{\"@type\":\"EntryPoint\",\"urlTemplate\":\"https:\\\/\\\/casanatense.cultura.gov.it\\\/es\\\/?s={search_term_string}\"},\"query-input\":{\"@type\":\"PropertyValueSpecification\",\"valueRequired\":true,\"valueName\":\"search_term_string\"}}],\"inLanguage\":\"es\"},{\"@type\":\"Organization\",\"@id\":\"https:\\\/\\\/casanatense.cultura.gov.it\\\/es\\\/#organization\",\"name\":\"Biblioteca Casanatense\",\"url\":\"https:\\\/\\\/casanatense.cultura.gov.it\\\/es\\\/\",\"logo\":{\"@type\":\"ImageObject\",\"inLanguage\":\"es\",\"@id\":\"https:\\\/\\\/casanatense.cultura.gov.it\\\/es\\\/#\\\/schema\\\/logo\\\/image\\\/\",\"url\":\"https:\\\/\\\/casanatense.cultura.gov.it\\\/wp-content\\\/uploads\\\/2024\\\/03\\\/logo-casanatense-mibact.png\",\"contentUrl\":\"https:\\\/\\\/casanatense.cultura.gov.it\\\/wp-content\\\/uploads\\\/2024\\\/03\\\/logo-casanatense-mibact.png\",\"width\":250,\"height\":61,\"caption\":\"Biblioteca Casanatense\"},\"image\":{\"@id\":\"https:\\\/\\\/casanatense.cultura.gov.it\\\/es\\\/#\\\/schema\\\/logo\\\/image\\\/\"},\"sameAs\":[\"https:\\\/\\\/it-it.facebook.com\\\/people\\\/Biblioteca-Casanatense\\\/100064405343454\\\/\",\"https:\\\/\\\/x.com\\\/casanatense\",\"https:\\\/\\\/instagram.com\\\/bibliotecacasanatense?igshid=5hcnozoyuuy5\"]}]}<\/script>\n<!-- \/ Yoast SEO plugin. -->","yoast_head_json":{"title":"Pr\u00e9stamo para Exposiciones - Casanatense","robots":{"index":"index","follow":"follow","max-snippet":"max-snippet:-1","max-image-preview":"max-image-preview:large","max-video-preview":"max-video-preview:-1"},"canonical":"https:\/\/casanatense.cultura.gov.it\/es\/prestamo-para-exposiciones\/","og_locale":"es_ES","og_type":"article","og_title":"Pr\u00e9stamo para Exposiciones - Casanatense","og_description":"La Biblioteca Casanatense presta material de sus colecciones para exposiciones temporales o eventos de significativo valor cient\u00edfico y cultural, en Italia y en el extranjero, a entidades p\u00fablicas o privadas en forma asociada. Para solicitar el pr\u00e9stamo de una o varias obras, la solicitud deber\u00e1 dirigirse, con al menos 6 meses de antelaci\u00f3n, a la atenci\u00f3n del Director a la direcci\u00f3n de correo electr\u00f3nico b-casa.mostre@cultura.gov.it acompa\u00f1ada del proyecto o plan cient\u00edfico de la exposici\u00f3n, del facility report y de la lista de las obras solicitadas. El Director, de acuerdo con la Oficina de Exposiciones, evaluar\u00e1 la solicitud en relaci\u00f3n con el estado de conservaci\u00f3n de las obras, las garant\u00edas de seguridad ofrecidas por el lugar de exposici\u00f3n y el valor cient\u00edfico del proyecto, y enviar\u00e1 a continuaci\u00f3n una declaraci\u00f3n motivada de conformidad o denegaci\u00f3n. En caso de aprobaci\u00f3n, la Oficina de Exposiciones solicitar\u00e1, en el plazo de 120 d\u00edas desde la inauguraci\u00f3n de la exposici\u00f3n, la autorizaci\u00f3n de pr\u00e9stamo a la Direzione Generale Biblioteche e Diritto d\u2019Autore mediante el env\u00edo de: la solicitud de pr\u00e9stamo de la entidad organizadora junto con la documentaci\u00f3n pertinente, la carta de aprobaci\u00f3n de la Biblioteca y las hojas de movimiento de los bienes culturales [&hellip;]","og_url":"https:\/\/casanatense.cultura.gov.it\/es\/prestamo-para-exposiciones\/","og_site_name":"Casanatense","article_publisher":"https:\/\/it-it.facebook.com\/people\/Biblioteca-Casanatense\/100064405343454\/","article_modified_time":"2025-01-27T10:23:37+00:00","twitter_card":"summary_large_image","twitter_site":"@casanatense","twitter_misc":{"Tiempo de lectura":"3 minutos"},"schema":{"@context":"https:\/\/schema.org","@graph":[{"@type":"WebPage","@id":"https:\/\/casanatense.cultura.gov.it\/es\/prestamo-para-exposiciones\/","url":"https:\/\/casanatense.cultura.gov.it\/es\/prestamo-para-exposiciones\/","name":"Pr\u00e9stamo para Exposiciones - Casanatense","isPartOf":{"@id":"https:\/\/casanatense.cultura.gov.it\/es\/#website"},"datePublished":"2025-01-27T09:08:58+00:00","dateModified":"2025-01-27T10:23:37+00:00","breadcrumb":{"@id":"https:\/\/casanatense.cultura.gov.it\/es\/prestamo-para-exposiciones\/#breadcrumb"},"inLanguage":"es","potentialAction":[{"@type":"ReadAction","target":["https:\/\/casanatense.cultura.gov.it\/es\/prestamo-para-exposiciones\/"]}]},{"@type":"BreadcrumbList","@id":"https:\/\/casanatense.cultura.gov.it\/es\/prestamo-para-exposiciones\/#breadcrumb","itemListElement":[{"@type":"ListItem","position":1,"name":"Home","item":"https:\/\/casanatense.cultura.gov.it\/es\/"},{"@type":"ListItem","position":2,"name":"Pr\u00e9stamo para Exposiciones"}]},{"@type":"WebSite","@id":"https:\/\/casanatense.cultura.gov.it\/es\/#website","url":"https:\/\/casanatense.cultura.gov.it\/es\/","name":"Casanatense","description":"Il sito della Biblioteca Casanatense","publisher":{"@id":"https:\/\/casanatense.cultura.gov.it\/es\/#organization"},"potentialAction":[{"@type":"SearchAction","target":{"@type":"EntryPoint","urlTemplate":"https:\/\/casanatense.cultura.gov.it\/es\/?s={search_term_string}"},"query-input":{"@type":"PropertyValueSpecification","valueRequired":true,"valueName":"search_term_string"}}],"inLanguage":"es"},{"@type":"Organization","@id":"https:\/\/casanatense.cultura.gov.it\/es\/#organization","name":"Biblioteca Casanatense","url":"https:\/\/casanatense.cultura.gov.it\/es\/","logo":{"@type":"ImageObject","inLanguage":"es","@id":"https:\/\/casanatense.cultura.gov.it\/es\/#\/schema\/logo\/image\/","url":"https:\/\/casanatense.cultura.gov.it\/wp-content\/uploads\/2024\/03\/logo-casanatense-mibact.png","contentUrl":"https:\/\/casanatense.cultura.gov.it\/wp-content\/uploads\/2024\/03\/logo-casanatense-mibact.png","width":250,"height":61,"caption":"Biblioteca Casanatense"},"image":{"@id":"https:\/\/casanatense.cultura.gov.it\/es\/#\/schema\/logo\/image\/"},"sameAs":["https:\/\/it-it.facebook.com\/people\/Biblioteca-Casanatense\/100064405343454\/","https:\/\/x.com\/casanatense","https:\/\/instagram.com\/bibliotecacasanatense?igshid=5hcnozoyuuy5"]}]}},"_links":{"self":[{"href":"https:\/\/casanatense.cultura.gov.it\/es\/wp-json\/wp\/v2\/pages\/261881","targetHints":{"allow":["GET"]}}],"collection":[{"href":"https:\/\/casanatense.cultura.gov.it\/es\/wp-json\/wp\/v2\/pages"}],"about":[{"href":"https:\/\/casanatense.cultura.gov.it\/es\/wp-json\/wp\/v2\/types\/page"}],"author":[{"embeddable":true,"href":"https:\/\/casanatense.cultura.gov.it\/es\/wp-json\/wp\/v2\/users\/160"}],"replies":[{"embeddable":true,"href":"https:\/\/casanatense.cultura.gov.it\/es\/wp-json\/wp\/v2\/comments?post=261881"}],"version-history":[{"count":3,"href":"https:\/\/casanatense.cultura.gov.it\/es\/wp-json\/wp\/v2\/pages\/261881\/revisions"}],"predecessor-version":[{"id":261892,"href":"https:\/\/casanatense.cultura.gov.it\/es\/wp-json\/wp\/v2\/pages\/261881\/revisions\/261892"}],"wp:attachment":[{"href":"https:\/\/casanatense.cultura.gov.it\/es\/wp-json\/wp\/v2\/media?parent=261881"}],"curies":[{"name":"wp","href":"https:\/\/api.w.org\/{rel}","templated":true}]}}