{"id":261908,"date":"2025-01-27T11:50:46","date_gmt":"2025-01-27T10:50:46","guid":{"rendered":"https:\/\/casanatense.cultura.gov.it\/visitas\/"},"modified":"2026-03-10T11:15:42","modified_gmt":"2026-03-10T10:15:42","slug":"visitas","status":"publish","type":"page","link":"https:\/\/casanatense.cultura.gov.it\/es\/visitas\/","title":{"rendered":"Visitas"},"content":{"rendered":"<p>[et_pb_section fb_built=\u00bb1&#8243; _builder_version=\u00bb4.16&#8243; custom_padding=\u00bb5px|||||\u00bb da_disable_devices=\u00bboff|off|off\u00bb global_colors_info=\u00bb{}\u00bb theme_builder_area=\u00bbpost_content\u00bb da_is_popup=\u00bboff\u00bb da_exit_intent=\u00bboff\u00bb da_has_close=\u00bbon\u00bb da_alt_close=\u00bboff\u00bb da_dark_close=\u00bboff\u00bb da_not_modal=\u00bbon\u00bb da_is_singular=\u00bboff\u00bb da_with_loader=\u00bboff\u00bb da_has_shadow=\u00bbon\u00bb][et_pb_row _builder_version=\u00bb4.16&#8243; background_size=\u00bbinitial\u00bb background_position=\u00bbtop_left\u00bb background_repeat=\u00bbrepeat\u00bb global_colors_info=\u00bb{}\u00bb theme_builder_area=\u00bbpost_content\u00bb][et_pb_column type=\u00bb4_4&#8243; _builder_version=\u00bb4.16&#8243; custom_padding=\u00bb|||\u00bb global_colors_info=\u00bb{}\u00bb custom_padding__hover=\u00bb|||\u00bb theme_builder_area=\u00bbpost_content\u00bb][et_pb_text _builder_version=\u00bb4.27.6&#8243; background_size=\u00bbinitial\u00bb background_position=\u00bbtop_left\u00bb background_repeat=\u00bbrepeat\u00bb hover_enabled=\u00bb0&#8243; global_colors_info=\u00bb{}\u00bb theme_builder_area=\u00bbpost_content\u00bb sticky_enabled=\u00bb0&#8243;]<\/p>\n<h4><strong>Acceso Gratuito a la Biblioteca Hist\u00f3rica<\/strong><\/h4>\n<p>Es posible acceder gratuitamente a la Sala Monumental y visitar las Colecciones del Museo (sin visita guiada) de lunes a viernes de 10.00 a 16.00. La \u00faltima entrada est\u00e1 prevista a las 15:45.<\/p>\n<p>&nbsp;<\/p>\n<h4><strong>Visitas Guiadas<\/strong><\/h4>\n<p>El servicio est\u00e1 dirigido exclusivamente a escuelas secundarias, universidades, academias e instituciones culturales italianas y extranjeras, y se ofrece acordando una cita y cualquier otro detalle con la oficina encargada del servicio.<br \/>Los d\u00edas dedicados a este servicio son los martes de 09.00 a 13.00 horas y los jueves de 14.00 a 18.00 horas. En horario de verano (del 1 de julio al 15 de septiembre), los martes y jueves de 09.00 a 13.00 horas.<\/p>\n<p>&nbsp;<\/p>\n<h4><strong>Conferencias y Seminarios<\/strong><\/h4>\n<p>Es posible que los profesores universitarios impartan clases individuales o una serie de reuniones para un n\u00famero limitado de estudiantes (m\u00e1x. 15-20), utilizando los recursos bibliogr\u00e1ficos de la Biblioteca. Estas actividades deben concertarse con la Biblioteca con suficiente antelaci\u00f3n.<br \/>Las clases pueden impartirse los mi\u00e9rcoles entre las 09.00 y las 13.00 horas o los martes entre las 14.00 y las 18.00 horas. En horario de verano (del 1 de julio al 15 de septiembre), los mi\u00e9rcoles entre las 09.00 y las 13.00 horas.<\/p>\n<p>&nbsp;<\/p>\n<h4><strong>Visitas Guiadas de Pago<\/strong><\/h4>\n<p>Las asociaciones culturales, los operadores tur\u00edsticos especializados en itinerarios hist\u00f3rico-art\u00edsticos y los grupos organizados pueden beneficiarse de visitas guiadas reservadas de pago, que incluyen -previa solicitud- la exposici\u00f3n de algunos vol\u00famenes antiguos y raros de las colecciones de la Biblioteca, ilustrados por un conservador de las colecciones, con la presencia de un asistente.<br \/>El servicio se ofrece por la tarde (antes de las 18.30 horas), o por la noche (despu\u00e9s de las 19.00 horas, cuando la Biblioteca est\u00e1 abierta en horario especial), seg\u00fan las tarifas establecidas para las concesiones de uso y los servicios por cuenta de terceros.<\/p>\n<p>[\/et_pb_text][\/et_pb_column][\/et_pb_row][\/et_pb_section]<\/p>\n","protected":false},"excerpt":{"rendered":"<p>Acceso Gratuito a la Biblioteca Hist\u00f3rica Es posible acceder gratuitamente a la Sala Monumental y visitar las Colecciones del Museo (sin visita guiada) de lunes a viernes de 10.00 a 16.00. La \u00faltima entrada est\u00e1 prevista a las 15:45. &nbsp; Visitas Guiadas El servicio est\u00e1 dirigido exclusivamente a escuelas secundarias, universidades, academias e instituciones culturales italianas y extranjeras, y se ofrece acordando una cita y cualquier otro detalle con la oficina encargada del servicio.Los d\u00edas dedicados a este servicio son los martes de 09.00 a 13.00 horas y los jueves de 14.00 a 18.00 horas. En horario de verano (del 1 de julio al 15 de septiembre), los martes y jueves de 09.00 a 13.00 horas. &nbsp; Conferencias y Seminarios Es posible que los profesores universitarios impartan clases individuales o una serie de reuniones para un n\u00famero limitado de estudiantes (m\u00e1x. 15-20), utilizando los recursos bibliogr\u00e1ficos de la Biblioteca. Estas actividades deben concertarse con la Biblioteca con suficiente antelaci\u00f3n.Las clases pueden impartirse los mi\u00e9rcoles entre las 09.00 y las 13.00 horas o los martes entre las 14.00 y las 18.00 horas. En horario de verano (del 1 de julio al 15 de septiembre), los mi\u00e9rcoles entre las 09.00 y las [&hellip;]<\/p>\n","protected":false},"author":160,"featured_media":0,"parent":0,"menu_order":0,"comment_status":"closed","ping_status":"closed","template":"","meta":{"_et_pb_use_builder":"on","_et_pb_old_content":"","_et_gb_content_width":"","_price":"","_stock":"","_tribe_ticket_header":"","_tribe_default_ticket_provider":"","_tribe_ticket_capacity":"0","_ticket_start_date":"","_ticket_end_date":"","_tribe_ticket_show_description":"","_tribe_ticket_show_not_going":false,"_tribe_ticket_use_global_stock":"","_tribe_ticket_global_stock_level":"","_global_stock_mode":"","_global_stock_cap":"","_tribe_rsvp_for_event":"","_tribe_ticket_going_count":"","_tribe_ticket_not_going_count":"","_tribe_tickets_list":"[]","_tribe_ticket_has_attendee_info_fields":false,"footnotes":""},"class_list":["post-261908","page","type-page","status-publish","hentry"],"yoast_head":"<!-- This site is optimized with the Yoast SEO plugin v27.4 - https:\/\/yoast.com\/product\/yoast-seo-wordpress\/ -->\n<title>Visitas - Casanatense<\/title>\n<meta name=\"robots\" content=\"index, follow, max-snippet:-1, max-image-preview:large, max-video-preview:-1\" \/>\n<link rel=\"canonical\" href=\"https:\/\/casanatense.cultura.gov.it\/es\/visitas\/\" \/>\n<meta property=\"og:locale\" content=\"es_ES\" \/>\n<meta property=\"og:type\" content=\"article\" \/>\n<meta property=\"og:title\" content=\"Visitas - Casanatense\" \/>\n<meta property=\"og:description\" content=\"Acceso Gratuito a la Biblioteca Hist\u00f3rica Es posible acceder gratuitamente a la Sala Monumental y visitar las Colecciones del Museo (sin visita guiada) de lunes a viernes de 10.00 a 16.00. La \u00faltima entrada est\u00e1 prevista a las 15:45. &nbsp; Visitas Guiadas El servicio est\u00e1 dirigido exclusivamente a escuelas secundarias, universidades, academias e instituciones culturales italianas y extranjeras, y se ofrece acordando una cita y cualquier otro detalle con la oficina encargada del servicio.Los d\u00edas dedicados a este servicio son los martes de 09.00 a 13.00 horas y los jueves de 14.00 a 18.00 horas. En horario de verano (del 1 de julio al 15 de septiembre), los martes y jueves de 09.00 a 13.00 horas. &nbsp; Conferencias y Seminarios Es posible que los profesores universitarios impartan clases individuales o una serie de reuniones para un n\u00famero limitado de estudiantes (m\u00e1x. 15-20), utilizando los recursos bibliogr\u00e1ficos de la Biblioteca. Estas actividades deben concertarse con la Biblioteca con suficiente antelaci\u00f3n.Las clases pueden impartirse los mi\u00e9rcoles entre las 09.00 y las 13.00 horas o los martes entre las 14.00 y las 18.00 horas. En horario de verano (del 1 de julio al 15 de septiembre), los mi\u00e9rcoles entre las 09.00 y las [&hellip;]\" \/>\n<meta property=\"og:url\" content=\"https:\/\/casanatense.cultura.gov.it\/es\/visitas\/\" \/>\n<meta property=\"og:site_name\" content=\"Casanatense\" \/>\n<meta property=\"article:publisher\" content=\"https:\/\/it-it.facebook.com\/people\/Biblioteca-Casanatense\/100064405343454\/\" \/>\n<meta property=\"article:modified_time\" content=\"2026-03-10T10:15:42+00:00\" \/>\n<meta name=\"twitter:card\" content=\"summary_large_image\" \/>\n<meta name=\"twitter:site\" content=\"@casanatense\" \/>\n<meta name=\"twitter:label1\" content=\"Tiempo de lectura\" \/>\n\t<meta name=\"twitter:data1\" content=\"2 minutos\" \/>\n<script type=\"application\/ld+json\" class=\"yoast-schema-graph\">{\"@context\":\"https:\\\/\\\/schema.org\",\"@graph\":[{\"@type\":\"WebPage\",\"@id\":\"https:\\\/\\\/casanatense.cultura.gov.it\\\/es\\\/visitas\\\/\",\"url\":\"https:\\\/\\\/casanatense.cultura.gov.it\\\/es\\\/visitas\\\/\",\"name\":\"Visitas - Casanatense\",\"isPartOf\":{\"@id\":\"https:\\\/\\\/casanatense.cultura.gov.it\\\/es\\\/#website\"},\"datePublished\":\"2025-01-27T10:50:46+00:00\",\"dateModified\":\"2026-03-10T10:15:42+00:00\",\"breadcrumb\":{\"@id\":\"https:\\\/\\\/casanatense.cultura.gov.it\\\/es\\\/visitas\\\/#breadcrumb\"},\"inLanguage\":\"es\",\"potentialAction\":[{\"@type\":\"ReadAction\",\"target\":[\"https:\\\/\\\/casanatense.cultura.gov.it\\\/es\\\/visitas\\\/\"]}]},{\"@type\":\"BreadcrumbList\",\"@id\":\"https:\\\/\\\/casanatense.cultura.gov.it\\\/es\\\/visitas\\\/#breadcrumb\",\"itemListElement\":[{\"@type\":\"ListItem\",\"position\":1,\"name\":\"Home\",\"item\":\"https:\\\/\\\/casanatense.cultura.gov.it\\\/es\\\/\"},{\"@type\":\"ListItem\",\"position\":2,\"name\":\"Visitas\"}]},{\"@type\":\"WebSite\",\"@id\":\"https:\\\/\\\/casanatense.cultura.gov.it\\\/es\\\/#website\",\"url\":\"https:\\\/\\\/casanatense.cultura.gov.it\\\/es\\\/\",\"name\":\"Casanatense\",\"description\":\"Il sito della Biblioteca Casanatense\",\"publisher\":{\"@id\":\"https:\\\/\\\/casanatense.cultura.gov.it\\\/es\\\/#organization\"},\"potentialAction\":[{\"@type\":\"SearchAction\",\"target\":{\"@type\":\"EntryPoint\",\"urlTemplate\":\"https:\\\/\\\/casanatense.cultura.gov.it\\\/es\\\/?s={search_term_string}\"},\"query-input\":{\"@type\":\"PropertyValueSpecification\",\"valueRequired\":true,\"valueName\":\"search_term_string\"}}],\"inLanguage\":\"es\"},{\"@type\":\"Organization\",\"@id\":\"https:\\\/\\\/casanatense.cultura.gov.it\\\/es\\\/#organization\",\"name\":\"Biblioteca Casanatense\",\"url\":\"https:\\\/\\\/casanatense.cultura.gov.it\\\/es\\\/\",\"logo\":{\"@type\":\"ImageObject\",\"inLanguage\":\"es\",\"@id\":\"https:\\\/\\\/casanatense.cultura.gov.it\\\/es\\\/#\\\/schema\\\/logo\\\/image\\\/\",\"url\":\"https:\\\/\\\/casanatense.cultura.gov.it\\\/wp-content\\\/uploads\\\/2024\\\/03\\\/logo-casanatense-mibact.png\",\"contentUrl\":\"https:\\\/\\\/casanatense.cultura.gov.it\\\/wp-content\\\/uploads\\\/2024\\\/03\\\/logo-casanatense-mibact.png\",\"width\":250,\"height\":61,\"caption\":\"Biblioteca Casanatense\"},\"image\":{\"@id\":\"https:\\\/\\\/casanatense.cultura.gov.it\\\/es\\\/#\\\/schema\\\/logo\\\/image\\\/\"},\"sameAs\":[\"https:\\\/\\\/it-it.facebook.com\\\/people\\\/Biblioteca-Casanatense\\\/100064405343454\\\/\",\"https:\\\/\\\/x.com\\\/casanatense\",\"https:\\\/\\\/instagram.com\\\/bibliotecacasanatense?igshid=5hcnozoyuuy5\"]}]}<\/script>\n<!-- \/ Yoast SEO plugin. -->","yoast_head_json":{"title":"Visitas - Casanatense","robots":{"index":"index","follow":"follow","max-snippet":"max-snippet:-1","max-image-preview":"max-image-preview:large","max-video-preview":"max-video-preview:-1"},"canonical":"https:\/\/casanatense.cultura.gov.it\/es\/visitas\/","og_locale":"es_ES","og_type":"article","og_title":"Visitas - Casanatense","og_description":"Acceso Gratuito a la Biblioteca Hist\u00f3rica Es posible acceder gratuitamente a la Sala Monumental y visitar las Colecciones del Museo (sin visita guiada) de lunes a viernes de 10.00 a 16.00. La \u00faltima entrada est\u00e1 prevista a las 15:45. &nbsp; Visitas Guiadas El servicio est\u00e1 dirigido exclusivamente a escuelas secundarias, universidades, academias e instituciones culturales italianas y extranjeras, y se ofrece acordando una cita y cualquier otro detalle con la oficina encargada del servicio.Los d\u00edas dedicados a este servicio son los martes de 09.00 a 13.00 horas y los jueves de 14.00 a 18.00 horas. En horario de verano (del 1 de julio al 15 de septiembre), los martes y jueves de 09.00 a 13.00 horas. &nbsp; Conferencias y Seminarios Es posible que los profesores universitarios impartan clases individuales o una serie de reuniones para un n\u00famero limitado de estudiantes (m\u00e1x. 15-20), utilizando los recursos bibliogr\u00e1ficos de la Biblioteca. Estas actividades deben concertarse con la Biblioteca con suficiente antelaci\u00f3n.Las clases pueden impartirse los mi\u00e9rcoles entre las 09.00 y las 13.00 horas o los martes entre las 14.00 y las 18.00 horas. En horario de verano (del 1 de julio al 15 de septiembre), los mi\u00e9rcoles entre las 09.00 y las [&hellip;]","og_url":"https:\/\/casanatense.cultura.gov.it\/es\/visitas\/","og_site_name":"Casanatense","article_publisher":"https:\/\/it-it.facebook.com\/people\/Biblioteca-Casanatense\/100064405343454\/","article_modified_time":"2026-03-10T10:15:42+00:00","twitter_card":"summary_large_image","twitter_site":"@casanatense","twitter_misc":{"Tiempo de lectura":"2 minutos"},"schema":{"@context":"https:\/\/schema.org","@graph":[{"@type":"WebPage","@id":"https:\/\/casanatense.cultura.gov.it\/es\/visitas\/","url":"https:\/\/casanatense.cultura.gov.it\/es\/visitas\/","name":"Visitas - Casanatense","isPartOf":{"@id":"https:\/\/casanatense.cultura.gov.it\/es\/#website"},"datePublished":"2025-01-27T10:50:46+00:00","dateModified":"2026-03-10T10:15:42+00:00","breadcrumb":{"@id":"https:\/\/casanatense.cultura.gov.it\/es\/visitas\/#breadcrumb"},"inLanguage":"es","potentialAction":[{"@type":"ReadAction","target":["https:\/\/casanatense.cultura.gov.it\/es\/visitas\/"]}]},{"@type":"BreadcrumbList","@id":"https:\/\/casanatense.cultura.gov.it\/es\/visitas\/#breadcrumb","itemListElement":[{"@type":"ListItem","position":1,"name":"Home","item":"https:\/\/casanatense.cultura.gov.it\/es\/"},{"@type":"ListItem","position":2,"name":"Visitas"}]},{"@type":"WebSite","@id":"https:\/\/casanatense.cultura.gov.it\/es\/#website","url":"https:\/\/casanatense.cultura.gov.it\/es\/","name":"Casanatense","description":"Il sito della Biblioteca Casanatense","publisher":{"@id":"https:\/\/casanatense.cultura.gov.it\/es\/#organization"},"potentialAction":[{"@type":"SearchAction","target":{"@type":"EntryPoint","urlTemplate":"https:\/\/casanatense.cultura.gov.it\/es\/?s={search_term_string}"},"query-input":{"@type":"PropertyValueSpecification","valueRequired":true,"valueName":"search_term_string"}}],"inLanguage":"es"},{"@type":"Organization","@id":"https:\/\/casanatense.cultura.gov.it\/es\/#organization","name":"Biblioteca Casanatense","url":"https:\/\/casanatense.cultura.gov.it\/es\/","logo":{"@type":"ImageObject","inLanguage":"es","@id":"https:\/\/casanatense.cultura.gov.it\/es\/#\/schema\/logo\/image\/","url":"https:\/\/casanatense.cultura.gov.it\/wp-content\/uploads\/2024\/03\/logo-casanatense-mibact.png","contentUrl":"https:\/\/casanatense.cultura.gov.it\/wp-content\/uploads\/2024\/03\/logo-casanatense-mibact.png","width":250,"height":61,"caption":"Biblioteca Casanatense"},"image":{"@id":"https:\/\/casanatense.cultura.gov.it\/es\/#\/schema\/logo\/image\/"},"sameAs":["https:\/\/it-it.facebook.com\/people\/Biblioteca-Casanatense\/100064405343454\/","https:\/\/x.com\/casanatense","https:\/\/instagram.com\/bibliotecacasanatense?igshid=5hcnozoyuuy5"]}]}},"_links":{"self":[{"href":"https:\/\/casanatense.cultura.gov.it\/es\/wp-json\/wp\/v2\/pages\/261908","targetHints":{"allow":["GET"]}}],"collection":[{"href":"https:\/\/casanatense.cultura.gov.it\/es\/wp-json\/wp\/v2\/pages"}],"about":[{"href":"https:\/\/casanatense.cultura.gov.it\/es\/wp-json\/wp\/v2\/types\/page"}],"author":[{"embeddable":true,"href":"https:\/\/casanatense.cultura.gov.it\/es\/wp-json\/wp\/v2\/users\/160"}],"replies":[{"embeddable":true,"href":"https:\/\/casanatense.cultura.gov.it\/es\/wp-json\/wp\/v2\/comments?post=261908"}],"version-history":[{"count":14,"href":"https:\/\/casanatense.cultura.gov.it\/es\/wp-json\/wp\/v2\/pages\/261908\/revisions"}],"predecessor-version":[{"id":264116,"href":"https:\/\/casanatense.cultura.gov.it\/es\/wp-json\/wp\/v2\/pages\/261908\/revisions\/264116"}],"wp:attachment":[{"href":"https:\/\/casanatense.cultura.gov.it\/es\/wp-json\/wp\/v2\/media?parent=261908"}],"curies":[{"name":"wp","href":"https:\/\/api.w.org\/{rel}","templated":true}]}}