{"id":261966,"date":"2025-01-28T12:00:20","date_gmt":"2025-01-28T11:00:20","guid":{"rendered":"https:\/\/casanatense.cultura.gov.it\/concesion-de-uso-de-espacios\/"},"modified":"2025-04-15T15:17:33","modified_gmt":"2025-04-15T13:17:33","slug":"concesion-de-uso-de-espacios","status":"publish","type":"page","link":"https:\/\/casanatense.cultura.gov.it\/es\/concesion-de-uso-de-espacios\/","title":{"rendered":"Concesi\u00f3n de Uso de Espacios"},"content":{"rendered":"<p>[et_pb_section fb_built=\u00bb1&#8243; _builder_version=\u00bb4.16&#8243; custom_padding=\u00bb5px|||||\u00bb da_disable_devices=\u00bboff|off|off\u00bb global_colors_info=\u00bb{}\u00bb theme_builder_area=\u00bbpost_content\u00bb da_is_popup=\u00bboff\u00bb da_exit_intent=\u00bboff\u00bb da_has_close=\u00bbon\u00bb da_alt_close=\u00bboff\u00bb da_dark_close=\u00bboff\u00bb da_not_modal=\u00bbon\u00bb da_is_singular=\u00bboff\u00bb da_with_loader=\u00bboff\u00bb da_has_shadow=\u00bbon\u00bb][et_pb_row _builder_version=\u00bb4.16&#8243; background_size=\u00bbinitial\u00bb background_position=\u00bbtop_left\u00bb background_repeat=\u00bbrepeat\u00bb global_colors_info=\u00bb{}\u00bb theme_builder_area=\u00bbpost_content\u00bb][et_pb_column type=\u00bb4_4&#8243; _builder_version=\u00bb4.16&#8243; custom_padding=\u00bb|||\u00bb global_colors_info=\u00bb{}\u00bb custom_padding__hover=\u00bb|||\u00bb theme_builder_area=\u00bbpost_content\u00bb][et_pb_text _builder_version=\u00bb4.27.4&#8243; background_size=\u00bbinitial\u00bb background_position=\u00bbtop_left\u00bb background_repeat=\u00bbrepeat\u00bb hover_enabled=\u00bb0&#8243; global_colors_info=\u00bb{}\u00bb theme_builder_area=\u00bbpost_content\u00bb sticky_enabled=\u00bb0&#8243;]<\/p>\n<p>La Biblioteca Casanatense permite el uso individual o privado de la Sala Monumental y de las dem\u00e1s salas que la componen para la organizaci\u00f3n de eventos de relevancia cultural (por ejemplo, convenciones, conferencias, visitas guiadas extraordinarias y exclusivas, exposiciones temporales), rodajes de v\u00eddeo, televisi\u00f3n y cine, y servicios fotogr\u00e1ficos.<\/p>\n<p>La concesi\u00f3n de uso de espacios deber\u00e1 ser autorizada por la Direcci\u00f3n, previa comprobaci\u00f3n de la compatibilidad con el car\u00e1cter hist\u00f3rico-art\u00edstico de la instituci\u00f3n, de conformidad con lo dispuesto en el art\u00edculo 20 del Decreto Legislativo n\u00ba 42 de 22 de enero de 2004 (\u00abC\u00f3digo del Patrimonio Cultural y del Paisaje\u00bb) y se regir\u00e1 por convenios espec\u00edficos firmados por las partes implicadas.<\/p>\n<p>Por lo que respecta a los c\u00e1nones que deben abonarse por el uso de los espacios de la biblioteca, v\u00e9anse las disposiciones detalladas del baremo de c\u00e1nones adjunto, elaborado sobre la base del Decreto Ministerial n\u00ba 161 de 11 de abril de 2023 (\u00abDirectrices para la determinaci\u00f3n de los importes m\u00ednimos de los c\u00e1nones y las contraprestaciones por la concesi\u00f3n de uso de los bienes confiados a los institutos y lugares de cultura estatales\u00bb), por el que se aplica el apartado 6 del art\u00edculo 108 del Decreto Legislativo n\u00ba 42 de 22 de enero de 2004 (\u00abC\u00f3digo del Patrimonio Cultural y del Paisaje\u00bb).<\/p>\n<p>Cabe se\u00f1alar que el concesionario se har\u00e1 cargo de las sumas adeudadas a los empleados de la Biblioteca Casanatense que participen en actividades de terceros con el fin de garantizar la protecci\u00f3n del patrimonio cultural, as\u00ed como la seguridad del instituto y de sus usuarios, los gastos de cualquier dep\u00f3sito de seguridad exigido por el concedente, de conformidad con el art. 108, p\u00e1rrafo 4, del Decreto Legislativo n\u00ba 42, de 22 de enero de 2004 (\u00abC\u00f3digo del Patrimonio Cultural y del Paisaje\u00bb) y cualquier servicio auxiliar necesario (por ejemplo, comida y bebida, asistencia t\u00e9cnica para todo el transcurso de los eventos, servicios de limpieza).<\/p>\n<p>Los interesados pueden enviar una solicitud por escrito a la Direcci\u00f3n, procurando especificar el tipo de acto, la fecha del mismo y su duraci\u00f3n, el n\u00famero de participantes previsto y, en relaci\u00f3n con los rodajes de v\u00eddeo, televisi\u00f3n, cine y fotograf\u00eda, indicar tambi\u00e9n la empresa productora, el t\u00edtulo de la pel\u00edcula o emisi\u00f3n, la descripci\u00f3n de las escenas que se rodar\u00e1n en los locales de la Biblioteca, el n\u00famero de miembros del personal presentes, el equipo t\u00e9cnico que se utilizar\u00e1 y la duraci\u00f3n del rodaje.<\/p>\n<p><a href=\"http:\/\/casanatense.cultura.gov.it\/wp-content\/uploads\/2025\/04\/Tariffe-Uso-Spazi.pdf\" target=\"_blank\" rel=\"noopener\"><strong>Tabla de tarifas<\/strong><\/a><\/p>\n<p>[\/et_pb_text][\/et_pb_column][\/et_pb_row][\/et_pb_section]<\/p>\n","protected":false},"excerpt":{"rendered":"<p>La Biblioteca Casanatense permite el uso individual o privado de la Sala Monumental y de las dem\u00e1s salas que la componen para la organizaci\u00f3n de eventos de relevancia cultural (por ejemplo, convenciones, conferencias, visitas guiadas extraordinarias y exclusivas, exposiciones temporales), rodajes de v\u00eddeo, televisi\u00f3n y cine, y servicios fotogr\u00e1ficos. La concesi\u00f3n de uso de espacios deber\u00e1 ser autorizada por la Direcci\u00f3n, previa comprobaci\u00f3n de la compatibilidad con el car\u00e1cter hist\u00f3rico-art\u00edstico de la instituci\u00f3n, de conformidad con lo dispuesto en el art\u00edculo 20 del Decreto Legislativo n\u00ba 42 de 22 de enero de 2004 (\u00abC\u00f3digo del Patrimonio Cultural y del Paisaje\u00bb) y se regir\u00e1 por convenios espec\u00edficos firmados por las partes implicadas. Por lo que respecta a los c\u00e1nones que deben abonarse por el uso de los espacios de la biblioteca, v\u00e9anse las disposiciones detalladas del baremo de c\u00e1nones adjunto, elaborado sobre la base del Decreto Ministerial n\u00ba 161 de 11 de abril de 2023 (\u00abDirectrices para la determinaci\u00f3n de los importes m\u00ednimos de los c\u00e1nones y las contraprestaciones por la concesi\u00f3n de uso de los bienes confiados a los institutos y lugares de cultura estatales\u00bb), por el que se aplica el apartado 6 del art\u00edculo 108 del Decreto Legislativo n\u00ba [&hellip;]<\/p>\n","protected":false},"author":160,"featured_media":0,"parent":0,"menu_order":0,"comment_status":"closed","ping_status":"closed","template":"","meta":{"_et_pb_use_builder":"on","_et_pb_old_content":"","_et_gb_content_width":"","_price":"","_stock":"","_tribe_ticket_header":"","_tribe_default_ticket_provider":"","_tribe_ticket_capacity":"0","_ticket_start_date":"","_ticket_end_date":"","_tribe_ticket_show_description":"","_tribe_ticket_show_not_going":false,"_tribe_ticket_use_global_stock":"","_tribe_ticket_global_stock_level":"","_global_stock_mode":"","_global_stock_cap":"","_tribe_rsvp_for_event":"","_tribe_ticket_going_count":"","_tribe_ticket_not_going_count":"","_tribe_tickets_list":"[]","_tribe_ticket_has_attendee_info_fields":false,"footnotes":""},"class_list":["post-261966","page","type-page","status-publish","hentry"],"yoast_head":"<!-- This site is optimized with the Yoast SEO plugin v27.4 - https:\/\/yoast.com\/product\/yoast-seo-wordpress\/ -->\n<title>Concesi\u00f3n de Uso de Espacios - Casanatense<\/title>\n<meta name=\"robots\" content=\"index, follow, max-snippet:-1, max-image-preview:large, max-video-preview:-1\" \/>\n<link rel=\"canonical\" href=\"https:\/\/casanatense.cultura.gov.it\/es\/concesion-de-uso-de-espacios\/\" \/>\n<meta property=\"og:locale\" content=\"es_ES\" \/>\n<meta property=\"og:type\" content=\"article\" \/>\n<meta property=\"og:title\" content=\"Concesi\u00f3n de Uso de Espacios - Casanatense\" \/>\n<meta property=\"og:description\" content=\"La Biblioteca Casanatense permite el uso individual o privado de la Sala Monumental y de las dem\u00e1s salas que la componen para la organizaci\u00f3n de eventos de relevancia cultural (por ejemplo, convenciones, conferencias, visitas guiadas extraordinarias y exclusivas, exposiciones temporales), rodajes de v\u00eddeo, televisi\u00f3n y cine, y servicios fotogr\u00e1ficos. La concesi\u00f3n de uso de espacios deber\u00e1 ser autorizada por la Direcci\u00f3n, previa comprobaci\u00f3n de la compatibilidad con el car\u00e1cter hist\u00f3rico-art\u00edstico de la instituci\u00f3n, de conformidad con lo dispuesto en el art\u00edculo 20 del Decreto Legislativo n\u00ba 42 de 22 de enero de 2004 (\u00abC\u00f3digo del Patrimonio Cultural y del Paisaje\u00bb) y se regir\u00e1 por convenios espec\u00edficos firmados por las partes implicadas. Por lo que respecta a los c\u00e1nones que deben abonarse por el uso de los espacios de la biblioteca, v\u00e9anse las disposiciones detalladas del baremo de c\u00e1nones adjunto, elaborado sobre la base del Decreto Ministerial n\u00ba 161 de 11 de abril de 2023 (\u00abDirectrices para la determinaci\u00f3n de los importes m\u00ednimos de los c\u00e1nones y las contraprestaciones por la concesi\u00f3n de uso de los bienes confiados a los institutos y lugares de cultura estatales\u00bb), por el que se aplica el apartado 6 del art\u00edculo 108 del Decreto Legislativo n\u00ba [&hellip;]\" \/>\n<meta property=\"og:url\" content=\"https:\/\/casanatense.cultura.gov.it\/es\/concesion-de-uso-de-espacios\/\" \/>\n<meta property=\"og:site_name\" content=\"Casanatense\" \/>\n<meta property=\"article:publisher\" content=\"https:\/\/it-it.facebook.com\/people\/Biblioteca-Casanatense\/100064405343454\/\" \/>\n<meta property=\"article:modified_time\" content=\"2025-04-15T13:17:33+00:00\" \/>\n<meta name=\"twitter:card\" content=\"summary_large_image\" \/>\n<meta name=\"twitter:site\" content=\"@casanatense\" \/>\n<meta name=\"twitter:label1\" content=\"Tiempo de lectura\" \/>\n\t<meta name=\"twitter:data1\" content=\"3 minutos\" \/>\n<script type=\"application\/ld+json\" class=\"yoast-schema-graph\">{\"@context\":\"https:\\\/\\\/schema.org\",\"@graph\":[{\"@type\":\"WebPage\",\"@id\":\"https:\\\/\\\/casanatense.cultura.gov.it\\\/es\\\/concesion-de-uso-de-espacios\\\/\",\"url\":\"https:\\\/\\\/casanatense.cultura.gov.it\\\/es\\\/concesion-de-uso-de-espacios\\\/\",\"name\":\"Concesi\u00f3n de Uso de Espacios - Casanatense\",\"isPartOf\":{\"@id\":\"https:\\\/\\\/casanatense.cultura.gov.it\\\/es\\\/#website\"},\"datePublished\":\"2025-01-28T11:00:20+00:00\",\"dateModified\":\"2025-04-15T13:17:33+00:00\",\"breadcrumb\":{\"@id\":\"https:\\\/\\\/casanatense.cultura.gov.it\\\/es\\\/concesion-de-uso-de-espacios\\\/#breadcrumb\"},\"inLanguage\":\"es\",\"potentialAction\":[{\"@type\":\"ReadAction\",\"target\":[\"https:\\\/\\\/casanatense.cultura.gov.it\\\/es\\\/concesion-de-uso-de-espacios\\\/\"]}]},{\"@type\":\"BreadcrumbList\",\"@id\":\"https:\\\/\\\/casanatense.cultura.gov.it\\\/es\\\/concesion-de-uso-de-espacios\\\/#breadcrumb\",\"itemListElement\":[{\"@type\":\"ListItem\",\"position\":1,\"name\":\"Home\",\"item\":\"https:\\\/\\\/casanatense.cultura.gov.it\\\/es\\\/\"},{\"@type\":\"ListItem\",\"position\":2,\"name\":\"Concesi\u00f3n de Uso de Espacios\"}]},{\"@type\":\"WebSite\",\"@id\":\"https:\\\/\\\/casanatense.cultura.gov.it\\\/es\\\/#website\",\"url\":\"https:\\\/\\\/casanatense.cultura.gov.it\\\/es\\\/\",\"name\":\"Casanatense\",\"description\":\"Il sito della Biblioteca Casanatense\",\"publisher\":{\"@id\":\"https:\\\/\\\/casanatense.cultura.gov.it\\\/es\\\/#organization\"},\"potentialAction\":[{\"@type\":\"SearchAction\",\"target\":{\"@type\":\"EntryPoint\",\"urlTemplate\":\"https:\\\/\\\/casanatense.cultura.gov.it\\\/es\\\/?s={search_term_string}\"},\"query-input\":{\"@type\":\"PropertyValueSpecification\",\"valueRequired\":true,\"valueName\":\"search_term_string\"}}],\"inLanguage\":\"es\"},{\"@type\":\"Organization\",\"@id\":\"https:\\\/\\\/casanatense.cultura.gov.it\\\/es\\\/#organization\",\"name\":\"Biblioteca Casanatense\",\"url\":\"https:\\\/\\\/casanatense.cultura.gov.it\\\/es\\\/\",\"logo\":{\"@type\":\"ImageObject\",\"inLanguage\":\"es\",\"@id\":\"https:\\\/\\\/casanatense.cultura.gov.it\\\/es\\\/#\\\/schema\\\/logo\\\/image\\\/\",\"url\":\"https:\\\/\\\/casanatense.cultura.gov.it\\\/wp-content\\\/uploads\\\/2024\\\/03\\\/logo-casanatense-mibact.png\",\"contentUrl\":\"https:\\\/\\\/casanatense.cultura.gov.it\\\/wp-content\\\/uploads\\\/2024\\\/03\\\/logo-casanatense-mibact.png\",\"width\":250,\"height\":61,\"caption\":\"Biblioteca Casanatense\"},\"image\":{\"@id\":\"https:\\\/\\\/casanatense.cultura.gov.it\\\/es\\\/#\\\/schema\\\/logo\\\/image\\\/\"},\"sameAs\":[\"https:\\\/\\\/it-it.facebook.com\\\/people\\\/Biblioteca-Casanatense\\\/100064405343454\\\/\",\"https:\\\/\\\/x.com\\\/casanatense\",\"https:\\\/\\\/instagram.com\\\/bibliotecacasanatense?igshid=5hcnozoyuuy5\"]}]}<\/script>\n<!-- \/ Yoast SEO plugin. -->","yoast_head_json":{"title":"Concesi\u00f3n de Uso de Espacios - Casanatense","robots":{"index":"index","follow":"follow","max-snippet":"max-snippet:-1","max-image-preview":"max-image-preview:large","max-video-preview":"max-video-preview:-1"},"canonical":"https:\/\/casanatense.cultura.gov.it\/es\/concesion-de-uso-de-espacios\/","og_locale":"es_ES","og_type":"article","og_title":"Concesi\u00f3n de Uso de Espacios - Casanatense","og_description":"La Biblioteca Casanatense permite el uso individual o privado de la Sala Monumental y de las dem\u00e1s salas que la componen para la organizaci\u00f3n de eventos de relevancia cultural (por ejemplo, convenciones, conferencias, visitas guiadas extraordinarias y exclusivas, exposiciones temporales), rodajes de v\u00eddeo, televisi\u00f3n y cine, y servicios fotogr\u00e1ficos. La concesi\u00f3n de uso de espacios deber\u00e1 ser autorizada por la Direcci\u00f3n, previa comprobaci\u00f3n de la compatibilidad con el car\u00e1cter hist\u00f3rico-art\u00edstico de la instituci\u00f3n, de conformidad con lo dispuesto en el art\u00edculo 20 del Decreto Legislativo n\u00ba 42 de 22 de enero de 2004 (\u00abC\u00f3digo del Patrimonio Cultural y del Paisaje\u00bb) y se regir\u00e1 por convenios espec\u00edficos firmados por las partes implicadas. Por lo que respecta a los c\u00e1nones que deben abonarse por el uso de los espacios de la biblioteca, v\u00e9anse las disposiciones detalladas del baremo de c\u00e1nones adjunto, elaborado sobre la base del Decreto Ministerial n\u00ba 161 de 11 de abril de 2023 (\u00abDirectrices para la determinaci\u00f3n de los importes m\u00ednimos de los c\u00e1nones y las contraprestaciones por la concesi\u00f3n de uso de los bienes confiados a los institutos y lugares de cultura estatales\u00bb), por el que se aplica el apartado 6 del art\u00edculo 108 del Decreto Legislativo n\u00ba [&hellip;]","og_url":"https:\/\/casanatense.cultura.gov.it\/es\/concesion-de-uso-de-espacios\/","og_site_name":"Casanatense","article_publisher":"https:\/\/it-it.facebook.com\/people\/Biblioteca-Casanatense\/100064405343454\/","article_modified_time":"2025-04-15T13:17:33+00:00","twitter_card":"summary_large_image","twitter_site":"@casanatense","twitter_misc":{"Tiempo de lectura":"3 minutos"},"schema":{"@context":"https:\/\/schema.org","@graph":[{"@type":"WebPage","@id":"https:\/\/casanatense.cultura.gov.it\/es\/concesion-de-uso-de-espacios\/","url":"https:\/\/casanatense.cultura.gov.it\/es\/concesion-de-uso-de-espacios\/","name":"Concesi\u00f3n de Uso de Espacios - Casanatense","isPartOf":{"@id":"https:\/\/casanatense.cultura.gov.it\/es\/#website"},"datePublished":"2025-01-28T11:00:20+00:00","dateModified":"2025-04-15T13:17:33+00:00","breadcrumb":{"@id":"https:\/\/casanatense.cultura.gov.it\/es\/concesion-de-uso-de-espacios\/#breadcrumb"},"inLanguage":"es","potentialAction":[{"@type":"ReadAction","target":["https:\/\/casanatense.cultura.gov.it\/es\/concesion-de-uso-de-espacios\/"]}]},{"@type":"BreadcrumbList","@id":"https:\/\/casanatense.cultura.gov.it\/es\/concesion-de-uso-de-espacios\/#breadcrumb","itemListElement":[{"@type":"ListItem","position":1,"name":"Home","item":"https:\/\/casanatense.cultura.gov.it\/es\/"},{"@type":"ListItem","position":2,"name":"Concesi\u00f3n de Uso de Espacios"}]},{"@type":"WebSite","@id":"https:\/\/casanatense.cultura.gov.it\/es\/#website","url":"https:\/\/casanatense.cultura.gov.it\/es\/","name":"Casanatense","description":"Il sito della Biblioteca Casanatense","publisher":{"@id":"https:\/\/casanatense.cultura.gov.it\/es\/#organization"},"potentialAction":[{"@type":"SearchAction","target":{"@type":"EntryPoint","urlTemplate":"https:\/\/casanatense.cultura.gov.it\/es\/?s={search_term_string}"},"query-input":{"@type":"PropertyValueSpecification","valueRequired":true,"valueName":"search_term_string"}}],"inLanguage":"es"},{"@type":"Organization","@id":"https:\/\/casanatense.cultura.gov.it\/es\/#organization","name":"Biblioteca Casanatense","url":"https:\/\/casanatense.cultura.gov.it\/es\/","logo":{"@type":"ImageObject","inLanguage":"es","@id":"https:\/\/casanatense.cultura.gov.it\/es\/#\/schema\/logo\/image\/","url":"https:\/\/casanatense.cultura.gov.it\/wp-content\/uploads\/2024\/03\/logo-casanatense-mibact.png","contentUrl":"https:\/\/casanatense.cultura.gov.it\/wp-content\/uploads\/2024\/03\/logo-casanatense-mibact.png","width":250,"height":61,"caption":"Biblioteca Casanatense"},"image":{"@id":"https:\/\/casanatense.cultura.gov.it\/es\/#\/schema\/logo\/image\/"},"sameAs":["https:\/\/it-it.facebook.com\/people\/Biblioteca-Casanatense\/100064405343454\/","https:\/\/x.com\/casanatense","https:\/\/instagram.com\/bibliotecacasanatense?igshid=5hcnozoyuuy5"]}]}},"_links":{"self":[{"href":"https:\/\/casanatense.cultura.gov.it\/es\/wp-json\/wp\/v2\/pages\/261966","targetHints":{"allow":["GET"]}}],"collection":[{"href":"https:\/\/casanatense.cultura.gov.it\/es\/wp-json\/wp\/v2\/pages"}],"about":[{"href":"https:\/\/casanatense.cultura.gov.it\/es\/wp-json\/wp\/v2\/types\/page"}],"author":[{"embeddable":true,"href":"https:\/\/casanatense.cultura.gov.it\/es\/wp-json\/wp\/v2\/users\/160"}],"replies":[{"embeddable":true,"href":"https:\/\/casanatense.cultura.gov.it\/es\/wp-json\/wp\/v2\/comments?post=261966"}],"version-history":[{"count":5,"href":"https:\/\/casanatense.cultura.gov.it\/es\/wp-json\/wp\/v2\/pages\/261966\/revisions"}],"predecessor-version":[{"id":262753,"href":"https:\/\/casanatense.cultura.gov.it\/es\/wp-json\/wp\/v2\/pages\/261966\/revisions\/262753"}],"wp:attachment":[{"href":"https:\/\/casanatense.cultura.gov.it\/es\/wp-json\/wp\/v2\/media?parent=261966"}],"curies":[{"name":"wp","href":"https:\/\/api.w.org\/{rel}","templated":true}]}}