{"id":262046,"date":"2025-01-31T13:04:30","date_gmt":"2025-01-31T12:04:30","guid":{"rendered":"https:\/\/casanatense.cultura.gov.it\/didactica\/"},"modified":"2025-01-31T13:44:23","modified_gmt":"2025-01-31T12:44:23","slug":"didactica","status":"publish","type":"page","link":"https:\/\/casanatense.cultura.gov.it\/es\/didactica\/","title":{"rendered":"Did\u00e1ctica"},"content":{"rendered":"<p>[et_pb_section fb_built=\u00bb1&#8243; _builder_version=\u00bb4.16&#8243; custom_padding=\u00bb5px|||||\u00bb da_disable_devices=\u00bboff|off|off\u00bb global_colors_info=\u00bb{}\u00bb theme_builder_area=\u00bbpost_content\u00bb da_is_popup=\u00bboff\u00bb da_exit_intent=\u00bboff\u00bb da_has_close=\u00bbon\u00bb da_alt_close=\u00bboff\u00bb da_dark_close=\u00bboff\u00bb da_not_modal=\u00bbon\u00bb da_is_singular=\u00bboff\u00bb da_with_loader=\u00bboff\u00bb da_has_shadow=\u00bbon\u00bb][et_pb_row _builder_version=\u00bb4.16&#8243; background_size=\u00bbinitial\u00bb background_position=\u00bbtop_left\u00bb background_repeat=\u00bbrepeat\u00bb global_colors_info=\u00bb{}\u00bb theme_builder_area=\u00bbpost_content\u00bb][et_pb_column type=\u00bb4_4&#8243; _builder_version=\u00bb4.16&#8243; custom_padding=\u00bb|||\u00bb global_colors_info=\u00bb{}\u00bb custom_padding__hover=\u00bb|||\u00bb theme_builder_area=\u00bbpost_content\u00bb][et_pb_text _builder_version=\u00bb4.27.4&#8243; background_size=\u00bbinitial\u00bb background_position=\u00bbtop_left\u00bb background_repeat=\u00bbrepeat\u00bb hover_enabled=\u00bb0&#8243; global_colors_info=\u00bb{}\u00bb theme_builder_area=\u00bbpost_content\u00bb sticky_enabled=\u00bb0&#8243; custom_padding=\u00bb||0px|||\u00bb]<\/p>\n<h5><strong>Beneficiarios del Servicio <\/strong><\/h5>\n<p>Las actividades educativas de la Biblioteca est\u00e1n dirigidas a los centros de ense\u00f1anza primaria y secundaria.<\/p>\n<p>&nbsp;<\/p>\n<h5><strong>Actividades en la Biblioteca<\/strong><\/h5>\n<p>La oficina pedag\u00f3gica propone encuentros con los alumnos con el fin de familiarizarlos con la Biblioteca como lugar p\u00fablico de organizaci\u00f3n, conservaci\u00f3n y valorizaci\u00f3n de los fondos bibliogr\u00e1ficos, de las colecciones museogr\u00e1ficas y del patrimonio art\u00edstico. Adem\u00e1s, se ofrecer\u00e1n breves rese\u00f1as de la historia de la Biblioteca desde 1701 hasta nuestros d\u00edas, con la posibilidad de ver vol\u00famenes manuscritos, libros impresos antiguos y ejemplares de otras colecciones bibliogr\u00e1ficas. Los encuentros tienen lugar en la Sala Monumental, favoreciendo un enfoque dialogante con el objetivo de interactuar con los alumnos de forma colaborativa.<\/p>\n<p>Para m\u00e1s informaci\u00f3n y reservas, p\u00f3ngase en contacto con la Oficina de Educaci\u00f3n.<\/p>\n<p>[\/et_pb_text][\/et_pb_column][\/et_pb_row][\/et_pb_section]<\/p>\n","protected":false},"excerpt":{"rendered":"<p>Beneficiarios del Servicio Las actividades educativas de la Biblioteca est\u00e1n dirigidas a los centros de ense\u00f1anza primaria y secundaria. &nbsp; Actividades en la Biblioteca La oficina pedag\u00f3gica propone encuentros con los alumnos con el fin de familiarizarlos con la Biblioteca como lugar p\u00fablico de organizaci\u00f3n, conservaci\u00f3n y valorizaci\u00f3n de los fondos bibliogr\u00e1ficos, de las colecciones museogr\u00e1ficas y del patrimonio art\u00edstico. Adem\u00e1s, se ofrecer\u00e1n breves rese\u00f1as de la historia de la Biblioteca desde 1701 hasta nuestros d\u00edas, con la posibilidad de ver vol\u00famenes manuscritos, libros impresos antiguos y ejemplares de otras colecciones bibliogr\u00e1ficas. Los encuentros tienen lugar en la Sala Monumental, favoreciendo un enfoque dialogante con el objetivo de interactuar con los alumnos de forma colaborativa. Para m\u00e1s informaci\u00f3n y reservas, p\u00f3ngase en contacto con la Oficina de Educaci\u00f3n.<\/p>\n","protected":false},"author":160,"featured_media":0,"parent":0,"menu_order":0,"comment_status":"closed","ping_status":"closed","template":"","meta":{"_et_pb_use_builder":"on","_et_pb_old_content":"","_et_gb_content_width":"","_price":"","_stock":"","_tribe_ticket_header":"","_tribe_default_ticket_provider":"","_tribe_ticket_capacity":"0","_ticket_start_date":"","_ticket_end_date":"","_tribe_ticket_show_description":"","_tribe_ticket_show_not_going":false,"_tribe_ticket_use_global_stock":"","_tribe_ticket_global_stock_level":"","_global_stock_mode":"","_global_stock_cap":"","_tribe_rsvp_for_event":"","_tribe_ticket_going_count":"","_tribe_ticket_not_going_count":"","_tribe_tickets_list":"[]","_tribe_ticket_has_attendee_info_fields":false,"footnotes":""},"class_list":["post-262046","page","type-page","status-publish","hentry"],"yoast_head":"<!-- This site is optimized with the Yoast SEO plugin v27.3 - https:\/\/yoast.com\/product\/yoast-seo-wordpress\/ -->\n<title>Did\u00e1ctica - Casanatense<\/title>\n<meta name=\"robots\" content=\"index, follow, max-snippet:-1, max-image-preview:large, max-video-preview:-1\" \/>\n<link rel=\"canonical\" href=\"https:\/\/casanatense.cultura.gov.it\/es\/didactica\/\" \/>\n<meta property=\"og:locale\" content=\"es_ES\" \/>\n<meta property=\"og:type\" content=\"article\" \/>\n<meta property=\"og:title\" content=\"Did\u00e1ctica - Casanatense\" \/>\n<meta property=\"og:description\" content=\"Beneficiarios del Servicio Las actividades educativas de la Biblioteca est\u00e1n dirigidas a los centros de ense\u00f1anza primaria y secundaria. &nbsp; Actividades en la Biblioteca La oficina pedag\u00f3gica propone encuentros con los alumnos con el fin de familiarizarlos con la Biblioteca como lugar p\u00fablico de organizaci\u00f3n, conservaci\u00f3n y valorizaci\u00f3n de los fondos bibliogr\u00e1ficos, de las colecciones museogr\u00e1ficas y del patrimonio art\u00edstico. Adem\u00e1s, se ofrecer\u00e1n breves rese\u00f1as de la historia de la Biblioteca desde 1701 hasta nuestros d\u00edas, con la posibilidad de ver vol\u00famenes manuscritos, libros impresos antiguos y ejemplares de otras colecciones bibliogr\u00e1ficas. Los encuentros tienen lugar en la Sala Monumental, favoreciendo un enfoque dialogante con el objetivo de interactuar con los alumnos de forma colaborativa. Para m\u00e1s informaci\u00f3n y reservas, p\u00f3ngase en contacto con la Oficina de Educaci\u00f3n.\" \/>\n<meta property=\"og:url\" content=\"https:\/\/casanatense.cultura.gov.it\/es\/didactica\/\" \/>\n<meta property=\"og:site_name\" content=\"Casanatense\" \/>\n<meta property=\"article:publisher\" content=\"https:\/\/it-it.facebook.com\/people\/Biblioteca-Casanatense\/100064405343454\/\" \/>\n<meta property=\"article:modified_time\" content=\"2025-01-31T12:44:23+00:00\" \/>\n<meta name=\"twitter:card\" content=\"summary_large_image\" \/>\n<meta name=\"twitter:site\" content=\"@casanatense\" \/>\n<meta name=\"twitter:label1\" content=\"Tiempo de lectura\" \/>\n\t<meta name=\"twitter:data1\" content=\"1 minuto\" \/>\n<script type=\"application\/ld+json\" class=\"yoast-schema-graph\">{\"@context\":\"https:\\\/\\\/schema.org\",\"@graph\":[{\"@type\":\"WebPage\",\"@id\":\"https:\\\/\\\/casanatense.cultura.gov.it\\\/es\\\/didactica\\\/\",\"url\":\"https:\\\/\\\/casanatense.cultura.gov.it\\\/es\\\/didactica\\\/\",\"name\":\"Did\u00e1ctica - Casanatense\",\"isPartOf\":{\"@id\":\"https:\\\/\\\/casanatense.cultura.gov.it\\\/es\\\/#website\"},\"datePublished\":\"2025-01-31T12:04:30+00:00\",\"dateModified\":\"2025-01-31T12:44:23+00:00\",\"breadcrumb\":{\"@id\":\"https:\\\/\\\/casanatense.cultura.gov.it\\\/es\\\/didactica\\\/#breadcrumb\"},\"inLanguage\":\"es\",\"potentialAction\":[{\"@type\":\"ReadAction\",\"target\":[\"https:\\\/\\\/casanatense.cultura.gov.it\\\/es\\\/didactica\\\/\"]}]},{\"@type\":\"BreadcrumbList\",\"@id\":\"https:\\\/\\\/casanatense.cultura.gov.it\\\/es\\\/didactica\\\/#breadcrumb\",\"itemListElement\":[{\"@type\":\"ListItem\",\"position\":1,\"name\":\"Home\",\"item\":\"https:\\\/\\\/casanatense.cultura.gov.it\\\/es\\\/\"},{\"@type\":\"ListItem\",\"position\":2,\"name\":\"Did\u00e1ctica\"}]},{\"@type\":\"WebSite\",\"@id\":\"https:\\\/\\\/casanatense.cultura.gov.it\\\/es\\\/#website\",\"url\":\"https:\\\/\\\/casanatense.cultura.gov.it\\\/es\\\/\",\"name\":\"Casanatense\",\"description\":\"Il sito della Biblioteca Casanatense\",\"publisher\":{\"@id\":\"https:\\\/\\\/casanatense.cultura.gov.it\\\/es\\\/#organization\"},\"potentialAction\":[{\"@type\":\"SearchAction\",\"target\":{\"@type\":\"EntryPoint\",\"urlTemplate\":\"https:\\\/\\\/casanatense.cultura.gov.it\\\/es\\\/?s={search_term_string}\"},\"query-input\":{\"@type\":\"PropertyValueSpecification\",\"valueRequired\":true,\"valueName\":\"search_term_string\"}}],\"inLanguage\":\"es\"},{\"@type\":\"Organization\",\"@id\":\"https:\\\/\\\/casanatense.cultura.gov.it\\\/es\\\/#organization\",\"name\":\"Biblioteca Casanatense\",\"url\":\"https:\\\/\\\/casanatense.cultura.gov.it\\\/es\\\/\",\"logo\":{\"@type\":\"ImageObject\",\"inLanguage\":\"es\",\"@id\":\"https:\\\/\\\/casanatense.cultura.gov.it\\\/es\\\/#\\\/schema\\\/logo\\\/image\\\/\",\"url\":\"https:\\\/\\\/casanatense.cultura.gov.it\\\/wp-content\\\/uploads\\\/2024\\\/03\\\/logo-casanatense-mibact.png\",\"contentUrl\":\"https:\\\/\\\/casanatense.cultura.gov.it\\\/wp-content\\\/uploads\\\/2024\\\/03\\\/logo-casanatense-mibact.png\",\"width\":250,\"height\":61,\"caption\":\"Biblioteca Casanatense\"},\"image\":{\"@id\":\"https:\\\/\\\/casanatense.cultura.gov.it\\\/es\\\/#\\\/schema\\\/logo\\\/image\\\/\"},\"sameAs\":[\"https:\\\/\\\/it-it.facebook.com\\\/people\\\/Biblioteca-Casanatense\\\/100064405343454\\\/\",\"https:\\\/\\\/x.com\\\/casanatense\",\"https:\\\/\\\/instagram.com\\\/bibliotecacasanatense?igshid=5hcnozoyuuy5\"]}]}<\/script>\n<!-- \/ Yoast SEO plugin. -->","yoast_head_json":{"title":"Did\u00e1ctica - Casanatense","robots":{"index":"index","follow":"follow","max-snippet":"max-snippet:-1","max-image-preview":"max-image-preview:large","max-video-preview":"max-video-preview:-1"},"canonical":"https:\/\/casanatense.cultura.gov.it\/es\/didactica\/","og_locale":"es_ES","og_type":"article","og_title":"Did\u00e1ctica - Casanatense","og_description":"Beneficiarios del Servicio Las actividades educativas de la Biblioteca est\u00e1n dirigidas a los centros de ense\u00f1anza primaria y secundaria. &nbsp; Actividades en la Biblioteca La oficina pedag\u00f3gica propone encuentros con los alumnos con el fin de familiarizarlos con la Biblioteca como lugar p\u00fablico de organizaci\u00f3n, conservaci\u00f3n y valorizaci\u00f3n de los fondos bibliogr\u00e1ficos, de las colecciones museogr\u00e1ficas y del patrimonio art\u00edstico. Adem\u00e1s, se ofrecer\u00e1n breves rese\u00f1as de la historia de la Biblioteca desde 1701 hasta nuestros d\u00edas, con la posibilidad de ver vol\u00famenes manuscritos, libros impresos antiguos y ejemplares de otras colecciones bibliogr\u00e1ficas. Los encuentros tienen lugar en la Sala Monumental, favoreciendo un enfoque dialogante con el objetivo de interactuar con los alumnos de forma colaborativa. Para m\u00e1s informaci\u00f3n y reservas, p\u00f3ngase en contacto con la Oficina de Educaci\u00f3n.","og_url":"https:\/\/casanatense.cultura.gov.it\/es\/didactica\/","og_site_name":"Casanatense","article_publisher":"https:\/\/it-it.facebook.com\/people\/Biblioteca-Casanatense\/100064405343454\/","article_modified_time":"2025-01-31T12:44:23+00:00","twitter_card":"summary_large_image","twitter_site":"@casanatense","twitter_misc":{"Tiempo de lectura":"1 minuto"},"schema":{"@context":"https:\/\/schema.org","@graph":[{"@type":"WebPage","@id":"https:\/\/casanatense.cultura.gov.it\/es\/didactica\/","url":"https:\/\/casanatense.cultura.gov.it\/es\/didactica\/","name":"Did\u00e1ctica - Casanatense","isPartOf":{"@id":"https:\/\/casanatense.cultura.gov.it\/es\/#website"},"datePublished":"2025-01-31T12:04:30+00:00","dateModified":"2025-01-31T12:44:23+00:00","breadcrumb":{"@id":"https:\/\/casanatense.cultura.gov.it\/es\/didactica\/#breadcrumb"},"inLanguage":"es","potentialAction":[{"@type":"ReadAction","target":["https:\/\/casanatense.cultura.gov.it\/es\/didactica\/"]}]},{"@type":"BreadcrumbList","@id":"https:\/\/casanatense.cultura.gov.it\/es\/didactica\/#breadcrumb","itemListElement":[{"@type":"ListItem","position":1,"name":"Home","item":"https:\/\/casanatense.cultura.gov.it\/es\/"},{"@type":"ListItem","position":2,"name":"Did\u00e1ctica"}]},{"@type":"WebSite","@id":"https:\/\/casanatense.cultura.gov.it\/es\/#website","url":"https:\/\/casanatense.cultura.gov.it\/es\/","name":"Casanatense","description":"Il sito della Biblioteca Casanatense","publisher":{"@id":"https:\/\/casanatense.cultura.gov.it\/es\/#organization"},"potentialAction":[{"@type":"SearchAction","target":{"@type":"EntryPoint","urlTemplate":"https:\/\/casanatense.cultura.gov.it\/es\/?s={search_term_string}"},"query-input":{"@type":"PropertyValueSpecification","valueRequired":true,"valueName":"search_term_string"}}],"inLanguage":"es"},{"@type":"Organization","@id":"https:\/\/casanatense.cultura.gov.it\/es\/#organization","name":"Biblioteca Casanatense","url":"https:\/\/casanatense.cultura.gov.it\/es\/","logo":{"@type":"ImageObject","inLanguage":"es","@id":"https:\/\/casanatense.cultura.gov.it\/es\/#\/schema\/logo\/image\/","url":"https:\/\/casanatense.cultura.gov.it\/wp-content\/uploads\/2024\/03\/logo-casanatense-mibact.png","contentUrl":"https:\/\/casanatense.cultura.gov.it\/wp-content\/uploads\/2024\/03\/logo-casanatense-mibact.png","width":250,"height":61,"caption":"Biblioteca Casanatense"},"image":{"@id":"https:\/\/casanatense.cultura.gov.it\/es\/#\/schema\/logo\/image\/"},"sameAs":["https:\/\/it-it.facebook.com\/people\/Biblioteca-Casanatense\/100064405343454\/","https:\/\/x.com\/casanatense","https:\/\/instagram.com\/bibliotecacasanatense?igshid=5hcnozoyuuy5"]}]}},"_links":{"self":[{"href":"https:\/\/casanatense.cultura.gov.it\/es\/wp-json\/wp\/v2\/pages\/262046","targetHints":{"allow":["GET"]}}],"collection":[{"href":"https:\/\/casanatense.cultura.gov.it\/es\/wp-json\/wp\/v2\/pages"}],"about":[{"href":"https:\/\/casanatense.cultura.gov.it\/es\/wp-json\/wp\/v2\/types\/page"}],"author":[{"embeddable":true,"href":"https:\/\/casanatense.cultura.gov.it\/es\/wp-json\/wp\/v2\/users\/160"}],"replies":[{"embeddable":true,"href":"https:\/\/casanatense.cultura.gov.it\/es\/wp-json\/wp\/v2\/comments?post=262046"}],"version-history":[{"count":3,"href":"https:\/\/casanatense.cultura.gov.it\/es\/wp-json\/wp\/v2\/pages\/262046\/revisions"}],"predecessor-version":[{"id":262055,"href":"https:\/\/casanatense.cultura.gov.it\/es\/wp-json\/wp\/v2\/pages\/262046\/revisions\/262055"}],"wp:attachment":[{"href":"https:\/\/casanatense.cultura.gov.it\/es\/wp-json\/wp\/v2\/media?parent=262046"}],"curies":[{"name":"wp","href":"https:\/\/api.w.org\/{rel}","templated":true}]}}