{"id":262188,"date":"2025-02-17T10:35:40","date_gmt":"2025-02-17T09:35:40","guid":{"rendered":"https:\/\/casanatense.cultura.gov.it\/informacion-bibliografica\/"},"modified":"2025-05-26T10:12:47","modified_gmt":"2025-05-26T08:12:47","slug":"informacion-bibliografica","status":"publish","type":"page","link":"https:\/\/casanatense.cultura.gov.it\/es\/informacion-bibliografica\/","title":{"rendered":"Informaci\u00f3n bibliogr\u00e1fica"},"content":{"rendered":"<p>[et_pb_section fb_built=\u00bb1&#8243; _builder_version=\u00bb4.16&#8243; custom_padding=\u00bb5px|||||\u00bb da_disable_devices=\u00bboff|off|off\u00bb global_colors_info=\u00bb{}\u00bb theme_builder_area=\u00bbpost_content\u00bb da_is_popup=\u00bboff\u00bb da_exit_intent=\u00bboff\u00bb da_has_close=\u00bbon\u00bb da_alt_close=\u00bboff\u00bb da_dark_close=\u00bboff\u00bb da_not_modal=\u00bbon\u00bb da_is_singular=\u00bboff\u00bb da_with_loader=\u00bboff\u00bb da_has_shadow=\u00bbon\u00bb][et_pb_row _builder_version=\u00bb4.16&#8243; background_size=\u00bbinitial\u00bb background_position=\u00bbtop_left\u00bb background_repeat=\u00bbrepeat\u00bb global_colors_info=\u00bb{}\u00bb theme_builder_area=\u00bbpost_content\u00bb][et_pb_column type=\u00bb4_4&#8243; _builder_version=\u00bb4.16&#8243; custom_padding=\u00bb|||\u00bb global_colors_info=\u00bb{}\u00bb custom_padding__hover=\u00bb|||\u00bb theme_builder_area=\u00bbpost_content\u00bb][et_pb_text _builder_version=\u00bb4.27.4&#8243; background_size=\u00bbinitial\u00bb background_position=\u00bbtop_left\u00bb background_repeat=\u00bbrepeat\u00bb hover_enabled=\u00bb0&#8243; global_colors_info=\u00bb{}\u00bb theme_builder_area=\u00bbpost_content\u00bb sticky_enabled=\u00bb0&#8243;]<\/p>\n<p>El Servicio de Informaci\u00f3n Bibliogr\u00e1fica funciona durante el horario de apertura al p\u00fablico de la Biblioteca, y a distancia, durante el horario de trabajo del funcionario y personal encargado del servicio.<\/p>\n<p>El servicio pone a disposici\u00f3n de los usuarios herramientas bibliogr\u00e1ficas para realizar b\u00fasquedas y orientarles en los fondos de la Biblioteca; consiste en consultar cat\u00e1logos impresos y en l\u00ednea, inventarios y otros recursos para localizar y ubicar documentos; verifica la presencia de una obra y una edici\u00f3n en la Biblioteca.<\/p>\n<p>Las consultas espec\u00edficas sobre fondos bibliogr\u00e1ficos concretos se remitir\u00e1n al funcionario competente.<\/p>\n<p>No se elaboran bibliograf\u00edas por encargo, y no es posible realizar b\u00fasquedas largas para elaborar listas tem\u00e1ticas de los textos de la Biblioteca sobre un tema determinado.<\/p>\n<p>[\/et_pb_text][\/et_pb_column][\/et_pb_row][\/et_pb_section]<\/p>\n","protected":false},"excerpt":{"rendered":"<p>El Servicio de Informaci\u00f3n Bibliogr\u00e1fica funciona durante el horario de apertura al p\u00fablico de la Biblioteca, y a distancia, durante el horario de trabajo del funcionario y personal encargado del servicio. El servicio pone a disposici\u00f3n de los usuarios herramientas bibliogr\u00e1ficas para realizar b\u00fasquedas y orientarles en los fondos de la Biblioteca; consiste en consultar cat\u00e1logos impresos y en l\u00ednea, inventarios y otros recursos para localizar y ubicar documentos; verifica la presencia de una obra y una edici\u00f3n en la Biblioteca. Las consultas espec\u00edficas sobre fondos bibliogr\u00e1ficos concretos se remitir\u00e1n al funcionario competente. No se elaboran bibliograf\u00edas por encargo, y no es posible realizar b\u00fasquedas largas para elaborar listas tem\u00e1ticas de los textos de la Biblioteca sobre un tema determinado.<\/p>\n","protected":false},"author":160,"featured_media":0,"parent":0,"menu_order":0,"comment_status":"closed","ping_status":"closed","template":"","meta":{"_et_pb_use_builder":"on","_et_pb_old_content":"","_et_gb_content_width":"","_price":"","_stock":"","_tribe_ticket_header":"","_tribe_default_ticket_provider":"","_tribe_ticket_capacity":"0","_ticket_start_date":"","_ticket_end_date":"","_tribe_ticket_show_description":"","_tribe_ticket_show_not_going":false,"_tribe_ticket_use_global_stock":"","_tribe_ticket_global_stock_level":"","_global_stock_mode":"","_global_stock_cap":"","_tribe_rsvp_for_event":"","_tribe_ticket_going_count":"","_tribe_ticket_not_going_count":"","_tribe_tickets_list":"[]","_tribe_ticket_has_attendee_info_fields":false,"footnotes":""},"class_list":["post-262188","page","type-page","status-publish","hentry"],"yoast_head":"<!-- This site is optimized with the Yoast SEO plugin v27.4 - https:\/\/yoast.com\/product\/yoast-seo-wordpress\/ -->\n<title>Informaci\u00f3n bibliogr\u00e1fica - Casanatense<\/title>\n<meta name=\"robots\" content=\"index, follow, max-snippet:-1, max-image-preview:large, max-video-preview:-1\" \/>\n<link rel=\"canonical\" href=\"https:\/\/casanatense.cultura.gov.it\/es\/informacion-bibliografica\/\" \/>\n<meta property=\"og:locale\" content=\"es_ES\" \/>\n<meta property=\"og:type\" content=\"article\" \/>\n<meta property=\"og:title\" content=\"Informaci\u00f3n bibliogr\u00e1fica - Casanatense\" \/>\n<meta property=\"og:description\" content=\"El Servicio de Informaci\u00f3n Bibliogr\u00e1fica funciona durante el horario de apertura al p\u00fablico de la Biblioteca, y a distancia, durante el horario de trabajo del funcionario y personal encargado del servicio. El servicio pone a disposici\u00f3n de los usuarios herramientas bibliogr\u00e1ficas para realizar b\u00fasquedas y orientarles en los fondos de la Biblioteca; consiste en consultar cat\u00e1logos impresos y en l\u00ednea, inventarios y otros recursos para localizar y ubicar documentos; verifica la presencia de una obra y una edici\u00f3n en la Biblioteca. Las consultas espec\u00edficas sobre fondos bibliogr\u00e1ficos concretos se remitir\u00e1n al funcionario competente. No se elaboran bibliograf\u00edas por encargo, y no es posible realizar b\u00fasquedas largas para elaborar listas tem\u00e1ticas de los textos de la Biblioteca sobre un tema determinado.\" \/>\n<meta property=\"og:url\" content=\"https:\/\/casanatense.cultura.gov.it\/es\/informacion-bibliografica\/\" \/>\n<meta property=\"og:site_name\" content=\"Casanatense\" \/>\n<meta property=\"article:publisher\" content=\"https:\/\/it-it.facebook.com\/people\/Biblioteca-Casanatense\/100064405343454\/\" \/>\n<meta property=\"article:modified_time\" content=\"2025-05-26T08:12:47+00:00\" \/>\n<meta name=\"twitter:card\" content=\"summary_large_image\" \/>\n<meta name=\"twitter:site\" content=\"@casanatense\" \/>\n<meta name=\"twitter:label1\" content=\"Tiempo de lectura\" \/>\n\t<meta name=\"twitter:data1\" content=\"1 minuto\" \/>\n<script type=\"application\/ld+json\" class=\"yoast-schema-graph\">{\"@context\":\"https:\\\/\\\/schema.org\",\"@graph\":[{\"@type\":\"WebPage\",\"@id\":\"https:\\\/\\\/casanatense.cultura.gov.it\\\/es\\\/informacion-bibliografica\\\/\",\"url\":\"https:\\\/\\\/casanatense.cultura.gov.it\\\/es\\\/informacion-bibliografica\\\/\",\"name\":\"Informaci\u00f3n bibliogr\u00e1fica - Casanatense\",\"isPartOf\":{\"@id\":\"https:\\\/\\\/casanatense.cultura.gov.it\\\/es\\\/#website\"},\"datePublished\":\"2025-02-17T09:35:40+00:00\",\"dateModified\":\"2025-05-26T08:12:47+00:00\",\"breadcrumb\":{\"@id\":\"https:\\\/\\\/casanatense.cultura.gov.it\\\/es\\\/informacion-bibliografica\\\/#breadcrumb\"},\"inLanguage\":\"es\",\"potentialAction\":[{\"@type\":\"ReadAction\",\"target\":[\"https:\\\/\\\/casanatense.cultura.gov.it\\\/es\\\/informacion-bibliografica\\\/\"]}]},{\"@type\":\"BreadcrumbList\",\"@id\":\"https:\\\/\\\/casanatense.cultura.gov.it\\\/es\\\/informacion-bibliografica\\\/#breadcrumb\",\"itemListElement\":[{\"@type\":\"ListItem\",\"position\":1,\"name\":\"Home\",\"item\":\"https:\\\/\\\/casanatense.cultura.gov.it\\\/es\\\/\"},{\"@type\":\"ListItem\",\"position\":2,\"name\":\"Informaci\u00f3n bibliogr\u00e1fica\"}]},{\"@type\":\"WebSite\",\"@id\":\"https:\\\/\\\/casanatense.cultura.gov.it\\\/es\\\/#website\",\"url\":\"https:\\\/\\\/casanatense.cultura.gov.it\\\/es\\\/\",\"name\":\"Casanatense\",\"description\":\"Il sito della Biblioteca Casanatense\",\"publisher\":{\"@id\":\"https:\\\/\\\/casanatense.cultura.gov.it\\\/es\\\/#organization\"},\"potentialAction\":[{\"@type\":\"SearchAction\",\"target\":{\"@type\":\"EntryPoint\",\"urlTemplate\":\"https:\\\/\\\/casanatense.cultura.gov.it\\\/es\\\/?s={search_term_string}\"},\"query-input\":{\"@type\":\"PropertyValueSpecification\",\"valueRequired\":true,\"valueName\":\"search_term_string\"}}],\"inLanguage\":\"es\"},{\"@type\":\"Organization\",\"@id\":\"https:\\\/\\\/casanatense.cultura.gov.it\\\/es\\\/#organization\",\"name\":\"Biblioteca Casanatense\",\"url\":\"https:\\\/\\\/casanatense.cultura.gov.it\\\/es\\\/\",\"logo\":{\"@type\":\"ImageObject\",\"inLanguage\":\"es\",\"@id\":\"https:\\\/\\\/casanatense.cultura.gov.it\\\/es\\\/#\\\/schema\\\/logo\\\/image\\\/\",\"url\":\"https:\\\/\\\/casanatense.cultura.gov.it\\\/wp-content\\\/uploads\\\/2024\\\/03\\\/logo-casanatense-mibact.png\",\"contentUrl\":\"https:\\\/\\\/casanatense.cultura.gov.it\\\/wp-content\\\/uploads\\\/2024\\\/03\\\/logo-casanatense-mibact.png\",\"width\":250,\"height\":61,\"caption\":\"Biblioteca Casanatense\"},\"image\":{\"@id\":\"https:\\\/\\\/casanatense.cultura.gov.it\\\/es\\\/#\\\/schema\\\/logo\\\/image\\\/\"},\"sameAs\":[\"https:\\\/\\\/it-it.facebook.com\\\/people\\\/Biblioteca-Casanatense\\\/100064405343454\\\/\",\"https:\\\/\\\/x.com\\\/casanatense\",\"https:\\\/\\\/instagram.com\\\/bibliotecacasanatense?igshid=5hcnozoyuuy5\"]}]}<\/script>\n<!-- \/ Yoast SEO plugin. -->","yoast_head_json":{"title":"Informaci\u00f3n bibliogr\u00e1fica - Casanatense","robots":{"index":"index","follow":"follow","max-snippet":"max-snippet:-1","max-image-preview":"max-image-preview:large","max-video-preview":"max-video-preview:-1"},"canonical":"https:\/\/casanatense.cultura.gov.it\/es\/informacion-bibliografica\/","og_locale":"es_ES","og_type":"article","og_title":"Informaci\u00f3n bibliogr\u00e1fica - Casanatense","og_description":"El Servicio de Informaci\u00f3n Bibliogr\u00e1fica funciona durante el horario de apertura al p\u00fablico de la Biblioteca, y a distancia, durante el horario de trabajo del funcionario y personal encargado del servicio. El servicio pone a disposici\u00f3n de los usuarios herramientas bibliogr\u00e1ficas para realizar b\u00fasquedas y orientarles en los fondos de la Biblioteca; consiste en consultar cat\u00e1logos impresos y en l\u00ednea, inventarios y otros recursos para localizar y ubicar documentos; verifica la presencia de una obra y una edici\u00f3n en la Biblioteca. Las consultas espec\u00edficas sobre fondos bibliogr\u00e1ficos concretos se remitir\u00e1n al funcionario competente. No se elaboran bibliograf\u00edas por encargo, y no es posible realizar b\u00fasquedas largas para elaborar listas tem\u00e1ticas de los textos de la Biblioteca sobre un tema determinado.","og_url":"https:\/\/casanatense.cultura.gov.it\/es\/informacion-bibliografica\/","og_site_name":"Casanatense","article_publisher":"https:\/\/it-it.facebook.com\/people\/Biblioteca-Casanatense\/100064405343454\/","article_modified_time":"2025-05-26T08:12:47+00:00","twitter_card":"summary_large_image","twitter_site":"@casanatense","twitter_misc":{"Tiempo de lectura":"1 minuto"},"schema":{"@context":"https:\/\/schema.org","@graph":[{"@type":"WebPage","@id":"https:\/\/casanatense.cultura.gov.it\/es\/informacion-bibliografica\/","url":"https:\/\/casanatense.cultura.gov.it\/es\/informacion-bibliografica\/","name":"Informaci\u00f3n bibliogr\u00e1fica - Casanatense","isPartOf":{"@id":"https:\/\/casanatense.cultura.gov.it\/es\/#website"},"datePublished":"2025-02-17T09:35:40+00:00","dateModified":"2025-05-26T08:12:47+00:00","breadcrumb":{"@id":"https:\/\/casanatense.cultura.gov.it\/es\/informacion-bibliografica\/#breadcrumb"},"inLanguage":"es","potentialAction":[{"@type":"ReadAction","target":["https:\/\/casanatense.cultura.gov.it\/es\/informacion-bibliografica\/"]}]},{"@type":"BreadcrumbList","@id":"https:\/\/casanatense.cultura.gov.it\/es\/informacion-bibliografica\/#breadcrumb","itemListElement":[{"@type":"ListItem","position":1,"name":"Home","item":"https:\/\/casanatense.cultura.gov.it\/es\/"},{"@type":"ListItem","position":2,"name":"Informaci\u00f3n bibliogr\u00e1fica"}]},{"@type":"WebSite","@id":"https:\/\/casanatense.cultura.gov.it\/es\/#website","url":"https:\/\/casanatense.cultura.gov.it\/es\/","name":"Casanatense","description":"Il sito della Biblioteca Casanatense","publisher":{"@id":"https:\/\/casanatense.cultura.gov.it\/es\/#organization"},"potentialAction":[{"@type":"SearchAction","target":{"@type":"EntryPoint","urlTemplate":"https:\/\/casanatense.cultura.gov.it\/es\/?s={search_term_string}"},"query-input":{"@type":"PropertyValueSpecification","valueRequired":true,"valueName":"search_term_string"}}],"inLanguage":"es"},{"@type":"Organization","@id":"https:\/\/casanatense.cultura.gov.it\/es\/#organization","name":"Biblioteca Casanatense","url":"https:\/\/casanatense.cultura.gov.it\/es\/","logo":{"@type":"ImageObject","inLanguage":"es","@id":"https:\/\/casanatense.cultura.gov.it\/es\/#\/schema\/logo\/image\/","url":"https:\/\/casanatense.cultura.gov.it\/wp-content\/uploads\/2024\/03\/logo-casanatense-mibact.png","contentUrl":"https:\/\/casanatense.cultura.gov.it\/wp-content\/uploads\/2024\/03\/logo-casanatense-mibact.png","width":250,"height":61,"caption":"Biblioteca Casanatense"},"image":{"@id":"https:\/\/casanatense.cultura.gov.it\/es\/#\/schema\/logo\/image\/"},"sameAs":["https:\/\/it-it.facebook.com\/people\/Biblioteca-Casanatense\/100064405343454\/","https:\/\/x.com\/casanatense","https:\/\/instagram.com\/bibliotecacasanatense?igshid=5hcnozoyuuy5"]}]}},"_links":{"self":[{"href":"https:\/\/casanatense.cultura.gov.it\/es\/wp-json\/wp\/v2\/pages\/262188","targetHints":{"allow":["GET"]}}],"collection":[{"href":"https:\/\/casanatense.cultura.gov.it\/es\/wp-json\/wp\/v2\/pages"}],"about":[{"href":"https:\/\/casanatense.cultura.gov.it\/es\/wp-json\/wp\/v2\/types\/page"}],"author":[{"embeddable":true,"href":"https:\/\/casanatense.cultura.gov.it\/es\/wp-json\/wp\/v2\/users\/160"}],"replies":[{"embeddable":true,"href":"https:\/\/casanatense.cultura.gov.it\/es\/wp-json\/wp\/v2\/comments?post=262188"}],"version-history":[{"count":5,"href":"https:\/\/casanatense.cultura.gov.it\/es\/wp-json\/wp\/v2\/pages\/262188\/revisions"}],"predecessor-version":[{"id":262902,"href":"https:\/\/casanatense.cultura.gov.it\/es\/wp-json\/wp\/v2\/pages\/262188\/revisions\/262902"}],"wp:attachment":[{"href":"https:\/\/casanatense.cultura.gov.it\/es\/wp-json\/wp\/v2\/media?parent=262188"}],"curies":[{"name":"wp","href":"https:\/\/api.w.org\/{rel}","templated":true}]}}